{"id":999,"date":"2022-02-25T16:36:24","date_gmt":"2022-02-25T08:36:24","guid":{"rendered":"https:\/\/www.datesprocessing.com\/?post_type=product&#038;p=999"},"modified":"2025-09-16T15:05:00","modified_gmt":"2025-09-16T07:05:00","slug":"date-palm-dryer-machine","status":"publish","type":"product","link":"https:\/\/www.datesprocessing.com\/fr\/product\/date-palm-dryer-machine\/","title":{"rendered":"Machine \u00e0 s\u00e9cher les dattes Machine \u00e0 s\u00e9cher les dattes pour la vente"},"content":{"rendered":"<h2>Introduction de la machine \u00e0 s\u00e9cher les palmiers dattiers<\/h2>\n<p>Le s\u00e9choir de dattes est un s\u00e9choir \u00e0 pompe \u00e0 chaleur, qui utilise la pompe \u00e0 chaleur pour convertir efficacement l'\u00e9nergie thermique de l'air. Le co\u00fbt du s\u00e9chage sera inf\u00e9rieur \u00e0 celui de l'usure, et il peut s\u00e9cher une vari\u00e9t\u00e9 de mat\u00e9riaux et s\u00e9cher des fruits, des l\u00e9gumes, des fruits de mer, du bois, etc. Le s\u00e9choir de palmiers-dattiers est un appareil pratique et respectueux de l'environnement.<\/p>\n<h2>Caract\u00e9ristiques de la machine \u00e0 s\u00e9cher les dattes<\/h2>\n<p>1) Le s\u00e9choir de palmiers-dattiers utilise des mat\u00e9riaux import\u00e9s de haute qualit\u00e9, il a une longue dur\u00e9e de vie et poss\u00e8de les caract\u00e9ristiques de protection contre les surintensit\u00e9s et les pertes de phase.<\/p>\n<p>2) Le m\u00e9canisme du s\u00e9choir de palmier-dattier est complet, et il adopte un grand ventilateur, qui a un grand volume d'air, un faible niveau de bruit et une dissipation de la chaleur grandement am\u00e9lior\u00e9e.<\/p>\n<p>3. l'\u00e9changeur de chaleur de la structure interne a une grande efficacit\u00e9 d'\u00e9change de chaleur et une conception de r\u00e9cup\u00e9ration de l'air chaud.<\/p>\n<p>4. l'effet de s\u00e9chage est bon et la temp\u00e9rature augmente plus rapidement.<\/p>\n<p>5. le co\u00fbt d'utilisation de la machine \u00e0 s\u00e9cher les palmiers dattiers est relativement faible, et elle est aliment\u00e9e par l'air.<\/p>\n<p><img loading=\"lazy\" decoding=\"async\" class=\"alignnone size-full wp-image-1000\" src=\"https:\/\/www.datesprocessing.com\/wp-content\/uploads\/2022\/02\/71.png\" alt=\"machine \u00e0 s\u00e9cher les palmiers dattiers\" width=\"1000\" height=\"600\" srcset=\"https:\/\/www.datesprocessing.com\/wp-content\/uploads\/2022\/02\/71.png 1000w, https:\/\/www.datesprocessing.com\/wp-content\/uploads\/2022\/02\/71-300x180.png 300w, https:\/\/www.datesprocessing.com\/wp-content\/uploads\/2022\/02\/71-768x461.png 768w, https:\/\/www.datesprocessing.com\/wp-content\/uploads\/2022\/02\/71-600x360.png 600w\" sizes=\"auto, (max-width: 1000px) 100vw, 1000px\" \/><\/p>\n<h2>Avantages des s\u00e9choirs pour palmiers dattiers<\/h2>\n<p>1) Le degr\u00e9 d'automatisation du s\u00e9choir de palmier-dattier est \u00e9lev\u00e9, et la temp\u00e9rature et l'humidit\u00e9 peuvent \u00eatre contr\u00f4l\u00e9es intelligemment pour r\u00e9aliser pleinement l'automatisation du processus de s\u00e9chage.<\/p>\n<p>2. le s\u00e9choir de palmier dattier est plus \u00e9conome en \u00e9nergie et peut recycler l'air chaud et humide \u00e9vacu\u00e9 de la salle de s\u00e9chage, ce qui am\u00e9liore consid\u00e9rablement l'efficacit\u00e9 de l'utilisation de la chaleur.<\/p>\n<p>3. les s\u00e9choirs de palmiers-dattiers sont \u00e9galement plus respectueux de l'environnement et adoptent un cycle thermique ferm\u00e9 pour \u00e9viter que les poussi\u00e8res et les odeurs ne soient rejet\u00e9es dans l'air et ne causent de la pollution.<\/p>\n<p>4. la machine de s\u00e9chage des dattes a un large \u00e9ventail d'applications et est largement utilis\u00e9e pour le s\u00e9chage des fruits de mer tels que le varech, les fruits, les l\u00e9gumes et le bois.<\/p>\n<p>5. Le s\u00e9choir de palmiers-dattiers peut r\u00e9aliser les avantages d'une machine \u00e0 usages multiples, non seulement pour le chauffage mais aussi pour le refroidissement.<\/p>\n<h2>Comment fonctionne le s\u00e9choir \u00e0 palmier-dattier<\/h2>\n<p>La salle de s\u00e9chage \u00e0 pompe \u00e0 chaleur utilise le principe de Carnot invers\u00e9 pour faire fonctionner la pompe \u00e0 chaleur \u00e0 travers les composants du dispositif de pompe \u00e0 chaleur. L'\u00e9vaporateur, le compresseur, le condenseur et le d\u00e9tendeur favorisent l'\u00e9vaporation, la compression, la condensation, l'\u00e9tranglement et l'\u00e9vaporation en continu du fluide de travail. Le processus du cycle thermique consiste \u00e0 transf\u00e9rer une grande quantit\u00e9 de chaleur solaire dispers\u00e9e dans l'air, le sol, l'eau et d'autres environnements vers un environnement sp\u00e9cifique.<\/p>\n<h2>Param\u00e8tres de la machine \u00e0 s\u00e9cher les dattes<\/h2>\n<table>\n<tbody>\n<tr>\n<td width=\"213\">Objet<\/td>\n<td colspan=\"4\" width=\"398\">Param\u00e8tres du s\u00e9choir \u00e0 pompe \u00e0 chaleur<\/td>\n<\/tr>\n<tr>\n<td>Mod\u00e8le<\/td>\n<td>GG-3P<\/td>\n<td>GG-7P<\/td>\n<td>GG-15P<\/td>\n<td>Unit\u00e9<\/td>\n<\/tr>\n<tr>\n<td>Temp\u00e9rature ambiante<\/td>\n<td>-53<\/td>\n<td>-58<\/td>\n<td>-58<\/td>\n<td>\u00baC<\/td>\n<\/tr>\n<tr>\n<td>Plage de temp\u00e9rature de s\u00e9chage<\/td>\n<td>30-75<\/td>\n<td>30-75<\/td>\n<td>30-75<\/td>\n<td>\u00baC<\/td>\n<\/tr>\n<tr>\n<td>Puissance nominale<\/td>\n<td>4<\/td>\n<td>12<\/td>\n<td>21<\/td>\n<td>KW<\/td>\n<\/tr>\n<tr>\n<td>Puissance maximale<\/td>\n<td>10<\/td>\n<td>18<\/td>\n<td>33<\/td>\n<td>KW<\/td>\n<\/tr>\n<tr>\n<td>Forme d'alimentation<\/td>\n<td>380\/3\/50<\/td>\n<td>380\/3\/50<\/td>\n<td>380\/3\/50<\/td>\n<td>V\/Ph\/Hz<\/td>\n<\/tr>\n<tr>\n<td>Pr\u00e9cision du contr\u00f4le de la temp\u00e9rature<\/td>\n<td>\u00b11<\/td>\n<td>\u00b11<\/td>\n<td>\u00b11<\/td>\n<td>\u00baC<\/td>\n<\/tr>\n<tr>\n<td>Puissance de chauffage \u00e9lectrique<\/td>\n<td>6<\/td>\n<td>6<\/td>\n<td>12<\/td>\n<td>KW<\/td>\n<\/tr>\n<tr>\n<td>Contr\u00f4leur<\/td>\n<td colspan=\"4\">Micro-ordinateur \u00e0 puce unique\/PLC+\u00e9cran de contr\u00f4le couleur<\/td>\n<\/tr>\n<tr>\n<td>Niveau sonore<\/td>\n<td>\u226475<\/td>\n<td>\u226475<\/td>\n<td>\u226475<\/td>\n<td>dB(A)<\/td>\n<\/tr>\n<tr>\n<td>Capacit\u00e9<\/td>\n<td>100-200<\/td>\n<td>300-700<\/td>\n<td>800-1500<\/td>\n<td>Kg<\/td>\n<\/tr>\n<tr>\n<td>Capacit\u00e9 de d\u00e9shydratation<\/td>\n<td>9<\/td>\n<td>21<\/td>\n<td>43<\/td>\n<td>Kg\/h(=50\u00baC,80%)<\/td>\n<\/tr>\n<\/tbody>\n<\/table>\n<p>Nous sommes un fabricant de machines de s\u00e9chage de dattes, nous avons toutes sortes d'\u00e9quipements de traitement de dattes, si vous voulez d\u00e9marrer une entreprise de traitement de dattes, n'h\u00e9sitez pas \u00e0 nous contacter.<\/p>\n<hr \/>\n<h3 style=\"text-align: center;\">-Laissez un message pour une citation<\/h3>\n\n<div class=\"wpcf7 no-js\" id=\"wpcf7-f12-o1\" lang=\"en-US\" dir=\"ltr\">\n<div class=\"screen-reader-response\"><p role=\"status\" aria-live=\"polite\" aria-atomic=\"true\"><\/p> <ul><\/ul><\/div>\n<form action=\"\/fr\/wp-json\/wp\/v2\/product\/999#wpcf7-f12-o1\" method=\"post\" class=\"wpcf7-form init\" aria-label=\"Formulaire de contact\" novalidate=\"novalidate\" data-status=\"init\" data-trp-original-action=\"\/fr\/wp-json\/wp\/v2\/product\/999#wpcf7-f12-o1\">\n<div style=\"display: none;\">\n<input type=\"hidden\" name=\"_wpcf7\" value=\"12\" \/>\n<input type=\"hidden\" name=\"_wpcf7_version\" value=\"5.7.6\" \/>\n<input type=\"hidden\" name=\"_wpcf7_locale\" value=\"en_US\" \/>\n<input type=\"hidden\" name=\"_wpcf7_unit_tag\" value=\"wpcf7-f12-o1\" \/>\n<input type=\"hidden\" name=\"_wpcf7_container_post\" value=\"0\" \/>\n<input type=\"hidden\" name=\"_wpcf7_posted_data_hash\" value=\"\" \/>\n<\/div>\n<div class='proformleft'>\n\t<p><label> Votre nom<br \/>\n<span class=\"wpcf7-form-control-wrap\" data-name=\"your-name\"><input size=\"40\" class=\"wpcf7-form-control wpcf7-text\" aria-invalid=\"false\" value=\"\" type=\"text\" name=\"your-name\" \/><\/span> <\/label>\n\t<\/p>\n\t<p><label> *Votre Email<br \/>\n<span class=\"wpcf7-form-control-wrap\" data-name=\"your-email\"><input size=\"40\" class=\"wpcf7-form-control wpcf7-text wpcf7-email wpcf7-validates-as-required wpcf7-validates-as-email\" aria-required=\"true\" aria-invalid=\"false\" value=\"\" type=\"email\" name=\"your-email\" \/><\/span> <\/label>\n\t<\/p>\n\t<p><label> *Votre t\u00e9l\u00e9phone<br \/>\n<span class=\"wpcf7-form-control-wrap\" data-name=\"tel-173\"><input size=\"40\" class=\"wpcf7-form-control wpcf7-text wpcf7-tel wpcf7-validates-as-required wpcf7-validates-as-tel\" aria-required=\"true\" aria-invalid=\"false\" value=\"\" type=\"tel\" name=\"tel-173\" \/><\/span> <\/label>\n\t<\/p>\n\t<p><label> Votre pays<br \/>\n<span class=\"wpcf7-form-control-wrap\" data-name=\"your-country\"><input size=\"40\" class=\"wpcf7-form-control wpcf7-text\" aria-invalid=\"false\" value=\"\" type=\"text\" name=\"your-country\" \/><\/span> <\/label>\n\t<\/p>\n<\/div>\n<div class='proformright'>\n\t<p><label> *Votre message<br \/>\n<span class=\"wpcf7-form-control-wrap\" data-name=\"your-message\"><textarea cols=\"40\" rows=\"10\" class=\"wpcf7-form-control wpcf7-textarea wpcf7-validates-as-required\" aria-required=\"true\" aria-invalid=\"false\" name=\"your-message\"><\/textarea><\/span> <\/label>\n\t<\/p>\n\t<p><input class=\"wpcf7-form-control has-spinner wpcf7-submit\" type=\"submit\" value=\"Envoyer\" \/>\n\t<\/p>\n<\/div>\n<div style='clear:both'>\n<\/div><p style=\"display: none !important;\"><label>&#916;<textarea name=\"_wpcf7_ak_hp_textarea\" cols=\"45\" rows=\"8\" maxlength=\"100\"><\/textarea><\/label><input type=\"hidden\" id=\"ak_js\" name=\"_wpcf7_ak_js\" value=\"140\"\/><script>document.getElementById( \"ak_js\" ).setAttribute( \"value\", ( new Date() ).getTime() );<\/script><\/p><div class=\"wpcf7-response-output\" aria-hidden=\"true\"><\/div>\n<input type=\"hidden\" name=\"trp-form-language\" value=\"fr\"\/><\/form>\n<\/div>\n\n<div style='text-align:left' class='yasr-auto-insert-visitor'><\/div>","protected":false},"excerpt":{"rendered":"<p>Machines multifonctionnelles pratiques ; haut degr\u00e9 d'automatisation.<\/p>\n<p>&nbsp;<\/p>","protected":false},"featured_media":1001,"comment_status":"open","ping_status":"closed","template":"","meta":{"site-sidebar-layout":"default","site-content-layout":"default","ast-main-header-display":"","ast-hfb-above-header-display":"","ast-hfb-below-header-display":"","ast-hfb-mobile-header-display":"","site-post-title":"","ast-breadcrumbs-content":"","ast-featured-img":"","footer-sml-layout":"","theme-transparent-header-meta":"","adv-header-id-meta":"","stick-header-meta":"","header-above-stick-meta":"","header-main-stick-meta":"","header-below-stick-meta":"","yasr_overall_rating":4.9,"yasr_post_is_review":"","yasr_auto_insert_disabled":"","yasr_review_type":""},"product_cat":[15],"product_tag":[],"class_list":["post-999","product","type-product","status-publish","has-post-thumbnail","hentry","product_cat-products"],"yoast_head":"<!-- This site is optimized with the Yoast SEO plugin v23.2 - https:\/\/yoast.com\/wordpress\/plugins\/seo\/ -->\n<title>Date Palm Dryer Machine Dates Drying Machine For Sale<\/title>\n<meta name=\"description\" content=\"The date palm dryer machine is a practical multifunctional machine with a high degree of automation.\" \/>\n<meta name=\"robots\" content=\"index, follow, max-snippet:-1, max-image-preview:large, max-video-preview:-1\" \/>\n<link rel=\"canonical\" href=\"https:\/\/www.datesprocessing.com\/fr\/product\/date-palm-dryer-machine\/\" \/>\n<meta property=\"og:locale\" content=\"fr_FR\" \/>\n<meta property=\"og:type\" content=\"article\" \/>\n<meta property=\"og:title\" content=\"Date Palm Dryer Machine Dates Drying Machine For Sale\" \/>\n<meta property=\"og:description\" content=\"The date palm dryer machine is a practical multifunctional machine with a high degree of automation.\" \/>\n<meta property=\"og:url\" content=\"https:\/\/www.datesprocessing.com\/fr\/product\/date-palm-dryer-machine\/\" \/>\n<meta property=\"og:site_name\" content=\"datesprocessing\" \/>\n<meta property=\"article:modified_time\" content=\"2025-09-16T07:05:00+00:00\" \/>\n<meta property=\"og:image\" content=\"https:\/\/www.datesprocessing.com\/wp-content\/uploads\/2022\/02\/70.png\" \/>\n\t<meta property=\"og:image:width\" content=\"500\" \/>\n\t<meta property=\"og:image:height\" content=\"500\" \/>\n\t<meta property=\"og:image:type\" content=\"image\/png\" \/>\n<meta name=\"twitter:card\" content=\"summary_large_image\" \/>\n<meta name=\"twitter:label1\" content=\"Dur\u00e9e de lecture estim\u00e9e\" \/>\n\t<meta name=\"twitter:data1\" content=\"3 minutes\" \/>\n<script type=\"application\/ld+json\" class=\"yoast-schema-graph\">{\"@context\":\"https:\/\/schema.org\",\"@graph\":[{\"@type\":\"WebPage\",\"@id\":\"https:\/\/www.datesprocessing.com\/product\/date-palm-dryer-machine\/\",\"url\":\"https:\/\/www.datesprocessing.com\/product\/date-palm-dryer-machine\/\",\"name\":\"Date Palm Dryer Machine Dates Drying Machine For Sale\",\"isPartOf\":{\"@id\":\"https:\/\/www.datesprocessing.com\/#website\"},\"primaryImageOfPage\":{\"@id\":\"https:\/\/www.datesprocessing.com\/product\/date-palm-dryer-machine\/#primaryimage\"},\"image\":{\"@id\":\"https:\/\/www.datesprocessing.com\/product\/date-palm-dryer-machine\/#primaryimage\"},\"thumbnailUrl\":\"https:\/\/www.datesprocessing.com\/wp-content\/uploads\/2022\/02\/70.png\",\"datePublished\":\"2022-02-25T08:36:24+00:00\",\"dateModified\":\"2025-09-16T07:05:00+00:00\",\"description\":\"The date palm dryer machine is a practical multifunctional machine with a high degree of automation.\",\"breadcrumb\":{\"@id\":\"https:\/\/www.datesprocessing.com\/product\/date-palm-dryer-machine\/#breadcrumb\"},\"inLanguage\":\"fr-FR\",\"potentialAction\":[{\"@type\":\"ReadAction\",\"target\":[\"https:\/\/www.datesprocessing.com\/product\/date-palm-dryer-machine\/\"]}]},{\"@type\":\"ImageObject\",\"inLanguage\":\"fr-FR\",\"@id\":\"https:\/\/www.datesprocessing.com\/product\/date-palm-dryer-machine\/#primaryimage\",\"url\":\"https:\/\/www.datesprocessing.com\/wp-content\/uploads\/2022\/02\/70.png\",\"contentUrl\":\"https:\/\/www.datesprocessing.com\/wp-content\/uploads\/2022\/02\/70.png\",\"width\":500,\"height\":500,\"caption\":\"date palm dryers\"},{\"@type\":\"BreadcrumbList\",\"@id\":\"https:\/\/www.datesprocessing.com\/product\/date-palm-dryer-machine\/#breadcrumb\",\"itemListElement\":[{\"@type\":\"ListItem\",\"position\":1,\"name\":\"Home\",\"item\":\"https:\/\/www.datesprocessing.com\/\"},{\"@type\":\"ListItem\",\"position\":2,\"name\":\"Products\",\"item\":\"https:\/\/www.datesprocessing.com\/products\/\"},{\"@type\":\"ListItem\",\"position\":3,\"name\":\"Date Palm Dryer Machine Dates Drying Machine For Sale\"}]},{\"@type\":\"WebSite\",\"@id\":\"https:\/\/www.datesprocessing.com\/#website\",\"url\":\"https:\/\/www.datesprocessing.com\/\",\"name\":\"datesprocessing\",\"description\":\"\",\"publisher\":{\"@id\":\"https:\/\/www.datesprocessing.com\/#organization\"},\"potentialAction\":[{\"@type\":\"SearchAction\",\"target\":{\"@type\":\"EntryPoint\",\"urlTemplate\":\"https:\/\/www.datesprocessing.com\/?s={search_term_string}\"},\"query-input\":\"required name=search_term_string\"}],\"inLanguage\":\"fr-FR\"},{\"@type\":\"Organization\",\"@id\":\"https:\/\/www.datesprocessing.com\/#organization\",\"name\":\"datesprocessing\",\"url\":\"https:\/\/www.datesprocessing.com\/\",\"logo\":{\"@type\":\"ImageObject\",\"inLanguage\":\"fr-FR\",\"@id\":\"https:\/\/www.datesprocessing.com\/#\/schema\/logo\/image\/\",\"url\":\"https:\/\/www.datesprocessing.com\/wp-content\/uploads\/2022\/02\/cropped-cropped-5-1.png\",\"contentUrl\":\"https:\/\/www.datesprocessing.com\/wp-content\/uploads\/2022\/02\/cropped-cropped-5-1.png\",\"width\":365,\"height\":284,\"caption\":\"datesprocessing\"},\"image\":{\"@id\":\"https:\/\/www.datesprocessing.com\/#\/schema\/logo\/image\/\"}},false]}<\/script>\n<!-- \/ Yoast SEO plugin. -->","yoast_head_json":{"title":"Date Palm Dryer Machine Dates Drying Machine For Sale","description":"The date palm dryer machine is a practical multifunctional machine with a high degree of automation.","robots":{"index":"index","follow":"follow","max-snippet":"max-snippet:-1","max-image-preview":"max-image-preview:large","max-video-preview":"max-video-preview:-1"},"canonical":"https:\/\/www.datesprocessing.com\/fr\/product\/date-palm-dryer-machine\/","og_locale":"fr_FR","og_type":"article","og_title":"Date Palm Dryer Machine Dates Drying Machine For Sale","og_description":"The date palm dryer machine is a practical multifunctional machine with a high degree of automation.","og_url":"https:\/\/www.datesprocessing.com\/fr\/product\/date-palm-dryer-machine\/","og_site_name":"datesprocessing","article_modified_time":"2025-09-16T07:05:00+00:00","og_image":[{"width":500,"height":500,"url":"https:\/\/www.datesprocessing.com\/wp-content\/uploads\/2022\/02\/70.png","type":"image\/png"}],"twitter_card":"summary_large_image","twitter_misc":{"Dur\u00e9e de lecture estim\u00e9e":"3 minutes"},"schema":{"@context":"https:\/\/schema.org","@graph":[{"@type":"WebPage","@id":"https:\/\/www.datesprocessing.com\/product\/date-palm-dryer-machine\/","url":"https:\/\/www.datesprocessing.com\/product\/date-palm-dryer-machine\/","name":"Date Palm Dryer Machine Dates Drying Machine For Sale","isPartOf":{"@id":"https:\/\/www.datesprocessing.com\/#website"},"primaryImageOfPage":{"@id":"https:\/\/www.datesprocessing.com\/product\/date-palm-dryer-machine\/#primaryimage"},"image":{"@id":"https:\/\/www.datesprocessing.com\/product\/date-palm-dryer-machine\/#primaryimage"},"thumbnailUrl":"https:\/\/www.datesprocessing.com\/wp-content\/uploads\/2022\/02\/70.png","datePublished":"2022-02-25T08:36:24+00:00","dateModified":"2025-09-16T07:05:00+00:00","description":"The date palm dryer machine is a practical multifunctional machine with a high degree of automation.","breadcrumb":{"@id":"https:\/\/www.datesprocessing.com\/product\/date-palm-dryer-machine\/#breadcrumb"},"inLanguage":"fr-FR","potentialAction":[{"@type":"ReadAction","target":["https:\/\/www.datesprocessing.com\/product\/date-palm-dryer-machine\/"]}]},{"@type":"ImageObject","inLanguage":"fr-FR","@id":"https:\/\/www.datesprocessing.com\/product\/date-palm-dryer-machine\/#primaryimage","url":"https:\/\/www.datesprocessing.com\/wp-content\/uploads\/2022\/02\/70.png","contentUrl":"https:\/\/www.datesprocessing.com\/wp-content\/uploads\/2022\/02\/70.png","width":500,"height":500,"caption":"date palm dryers"},{"@type":"BreadcrumbList","@id":"https:\/\/www.datesprocessing.com\/product\/date-palm-dryer-machine\/#breadcrumb","itemListElement":[{"@type":"ListItem","position":1,"name":"Home","item":"https:\/\/www.datesprocessing.com\/"},{"@type":"ListItem","position":2,"name":"Products","item":"https:\/\/www.datesprocessing.com\/products\/"},{"@type":"ListItem","position":3,"name":"Date Palm Dryer Machine Dates Drying Machine For Sale"}]},{"@type":"WebSite","@id":"https:\/\/www.datesprocessing.com\/#website","url":"https:\/\/www.datesprocessing.com\/","name":"datesprocessing","description":"","publisher":{"@id":"https:\/\/www.datesprocessing.com\/#organization"},"potentialAction":[{"@type":"SearchAction","target":{"@type":"EntryPoint","urlTemplate":"https:\/\/www.datesprocessing.com\/?s={search_term_string}"},"query-input":"required name=search_term_string"}],"inLanguage":"fr-FR"},{"@type":"Organization","@id":"https:\/\/www.datesprocessing.com\/#organization","name":"datesprocessing","url":"https:\/\/www.datesprocessing.com\/","logo":{"@type":"ImageObject","inLanguage":"fr-FR","@id":"https:\/\/www.datesprocessing.com\/#\/schema\/logo\/image\/","url":"https:\/\/www.datesprocessing.com\/wp-content\/uploads\/2022\/02\/cropped-cropped-5-1.png","contentUrl":"https:\/\/www.datesprocessing.com\/wp-content\/uploads\/2022\/02\/cropped-cropped-5-1.png","width":365,"height":284,"caption":"datesprocessing"},"image":{"@id":"https:\/\/www.datesprocessing.com\/#\/schema\/logo\/image\/"}},false]}},"yasr_visitor_votes":{"stars_attributes":{"read_only":false,"span_bottom":false},"number_of_votes":1,"sum_votes":5},"_links":{"self":[{"href":"https:\/\/www.datesprocessing.com\/fr\/wp-json\/wp\/v2\/product\/999","targetHints":{"allow":["GET"]}}],"collection":[{"href":"https:\/\/www.datesprocessing.com\/fr\/wp-json\/wp\/v2\/product"}],"about":[{"href":"https:\/\/www.datesprocessing.com\/fr\/wp-json\/wp\/v2\/types\/product"}],"replies":[{"embeddable":true,"href":"https:\/\/www.datesprocessing.com\/fr\/wp-json\/wp\/v2\/comments?post=999"}],"version-history":[{"count":3,"href":"https:\/\/www.datesprocessing.com\/fr\/wp-json\/wp\/v2\/product\/999\/revisions"}],"predecessor-version":[{"id":1993,"href":"https:\/\/www.datesprocessing.com\/fr\/wp-json\/wp\/v2\/product\/999\/revisions\/1993"}],"wp:featuredmedia":[{"embeddable":true,"href":"https:\/\/www.datesprocessing.com\/fr\/wp-json\/wp\/v2\/media\/1001"}],"wp:attachment":[{"href":"https:\/\/www.datesprocessing.com\/fr\/wp-json\/wp\/v2\/media?parent=999"}],"wp:term":[{"taxonomy":"product_cat","embeddable":true,"href":"https:\/\/www.datesprocessing.com\/fr\/wp-json\/wp\/v2\/product_cat?post=999"},{"taxonomy":"product_tag","embeddable":true,"href":"https:\/\/www.datesprocessing.com\/fr\/wp-json\/wp\/v2\/product_tag?post=999"}],"curies":[{"name":"wp","href":"https:\/\/api.w.org\/{rel}","templated":true}]}}