{"id":994,"date":"2022-02-25T15:43:48","date_gmt":"2022-02-25T07:43:48","guid":{"rendered":"https:\/\/www.datesprocessing.com\/?post_type=product&#038;p=994"},"modified":"2025-09-16T15:07:19","modified_gmt":"2025-09-16T07:07:19","slug":"date-paste-making-machine","status":"publish","type":"product","link":"https:\/\/www.datesprocessing.com\/fr\/product\/date-paste-making-machine\/","title":{"rendered":"Machine commerciale de fabrication de p\u00e2te de dattes"},"content":{"rendered":"<h2>Introduction de la machine de fabrication de p\u00e2te de dattes<\/h2>\n<p>La machine \u00e0 fabriquer la p\u00e2te de dattes est une machine permettant de broyer finement les dattes liquides. La machine de fabrication de p\u00e2te de dattes a un large \u00e9ventail d'utilisations et peut \u00eatre utilis\u00e9e dans divers domaines tels que l'industrie alimentaire, l'industrie chimique, l'industrie pharmaceutique, etc. La machine de fabrication de p\u00e2te de dattes est fabriqu\u00e9e en acier inoxydable, r\u00e9pond aux normes nationales de s\u00e9curit\u00e9 alimentaire, est sans plomb et non toxique, et peut \u00eatre personnalis\u00e9e en fonction de la production.<\/p>\n<h2>Caract\u00e9ristiques de la machine de fabrication de p\u00e2te de dattes<\/h2>\n<p>1) La machine de fabrication de p\u00e2te de dattes est de petite taille, facile \u00e0 d\u00e9placer, pratique \u00e0 utiliser et \u00e0 stocker, et ne prend pas trop de place.<\/p>\n<p>2. la machine \u00e0 fabriquer la p\u00e2te de dattes a un large \u00e9ventail d'applications et peut \u00eatre utilis\u00e9e dans de nombreux domaines industriels tels que l'alimentation, l'industrie chimique, le traitement m\u00e9dical, etc.<\/p>\n<p>3. l'utilisation d'un acier inoxydable de haute qualit\u00e9 permet \u00e0 la machine \u00e0 p\u00e2te de datte d'\u00eatre plus performante.<\/p>\n<p>ont une longue dur\u00e9e de vie.<\/p>\n<p>4. le produit fini fabriqu\u00e9 par la machine \u00e0 p\u00e2te de dattes ne change ni de couleur ni de go\u00fbt.<\/p>\n<p>5. la machine \u00e0 fabriquer des p\u00e2tes de dattes peut \u00eatre personnalis\u00e9e en fonction de la production.<\/p>\n<p><img loading=\"lazy\" decoding=\"async\" class=\"alignnone size-full wp-image-995\" src=\"https:\/\/www.datesprocessing.com\/wp-content\/uploads\/2022\/02\/66.png\" alt=\"machine \u00e0 fabriquer de la p\u00e2te de dattes\" width=\"1000\" height=\"600\" srcset=\"https:\/\/www.datesprocessing.com\/wp-content\/uploads\/2022\/02\/66.png 1000w, https:\/\/www.datesprocessing.com\/wp-content\/uploads\/2022\/02\/66-300x180.png 300w, https:\/\/www.datesprocessing.com\/wp-content\/uploads\/2022\/02\/66-768x461.png 768w, https:\/\/www.datesprocessing.com\/wp-content\/uploads\/2022\/02\/66-600x360.png 600w\" sizes=\"auto, (max-width: 1000px) 100vw, 1000px\" \/><\/p>\n<h2>Avantages de la machine \u00e0 fabriquer des palmiers dattiers<\/h2>\n<p>1) La machine \u00e0 p\u00e2te de dattes a une structure simple, un fonctionnement stable et n'est pas bruyante.<\/p>\n<p>2. la machine \u00e0 p\u00e2te de datte adopte l'\u00e9nergie \u00e9lectrique comme mode d'alimentation, ce qui permet de b\u00e9n\u00e9ficier des avantages de la protection de l'environnement.<\/p>\n<p>3. la machine \u00e0 fabriquer les p\u00e2tes de dattes est facile \u00e0 entretenir et convient au broyage de mat\u00e9riaux \u00e0 viscosit\u00e9 \u00e9lev\u00e9e et de particules de grande taille.<\/p>\n<p>4. une efficacit\u00e9 et un rendement \u00e9lev\u00e9s, environ deux fois sup\u00e9rieurs \u00e0 ceux des broyeurs \u00e0 boulets et des broyeurs \u00e0 cylindres.<\/p>\n<p>5. structure simple, fonctionnement pratique et faible encombrement. L'\u00e9cart entre le disque de meulage fixe et le disque de meulage rotatif \u00e9tant extr\u00eamement faible, la pr\u00e9cision d'usinage est \u00e9lev\u00e9e.<\/p>\n<h2>Principe de fonctionnement de la machine de fabrication de p\u00e2te de dattes<\/h2>\n<p>La machine \u00e0 fabriquer de la p\u00e2te de dattes est actionn\u00e9e par un moteur qui entra\u00eene les dents rotatives et les dents fixes correspondantes. Il existe un espace minuscule r\u00e9glable entre les deux corps de broyage. Lorsque les dattes passent par cet espace, la rotation \u00e0 grande vitesse des dents rotatives et des dents fixes g\u00e9n\u00e8re un fort gradient de vitesse, de sorte que les dattes sont soumises \u00e0 un fort cisaillement, \u00e0 une friction, \u00e0 une vibration \u00e0 haute fr\u00e9quence, \u00e0 un tourbillon \u00e0 grande vitesse et \u00e0 d'autres effets physiques, de sorte que les dattes sont efficacement \u00e9mulsifi\u00e9es, dispers\u00e9es, homog\u00e9n\u00e9is\u00e9es et pulv\u00e9ris\u00e9es pour obtenir l'effet de pulv\u00e9risation ultrafine et d'\u00e9mulsification des dattes, transformant ainsi les dattes en p\u00e2te de dattes.<\/p>\n<h2>Param\u00e8tres de la machine de fabrication de p\u00e2te de dattes<\/h2>\n<table border=\"0\" width=\"586\" cellspacing=\"0\" cellpadding=\"0\">\n<tbody>\n<tr>\n<td width=\"128\" height=\"19\">Mod\u00e8le<\/td>\n<td width=\"110\">GGJMS-110<\/td>\n<td width=\"110\">GGJMS-130<\/td>\n<td width=\"119\">GGJMS-180<\/td>\n<td width=\"119\">GGJMS-240<\/td>\n<\/tr>\n<tr>\n<td height=\"19\">Finesse (maille)<\/td>\n<td>80-100<\/td>\n<td>80-100<\/td>\n<td>80-100<\/td>\n<td>80-100<\/td>\n<\/tr>\n<tr>\n<td height=\"19\">Production (kg\/h)<\/td>\n<td>100-200<\/td>\n<td>400-600<\/td>\n<td>800-1000<\/td>\n<td>1500-2000<\/td>\n<\/tr>\n<tr>\n<td height=\"19\">Puissance (kw)<\/td>\n<td>7.5<\/td>\n<td>45245<\/td>\n<td>18.5-22<\/td>\n<td>37-45<\/td>\n<\/tr>\n<tr>\n<td height=\"19\">Dimension (mm)<\/td>\n<td>750*450*1000<\/td>\n<td>990*450*1100<\/td>\n<td>1000*480*1150<\/td>\n<td>1330*650*1300<\/td>\n<\/tr>\n<tr>\n<td height=\"19\">Poids (kg)<\/td>\n<td>280<\/td>\n<td>400<\/td>\n<td>450<\/td>\n<td>1000<\/td>\n<\/tr>\n<\/tbody>\n<\/table>\n<p><span style=\"font-size: 16px;\">Nous sommes un fabricant de machines \u00e0 fabriquer de la p\u00e2te de dattes. Si vous souhaitez d\u00e9marrer une entreprise de transformation de palmiers dattiers, vous pouvez nous contacter et nous vous fournirons des solutions et des \u00e9quipements.<\/span><\/p>\n<hr \/>\n<h3 style=\"text-align: center;\">-Laissez un message pour une citation<\/h3>\n\n<div class=\"wpcf7 no-js\" id=\"wpcf7-f12-o1\" lang=\"en-US\" dir=\"ltr\">\n<div class=\"screen-reader-response\"><p role=\"status\" aria-live=\"polite\" aria-atomic=\"true\"><\/p> <ul><\/ul><\/div>\n<form action=\"\/fr\/wp-json\/wp\/v2\/product\/994#wpcf7-f12-o1\" method=\"post\" class=\"wpcf7-form init\" aria-label=\"Formulaire de contact\" novalidate=\"novalidate\" data-status=\"init\" data-trp-original-action=\"\/fr\/wp-json\/wp\/v2\/product\/994#wpcf7-f12-o1\">\n<div style=\"display: none;\">\n<input type=\"hidden\" name=\"_wpcf7\" value=\"12\" \/>\n<input type=\"hidden\" name=\"_wpcf7_version\" value=\"5.7.6\" \/>\n<input type=\"hidden\" name=\"_wpcf7_locale\" value=\"en_US\" \/>\n<input type=\"hidden\" name=\"_wpcf7_unit_tag\" value=\"wpcf7-f12-o1\" \/>\n<input type=\"hidden\" name=\"_wpcf7_container_post\" value=\"0\" \/>\n<input type=\"hidden\" name=\"_wpcf7_posted_data_hash\" value=\"\" \/>\n<\/div>\n<div class='proformleft'>\n\t<p><label> Votre nom<br \/>\n<span class=\"wpcf7-form-control-wrap\" data-name=\"your-name\"><input size=\"40\" class=\"wpcf7-form-control wpcf7-text\" aria-invalid=\"false\" value=\"\" type=\"text\" name=\"your-name\" \/><\/span> <\/label>\n\t<\/p>\n\t<p><label> *Votre Email<br \/>\n<span class=\"wpcf7-form-control-wrap\" data-name=\"your-email\"><input size=\"40\" class=\"wpcf7-form-control wpcf7-text wpcf7-email wpcf7-validates-as-required wpcf7-validates-as-email\" aria-required=\"true\" aria-invalid=\"false\" value=\"\" type=\"email\" name=\"your-email\" \/><\/span> <\/label>\n\t<\/p>\n\t<p><label> *Votre t\u00e9l\u00e9phone<br \/>\n<span class=\"wpcf7-form-control-wrap\" data-name=\"tel-173\"><input size=\"40\" class=\"wpcf7-form-control wpcf7-text wpcf7-tel wpcf7-validates-as-required wpcf7-validates-as-tel\" aria-required=\"true\" aria-invalid=\"false\" value=\"\" type=\"tel\" name=\"tel-173\" \/><\/span> <\/label>\n\t<\/p>\n\t<p><label> Votre pays<br \/>\n<span class=\"wpcf7-form-control-wrap\" data-name=\"your-country\"><input size=\"40\" class=\"wpcf7-form-control wpcf7-text\" aria-invalid=\"false\" value=\"\" type=\"text\" name=\"your-country\" \/><\/span> <\/label>\n\t<\/p>\n<\/div>\n<div class='proformright'>\n\t<p><label> *Votre message<br \/>\n<span class=\"wpcf7-form-control-wrap\" data-name=\"your-message\"><textarea cols=\"40\" rows=\"10\" class=\"wpcf7-form-control wpcf7-textarea wpcf7-validates-as-required\" aria-required=\"true\" aria-invalid=\"false\" name=\"your-message\"><\/textarea><\/span> <\/label>\n\t<\/p>\n\t<p><input class=\"wpcf7-form-control has-spinner wpcf7-submit\" type=\"submit\" value=\"Envoyer\" \/>\n\t<\/p>\n<\/div>\n<div style='clear:both'>\n<\/div><p style=\"display: none !important;\"><label>&#916;<textarea name=\"_wpcf7_ak_hp_textarea\" cols=\"45\" rows=\"8\" maxlength=\"100\"><\/textarea><\/label><input type=\"hidden\" id=\"ak_js\" name=\"_wpcf7_ak_js\" value=\"71\"\/><script>document.getElementById( \"ak_js\" ).setAttribute( \"value\", ( new Date() ).getTime() );<\/script><\/p><div class=\"wpcf7-response-output\" aria-hidden=\"true\"><\/div>\n<input type=\"hidden\" name=\"trp-form-language\" value=\"fr\"\/><\/form>\n<\/div>\n\n<div style='text-align:left' class='yasr-auto-insert-visitor'><\/div>","protected":false},"excerpt":{"rendered":"<p>La machine polyvalente peut \u00eatre r\u00e9alis\u00e9e ; mat\u00e9riau en acier inoxydable, longue dur\u00e9e de vie ; performances de travail stables.<\/p>","protected":false},"featured_media":996,"comment_status":"open","ping_status":"closed","template":"","meta":{"site-sidebar-layout":"default","site-content-layout":"default","ast-main-header-display":"","ast-hfb-above-header-display":"","ast-hfb-below-header-display":"","ast-hfb-mobile-header-display":"","site-post-title":"","ast-breadcrumbs-content":"","ast-featured-img":"","footer-sml-layout":"","theme-transparent-header-meta":"","adv-header-id-meta":"","stick-header-meta":"","header-above-stick-meta":"","header-main-stick-meta":"","header-below-stick-meta":"","yasr_overall_rating":4.9,"yasr_post_is_review":"","yasr_auto_insert_disabled":"","yasr_review_type":""},"product_cat":[15],"product_tag":[],"class_list":["post-994","product","type-product","status-publish","has-post-thumbnail","hentry","product_cat-products"],"yoast_head":"<!-- This site is optimized with the Yoast SEO plugin v23.2 - https:\/\/yoast.com\/wordpress\/plugins\/seo\/ -->\n<title>Commercial Date Paste Making Machine<\/title>\n<meta name=\"description\" content=\"The date paste making machine is widely used, the material is stainless steel, and the use time is long.\" \/>\n<meta name=\"robots\" content=\"index, follow, max-snippet:-1, max-image-preview:large, max-video-preview:-1\" \/>\n<link rel=\"canonical\" href=\"https:\/\/www.datesprocessing.com\/fr\/product\/date-paste-making-machine\/\" \/>\n<meta property=\"og:locale\" content=\"fr_FR\" \/>\n<meta property=\"og:type\" content=\"article\" \/>\n<meta property=\"og:title\" content=\"Commercial Date Paste Making Machine\" \/>\n<meta property=\"og:description\" content=\"The date paste making machine is widely used, the material is stainless steel, and the use time is long.\" \/>\n<meta property=\"og:url\" content=\"https:\/\/www.datesprocessing.com\/fr\/product\/date-paste-making-machine\/\" \/>\n<meta property=\"og:site_name\" content=\"datesprocessing\" \/>\n<meta property=\"article:modified_time\" content=\"2025-09-16T07:07:19+00:00\" \/>\n<meta property=\"og:image\" content=\"https:\/\/www.datesprocessing.com\/wp-content\/uploads\/2022\/02\/67.png\" \/>\n\t<meta property=\"og:image:width\" content=\"500\" \/>\n\t<meta property=\"og:image:height\" content=\"500\" \/>\n\t<meta property=\"og:image:type\" content=\"image\/png\" \/>\n<meta name=\"twitter:card\" content=\"summary_large_image\" \/>\n<meta name=\"twitter:label1\" content=\"Dur\u00e9e de lecture estim\u00e9e\" \/>\n\t<meta name=\"twitter:data1\" content=\"3 minutes\" \/>\n<script type=\"application\/ld+json\" class=\"yoast-schema-graph\">{\"@context\":\"https:\/\/schema.org\",\"@graph\":[{\"@type\":\"WebPage\",\"@id\":\"https:\/\/www.datesprocessing.com\/product\/date-paste-making-machine\/\",\"url\":\"https:\/\/www.datesprocessing.com\/product\/date-paste-making-machine\/\",\"name\":\"Commercial Date Paste Making Machine\",\"isPartOf\":{\"@id\":\"https:\/\/www.datesprocessing.com\/#website\"},\"primaryImageOfPage\":{\"@id\":\"https:\/\/www.datesprocessing.com\/product\/date-paste-making-machine\/#primaryimage\"},\"image\":{\"@id\":\"https:\/\/www.datesprocessing.com\/product\/date-paste-making-machine\/#primaryimage\"},\"thumbnailUrl\":\"https:\/\/www.datesprocessing.com\/wp-content\/uploads\/2022\/02\/67.png\",\"datePublished\":\"2022-02-25T07:43:48+00:00\",\"dateModified\":\"2025-09-16T07:07:19+00:00\",\"description\":\"The date paste making machine is widely used, the material is stainless steel, and the use time is long.\",\"breadcrumb\":{\"@id\":\"https:\/\/www.datesprocessing.com\/product\/date-paste-making-machine\/#breadcrumb\"},\"inLanguage\":\"fr-FR\",\"potentialAction\":[{\"@type\":\"ReadAction\",\"target\":[\"https:\/\/www.datesprocessing.com\/product\/date-paste-making-machine\/\"]}]},{\"@type\":\"ImageObject\",\"inLanguage\":\"fr-FR\",\"@id\":\"https:\/\/www.datesprocessing.com\/product\/date-paste-making-machine\/#primaryimage\",\"url\":\"https:\/\/www.datesprocessing.com\/wp-content\/uploads\/2022\/02\/67.png\",\"contentUrl\":\"https:\/\/www.datesprocessing.com\/wp-content\/uploads\/2022\/02\/67.png\",\"width\":500,\"height\":500,\"caption\":\"date paste machine\"},{\"@type\":\"BreadcrumbList\",\"@id\":\"https:\/\/www.datesprocessing.com\/product\/date-paste-making-machine\/#breadcrumb\",\"itemListElement\":[{\"@type\":\"ListItem\",\"position\":1,\"name\":\"Home\",\"item\":\"https:\/\/www.datesprocessing.com\/\"},{\"@type\":\"ListItem\",\"position\":2,\"name\":\"Products\",\"item\":\"https:\/\/www.datesprocessing.com\/products\/\"},{\"@type\":\"ListItem\",\"position\":3,\"name\":\"Commercial Date Paste Making Machine\"}]},{\"@type\":\"WebSite\",\"@id\":\"https:\/\/www.datesprocessing.com\/#website\",\"url\":\"https:\/\/www.datesprocessing.com\/\",\"name\":\"datesprocessing\",\"description\":\"\",\"publisher\":{\"@id\":\"https:\/\/www.datesprocessing.com\/#organization\"},\"potentialAction\":[{\"@type\":\"SearchAction\",\"target\":{\"@type\":\"EntryPoint\",\"urlTemplate\":\"https:\/\/www.datesprocessing.com\/?s={search_term_string}\"},\"query-input\":\"required name=search_term_string\"}],\"inLanguage\":\"fr-FR\"},{\"@type\":\"Organization\",\"@id\":\"https:\/\/www.datesprocessing.com\/#organization\",\"name\":\"datesprocessing\",\"url\":\"https:\/\/www.datesprocessing.com\/\",\"logo\":{\"@type\":\"ImageObject\",\"inLanguage\":\"fr-FR\",\"@id\":\"https:\/\/www.datesprocessing.com\/#\/schema\/logo\/image\/\",\"url\":\"https:\/\/www.datesprocessing.com\/wp-content\/uploads\/2022\/02\/cropped-cropped-5-1.png\",\"contentUrl\":\"https:\/\/www.datesprocessing.com\/wp-content\/uploads\/2022\/02\/cropped-cropped-5-1.png\",\"width\":365,\"height\":284,\"caption\":\"datesprocessing\"},\"image\":{\"@id\":\"https:\/\/www.datesprocessing.com\/#\/schema\/logo\/image\/\"}},false]}<\/script>\n<!-- \/ Yoast SEO plugin. -->","yoast_head_json":{"title":"Commercial Date Paste Making Machine","description":"The date paste making machine is widely used, the material is stainless steel, and the use time is long.","robots":{"index":"index","follow":"follow","max-snippet":"max-snippet:-1","max-image-preview":"max-image-preview:large","max-video-preview":"max-video-preview:-1"},"canonical":"https:\/\/www.datesprocessing.com\/fr\/product\/date-paste-making-machine\/","og_locale":"fr_FR","og_type":"article","og_title":"Commercial Date Paste Making Machine","og_description":"The date paste making machine is widely used, the material is stainless steel, and the use time is long.","og_url":"https:\/\/www.datesprocessing.com\/fr\/product\/date-paste-making-machine\/","og_site_name":"datesprocessing","article_modified_time":"2025-09-16T07:07:19+00:00","og_image":[{"width":500,"height":500,"url":"https:\/\/www.datesprocessing.com\/wp-content\/uploads\/2022\/02\/67.png","type":"image\/png"}],"twitter_card":"summary_large_image","twitter_misc":{"Dur\u00e9e de lecture estim\u00e9e":"3 minutes"},"schema":{"@context":"https:\/\/schema.org","@graph":[{"@type":"WebPage","@id":"https:\/\/www.datesprocessing.com\/product\/date-paste-making-machine\/","url":"https:\/\/www.datesprocessing.com\/product\/date-paste-making-machine\/","name":"Commercial Date Paste Making Machine","isPartOf":{"@id":"https:\/\/www.datesprocessing.com\/#website"},"primaryImageOfPage":{"@id":"https:\/\/www.datesprocessing.com\/product\/date-paste-making-machine\/#primaryimage"},"image":{"@id":"https:\/\/www.datesprocessing.com\/product\/date-paste-making-machine\/#primaryimage"},"thumbnailUrl":"https:\/\/www.datesprocessing.com\/wp-content\/uploads\/2022\/02\/67.png","datePublished":"2022-02-25T07:43:48+00:00","dateModified":"2025-09-16T07:07:19+00:00","description":"The date paste making machine is widely used, the material is stainless steel, and the use time is long.","breadcrumb":{"@id":"https:\/\/www.datesprocessing.com\/product\/date-paste-making-machine\/#breadcrumb"},"inLanguage":"fr-FR","potentialAction":[{"@type":"ReadAction","target":["https:\/\/www.datesprocessing.com\/product\/date-paste-making-machine\/"]}]},{"@type":"ImageObject","inLanguage":"fr-FR","@id":"https:\/\/www.datesprocessing.com\/product\/date-paste-making-machine\/#primaryimage","url":"https:\/\/www.datesprocessing.com\/wp-content\/uploads\/2022\/02\/67.png","contentUrl":"https:\/\/www.datesprocessing.com\/wp-content\/uploads\/2022\/02\/67.png","width":500,"height":500,"caption":"date paste machine"},{"@type":"BreadcrumbList","@id":"https:\/\/www.datesprocessing.com\/product\/date-paste-making-machine\/#breadcrumb","itemListElement":[{"@type":"ListItem","position":1,"name":"Home","item":"https:\/\/www.datesprocessing.com\/"},{"@type":"ListItem","position":2,"name":"Products","item":"https:\/\/www.datesprocessing.com\/products\/"},{"@type":"ListItem","position":3,"name":"Commercial Date Paste Making Machine"}]},{"@type":"WebSite","@id":"https:\/\/www.datesprocessing.com\/#website","url":"https:\/\/www.datesprocessing.com\/","name":"datesprocessing","description":"","publisher":{"@id":"https:\/\/www.datesprocessing.com\/#organization"},"potentialAction":[{"@type":"SearchAction","target":{"@type":"EntryPoint","urlTemplate":"https:\/\/www.datesprocessing.com\/?s={search_term_string}"},"query-input":"required name=search_term_string"}],"inLanguage":"fr-FR"},{"@type":"Organization","@id":"https:\/\/www.datesprocessing.com\/#organization","name":"datesprocessing","url":"https:\/\/www.datesprocessing.com\/","logo":{"@type":"ImageObject","inLanguage":"fr-FR","@id":"https:\/\/www.datesprocessing.com\/#\/schema\/logo\/image\/","url":"https:\/\/www.datesprocessing.com\/wp-content\/uploads\/2022\/02\/cropped-cropped-5-1.png","contentUrl":"https:\/\/www.datesprocessing.com\/wp-content\/uploads\/2022\/02\/cropped-cropped-5-1.png","width":365,"height":284,"caption":"datesprocessing"},"image":{"@id":"https:\/\/www.datesprocessing.com\/#\/schema\/logo\/image\/"}},false]}},"yasr_visitor_votes":{"stars_attributes":{"read_only":false,"span_bottom":false},"number_of_votes":0,"sum_votes":0},"_links":{"self":[{"href":"https:\/\/www.datesprocessing.com\/fr\/wp-json\/wp\/v2\/product\/994","targetHints":{"allow":["GET"]}}],"collection":[{"href":"https:\/\/www.datesprocessing.com\/fr\/wp-json\/wp\/v2\/product"}],"about":[{"href":"https:\/\/www.datesprocessing.com\/fr\/wp-json\/wp\/v2\/types\/product"}],"replies":[{"embeddable":true,"href":"https:\/\/www.datesprocessing.com\/fr\/wp-json\/wp\/v2\/comments?post=994"}],"version-history":[{"count":6,"href":"https:\/\/www.datesprocessing.com\/fr\/wp-json\/wp\/v2\/product\/994\/revisions"}],"predecessor-version":[{"id":1994,"href":"https:\/\/www.datesprocessing.com\/fr\/wp-json\/wp\/v2\/product\/994\/revisions\/1994"}],"wp:featuredmedia":[{"embeddable":true,"href":"https:\/\/www.datesprocessing.com\/fr\/wp-json\/wp\/v2\/media\/996"}],"wp:attachment":[{"href":"https:\/\/www.datesprocessing.com\/fr\/wp-json\/wp\/v2\/media?parent=994"}],"wp:term":[{"taxonomy":"product_cat","embeddable":true,"href":"https:\/\/www.datesprocessing.com\/fr\/wp-json\/wp\/v2\/product_cat?post=994"},{"taxonomy":"product_tag","embeddable":true,"href":"https:\/\/www.datesprocessing.com\/fr\/wp-json\/wp\/v2\/product_tag?post=994"}],"curies":[{"name":"wp","href":"https:\/\/api.w.org\/{rel}","templated":true}]}}