{"id":988,"date":"2022-02-25T15:02:59","date_gmt":"2022-02-25T07:02:59","guid":{"rendered":"https:\/\/www.datesprocessing.com\/?post_type=product&#038;p=988"},"modified":"2025-09-16T15:09:04","modified_gmt":"2025-09-16T07:09:04","slug":"dates-packaging-machine","status":"publish","type":"product","link":"https:\/\/www.datesprocessing.com\/fr\/product\/dates-packaging-machine\/","title":{"rendered":"Fabricant de machines d'emballage pour palmiers dattiers"},"content":{"rendered":"<h2>Introduction de la machine \u00e0 emballer les dattes<\/h2>\n<p>La machine d'emballage de dattes est une machine d'emballage \u00e0 \u00e9chelle combin\u00e9e. La machine d'emballage de dattes est tr\u00e8s intelligente et peut compl\u00e9ter automatiquement l'ensemble du processus de production d'alimentation, de mesure, de remplissage des sacs, d'impression des dattes et de sortie des produits. La pr\u00e9cision de la machine d'emballage de dattes est relativement \u00e9lev\u00e9e. Le manuel n'a qu'\u00e0 d\u00e9finir le poids de l'emballage, et la machine d'emballage de dattes p\u00e8sera et mesurera automatiquement. Le pesage est efficace, ne se casse pas et peut \u00eatre personnalis\u00e9 en fonction de la production de dattes emball\u00e9es.<\/p>\n<h2>Caract\u00e9ristiques de la machine \u00e0 emballer les dattes<\/h2>\n<p>1) La machine \u00e0 emballer les dattes adopte un mode de contr\u00f4le par ordinateur, ce qui permet d'\u00e9conomiser de la main-d'\u0153uvre et d'obtenir une grande efficacit\u00e9.<\/p>\n<p>2. la machine \u00e0 emballer les dattes adopte un moteur pas \u00e0 pas, qui est silencieux dans son fonctionnement, stable dans son action et a une longue dur\u00e9e de vie.<\/p>\n<p>3. la structure stable \u00e0 10 godets de la machine d'emballage de dattes et le capteur de haute pr\u00e9cision permettent de r\u00e9aliser instantan\u00e9ment une mesure correcte.<\/p>\n<p>4. la tr\u00e9mie d'alimentation peut \u00eatre r\u00e9gl\u00e9e en fonction de la taille des dattes, et les dattes ne seront pas endommag\u00e9es.<\/p>\n<p>5. la vitesse d'ouverture et de fermeture de la porte de la tr\u00e9mie peut \u00eatre r\u00e9gl\u00e9e pour \u00e9viter le blocage des dates.<\/p>\n<p><img loading=\"lazy\" decoding=\"async\" class=\"alignnone size-full wp-image-989\" src=\"https:\/\/www.datesprocessing.com\/wp-content\/uploads\/2022\/02\/62.png\" alt=\"Machine \u00e0 emballer les dattes\" width=\"1000\" height=\"600\" srcset=\"https:\/\/www.datesprocessing.com\/wp-content\/uploads\/2022\/02\/62.png 1000w, https:\/\/www.datesprocessing.com\/wp-content\/uploads\/2022\/02\/62-300x180.png 300w, https:\/\/www.datesprocessing.com\/wp-content\/uploads\/2022\/02\/62-768x461.png 768w, https:\/\/www.datesprocessing.com\/wp-content\/uploads\/2022\/02\/62-600x360.png 600w\" sizes=\"auto, (max-width: 1000px) 100vw, 1000px\" \/><\/p>\n<h2>Avantages de la machine \u00e0 emballer les dattes<\/h2>\n<p>1. la machine \u00e0 emballer les dattes a un large \u00e9ventail d'utilisations et peut emballer une vari\u00e9t\u00e9 de mat\u00e9riaux pour les aliments souffl\u00e9s, les chips, les bonbons, les pistaches, les raisins secs, les boulettes de riz, les boulettes de viande, les cacahu\u00e8tes, les biscuits, la gel\u00e9e, les fruits confits, etc.<\/p>\n<p>2. la machine \u00e0 emballer les dattes peut \u00eatre r\u00e9gl\u00e9e en plusieurs langues, ce qui est plus pratique \u00e0 utiliser et plus clair.<\/p>\n<p>3) Fabriqu\u00e9e en acier inoxydable, la machine \u00e0 emballer les dattes a non seulement une longue dur\u00e9e de vie, mais elle est \u00e9galement facile \u00e0 nettoyer et \u00e0 entretenir.<\/p>\n<p>4. cette machine \u00e0 emballer les dattes peut non seulement peser mais aussi compter les particules. Pour les mat\u00e9riaux granuleux tels que les dattes, elle peut \u00eatre utilis\u00e9e comme machine \u00e0 compter.<\/p>\n<p>5. le fonctionnement de la machine \u00e0 emballer les dattes est relativement stable et ne produit pas de pollution sonore.<\/p>\n<h2>Principe de fonctionnement de la machine \u00e0 emballer les dattes<\/h2>\n<p>Tout d'abord, les dattes sont envoy\u00e9es dans la tr\u00e9mie de stockage par le convoyeur de mat\u00e9riaux, puis la machine vibrante principale vibre pour d\u00e9charger les dattes de la tr\u00e9mie de stockage et alimenter chaque disque vibrant de la ligne. Le r\u00e9glage de la hauteur de la tr\u00e9mie de stockage permet d'ajuster l'\u00e9paisseur de la chute des palmiers dattiers. Les dattes sortent de la machine vibrante principale et entrent uniform\u00e9ment dans chaque plaque vibrante de la ligne. Le mat\u00e9riau vibrant de la machine vibrante de ligne entre dans la tr\u00e9mie d'alimentation. Le godet peseur termine le travail de pesage et combine \u00e0 nouveau.<\/p>\n<h2>Param\u00e8tres de la machine \u00e0 emballer les dattes<\/h2>\n<table>\n<tbody>\n<tr>\n<td width=\"177\">Mod\u00e8le<\/td>\n<td width=\"139\">GG-A10-1.6<\/td>\n<td width=\"142\">GG-A10-2.5<\/td>\n<td width=\"139\">GG-A10-5.0<\/td>\n<\/tr>\n<tr>\n<td width=\"177\">Tension<\/td>\n<td width=\"139\">AC110\/220V<\/td>\n<td width=\"142\">AC110\/220V<\/td>\n<td width=\"139\">AC110\/220V<\/td>\n<\/tr>\n<tr>\n<td width=\"177\">Fr\u00e9quence d'alimentation<\/td>\n<td width=\"139\">50\/60HZ<\/td>\n<td width=\"142\">50\/60HZ<\/td>\n<td width=\"139\">50\/60HZ<\/td>\n<\/tr>\n<tr>\n<td width=\"177\">Courant nominal<\/td>\n<td width=\"139\">8A<\/td>\n<td width=\"142\">8A<\/td>\n<td width=\"139\">8A<\/td>\n<\/tr>\n<tr>\n<td width=\"177\">Puissance<\/td>\n<td width=\"139\">1,5KW<\/td>\n<td width=\"142\">1,5KW<\/td>\n<td width=\"139\">1,5KW<\/td>\n<\/tr>\n<tr>\n<td width=\"177\">T\u00eates de pes\u00e9e<\/td>\n<td width=\"139\">10<\/td>\n<td width=\"142\">10<\/td>\n<td width=\"139\">10<\/td>\n<\/tr>\n<tr>\n<td width=\"177\">Plage de pes\u00e9e<\/td>\n<td width=\"139\">3-6500g<\/td>\n<td width=\"142\">3-6500g<\/td>\n<td width=\"139\">50-6500g<\/td>\n<\/tr>\n<tr>\n<td width=\"177\">Une seule plage de pes\u00e9e<\/td>\n<td width=\"139\">10-1000g<\/td>\n<td width=\"142\">10-1000g<\/td>\n<td width=\"139\">10-1000g<\/td>\n<\/tr>\n<tr>\n<td width=\"177\">Volume de pes\u00e9e<\/td>\n<td width=\"139\">1600ml<\/td>\n<td width=\"142\">2500ml<\/td>\n<td width=\"139\">5000ml<\/td>\n<\/tr>\n<tr>\n<td width=\"177\">Vitesse de pesage maximale<\/td>\n<td width=\"139\">70p\/min<\/td>\n<td width=\"142\">70p\/min<\/td>\n<td width=\"139\">70p\/min<\/td>\n<\/tr>\n<tr>\n<td width=\"177\">Num\u00e9ro de pr\u00e9s\u00e9lection<\/td>\n<td width=\"139\">100<\/td>\n<td width=\"142\">100<\/td>\n<td width=\"139\">100<\/td>\n<\/tr>\n<tr>\n<td width=\"177\">Longueur de la machine<\/td>\n<td width=\"139\">1050mm<\/td>\n<td width=\"142\">1050mm<\/td>\n<td width=\"139\">1050mm<\/td>\n<\/tr>\n<tr>\n<td width=\"177\">Largeur de la machine<\/td>\n<td width=\"139\">900mm<\/td>\n<td width=\"142\">900mm<\/td>\n<td width=\"139\">900mm<\/td>\n<\/tr>\n<tr>\n<td width=\"177\">Hauteur de la machine<\/td>\n<td width=\"139\">1330mm<\/td>\n<td width=\"142\">1330mm<\/td>\n<td width=\"139\">1330mm<\/td>\n<\/tr>\n<tr>\n<td width=\"177\">Poids de la machine<\/td>\n<td width=\"139\">330KG<\/td>\n<td width=\"142\">330KG<\/td>\n<td width=\"139\">330KG<\/td>\n<\/tr>\n<tr>\n<td width=\"177\">Moniteur<\/td>\n<td width=\"139\">9,2 pouces<\/td>\n<td width=\"142\">9,2 pouces<\/td>\n<td width=\"139\">9,2 pouces<\/td>\n<\/tr>\n<tr>\n<td width=\"177\">Pr\u00e9cision<\/td>\n<td width=\"139\">\u00b10.3-3g<\/td>\n<td width=\"142\">\u00b10.3-3g<\/td>\n<td width=\"139\">\u00b11-5g<\/td>\n<\/tr>\n<\/tbody>\n<\/table>\n<p>Nous sommes un fournisseur de machines d'emballage de dattes, si vous voulez en savoir plus sur les machines d'emballage de dattes, veuillez nous contacter.<\/p>\n<hr \/>\n<h3 style=\"text-align: center;\">-Laissez un message pour une citation<\/h3>\n\n<div class=\"wpcf7 no-js\" id=\"wpcf7-f12-o1\" lang=\"en-US\" dir=\"ltr\">\n<div class=\"screen-reader-response\"><p role=\"status\" aria-live=\"polite\" aria-atomic=\"true\"><\/p> <ul><\/ul><\/div>\n<form action=\"\/fr\/wp-json\/wp\/v2\/product\/988#wpcf7-f12-o1\" method=\"post\" class=\"wpcf7-form init\" aria-label=\"Formulaire de contact\" novalidate=\"novalidate\" data-status=\"init\" data-trp-original-action=\"\/fr\/wp-json\/wp\/v2\/product\/988#wpcf7-f12-o1\">\n<div style=\"display: none;\">\n<input type=\"hidden\" name=\"_wpcf7\" value=\"12\" \/>\n<input type=\"hidden\" name=\"_wpcf7_version\" value=\"5.7.6\" \/>\n<input type=\"hidden\" name=\"_wpcf7_locale\" value=\"en_US\" \/>\n<input type=\"hidden\" name=\"_wpcf7_unit_tag\" value=\"wpcf7-f12-o1\" \/>\n<input type=\"hidden\" name=\"_wpcf7_container_post\" value=\"0\" \/>\n<input type=\"hidden\" name=\"_wpcf7_posted_data_hash\" value=\"\" \/>\n<\/div>\n<div class='proformleft'>\n\t<p><label> Votre nom<br \/>\n<span class=\"wpcf7-form-control-wrap\" data-name=\"your-name\"><input size=\"40\" class=\"wpcf7-form-control wpcf7-text\" aria-invalid=\"false\" value=\"\" type=\"text\" name=\"your-name\" \/><\/span> <\/label>\n\t<\/p>\n\t<p><label> *Votre Email<br \/>\n<span class=\"wpcf7-form-control-wrap\" data-name=\"your-email\"><input size=\"40\" class=\"wpcf7-form-control wpcf7-text wpcf7-email wpcf7-validates-as-required wpcf7-validates-as-email\" aria-required=\"true\" aria-invalid=\"false\" value=\"\" type=\"email\" name=\"your-email\" \/><\/span> <\/label>\n\t<\/p>\n\t<p><label> *Votre t\u00e9l\u00e9phone<br \/>\n<span class=\"wpcf7-form-control-wrap\" data-name=\"tel-173\"><input size=\"40\" class=\"wpcf7-form-control wpcf7-text wpcf7-tel wpcf7-validates-as-required wpcf7-validates-as-tel\" aria-required=\"true\" aria-invalid=\"false\" value=\"\" type=\"tel\" name=\"tel-173\" \/><\/span> <\/label>\n\t<\/p>\n\t<p><label> Votre pays<br \/>\n<span class=\"wpcf7-form-control-wrap\" data-name=\"your-country\"><input size=\"40\" class=\"wpcf7-form-control wpcf7-text\" aria-invalid=\"false\" value=\"\" type=\"text\" name=\"your-country\" \/><\/span> <\/label>\n\t<\/p>\n<\/div>\n<div class='proformright'>\n\t<p><label> *Votre message<br \/>\n<span class=\"wpcf7-form-control-wrap\" data-name=\"your-message\"><textarea cols=\"40\" rows=\"10\" class=\"wpcf7-form-control wpcf7-textarea wpcf7-validates-as-required\" aria-required=\"true\" aria-invalid=\"false\" name=\"your-message\"><\/textarea><\/span> <\/label>\n\t<\/p>\n\t<p><input class=\"wpcf7-form-control has-spinner wpcf7-submit\" type=\"submit\" value=\"Envoyer\" \/>\n\t<\/p>\n<\/div>\n<div style='clear:both'>\n<\/div><p style=\"display: none !important;\"><label>&#916;<textarea name=\"_wpcf7_ak_hp_textarea\" cols=\"45\" rows=\"8\" maxlength=\"100\"><\/textarea><\/label><input type=\"hidden\" id=\"ak_js\" name=\"_wpcf7_ak_js\" value=\"223\"\/><script>document.getElementById( \"ak_js\" ).setAttribute( \"value\", ( new Date() ).getTime() );<\/script><\/p><div class=\"wpcf7-response-output\" aria-hidden=\"true\"><\/div>\n<input type=\"hidden\" name=\"trp-form-language\" value=\"fr\"\/><\/form>\n<\/div>\n\n<div style='text-align:left' class='yasr-auto-insert-visitor'><\/div>","protected":false},"excerpt":{"rendered":"<p>Degr\u00e9 \u00e9lev\u00e9 d'intelligence ; r\u00e9glage multilingue ; peut \u00eatre utilis\u00e9 comme machine \u00e0 compter.<\/p>","protected":false},"featured_media":991,"comment_status":"open","ping_status":"closed","template":"","meta":{"site-sidebar-layout":"default","site-content-layout":"default","ast-main-header-display":"","ast-hfb-above-header-display":"","ast-hfb-below-header-display":"","ast-hfb-mobile-header-display":"","site-post-title":"","ast-breadcrumbs-content":"","ast-featured-img":"","footer-sml-layout":"","theme-transparent-header-meta":"","adv-header-id-meta":"","stick-header-meta":"","header-above-stick-meta":"","header-main-stick-meta":"","header-below-stick-meta":"","yasr_overall_rating":5,"yasr_post_is_review":"","yasr_auto_insert_disabled":"","yasr_review_type":""},"product_cat":[15],"product_tag":[],"class_list":["post-988","product","type-product","status-publish","has-post-thumbnail","hentry","product_cat-products"],"yoast_head":"<!-- This site is optimized with the Yoast SEO plugin v23.2 - https:\/\/yoast.com\/wordpress\/plugins\/seo\/ -->\n<title>Date Palm Packaging Machine Manufacturer<\/title>\n<meta name=\"description\" content=\"The dates packaging machine is an intelligent combination scale packaging machine, which is highly intelligent and can be customized.\" \/>\n<meta name=\"robots\" content=\"index, follow, max-snippet:-1, max-image-preview:large, max-video-preview:-1\" \/>\n<link rel=\"canonical\" href=\"https:\/\/www.datesprocessing.com\/fr\/product\/dates-packaging-machine\/\" \/>\n<meta property=\"og:locale\" content=\"fr_FR\" \/>\n<meta property=\"og:type\" content=\"article\" \/>\n<meta property=\"og:title\" content=\"Date Palm Packaging Machine Manufacturer\" \/>\n<meta property=\"og:description\" content=\"The dates packaging machine is an intelligent combination scale packaging machine, which is highly intelligent and can be customized.\" \/>\n<meta property=\"og:url\" content=\"https:\/\/www.datesprocessing.com\/fr\/product\/dates-packaging-machine\/\" \/>\n<meta property=\"og:site_name\" content=\"datesprocessing\" \/>\n<meta property=\"article:modified_time\" content=\"2025-09-16T07:09:04+00:00\" \/>\n<meta property=\"og:image\" content=\"https:\/\/www.datesprocessing.com\/wp-content\/uploads\/2022\/02\/63.png\" \/>\n\t<meta property=\"og:image:width\" content=\"500\" \/>\n\t<meta property=\"og:image:height\" content=\"500\" \/>\n\t<meta property=\"og:image:type\" content=\"image\/png\" \/>\n<meta name=\"twitter:card\" content=\"summary_large_image\" \/>\n<meta name=\"twitter:label1\" content=\"Dur\u00e9e de lecture estim\u00e9e\" \/>\n\t<meta name=\"twitter:data1\" content=\"3 minutes\" \/>\n<script type=\"application\/ld+json\" class=\"yoast-schema-graph\">{\"@context\":\"https:\/\/schema.org\",\"@graph\":[{\"@type\":\"WebPage\",\"@id\":\"https:\/\/www.datesprocessing.com\/product\/dates-packaging-machine\/\",\"url\":\"https:\/\/www.datesprocessing.com\/product\/dates-packaging-machine\/\",\"name\":\"Date Palm Packaging Machine Manufacturer\",\"isPartOf\":{\"@id\":\"https:\/\/www.datesprocessing.com\/#website\"},\"primaryImageOfPage\":{\"@id\":\"https:\/\/www.datesprocessing.com\/product\/dates-packaging-machine\/#primaryimage\"},\"image\":{\"@id\":\"https:\/\/www.datesprocessing.com\/product\/dates-packaging-machine\/#primaryimage\"},\"thumbnailUrl\":\"https:\/\/www.datesprocessing.com\/wp-content\/uploads\/2022\/02\/63.png\",\"datePublished\":\"2022-02-25T07:02:59+00:00\",\"dateModified\":\"2025-09-16T07:09:04+00:00\",\"description\":\"The dates packaging machine is an intelligent combination scale packaging machine, which is highly intelligent and can be customized.\",\"breadcrumb\":{\"@id\":\"https:\/\/www.datesprocessing.com\/product\/dates-packaging-machine\/#breadcrumb\"},\"inLanguage\":\"fr-FR\",\"potentialAction\":[{\"@type\":\"ReadAction\",\"target\":[\"https:\/\/www.datesprocessing.com\/product\/dates-packaging-machine\/\"]}]},{\"@type\":\"ImageObject\",\"inLanguage\":\"fr-FR\",\"@id\":\"https:\/\/www.datesprocessing.com\/product\/dates-packaging-machine\/#primaryimage\",\"url\":\"https:\/\/www.datesprocessing.com\/wp-content\/uploads\/2022\/02\/63.png\",\"contentUrl\":\"https:\/\/www.datesprocessing.com\/wp-content\/uploads\/2022\/02\/63.png\",\"width\":500,\"height\":500,\"caption\":\"dates packing machine\"},{\"@type\":\"BreadcrumbList\",\"@id\":\"https:\/\/www.datesprocessing.com\/product\/dates-packaging-machine\/#breadcrumb\",\"itemListElement\":[{\"@type\":\"ListItem\",\"position\":1,\"name\":\"Home\",\"item\":\"https:\/\/www.datesprocessing.com\/\"},{\"@type\":\"ListItem\",\"position\":2,\"name\":\"Products\",\"item\":\"https:\/\/www.datesprocessing.com\/products\/\"},{\"@type\":\"ListItem\",\"position\":3,\"name\":\"Date Palm Packaging Machine Manufacturer\"}]},{\"@type\":\"WebSite\",\"@id\":\"https:\/\/www.datesprocessing.com\/#website\",\"url\":\"https:\/\/www.datesprocessing.com\/\",\"name\":\"datesprocessing\",\"description\":\"\",\"publisher\":{\"@id\":\"https:\/\/www.datesprocessing.com\/#organization\"},\"potentialAction\":[{\"@type\":\"SearchAction\",\"target\":{\"@type\":\"EntryPoint\",\"urlTemplate\":\"https:\/\/www.datesprocessing.com\/?s={search_term_string}\"},\"query-input\":\"required name=search_term_string\"}],\"inLanguage\":\"fr-FR\"},{\"@type\":\"Organization\",\"@id\":\"https:\/\/www.datesprocessing.com\/#organization\",\"name\":\"datesprocessing\",\"url\":\"https:\/\/www.datesprocessing.com\/\",\"logo\":{\"@type\":\"ImageObject\",\"inLanguage\":\"fr-FR\",\"@id\":\"https:\/\/www.datesprocessing.com\/#\/schema\/logo\/image\/\",\"url\":\"https:\/\/www.datesprocessing.com\/wp-content\/uploads\/2022\/02\/cropped-cropped-5-1.png\",\"contentUrl\":\"https:\/\/www.datesprocessing.com\/wp-content\/uploads\/2022\/02\/cropped-cropped-5-1.png\",\"width\":365,\"height\":284,\"caption\":\"datesprocessing\"},\"image\":{\"@id\":\"https:\/\/www.datesprocessing.com\/#\/schema\/logo\/image\/\"}},false]}<\/script>\n<!-- \/ Yoast SEO plugin. -->","yoast_head_json":{"title":"Date Palm Packaging Machine Manufacturer","description":"The dates packaging machine is an intelligent combination scale packaging machine, which is highly intelligent and can be customized.","robots":{"index":"index","follow":"follow","max-snippet":"max-snippet:-1","max-image-preview":"max-image-preview:large","max-video-preview":"max-video-preview:-1"},"canonical":"https:\/\/www.datesprocessing.com\/fr\/product\/dates-packaging-machine\/","og_locale":"fr_FR","og_type":"article","og_title":"Date Palm Packaging Machine Manufacturer","og_description":"The dates packaging machine is an intelligent combination scale packaging machine, which is highly intelligent and can be customized.","og_url":"https:\/\/www.datesprocessing.com\/fr\/product\/dates-packaging-machine\/","og_site_name":"datesprocessing","article_modified_time":"2025-09-16T07:09:04+00:00","og_image":[{"width":500,"height":500,"url":"https:\/\/www.datesprocessing.com\/wp-content\/uploads\/2022\/02\/63.png","type":"image\/png"}],"twitter_card":"summary_large_image","twitter_misc":{"Dur\u00e9e de lecture estim\u00e9e":"3 minutes"},"schema":{"@context":"https:\/\/schema.org","@graph":[{"@type":"WebPage","@id":"https:\/\/www.datesprocessing.com\/product\/dates-packaging-machine\/","url":"https:\/\/www.datesprocessing.com\/product\/dates-packaging-machine\/","name":"Date Palm Packaging Machine Manufacturer","isPartOf":{"@id":"https:\/\/www.datesprocessing.com\/#website"},"primaryImageOfPage":{"@id":"https:\/\/www.datesprocessing.com\/product\/dates-packaging-machine\/#primaryimage"},"image":{"@id":"https:\/\/www.datesprocessing.com\/product\/dates-packaging-machine\/#primaryimage"},"thumbnailUrl":"https:\/\/www.datesprocessing.com\/wp-content\/uploads\/2022\/02\/63.png","datePublished":"2022-02-25T07:02:59+00:00","dateModified":"2025-09-16T07:09:04+00:00","description":"The dates packaging machine is an intelligent combination scale packaging machine, which is highly intelligent and can be customized.","breadcrumb":{"@id":"https:\/\/www.datesprocessing.com\/product\/dates-packaging-machine\/#breadcrumb"},"inLanguage":"fr-FR","potentialAction":[{"@type":"ReadAction","target":["https:\/\/www.datesprocessing.com\/product\/dates-packaging-machine\/"]}]},{"@type":"ImageObject","inLanguage":"fr-FR","@id":"https:\/\/www.datesprocessing.com\/product\/dates-packaging-machine\/#primaryimage","url":"https:\/\/www.datesprocessing.com\/wp-content\/uploads\/2022\/02\/63.png","contentUrl":"https:\/\/www.datesprocessing.com\/wp-content\/uploads\/2022\/02\/63.png","width":500,"height":500,"caption":"dates packing machine"},{"@type":"BreadcrumbList","@id":"https:\/\/www.datesprocessing.com\/product\/dates-packaging-machine\/#breadcrumb","itemListElement":[{"@type":"ListItem","position":1,"name":"Home","item":"https:\/\/www.datesprocessing.com\/"},{"@type":"ListItem","position":2,"name":"Products","item":"https:\/\/www.datesprocessing.com\/products\/"},{"@type":"ListItem","position":3,"name":"Date Palm Packaging Machine Manufacturer"}]},{"@type":"WebSite","@id":"https:\/\/www.datesprocessing.com\/#website","url":"https:\/\/www.datesprocessing.com\/","name":"datesprocessing","description":"","publisher":{"@id":"https:\/\/www.datesprocessing.com\/#organization"},"potentialAction":[{"@type":"SearchAction","target":{"@type":"EntryPoint","urlTemplate":"https:\/\/www.datesprocessing.com\/?s={search_term_string}"},"query-input":"required name=search_term_string"}],"inLanguage":"fr-FR"},{"@type":"Organization","@id":"https:\/\/www.datesprocessing.com\/#organization","name":"datesprocessing","url":"https:\/\/www.datesprocessing.com\/","logo":{"@type":"ImageObject","inLanguage":"fr-FR","@id":"https:\/\/www.datesprocessing.com\/#\/schema\/logo\/image\/","url":"https:\/\/www.datesprocessing.com\/wp-content\/uploads\/2022\/02\/cropped-cropped-5-1.png","contentUrl":"https:\/\/www.datesprocessing.com\/wp-content\/uploads\/2022\/02\/cropped-cropped-5-1.png","width":365,"height":284,"caption":"datesprocessing"},"image":{"@id":"https:\/\/www.datesprocessing.com\/#\/schema\/logo\/image\/"}},false]}},"yasr_visitor_votes":{"stars_attributes":{"read_only":false,"span_bottom":false},"number_of_votes":1,"sum_votes":5},"_links":{"self":[{"href":"https:\/\/www.datesprocessing.com\/fr\/wp-json\/wp\/v2\/product\/988","targetHints":{"allow":["GET"]}}],"collection":[{"href":"https:\/\/www.datesprocessing.com\/fr\/wp-json\/wp\/v2\/product"}],"about":[{"href":"https:\/\/www.datesprocessing.com\/fr\/wp-json\/wp\/v2\/types\/product"}],"replies":[{"embeddable":true,"href":"https:\/\/www.datesprocessing.com\/fr\/wp-json\/wp\/v2\/comments?post=988"}],"version-history":[{"count":5,"href":"https:\/\/www.datesprocessing.com\/fr\/wp-json\/wp\/v2\/product\/988\/revisions"}],"predecessor-version":[{"id":1995,"href":"https:\/\/www.datesprocessing.com\/fr\/wp-json\/wp\/v2\/product\/988\/revisions\/1995"}],"wp:featuredmedia":[{"embeddable":true,"href":"https:\/\/www.datesprocessing.com\/fr\/wp-json\/wp\/v2\/media\/991"}],"wp:attachment":[{"href":"https:\/\/www.datesprocessing.com\/fr\/wp-json\/wp\/v2\/media?parent=988"}],"wp:term":[{"taxonomy":"product_cat","embeddable":true,"href":"https:\/\/www.datesprocessing.com\/fr\/wp-json\/wp\/v2\/product_cat?post=988"},{"taxonomy":"product_tag","embeddable":true,"href":"https:\/\/www.datesprocessing.com\/fr\/wp-json\/wp\/v2\/product_tag?post=988"}],"curies":[{"name":"wp","href":"https:\/\/api.w.org\/{rel}","templated":true}]}}