{"id":968,"date":"2022-02-24T16:52:13","date_gmt":"2022-02-24T08:52:13","guid":{"rendered":"https:\/\/www.datesprocessing.com\/?post_type=product&#038;p=968"},"modified":"2026-02-09T14:26:38","modified_gmt":"2026-02-09T06:26:38","slug":"jujube-pitting-machine","status":"publish","type":"product","link":"https:\/\/www.datesprocessing.com\/fr\/product\/jujube-pitting-machine\/","title":{"rendered":"Machine de d\u00e9noyautage de jujubes"},"content":{"rendered":"<h2>Pr\u00e9sentation de la Machine \u00c0 D\u00e9cortiquer Les Dattes<\/h2>\n<p>La machine \u00e0 d\u00e9cortiquer les dattes est une machine en acier inoxydable. Ses mat\u00e9riaux de haute qualit\u00e9 lui conf\u00e8rent une longue dur\u00e9e de vie et une forte r\u00e9sistance \u00e0 la corrosion. Son rendement machine \u00e0 d\u00e9cortiquer les dattes est relativement \u00e9lev\u00e9, ce qui r\u00e9duit consid\u00e9rablement le temps de traitement des jujubes. La d\u00e9noyauteuse de jujubes permet \u00e9galement de r\u00e9duire les co\u00fbts de main-d'\u0153uvre. Une seule personne suffit pour r\u00e9aliser l'op\u00e9ration, et le d\u00e9noyautage de divers fruits se fait en ajustant le moule. La d\u00e9noyauteuse de jujubes est une machine pratique et rapide.<\/p>\n<h2>Les caract\u00e9ristiques du machine \u00e0 d\u00e9cortiquer les dattes<\/h2>\n<p>Il est en acier inoxydable, ce qui ne contaminera pas le jujube, est sans plomb et non toxique, et r\u00e9pond aux normes nationales de s\u00e9curit\u00e9 alimentaire.<\/p>\n<p>2. La machine a une large gamme d'utilisations. Elle peut d\u00e9noyauter une vari\u00e9t\u00e9 de fruits et peut obtenir l'effet d'une machine pour de multiples usages.<\/p>\n<p>3. le d\u00e9noyauteur de jujubes est principalement aliment\u00e9 par l'\u00e9nergie \u00e9lectrique afin d'\u00e9conomiser l'\u00e9nergie et de prot\u00e9ger l'environnement.<\/p>\n<p>4. Lorsque le d\u00e9noyeur de jujubes retire le noyau, la surface du jujube ne sera pas endommag\u00e9e, et l'apparence originale du jujube sera toujours conserv\u00e9e.<\/p>\n<p>5.Il pr\u00e9sente un degr\u00e9 d\u2019automatisation \u00e9lev\u00e9. Il suffit d\u2019y introduire les jujubes pour r\u00e9aliser le travail de d\u00e9noyautage.<\/p>\n<p><img loading=\"lazy\" decoding=\"async\" class=\"alignnone size-full wp-image-1871\" src=\"https:\/\/www.datesprocessing.com\/wp-content\/uploads\/2022\/02\/dates-pitting-machine.jpg\" alt=\"dates-machine \u00e0 piquer\" width=\"630\" height=\"400\" srcset=\"https:\/\/www.datesprocessing.com\/wp-content\/uploads\/2022\/02\/dates-pitting-machine.jpg 630w, https:\/\/www.datesprocessing.com\/wp-content\/uploads\/2022\/02\/dates-pitting-machine-300x190.jpg 300w, https:\/\/www.datesprocessing.com\/wp-content\/uploads\/2022\/02\/dates-pitting-machine-600x381.jpg 600w\" sizes=\"auto, (max-width: 630px) 100vw, 630px\" \/><\/p>\n<p>&nbsp;<\/p>\n<h2>Avantages de lamachine \u00e0 d\u00e9cortiquer les dattes<\/h2>\n<p>L'\u00e9quipement d'\u00e9p\u00e9pinage de jujube est de petite taille, facile \u00e0 d\u00e9placer et \u00e0 utiliser.<\/p>\n<p>La machine peut \u00eatre associ\u00e9e \u00e0 l'op\u00e9ration de flux de m\u00e9moire de la ligne de production pour r\u00e9duire consid\u00e9rablement les co\u00fbts de main-d'\u0153uvre et de temps.<\/p>\n<p>3. la machine de traitement du jujube peut r\u00e9aliser l'effet d'une seule machine \u00e0 deux fins. Elle peut couper le jujube en deux tout en le d\u00e9noyautant.<\/p>\n<p>4. en cas de traitement de mat\u00e9riaux diff\u00e9rents, le moule de la machine de traitement du jujube peut \u00eatre ajust\u00e9 pour compl\u00e9ter l'op\u00e9ration.<\/p>\n<p>5. diff\u00e9rents types de machines peuvent \u00eatre fournis, ainsi que des services d'aide \u00e0 l'exploitation.<\/p>\n<p><iframe loading=\"lazy\" title=\"Comment enlever les noyaux des dattes ? Fabricant de machines \u00e0 d\u00e9noyauter les dattes\" src=\"https:\/\/www.youtube.com\/embed\/G_z_BdW5ovs\" width=\"630\" height=\"400\" frameborder=\"0\" allowfullscreen=\"allowfullscreen\"><span data-mce-type=\"bookmark\" style=\"display: inline-block; width: 0px; overflow: hidden; line-height: 0;\" class=\"mce_SELRES_start\">Bonjour, je suis un moteur de traduction. Veuillez me fournir le texte que vous souhaitez traduire en fran\u00e7ais.<\/span><\/iframe><\/p>\n<h2>Le principe de fonctionnement du d\u00e9noyauteur de jujubes<\/h2>\n<p>La machine \u00e0 d\u00e9noyauter les jujubes enl\u00e8ve les noyaux des cerises, des prunes, des p\u00eaches et des abricots en faisant tourner des rouleaux \u00e0 disques dent\u00e9s et des rouleaux en caoutchouc pour obtenir une pulpe grumeleuse. Apr\u00e8s la d\u00e9nucl\u00e9arisation, la construction ne changera pas d'aspect.<\/p>\n<h2>Param\u00e8tres de la machine \u00e0 d\u00e9cortiquer les dattes<\/h2>\n<table>\n<tbody>\n<tr>\n<td width=\"80\">\u00a0nom<\/td>\n<td width=\"80\">mod\u00e8le<\/td>\n<td width=\"86\">Sp\u00e9cifications<\/td>\n<td width=\"79\">pouvoir<\/td>\n<td width=\"80\">Tension<\/td>\n<td width=\"80\">sortie<\/td>\n<td width=\"80\">poids<\/td>\n<\/tr>\n<tr>\n<td width=\"80\">Machine \u00e0 d\u00e9noyauter le jujube<\/p>\n<p>&nbsp;<\/td>\n<td width=\"80\">GG-YZQH-17<\/td>\n<td width=\"86\">640\u00d7640\u00d71350mm<\/td>\n<td width=\"79\">1,5KW<\/td>\n<td width=\"80\">220V<\/td>\n<td width=\"80\">100kg\/h<\/td>\n<td width=\"80\">400 kg<\/td>\n<\/tr>\n<\/tbody>\n<\/table>\n<p>Nous sommes le fabricant de machines \u00e0 d\u00e9noyauter les jujubes. Nous pouvons personnaliser diff\u00e9rents types de machines \u00e0 d\u00e9noyauter les jujubes pour vous selon vos besoins. Si vous en avez besoin, veuillez nous contacter.<\/p>\n<hr \/>\n<h3 style=\"text-align: center;\">-Laissez un message pour une citation<\/h3>\n\n<div class=\"wpcf7 no-js\" id=\"wpcf7-f12-o1\" lang=\"en-US\" dir=\"ltr\">\n<div class=\"screen-reader-response\"><p role=\"status\" aria-live=\"polite\" aria-atomic=\"true\"><\/p> <ul><\/ul><\/div>\n<form action=\"\/fr\/wp-json\/wp\/v2\/product\/968#wpcf7-f12-o1\" method=\"post\" class=\"wpcf7-form init\" aria-label=\"Formulaire de contact\" novalidate=\"novalidate\" data-status=\"init\" data-trp-original-action=\"\/fr\/wp-json\/wp\/v2\/product\/968#wpcf7-f12-o1\">\n<div style=\"display: none;\">\n<input type=\"hidden\" name=\"_wpcf7\" value=\"12\" \/>\n<input type=\"hidden\" name=\"_wpcf7_version\" value=\"5.7.6\" \/>\n<input type=\"hidden\" name=\"_wpcf7_locale\" value=\"en_US\" \/>\n<input type=\"hidden\" name=\"_wpcf7_unit_tag\" value=\"wpcf7-f12-o1\" \/>\n<input type=\"hidden\" name=\"_wpcf7_container_post\" value=\"0\" \/>\n<input type=\"hidden\" name=\"_wpcf7_posted_data_hash\" value=\"\" \/>\n<\/div>\n<div class='proformleft'>\n\t<p><label> Votre nom<br \/>\n<span class=\"wpcf7-form-control-wrap\" data-name=\"your-name\"><input size=\"40\" class=\"wpcf7-form-control wpcf7-text\" aria-invalid=\"false\" value=\"\" type=\"text\" name=\"your-name\" \/><\/span> <\/label>\n\t<\/p>\n\t<p><label> *Votre Email<br \/>\n<span class=\"wpcf7-form-control-wrap\" data-name=\"your-email\"><input size=\"40\" class=\"wpcf7-form-control wpcf7-text wpcf7-email wpcf7-validates-as-required wpcf7-validates-as-email\" aria-required=\"true\" aria-invalid=\"false\" value=\"\" type=\"email\" name=\"your-email\" \/><\/span> <\/label>\n\t<\/p>\n\t<p><label> *Votre t\u00e9l\u00e9phone<br \/>\n<span class=\"wpcf7-form-control-wrap\" data-name=\"tel-173\"><input size=\"40\" class=\"wpcf7-form-control wpcf7-text wpcf7-tel wpcf7-validates-as-required wpcf7-validates-as-tel\" aria-required=\"true\" aria-invalid=\"false\" value=\"\" type=\"tel\" name=\"tel-173\" \/><\/span> <\/label>\n\t<\/p>\n\t<p><label> Votre pays<br \/>\n<span class=\"wpcf7-form-control-wrap\" data-name=\"your-country\"><input size=\"40\" class=\"wpcf7-form-control wpcf7-text\" aria-invalid=\"false\" value=\"\" type=\"text\" name=\"your-country\" \/><\/span> <\/label>\n\t<\/p>\n<\/div>\n<div class='proformright'>\n\t<p><label> *Votre message<br \/>\n<span class=\"wpcf7-form-control-wrap\" data-name=\"your-message\"><textarea cols=\"40\" rows=\"10\" class=\"wpcf7-form-control wpcf7-textarea wpcf7-validates-as-required\" aria-required=\"true\" aria-invalid=\"false\" name=\"your-message\"><\/textarea><\/span> <\/label>\n\t<\/p>\n\t<p><input class=\"wpcf7-form-control has-spinner wpcf7-submit\" type=\"submit\" value=\"Envoyer\" \/>\n\t<\/p>\n<\/div>\n<div style='clear:both'>\n<\/div><p style=\"display: none !important;\"><label>&#916;<textarea name=\"_wpcf7_ak_hp_textarea\" cols=\"45\" rows=\"8\" maxlength=\"100\"><\/textarea><\/label><input type=\"hidden\" id=\"ak_js\" name=\"_wpcf7_ak_js\" value=\"63\"\/><script>document.getElementById( \"ak_js\" ).setAttribute( \"value\", ( new Date() ).getTime() );<\/script><\/p><div class=\"wpcf7-response-output\" aria-hidden=\"true\"><\/div>\n<input type=\"hidden\" name=\"trp-form-language\" value=\"fr\"\/><\/form>\n<\/div>\n\n<div style='text-align:left' class='yasr-auto-insert-visitor'><\/div>","protected":false},"excerpt":{"rendered":"<p>Peut d\u00e9noyauter une vari\u00e9t\u00e9 de dates ; grande efficacit\u00e9 de travail ; mat\u00e9riau en acier inoxydable, longue dur\u00e9e de vie.<\/p>","protected":false},"featured_media":1874,"comment_status":"open","ping_status":"closed","template":"","meta":{"site-sidebar-layout":"default","site-content-layout":"default","ast-main-header-display":"","ast-hfb-above-header-display":"","ast-hfb-below-header-display":"","ast-hfb-mobile-header-display":"","site-post-title":"","ast-breadcrumbs-content":"","ast-featured-img":"","footer-sml-layout":"","theme-transparent-header-meta":"","adv-header-id-meta":"","stick-header-meta":"","header-above-stick-meta":"","header-main-stick-meta":"","header-below-stick-meta":"","yasr_overall_rating":5,"yasr_post_is_review":"","yasr_auto_insert_disabled":"","yasr_review_type":""},"product_cat":[15],"product_tag":[],"class_list":["post-968","product","type-product","status-publish","has-post-thumbnail","hentry","product_cat-products"],"yoast_head":"<!-- This site is optimized with the Yoast SEO plugin v23.2 - https:\/\/yoast.com\/wordpress\/plugins\/seo\/ -->\n<title>Jujube Pitting Processing Machine<\/title>\n<meta name=\"description\" content=\"The jujube pitting machine can quickly remove the jujube core, and is an essential machine for deep processing of jujube.\" \/>\n<meta name=\"robots\" content=\"index, follow, max-snippet:-1, max-image-preview:large, max-video-preview:-1\" \/>\n<link rel=\"canonical\" href=\"https:\/\/www.datesprocessing.com\/fr\/product\/jujube-pitting-machine\/\" \/>\n<meta property=\"og:locale\" content=\"fr_FR\" \/>\n<meta property=\"og:type\" content=\"article\" \/>\n<meta property=\"og:title\" content=\"Jujube Pitting Processing Machine\" \/>\n<meta property=\"og:description\" content=\"The jujube pitting machine can quickly remove the jujube core, and is an essential machine for deep processing of jujube.\" \/>\n<meta property=\"og:url\" content=\"https:\/\/www.datesprocessing.com\/fr\/product\/jujube-pitting-machine\/\" \/>\n<meta property=\"og:site_name\" content=\"datesprocessing\" \/>\n<meta property=\"article:modified_time\" content=\"2026-02-09T06:26:38+00:00\" \/>\n<meta property=\"og:image\" content=\"https:\/\/www.datesprocessing.com\/wp-content\/uploads\/2022\/02\/dates-pitting-machine-1.png\" \/>\n\t<meta property=\"og:image:width\" content=\"500\" \/>\n\t<meta property=\"og:image:height\" content=\"500\" \/>\n\t<meta property=\"og:image:type\" content=\"image\/png\" \/>\n<meta name=\"twitter:card\" content=\"summary_large_image\" \/>\n<meta name=\"twitter:label1\" content=\"Dur\u00e9e de lecture estim\u00e9e\" \/>\n\t<meta name=\"twitter:data1\" content=\"3 minutes\" \/>\n<script type=\"application\/ld+json\" class=\"yoast-schema-graph\">{\"@context\":\"https:\/\/schema.org\",\"@graph\":[{\"@type\":\"WebPage\",\"@id\":\"https:\/\/www.datesprocessing.com\/product\/jujube-pitting-machine\/\",\"url\":\"https:\/\/www.datesprocessing.com\/product\/jujube-pitting-machine\/\",\"name\":\"Jujube Pitting Processing Machine\",\"isPartOf\":{\"@id\":\"https:\/\/www.datesprocessing.com\/#website\"},\"primaryImageOfPage\":{\"@id\":\"https:\/\/www.datesprocessing.com\/product\/jujube-pitting-machine\/#primaryimage\"},\"image\":{\"@id\":\"https:\/\/www.datesprocessing.com\/product\/jujube-pitting-machine\/#primaryimage\"},\"thumbnailUrl\":\"https:\/\/www.datesprocessing.com\/wp-content\/uploads\/2022\/02\/dates-pitting-machine-1.png\",\"datePublished\":\"2022-02-24T08:52:13+00:00\",\"dateModified\":\"2026-02-09T06:26:38+00:00\",\"description\":\"The jujube pitting machine can quickly remove the jujube core, and is an essential machine for deep processing of jujube.\",\"breadcrumb\":{\"@id\":\"https:\/\/www.datesprocessing.com\/product\/jujube-pitting-machine\/#breadcrumb\"},\"inLanguage\":\"fr-FR\",\"potentialAction\":[{\"@type\":\"ReadAction\",\"target\":[\"https:\/\/www.datesprocessing.com\/product\/jujube-pitting-machine\/\"]}]},{\"@type\":\"ImageObject\",\"inLanguage\":\"fr-FR\",\"@id\":\"https:\/\/www.datesprocessing.com\/product\/jujube-pitting-machine\/#primaryimage\",\"url\":\"https:\/\/www.datesprocessing.com\/wp-content\/uploads\/2022\/02\/dates-pitting-machine-1.png\",\"contentUrl\":\"https:\/\/www.datesprocessing.com\/wp-content\/uploads\/2022\/02\/dates-pitting-machine-1.png\",\"width\":500,\"height\":500,\"caption\":\"dates-pitting-machine\"},{\"@type\":\"BreadcrumbList\",\"@id\":\"https:\/\/www.datesprocessing.com\/product\/jujube-pitting-machine\/#breadcrumb\",\"itemListElement\":[{\"@type\":\"ListItem\",\"position\":1,\"name\":\"Home\",\"item\":\"https:\/\/www.datesprocessing.com\/\"},{\"@type\":\"ListItem\",\"position\":2,\"name\":\"Products\",\"item\":\"https:\/\/www.datesprocessing.com\/products\/\"},{\"@type\":\"ListItem\",\"position\":3,\"name\":\"Jujube Pitting Processing Machine\"}]},{\"@type\":\"WebSite\",\"@id\":\"https:\/\/www.datesprocessing.com\/#website\",\"url\":\"https:\/\/www.datesprocessing.com\/\",\"name\":\"datesprocessing\",\"description\":\"\",\"publisher\":{\"@id\":\"https:\/\/www.datesprocessing.com\/#organization\"},\"potentialAction\":[{\"@type\":\"SearchAction\",\"target\":{\"@type\":\"EntryPoint\",\"urlTemplate\":\"https:\/\/www.datesprocessing.com\/?s={search_term_string}\"},\"query-input\":\"required name=search_term_string\"}],\"inLanguage\":\"fr-FR\"},{\"@type\":\"Organization\",\"@id\":\"https:\/\/www.datesprocessing.com\/#organization\",\"name\":\"datesprocessing\",\"url\":\"https:\/\/www.datesprocessing.com\/\",\"logo\":{\"@type\":\"ImageObject\",\"inLanguage\":\"fr-FR\",\"@id\":\"https:\/\/www.datesprocessing.com\/#\/schema\/logo\/image\/\",\"url\":\"https:\/\/www.datesprocessing.com\/wp-content\/uploads\/2022\/02\/cropped-cropped-5-1.png\",\"contentUrl\":\"https:\/\/www.datesprocessing.com\/wp-content\/uploads\/2022\/02\/cropped-cropped-5-1.png\",\"width\":365,\"height\":284,\"caption\":\"datesprocessing\"},\"image\":{\"@id\":\"https:\/\/www.datesprocessing.com\/#\/schema\/logo\/image\/\"}},false]}<\/script>\n<!-- \/ Yoast SEO plugin. -->","yoast_head_json":{"title":"Jujube Pitting Processing Machine","description":"The jujube pitting machine can quickly remove the jujube core, and is an essential machine for deep processing of jujube.","robots":{"index":"index","follow":"follow","max-snippet":"max-snippet:-1","max-image-preview":"max-image-preview:large","max-video-preview":"max-video-preview:-1"},"canonical":"https:\/\/www.datesprocessing.com\/fr\/product\/jujube-pitting-machine\/","og_locale":"fr_FR","og_type":"article","og_title":"Jujube Pitting Processing Machine","og_description":"The jujube pitting machine can quickly remove the jujube core, and is an essential machine for deep processing of jujube.","og_url":"https:\/\/www.datesprocessing.com\/fr\/product\/jujube-pitting-machine\/","og_site_name":"datesprocessing","article_modified_time":"2026-02-09T06:26:38+00:00","og_image":[{"width":500,"height":500,"url":"https:\/\/www.datesprocessing.com\/wp-content\/uploads\/2022\/02\/dates-pitting-machine-1.png","type":"image\/png"}],"twitter_card":"summary_large_image","twitter_misc":{"Dur\u00e9e de lecture estim\u00e9e":"3 minutes"},"schema":{"@context":"https:\/\/schema.org","@graph":[{"@type":"WebPage","@id":"https:\/\/www.datesprocessing.com\/product\/jujube-pitting-machine\/","url":"https:\/\/www.datesprocessing.com\/product\/jujube-pitting-machine\/","name":"Jujube Pitting Processing Machine","isPartOf":{"@id":"https:\/\/www.datesprocessing.com\/#website"},"primaryImageOfPage":{"@id":"https:\/\/www.datesprocessing.com\/product\/jujube-pitting-machine\/#primaryimage"},"image":{"@id":"https:\/\/www.datesprocessing.com\/product\/jujube-pitting-machine\/#primaryimage"},"thumbnailUrl":"https:\/\/www.datesprocessing.com\/wp-content\/uploads\/2022\/02\/dates-pitting-machine-1.png","datePublished":"2022-02-24T08:52:13+00:00","dateModified":"2026-02-09T06:26:38+00:00","description":"The jujube pitting machine can quickly remove the jujube core, and is an essential machine for deep processing of jujube.","breadcrumb":{"@id":"https:\/\/www.datesprocessing.com\/product\/jujube-pitting-machine\/#breadcrumb"},"inLanguage":"fr-FR","potentialAction":[{"@type":"ReadAction","target":["https:\/\/www.datesprocessing.com\/product\/jujube-pitting-machine\/"]}]},{"@type":"ImageObject","inLanguage":"fr-FR","@id":"https:\/\/www.datesprocessing.com\/product\/jujube-pitting-machine\/#primaryimage","url":"https:\/\/www.datesprocessing.com\/wp-content\/uploads\/2022\/02\/dates-pitting-machine-1.png","contentUrl":"https:\/\/www.datesprocessing.com\/wp-content\/uploads\/2022\/02\/dates-pitting-machine-1.png","width":500,"height":500,"caption":"dates-pitting-machine"},{"@type":"BreadcrumbList","@id":"https:\/\/www.datesprocessing.com\/product\/jujube-pitting-machine\/#breadcrumb","itemListElement":[{"@type":"ListItem","position":1,"name":"Home","item":"https:\/\/www.datesprocessing.com\/"},{"@type":"ListItem","position":2,"name":"Products","item":"https:\/\/www.datesprocessing.com\/products\/"},{"@type":"ListItem","position":3,"name":"Jujube Pitting Processing Machine"}]},{"@type":"WebSite","@id":"https:\/\/www.datesprocessing.com\/#website","url":"https:\/\/www.datesprocessing.com\/","name":"datesprocessing","description":"","publisher":{"@id":"https:\/\/www.datesprocessing.com\/#organization"},"potentialAction":[{"@type":"SearchAction","target":{"@type":"EntryPoint","urlTemplate":"https:\/\/www.datesprocessing.com\/?s={search_term_string}"},"query-input":"required name=search_term_string"}],"inLanguage":"fr-FR"},{"@type":"Organization","@id":"https:\/\/www.datesprocessing.com\/#organization","name":"datesprocessing","url":"https:\/\/www.datesprocessing.com\/","logo":{"@type":"ImageObject","inLanguage":"fr-FR","@id":"https:\/\/www.datesprocessing.com\/#\/schema\/logo\/image\/","url":"https:\/\/www.datesprocessing.com\/wp-content\/uploads\/2022\/02\/cropped-cropped-5-1.png","contentUrl":"https:\/\/www.datesprocessing.com\/wp-content\/uploads\/2022\/02\/cropped-cropped-5-1.png","width":365,"height":284,"caption":"datesprocessing"},"image":{"@id":"https:\/\/www.datesprocessing.com\/#\/schema\/logo\/image\/"}},false]}},"yasr_visitor_votes":{"stars_attributes":{"read_only":false,"span_bottom":false},"number_of_votes":1,"sum_votes":5},"_links":{"self":[{"href":"https:\/\/www.datesprocessing.com\/fr\/wp-json\/wp\/v2\/product\/968","targetHints":{"allow":["GET"]}}],"collection":[{"href":"https:\/\/www.datesprocessing.com\/fr\/wp-json\/wp\/v2\/product"}],"about":[{"href":"https:\/\/www.datesprocessing.com\/fr\/wp-json\/wp\/v2\/types\/product"}],"replies":[{"embeddable":true,"href":"https:\/\/www.datesprocessing.com\/fr\/wp-json\/wp\/v2\/comments?post=968"}],"version-history":[{"count":7,"href":"https:\/\/www.datesprocessing.com\/fr\/wp-json\/wp\/v2\/product\/968\/revisions"}],"predecessor-version":[{"id":2051,"href":"https:\/\/www.datesprocessing.com\/fr\/wp-json\/wp\/v2\/product\/968\/revisions\/2051"}],"wp:featuredmedia":[{"embeddable":true,"href":"https:\/\/www.datesprocessing.com\/fr\/wp-json\/wp\/v2\/media\/1874"}],"wp:attachment":[{"href":"https:\/\/www.datesprocessing.com\/fr\/wp-json\/wp\/v2\/media?parent=968"}],"wp:term":[{"taxonomy":"product_cat","embeddable":true,"href":"https:\/\/www.datesprocessing.com\/fr\/wp-json\/wp\/v2\/product_cat?post=968"},{"taxonomy":"product_tag","embeddable":true,"href":"https:\/\/www.datesprocessing.com\/fr\/wp-json\/wp\/v2\/product_tag?post=968"}],"curies":[{"name":"wp","href":"https:\/\/api.w.org\/{rel}","templated":true}]}}