{"id":963,"date":"2022-02-24T15:54:57","date_gmt":"2022-02-24T07:54:57","guid":{"rendered":"https:\/\/www.datesprocessing.com\/?post_type=product&#038;p=963"},"modified":"2026-02-07T11:47:59","modified_gmt":"2026-02-07T03:47:59","slug":"date-palm-seed-removing-machine","status":"publish","type":"product","link":"https:\/\/www.datesprocessing.com\/fr\/product\/date-palm-seed-removing-machine\/","title":{"rendered":"Machine \u00e0 enlever les graines de palmier-dattier pour le d\u00e9sherbage des dattes"},"content":{"rendered":"<h2>Introduction de l'\u00e9p\u00e9pineuse de dattes<\/h2>\n<p>The dates seed removing machine can reduce the consumption time of date palm processing and improve the processing efficiency. The machine is made of stainless steel, so there is no need to worry about the problem of short use time. Can do the core effect and the core cut half effect. The rate of pitting and residual pitting is extremely low, and the shape of the jujube is not easily deformed after pitting. The date seed removing machine can be customized according to the output of production.<\/p>\n<h2>Characteristics Of Date Seed Removing Machine<\/h2>\n<p>1) La machine \u00e0 \u00e9p\u00e9piner les dattes est fabriqu\u00e9e en acier inoxydable, qui a une longue dur\u00e9e de vie et une bonne r\u00e9sistance \u00e0 la corrosion.<\/p>\n<p>2. la machine \u00e0 enlever les graines de dattes permet de r\u00e9duire les co\u00fbts de main-d'\u0153uvre et de rendre la production rapide et pratique.<\/p>\n<p>3.The flexibility is relatively high, and the mold can be adjusted according to the diameter of the machine material.<\/p>\n<p>4 La machine \u00e0 enlever les graines de dattes peut \u00eatre utilis\u00e9e avec la ligne de production ou de mani\u00e8re autonome et a un large \u00e9ventail d'utilisations.<\/p>\n<p>5.The production capacity of the date seed remover machine can be customized according to the different outputs.<\/p>\n<p><img loading=\"lazy\" decoding=\"async\" class=\"alignnone size-full wp-image-1871\" src=\"https:\/\/www.datesprocessing.com\/wp-content\/uploads\/2022\/02\/dates-pitting-machine.jpg\" alt=\"dates-machine \u00e0 piquer\" width=\"630\" height=\"400\" srcset=\"https:\/\/www.datesprocessing.com\/wp-content\/uploads\/2022\/02\/dates-pitting-machine.jpg 630w, https:\/\/www.datesprocessing.com\/wp-content\/uploads\/2022\/02\/dates-pitting-machine-300x190.jpg 300w, https:\/\/www.datesprocessing.com\/wp-content\/uploads\/2022\/02\/dates-pitting-machine-600x381.jpg 600w\" sizes=\"auto, (max-width: 630px) 100vw, 630px\" \/><\/p>\n<p>&nbsp;<\/p>\n<h2>Advantages Of Dates Deseeding Machine<\/h2>\n<p>1.The volume of the machine is relatively small and easy to move.<\/p>\n<p>2. la machine \u00e0 \u00e9grener les dattes aliment\u00e9e par l'\u00e9lectricit\u00e9 permet de r\u00e9aliser des \u00e9conomies d'\u00e9nergie et de prot\u00e9ger l'environnement.<\/p>\n<p>3.The machine can be used for two purposes.<\/p>\n<p>4. il peut fonctionner sur une machine autonome ou avec une ligne de production, ce qui permet une utilisation flexible.<\/p>\n<p>5. peut fournir un bon service avant et apr\u00e8s-vente, ainsi que des conseils en mati\u00e8re d'exploitation.<\/p>\n<p><iframe loading=\"lazy\" title=\"Machine \u00e0 piquer les nouvelles dattes Fabricant de machines # Machine # \u00e9quipement de traitement\" src=\"https:\/\/www.youtube.com\/embed\/Q2huHn0edI0\" width=\"630\" height=\"400\" frameborder=\"0\" allowfullscreen=\"allowfullscreen\"><span data-mce-type=\"bookmark\" style=\"display: inline-block; width: 0px; overflow: hidden; line-height: 0;\" class=\"mce_SELRES_start\"><\/span><\/iframe><\/p>\n<h2>Principe de fonctionnement de la machine \u00e0 enlever les graines de palmier dattier<\/h2>\n<p>La machine \u00e0 \u00e9p\u00e9piner les dattes enl\u00e8ve les noyaux des cerises, des prunes, des p\u00eaches et des abricots en faisant tourner des rouleaux \u00e0 disques dent\u00e9s et des rouleaux en caoutchouc pour obtenir une pulpe grumeleuse.<\/p>\n<h2>Param\u00e8tres de la machine \u00e0 enlever les graines de palmier dattier<\/h2>\n<table>\n<tbody>\n<tr>\n<td width=\"80\">\u00a0nom<\/td>\n<td width=\"80\">mod\u00e8le<\/td>\n<td width=\"86\">Sp\u00e9cifications<\/td>\n<td width=\"79\">pouvoir<\/td>\n<td width=\"80\">Tension<\/td>\n<td width=\"80\">sortie<\/td>\n<td width=\"80\">poids<\/td>\n<\/tr>\n<tr>\n<td width=\"80\">machine \u00e0 piquer les dattes<\/p>\n<p>&nbsp;<\/td>\n<td width=\"80\">GG-YZQH-17<\/td>\n<td width=\"86\">640\u00d7640\u00d71350mm<\/td>\n<td width=\"79\">1,5KW<\/td>\n<td width=\"80\">220V<\/td>\n<td width=\"80\">100kg\/h<\/td>\n<td width=\"80\">400 kg<\/td>\n<\/tr>\n<\/tbody>\n<\/table>\n<p>Nous sommes un fournisseur de machines \u00e0 \u00e9p\u00e9piner les dattes, et nous pouvons personnaliser les machines dont vous avez besoin en fonction de vos besoins de production. Venez nous consulter.<\/p>\n<hr \/>\n<h3 style=\"text-align: center;\">-Laissez un message pour une citation<\/h3>\n\n<div class=\"wpcf7 no-js\" id=\"wpcf7-f12-o1\" lang=\"en-US\" dir=\"ltr\">\n<div class=\"screen-reader-response\"><p role=\"status\" aria-live=\"polite\" aria-atomic=\"true\"><\/p> <ul><\/ul><\/div>\n<form action=\"\/fr\/wp-json\/wp\/v2\/product\/963#wpcf7-f12-o1\" method=\"post\" class=\"wpcf7-form init\" aria-label=\"Formulaire de contact\" novalidate=\"novalidate\" data-status=\"init\" data-trp-original-action=\"\/fr\/wp-json\/wp\/v2\/product\/963#wpcf7-f12-o1\">\n<div style=\"display: none;\">\n<input type=\"hidden\" name=\"_wpcf7\" value=\"12\" \/>\n<input type=\"hidden\" name=\"_wpcf7_version\" value=\"5.7.6\" \/>\n<input type=\"hidden\" name=\"_wpcf7_locale\" value=\"en_US\" \/>\n<input type=\"hidden\" name=\"_wpcf7_unit_tag\" value=\"wpcf7-f12-o1\" \/>\n<input type=\"hidden\" name=\"_wpcf7_container_post\" value=\"0\" \/>\n<input type=\"hidden\" name=\"_wpcf7_posted_data_hash\" value=\"\" \/>\n<\/div>\n<div class='proformleft'>\n\t<p><label> Votre nom<br \/>\n<span class=\"wpcf7-form-control-wrap\" data-name=\"your-name\"><input size=\"40\" class=\"wpcf7-form-control wpcf7-text\" aria-invalid=\"false\" value=\"\" type=\"text\" name=\"your-name\" \/><\/span> <\/label>\n\t<\/p>\n\t<p><label> *Votre Email<br \/>\n<span class=\"wpcf7-form-control-wrap\" data-name=\"your-email\"><input size=\"40\" class=\"wpcf7-form-control wpcf7-text wpcf7-email wpcf7-validates-as-required wpcf7-validates-as-email\" aria-required=\"true\" aria-invalid=\"false\" value=\"\" type=\"email\" name=\"your-email\" \/><\/span> <\/label>\n\t<\/p>\n\t<p><label> *Votre t\u00e9l\u00e9phone<br \/>\n<span class=\"wpcf7-form-control-wrap\" data-name=\"tel-173\"><input size=\"40\" class=\"wpcf7-form-control wpcf7-text wpcf7-tel wpcf7-validates-as-required wpcf7-validates-as-tel\" aria-required=\"true\" aria-invalid=\"false\" value=\"\" type=\"tel\" name=\"tel-173\" \/><\/span> <\/label>\n\t<\/p>\n\t<p><label> Votre pays<br \/>\n<span class=\"wpcf7-form-control-wrap\" data-name=\"your-country\"><input size=\"40\" class=\"wpcf7-form-control wpcf7-text\" aria-invalid=\"false\" value=\"\" type=\"text\" name=\"your-country\" \/><\/span> <\/label>\n\t<\/p>\n<\/div>\n<div class='proformright'>\n\t<p><label> *Votre message<br \/>\n<span class=\"wpcf7-form-control-wrap\" data-name=\"your-message\"><textarea cols=\"40\" rows=\"10\" class=\"wpcf7-form-control wpcf7-textarea wpcf7-validates-as-required\" aria-required=\"true\" aria-invalid=\"false\" name=\"your-message\"><\/textarea><\/span> <\/label>\n\t<\/p>\n\t<p><input class=\"wpcf7-form-control has-spinner wpcf7-submit\" type=\"submit\" value=\"Envoyer\" \/>\n\t<\/p>\n<\/div>\n<div style='clear:both'>\n<\/div><p style=\"display: none !important;\"><label>&#916;<textarea name=\"_wpcf7_ak_hp_textarea\" cols=\"45\" rows=\"8\" maxlength=\"100\"><\/textarea><\/label><input type=\"hidden\" id=\"ak_js\" name=\"_wpcf7_ak_js\" value=\"47\"\/><script>document.getElementById( \"ak_js\" ).setAttribute( \"value\", ( new Date() ).getTime() );<\/script><\/p><div class=\"wpcf7-response-output\" aria-hidden=\"true\"><\/div>\n<input type=\"hidden\" name=\"trp-form-language\" value=\"fr\"\/><\/form>\n<\/div>\n\n<div style='text-align:left' class='yasr-auto-insert-visitor'><\/div>","protected":false},"excerpt":{"rendered":"<p>Haute efficacit\u00e9 et bon effet ; \u00e9conomie de temps de travail et de co\u00fbts ; mat\u00e9riau en acier inoxydable.<\/p>","protected":false},"featured_media":1874,"comment_status":"open","ping_status":"closed","template":"","meta":{"site-sidebar-layout":"default","site-content-layout":"default","ast-main-header-display":"","ast-hfb-above-header-display":"","ast-hfb-below-header-display":"","ast-hfb-mobile-header-display":"","site-post-title":"","ast-breadcrumbs-content":"","ast-featured-img":"","footer-sml-layout":"","theme-transparent-header-meta":"","adv-header-id-meta":"","stick-header-meta":"","header-above-stick-meta":"","header-main-stick-meta":"","header-below-stick-meta":"","yasr_overall_rating":4.9,"yasr_post_is_review":"","yasr_auto_insert_disabled":"","yasr_review_type":""},"product_cat":[15],"product_tag":[],"class_list":["post-963","product","type-product","status-publish","has-post-thumbnail","hentry","product_cat-products"],"yoast_head":"<!-- This site is optimized with the Yoast SEO plugin v23.2 - https:\/\/yoast.com\/wordpress\/plugins\/seo\/ -->\n<title>Date Palm Seed Removing Machine For Dates Deseeding<\/title>\n<meta name=\"description\" content=\"The date palm seed removing machine can solve the problem of long processing time of date palm, and can achieve fast de-pitting.\" \/>\n<meta name=\"robots\" content=\"index, follow, max-snippet:-1, max-image-preview:large, max-video-preview:-1\" \/>\n<link rel=\"canonical\" href=\"https:\/\/www.datesprocessing.com\/fr\/product\/date-palm-seed-removing-machine\/\" \/>\n<meta property=\"og:locale\" content=\"fr_FR\" \/>\n<meta property=\"og:type\" content=\"article\" \/>\n<meta property=\"og:title\" content=\"Date Palm Seed Removing Machine For Dates Deseeding\" \/>\n<meta property=\"og:description\" content=\"The date palm seed removing machine can solve the problem of long processing time of date palm, and can achieve fast de-pitting.\" \/>\n<meta property=\"og:url\" content=\"https:\/\/www.datesprocessing.com\/fr\/product\/date-palm-seed-removing-machine\/\" \/>\n<meta property=\"og:site_name\" content=\"datesprocessing\" \/>\n<meta property=\"article:modified_time\" content=\"2026-02-07T03:47:59+00:00\" \/>\n<meta property=\"og:image\" content=\"https:\/\/www.datesprocessing.com\/wp-content\/uploads\/2022\/02\/dates-pitting-machine-1.png\" \/>\n\t<meta property=\"og:image:width\" content=\"500\" \/>\n\t<meta property=\"og:image:height\" content=\"500\" \/>\n\t<meta property=\"og:image:type\" content=\"image\/png\" \/>\n<meta name=\"twitter:card\" content=\"summary_large_image\" \/>\n<meta name=\"twitter:label1\" content=\"Dur\u00e9e de lecture estim\u00e9e\" \/>\n\t<meta name=\"twitter:data1\" content=\"2 minutes\" \/>\n<script type=\"application\/ld+json\" class=\"yoast-schema-graph\">{\"@context\":\"https:\/\/schema.org\",\"@graph\":[{\"@type\":\"WebPage\",\"@id\":\"https:\/\/www.datesprocessing.com\/product\/date-palm-seed-removing-machine\/\",\"url\":\"https:\/\/www.datesprocessing.com\/product\/date-palm-seed-removing-machine\/\",\"name\":\"Date Palm Seed Removing Machine For Dates Deseeding\",\"isPartOf\":{\"@id\":\"https:\/\/www.datesprocessing.com\/#website\"},\"primaryImageOfPage\":{\"@id\":\"https:\/\/www.datesprocessing.com\/product\/date-palm-seed-removing-machine\/#primaryimage\"},\"image\":{\"@id\":\"https:\/\/www.datesprocessing.com\/product\/date-palm-seed-removing-machine\/#primaryimage\"},\"thumbnailUrl\":\"https:\/\/www.datesprocessing.com\/wp-content\/uploads\/2022\/02\/dates-pitting-machine-1.png\",\"datePublished\":\"2022-02-24T07:54:57+00:00\",\"dateModified\":\"2026-02-07T03:47:59+00:00\",\"description\":\"The date palm seed removing machine can solve the problem of long processing time of date palm, and can achieve fast de-pitting.\",\"breadcrumb\":{\"@id\":\"https:\/\/www.datesprocessing.com\/product\/date-palm-seed-removing-machine\/#breadcrumb\"},\"inLanguage\":\"fr-FR\",\"potentialAction\":[{\"@type\":\"ReadAction\",\"target\":[\"https:\/\/www.datesprocessing.com\/product\/date-palm-seed-removing-machine\/\"]}]},{\"@type\":\"ImageObject\",\"inLanguage\":\"fr-FR\",\"@id\":\"https:\/\/www.datesprocessing.com\/product\/date-palm-seed-removing-machine\/#primaryimage\",\"url\":\"https:\/\/www.datesprocessing.com\/wp-content\/uploads\/2022\/02\/dates-pitting-machine-1.png\",\"contentUrl\":\"https:\/\/www.datesprocessing.com\/wp-content\/uploads\/2022\/02\/dates-pitting-machine-1.png\",\"width\":500,\"height\":500,\"caption\":\"dates-pitting-machine\"},{\"@type\":\"BreadcrumbList\",\"@id\":\"https:\/\/www.datesprocessing.com\/product\/date-palm-seed-removing-machine\/#breadcrumb\",\"itemListElement\":[{\"@type\":\"ListItem\",\"position\":1,\"name\":\"Home\",\"item\":\"https:\/\/www.datesprocessing.com\/\"},{\"@type\":\"ListItem\",\"position\":2,\"name\":\"Products\",\"item\":\"https:\/\/www.datesprocessing.com\/products\/\"},{\"@type\":\"ListItem\",\"position\":3,\"name\":\"Date Palm Seed Removing Machine For Dates Deseeding\"}]},{\"@type\":\"WebSite\",\"@id\":\"https:\/\/www.datesprocessing.com\/#website\",\"url\":\"https:\/\/www.datesprocessing.com\/\",\"name\":\"datesprocessing\",\"description\":\"\",\"publisher\":{\"@id\":\"https:\/\/www.datesprocessing.com\/#organization\"},\"potentialAction\":[{\"@type\":\"SearchAction\",\"target\":{\"@type\":\"EntryPoint\",\"urlTemplate\":\"https:\/\/www.datesprocessing.com\/?s={search_term_string}\"},\"query-input\":\"required name=search_term_string\"}],\"inLanguage\":\"fr-FR\"},{\"@type\":\"Organization\",\"@id\":\"https:\/\/www.datesprocessing.com\/#organization\",\"name\":\"datesprocessing\",\"url\":\"https:\/\/www.datesprocessing.com\/\",\"logo\":{\"@type\":\"ImageObject\",\"inLanguage\":\"fr-FR\",\"@id\":\"https:\/\/www.datesprocessing.com\/#\/schema\/logo\/image\/\",\"url\":\"https:\/\/www.datesprocessing.com\/wp-content\/uploads\/2022\/02\/cropped-cropped-5-1.png\",\"contentUrl\":\"https:\/\/www.datesprocessing.com\/wp-content\/uploads\/2022\/02\/cropped-cropped-5-1.png\",\"width\":365,\"height\":284,\"caption\":\"datesprocessing\"},\"image\":{\"@id\":\"https:\/\/www.datesprocessing.com\/#\/schema\/logo\/image\/\"}},false]}<\/script>\n<!-- \/ Yoast SEO plugin. -->","yoast_head_json":{"title":"Date Palm Seed Removing Machine For Dates Deseeding","description":"The date palm seed removing machine can solve the problem of long processing time of date palm, and can achieve fast de-pitting.","robots":{"index":"index","follow":"follow","max-snippet":"max-snippet:-1","max-image-preview":"max-image-preview:large","max-video-preview":"max-video-preview:-1"},"canonical":"https:\/\/www.datesprocessing.com\/fr\/product\/date-palm-seed-removing-machine\/","og_locale":"fr_FR","og_type":"article","og_title":"Date Palm Seed Removing Machine For Dates Deseeding","og_description":"The date palm seed removing machine can solve the problem of long processing time of date palm, and can achieve fast de-pitting.","og_url":"https:\/\/www.datesprocessing.com\/fr\/product\/date-palm-seed-removing-machine\/","og_site_name":"datesprocessing","article_modified_time":"2026-02-07T03:47:59+00:00","og_image":[{"width":500,"height":500,"url":"https:\/\/www.datesprocessing.com\/wp-content\/uploads\/2022\/02\/dates-pitting-machine-1.png","type":"image\/png"}],"twitter_card":"summary_large_image","twitter_misc":{"Dur\u00e9e de lecture estim\u00e9e":"2 minutes"},"schema":{"@context":"https:\/\/schema.org","@graph":[{"@type":"WebPage","@id":"https:\/\/www.datesprocessing.com\/product\/date-palm-seed-removing-machine\/","url":"https:\/\/www.datesprocessing.com\/product\/date-palm-seed-removing-machine\/","name":"Date Palm Seed Removing Machine For Dates Deseeding","isPartOf":{"@id":"https:\/\/www.datesprocessing.com\/#website"},"primaryImageOfPage":{"@id":"https:\/\/www.datesprocessing.com\/product\/date-palm-seed-removing-machine\/#primaryimage"},"image":{"@id":"https:\/\/www.datesprocessing.com\/product\/date-palm-seed-removing-machine\/#primaryimage"},"thumbnailUrl":"https:\/\/www.datesprocessing.com\/wp-content\/uploads\/2022\/02\/dates-pitting-machine-1.png","datePublished":"2022-02-24T07:54:57+00:00","dateModified":"2026-02-07T03:47:59+00:00","description":"The date palm seed removing machine can solve the problem of long processing time of date palm, and can achieve fast de-pitting.","breadcrumb":{"@id":"https:\/\/www.datesprocessing.com\/product\/date-palm-seed-removing-machine\/#breadcrumb"},"inLanguage":"fr-FR","potentialAction":[{"@type":"ReadAction","target":["https:\/\/www.datesprocessing.com\/product\/date-palm-seed-removing-machine\/"]}]},{"@type":"ImageObject","inLanguage":"fr-FR","@id":"https:\/\/www.datesprocessing.com\/product\/date-palm-seed-removing-machine\/#primaryimage","url":"https:\/\/www.datesprocessing.com\/wp-content\/uploads\/2022\/02\/dates-pitting-machine-1.png","contentUrl":"https:\/\/www.datesprocessing.com\/wp-content\/uploads\/2022\/02\/dates-pitting-machine-1.png","width":500,"height":500,"caption":"dates-pitting-machine"},{"@type":"BreadcrumbList","@id":"https:\/\/www.datesprocessing.com\/product\/date-palm-seed-removing-machine\/#breadcrumb","itemListElement":[{"@type":"ListItem","position":1,"name":"Home","item":"https:\/\/www.datesprocessing.com\/"},{"@type":"ListItem","position":2,"name":"Products","item":"https:\/\/www.datesprocessing.com\/products\/"},{"@type":"ListItem","position":3,"name":"Date Palm Seed Removing Machine For Dates Deseeding"}]},{"@type":"WebSite","@id":"https:\/\/www.datesprocessing.com\/#website","url":"https:\/\/www.datesprocessing.com\/","name":"datesprocessing","description":"","publisher":{"@id":"https:\/\/www.datesprocessing.com\/#organization"},"potentialAction":[{"@type":"SearchAction","target":{"@type":"EntryPoint","urlTemplate":"https:\/\/www.datesprocessing.com\/?s={search_term_string}"},"query-input":"required name=search_term_string"}],"inLanguage":"fr-FR"},{"@type":"Organization","@id":"https:\/\/www.datesprocessing.com\/#organization","name":"datesprocessing","url":"https:\/\/www.datesprocessing.com\/","logo":{"@type":"ImageObject","inLanguage":"fr-FR","@id":"https:\/\/www.datesprocessing.com\/#\/schema\/logo\/image\/","url":"https:\/\/www.datesprocessing.com\/wp-content\/uploads\/2022\/02\/cropped-cropped-5-1.png","contentUrl":"https:\/\/www.datesprocessing.com\/wp-content\/uploads\/2022\/02\/cropped-cropped-5-1.png","width":365,"height":284,"caption":"datesprocessing"},"image":{"@id":"https:\/\/www.datesprocessing.com\/#\/schema\/logo\/image\/"}},false]}},"yasr_visitor_votes":{"stars_attributes":{"read_only":false,"span_bottom":false},"number_of_votes":1,"sum_votes":5},"_links":{"self":[{"href":"https:\/\/www.datesprocessing.com\/fr\/wp-json\/wp\/v2\/product\/963","targetHints":{"allow":["GET"]}}],"collection":[{"href":"https:\/\/www.datesprocessing.com\/fr\/wp-json\/wp\/v2\/product"}],"about":[{"href":"https:\/\/www.datesprocessing.com\/fr\/wp-json\/wp\/v2\/types\/product"}],"replies":[{"embeddable":true,"href":"https:\/\/www.datesprocessing.com\/fr\/wp-json\/wp\/v2\/comments?post=963"}],"version-history":[{"count":7,"href":"https:\/\/www.datesprocessing.com\/fr\/wp-json\/wp\/v2\/product\/963\/revisions"}],"predecessor-version":[{"id":2047,"href":"https:\/\/www.datesprocessing.com\/fr\/wp-json\/wp\/v2\/product\/963\/revisions\/2047"}],"wp:featuredmedia":[{"embeddable":true,"href":"https:\/\/www.datesprocessing.com\/fr\/wp-json\/wp\/v2\/media\/1874"}],"wp:attachment":[{"href":"https:\/\/www.datesprocessing.com\/fr\/wp-json\/wp\/v2\/media?parent=963"}],"wp:term":[{"taxonomy":"product_cat","embeddable":true,"href":"https:\/\/www.datesprocessing.com\/fr\/wp-json\/wp\/v2\/product_cat?post=963"},{"taxonomy":"product_tag","embeddable":true,"href":"https:\/\/www.datesprocessing.com\/fr\/wp-json\/wp\/v2\/product_tag?post=963"}],"curies":[{"name":"wp","href":"https:\/\/api.w.org\/{rel}","templated":true}]}}