{"id":946,"date":"2022-02-24T11:59:50","date_gmt":"2022-02-24T03:59:50","guid":{"rendered":"https:\/\/www.datesprocessing.com\/?post_type=product&#038;p=946"},"modified":"2026-02-07T13:51:35","modified_gmt":"2026-02-07T05:51:35","slug":"dates-pitting-machine","status":"publish","type":"product","link":"https:\/\/www.datesprocessing.com\/fr\/product\/dates-pitting-machine\/","title":{"rendered":"Fabricant de machines industrielles \u00e0 d\u00e9noyauter les dattes"},"content":{"rendered":"<h2>Description de la machine \u00e0 piquer les dattes<\/h2>\n<p>La machine \u00e0 d\u00e9noyauter les dattes est un \u00e9quipement n\u00e9cessaire pour la transformation profonde des dattes. Que le d\u00e9noyeur de dattes soit utilis\u00e9 pour le traitement de la p\u00e2te de dattes, du lait de dattes, des dattes hach\u00e9es, des dattes en conserve, etc., le d\u00e9noyeur de dattes est indispensable pour retirer le noyau de la datte avant de poursuivre le traitement. Il est fabriqu\u00e9 en acier inoxydable, ce qui garantit une longue dur\u00e9e de vie et est facile \u00e0 nettoyer et \u00e0 entretenir. L'\u00e9quipement de d\u00e9noyautage des dattes peut \u00e9galement \u00eatre personnalis\u00e9 en fonction du d\u00e9bit de traitement des dattes, si vous en avez besoin, veuillez nous contacter.<\/p>\n<h2>Caract\u00e9ristiques du Machine \u00e0 d\u00e9noyauter les dattes<\/h2>\n<p>La machine est fabriqu\u00e9e en acier inoxydable, qui est sans plomb et non toxique, et ne contaminera pas les dattes.<\/p>\n<p>2. Lorsque l'on retire le noyau, cela n'affectera ni l'apparence de la datte, ni sa couleur.<\/p>\n<p>3. Petite taille, facile \u00e0 d\u00e9placer et \u00e0 utiliser.<\/p>\n<p>4. La piqueuse de dattes a une large gamme de piquage et peut piquer une vari\u00e9t\u00e9 de dattes diff\u00e9rentes.<\/p>\n<p>5. Le rendement peut \u00eatre personnalis\u00e9 en fonction de la demande de rendement de la transformation du palmier dattier.<\/p>\n<p><img loading=\"lazy\" decoding=\"async\" class=\"alignnone size-full wp-image-1871\" src=\"https:\/\/www.datesprocessing.com\/wp-content\/uploads\/2022\/02\/dates-pitting-machine.jpg\" alt=\"dates-machine \u00e0 piquer\" width=\"630\" height=\"400\" srcset=\"https:\/\/www.datesprocessing.com\/wp-content\/uploads\/2022\/02\/dates-pitting-machine.jpg 630w, https:\/\/www.datesprocessing.com\/wp-content\/uploads\/2022\/02\/dates-pitting-machine-300x190.jpg 300w, https:\/\/www.datesprocessing.com\/wp-content\/uploads\/2022\/02\/dates-pitting-machine-600x381.jpg 600w\" sizes=\"auto, (max-width: 630px) 100vw, 630px\" \/><\/p>\n<p><img loading=\"lazy\" decoding=\"async\" class=\"alignnone size-full wp-image-1949\" src=\"https:\/\/www.datesprocessing.com\/wp-content\/uploads\/2022\/02\/dates-pitting-machine-price.jpg\" alt=\"dates-pitting-machine-prix\" width=\"630\" height=\"400\" srcset=\"https:\/\/www.datesprocessing.com\/wp-content\/uploads\/2022\/02\/dates-pitting-machine-price.jpg 630w, https:\/\/www.datesprocessing.com\/wp-content\/uploads\/2022\/02\/dates-pitting-machine-price-300x190.jpg 300w, https:\/\/www.datesprocessing.com\/wp-content\/uploads\/2022\/02\/dates-pitting-machine-price-18x12.jpg 18w, https:\/\/www.datesprocessing.com\/wp-content\/uploads\/2022\/02\/dates-pitting-machine-price-600x381.jpg 600w\" sizes=\"auto, (max-width: 630px) 100vw, 630px\" \/><\/p>\n<p>&nbsp;<\/p>\n<h2>Avantages de la machine \u00e0 d\u00e9noyauter les dattes<\/h2>\n<p>1. Le taux de piq\u00fbres et de piq\u00fbres r\u00e9siduelles est tr\u00e8s faible et la forme du jujube apr\u00e8s piq\u00fbre n'est pas facile \u00e0 d\u00e9former.<\/p>\n<p>2. L'alimentation \u00e9lectrique peut permettre d'\u00e9conomiser de l'\u00e9nergie et de prot\u00e9ger l'environnement.<\/p>\n<p>3. La machine \u00e0 d\u00e9noyauter les dattes peut \u00eatre utilis\u00e9e \u00e0 deux fins.<\/p>\n<p>4. Peut ajuster le moule en fonction de la taille du mat\u00e9riau.<\/p>\n<p>5. Il peut fonctionner sur une machine autonome ou avec une ligne de production.<\/p>\n<h2>Vid\u00e9o sur le fonctionnement de la machine \u00e0 d\u00e9noyauter les dattes<\/h2>\n<p><iframe loading=\"lazy\" title=\"Machine \u00e0 piquer les nouvelles dattes Fabricant de machines # Machine # \u00e9quipement de traitement\" src=\"https:\/\/www.youtube.com\/embed\/Q2huHn0edI0\" width=\"630\" height=\"400\" frameborder=\"0\" allowfullscreen=\"allowfullscreen\"><\/iframe><\/p>\n<h2>Pr\u00e9cautions \u00e0 prendre pour la machine \u00e0 d\u00e9noyauter les dattes<\/h2>\n<p>Choisissez le mod\u00e8le appropri\u00e9 en fonction de la taille du produit. G\u00e9n\u00e9ralement, la gamme de mat\u00e9riaux adapt\u00e9s \u00e0 une cha\u00eene de moule d'un mod\u00e8le est que les mat\u00e9riaux pr\u00e9sentant une diff\u00e9rence de taille de 5 mm de diam\u00e8tre peuvent \u00eatre utilis\u00e9s. Si le d\u00e9noyauteur de dattes est hors de port\u00e9e, la cha\u00eene de moule doit \u00eatre remplac\u00e9e. Plus le mat\u00e9riau est proche du moule de la cha\u00eene, plus l'effet de traitement sera beau.<\/p>\n<h2>Param\u00e8tres de la machine \u00e0 d\u00e9noyauter les dattes<\/h2>\n<table>\n<tbody>\n<tr>\n<td width=\"80\">nom<\/td>\n<td width=\"80\">mod\u00e8le<\/td>\n<td width=\"86\">Sp\u00e9cifications<\/td>\n<td width=\"79\">pouvoir<\/td>\n<td width=\"80\">Tension<\/td>\n<td width=\"80\">sortie<\/td>\n<td width=\"80\">poids<\/td>\n<\/tr>\n<tr>\n<td width=\"80\">machine \u00e0 piquer les dattes<\/p>\n<p>&nbsp;<\/td>\n<td width=\"80\">GG-YZQH-17<\/td>\n<td width=\"86\">640\u00d7640\u00d71350mm<\/td>\n<td width=\"79\">1,5KW<\/td>\n<td width=\"80\">220V<\/td>\n<td width=\"80\">100kg\/h<\/td>\n<td width=\"80\">400 kg<\/td>\n<\/tr>\n<\/tbody>\n<\/table>\n<p>Nous sommes un fabricant et fournisseur de machines \u00e0 piquer les dattes. Si vous \u00eates int\u00e9ress\u00e9, veuillez nous contacter et nous vous fournirons des informations sp\u00e9cifiques et des devis pour ces machines.<\/p>\n<hr \/>\n<h3 style=\"text-align: center;\">-Laissez un message pour une citation<\/h3>\n\n<div class=\"wpcf7 no-js\" id=\"wpcf7-f12-o1\" lang=\"en-US\" dir=\"ltr\">\n<div class=\"screen-reader-response\"><p role=\"status\" aria-live=\"polite\" aria-atomic=\"true\"><\/p> <ul><\/ul><\/div>\n<form action=\"\/fr\/wp-json\/wp\/v2\/product\/946#wpcf7-f12-o1\" method=\"post\" class=\"wpcf7-form init\" aria-label=\"Formulaire de contact\" novalidate=\"novalidate\" data-status=\"init\" data-trp-original-action=\"\/fr\/wp-json\/wp\/v2\/product\/946#wpcf7-f12-o1\">\n<div style=\"display: none;\">\n<input type=\"hidden\" name=\"_wpcf7\" value=\"12\" \/>\n<input type=\"hidden\" name=\"_wpcf7_version\" value=\"5.7.6\" \/>\n<input type=\"hidden\" name=\"_wpcf7_locale\" value=\"en_US\" \/>\n<input type=\"hidden\" name=\"_wpcf7_unit_tag\" value=\"wpcf7-f12-o1\" \/>\n<input type=\"hidden\" name=\"_wpcf7_container_post\" value=\"0\" \/>\n<input type=\"hidden\" name=\"_wpcf7_posted_data_hash\" value=\"\" \/>\n<\/div>\n<div class='proformleft'>\n\t<p><label> Votre nom<br \/>\n<span class=\"wpcf7-form-control-wrap\" data-name=\"your-name\"><input size=\"40\" class=\"wpcf7-form-control wpcf7-text\" aria-invalid=\"false\" value=\"\" type=\"text\" name=\"your-name\" \/><\/span> <\/label>\n\t<\/p>\n\t<p><label> *Votre Email<br \/>\n<span class=\"wpcf7-form-control-wrap\" data-name=\"your-email\"><input size=\"40\" class=\"wpcf7-form-control wpcf7-text wpcf7-email wpcf7-validates-as-required wpcf7-validates-as-email\" aria-required=\"true\" aria-invalid=\"false\" value=\"\" type=\"email\" name=\"your-email\" \/><\/span> <\/label>\n\t<\/p>\n\t<p><label> *Votre t\u00e9l\u00e9phone<br \/>\n<span class=\"wpcf7-form-control-wrap\" data-name=\"tel-173\"><input size=\"40\" class=\"wpcf7-form-control wpcf7-text wpcf7-tel wpcf7-validates-as-required wpcf7-validates-as-tel\" aria-required=\"true\" aria-invalid=\"false\" value=\"\" type=\"tel\" name=\"tel-173\" \/><\/span> <\/label>\n\t<\/p>\n\t<p><label> Votre pays<br \/>\n<span class=\"wpcf7-form-control-wrap\" data-name=\"your-country\"><input size=\"40\" class=\"wpcf7-form-control wpcf7-text\" aria-invalid=\"false\" value=\"\" type=\"text\" name=\"your-country\" \/><\/span> <\/label>\n\t<\/p>\n<\/div>\n<div class='proformright'>\n\t<p><label> *Votre message<br \/>\n<span class=\"wpcf7-form-control-wrap\" data-name=\"your-message\"><textarea cols=\"40\" rows=\"10\" class=\"wpcf7-form-control wpcf7-textarea wpcf7-validates-as-required\" aria-required=\"true\" aria-invalid=\"false\" name=\"your-message\"><\/textarea><\/span> <\/label>\n\t<\/p>\n\t<p><input class=\"wpcf7-form-control has-spinner wpcf7-submit\" type=\"submit\" value=\"Envoyer\" \/>\n\t<\/p>\n<\/div>\n<div style='clear:both'>\n<\/div><p style=\"display: none !important;\"><label>&#916;<textarea name=\"_wpcf7_ak_hp_textarea\" cols=\"45\" rows=\"8\" maxlength=\"100\"><\/textarea><\/label><input type=\"hidden\" id=\"ak_js\" name=\"_wpcf7_ak_js\" value=\"154\"\/><script>document.getElementById( \"ak_js\" ).setAttribute( \"value\", ( new Date() ).getTime() );<\/script><\/p><div class=\"wpcf7-response-output\" aria-hidden=\"true\"><\/div>\n<input type=\"hidden\" name=\"trp-form-language\" value=\"fr\"\/><\/form>\n<\/div>\n\n<div style='text-align:left' class='yasr-auto-insert-visitor'><\/div>","protected":false},"excerpt":{"rendered":"<p>\u00c9conomie de temps et de main-d'\u0153uvre ; grande efficacit\u00e9 du d\u00e9piquage ; aucun dommage pour les palmiers dattiers.<\/p>","protected":false},"featured_media":1879,"comment_status":"open","ping_status":"closed","template":"","meta":{"site-sidebar-layout":"default","site-content-layout":"default","ast-main-header-display":"","ast-hfb-above-header-display":"","ast-hfb-below-header-display":"","ast-hfb-mobile-header-display":"","site-post-title":"","ast-breadcrumbs-content":"","ast-featured-img":"","footer-sml-layout":"","theme-transparent-header-meta":"","adv-header-id-meta":"","stick-header-meta":"","header-above-stick-meta":"","header-main-stick-meta":"","header-below-stick-meta":"","yasr_overall_rating":4.9,"yasr_post_is_review":"","yasr_auto_insert_disabled":"","yasr_review_type":""},"product_cat":[15],"product_tag":[],"class_list":["post-946","product","type-product","status-publish","has-post-thumbnail","hentry","product_cat-products"],"yoast_head":"<!-- This site is optimized with the Yoast SEO plugin v23.2 - https:\/\/yoast.com\/wordpress\/plugins\/seo\/ -->\n<title>Industrial Dates Pitting Machine Manufacturer<\/title>\n<meta name=\"description\" content=\"The dates pitting machine is to quickly remove the core in the date palm, saving time and effort, and improving the processing efficiency.\" \/>\n<meta name=\"robots\" content=\"index, follow, max-snippet:-1, max-image-preview:large, max-video-preview:-1\" \/>\n<link rel=\"canonical\" href=\"https:\/\/www.datesprocessing.com\/fr\/product\/dates-pitting-machine\/\" \/>\n<meta property=\"og:locale\" content=\"fr_FR\" \/>\n<meta property=\"og:type\" content=\"article\" \/>\n<meta property=\"og:title\" content=\"Industrial Dates Pitting Machine Manufacturer\" \/>\n<meta property=\"og:description\" content=\"The dates pitting machine is to quickly remove the core in the date palm, saving time and effort, and improving the processing efficiency.\" \/>\n<meta property=\"og:url\" content=\"https:\/\/www.datesprocessing.com\/fr\/product\/dates-pitting-machine\/\" \/>\n<meta property=\"og:site_name\" content=\"datesprocessing\" \/>\n<meta property=\"article:modified_time\" content=\"2026-02-07T05:51:35+00:00\" \/>\n<meta property=\"og:image\" content=\"https:\/\/www.datesprocessing.com\/wp-content\/uploads\/2022\/02\/dates-seeds-removing-machine.png\" \/>\n\t<meta property=\"og:image:width\" content=\"500\" \/>\n\t<meta property=\"og:image:height\" content=\"500\" \/>\n\t<meta property=\"og:image:type\" content=\"image\/png\" \/>\n<meta name=\"twitter:card\" content=\"summary_large_image\" \/>\n<meta name=\"twitter:label1\" content=\"Dur\u00e9e de lecture estim\u00e9e\" \/>\n\t<meta name=\"twitter:data1\" content=\"3 minutes\" \/>\n<script type=\"application\/ld+json\" class=\"yoast-schema-graph\">{\"@context\":\"https:\/\/schema.org\",\"@graph\":[{\"@type\":\"WebPage\",\"@id\":\"https:\/\/www.datesprocessing.com\/product\/dates-pitting-machine\/\",\"url\":\"https:\/\/www.datesprocessing.com\/product\/dates-pitting-machine\/\",\"name\":\"Industrial Dates Pitting Machine Manufacturer\",\"isPartOf\":{\"@id\":\"https:\/\/www.datesprocessing.com\/#website\"},\"primaryImageOfPage\":{\"@id\":\"https:\/\/www.datesprocessing.com\/product\/dates-pitting-machine\/#primaryimage\"},\"image\":{\"@id\":\"https:\/\/www.datesprocessing.com\/product\/dates-pitting-machine\/#primaryimage\"},\"thumbnailUrl\":\"https:\/\/www.datesprocessing.com\/wp-content\/uploads\/2022\/02\/dates-seeds-removing-machine.png\",\"datePublished\":\"2022-02-24T03:59:50+00:00\",\"dateModified\":\"2026-02-07T05:51:35+00:00\",\"description\":\"The dates pitting machine is to quickly remove the core in the date palm, saving time and effort, and improving the processing efficiency.\",\"breadcrumb\":{\"@id\":\"https:\/\/www.datesprocessing.com\/product\/dates-pitting-machine\/#breadcrumb\"},\"inLanguage\":\"fr-FR\",\"potentialAction\":[{\"@type\":\"ReadAction\",\"target\":[\"https:\/\/www.datesprocessing.com\/product\/dates-pitting-machine\/\"]}]},{\"@type\":\"ImageObject\",\"inLanguage\":\"fr-FR\",\"@id\":\"https:\/\/www.datesprocessing.com\/product\/dates-pitting-machine\/#primaryimage\",\"url\":\"https:\/\/www.datesprocessing.com\/wp-content\/uploads\/2022\/02\/dates-seeds-removing-machine.png\",\"contentUrl\":\"https:\/\/www.datesprocessing.com\/wp-content\/uploads\/2022\/02\/dates-seeds-removing-machine.png\",\"width\":500,\"height\":500,\"caption\":\"dates-seeds-removing-machine\"},{\"@type\":\"BreadcrumbList\",\"@id\":\"https:\/\/www.datesprocessing.com\/product\/dates-pitting-machine\/#breadcrumb\",\"itemListElement\":[{\"@type\":\"ListItem\",\"position\":1,\"name\":\"Home\",\"item\":\"https:\/\/www.datesprocessing.com\/\"},{\"@type\":\"ListItem\",\"position\":2,\"name\":\"Products\",\"item\":\"https:\/\/www.datesprocessing.com\/products\/\"},{\"@type\":\"ListItem\",\"position\":3,\"name\":\"Industrial Dates Pitting Machine Manufacturer\"}]},{\"@type\":\"WebSite\",\"@id\":\"https:\/\/www.datesprocessing.com\/#website\",\"url\":\"https:\/\/www.datesprocessing.com\/\",\"name\":\"datesprocessing\",\"description\":\"\",\"publisher\":{\"@id\":\"https:\/\/www.datesprocessing.com\/#organization\"},\"potentialAction\":[{\"@type\":\"SearchAction\",\"target\":{\"@type\":\"EntryPoint\",\"urlTemplate\":\"https:\/\/www.datesprocessing.com\/?s={search_term_string}\"},\"query-input\":\"required name=search_term_string\"}],\"inLanguage\":\"fr-FR\"},{\"@type\":\"Organization\",\"@id\":\"https:\/\/www.datesprocessing.com\/#organization\",\"name\":\"datesprocessing\",\"url\":\"https:\/\/www.datesprocessing.com\/\",\"logo\":{\"@type\":\"ImageObject\",\"inLanguage\":\"fr-FR\",\"@id\":\"https:\/\/www.datesprocessing.com\/#\/schema\/logo\/image\/\",\"url\":\"https:\/\/www.datesprocessing.com\/wp-content\/uploads\/2022\/02\/cropped-cropped-5-1.png\",\"contentUrl\":\"https:\/\/www.datesprocessing.com\/wp-content\/uploads\/2022\/02\/cropped-cropped-5-1.png\",\"width\":365,\"height\":284,\"caption\":\"datesprocessing\"},\"image\":{\"@id\":\"https:\/\/www.datesprocessing.com\/#\/schema\/logo\/image\/\"}},false]}<\/script>\n<!-- \/ Yoast SEO plugin. -->","yoast_head_json":{"title":"Industrial Dates Pitting Machine Manufacturer","description":"The dates pitting machine is to quickly remove the core in the date palm, saving time and effort, and improving the processing efficiency.","robots":{"index":"index","follow":"follow","max-snippet":"max-snippet:-1","max-image-preview":"max-image-preview:large","max-video-preview":"max-video-preview:-1"},"canonical":"https:\/\/www.datesprocessing.com\/fr\/product\/dates-pitting-machine\/","og_locale":"fr_FR","og_type":"article","og_title":"Industrial Dates Pitting Machine Manufacturer","og_description":"The dates pitting machine is to quickly remove the core in the date palm, saving time and effort, and improving the processing efficiency.","og_url":"https:\/\/www.datesprocessing.com\/fr\/product\/dates-pitting-machine\/","og_site_name":"datesprocessing","article_modified_time":"2026-02-07T05:51:35+00:00","og_image":[{"width":500,"height":500,"url":"https:\/\/www.datesprocessing.com\/wp-content\/uploads\/2022\/02\/dates-seeds-removing-machine.png","type":"image\/png"}],"twitter_card":"summary_large_image","twitter_misc":{"Dur\u00e9e de lecture estim\u00e9e":"3 minutes"},"schema":{"@context":"https:\/\/schema.org","@graph":[{"@type":"WebPage","@id":"https:\/\/www.datesprocessing.com\/product\/dates-pitting-machine\/","url":"https:\/\/www.datesprocessing.com\/product\/dates-pitting-machine\/","name":"Industrial Dates Pitting Machine Manufacturer","isPartOf":{"@id":"https:\/\/www.datesprocessing.com\/#website"},"primaryImageOfPage":{"@id":"https:\/\/www.datesprocessing.com\/product\/dates-pitting-machine\/#primaryimage"},"image":{"@id":"https:\/\/www.datesprocessing.com\/product\/dates-pitting-machine\/#primaryimage"},"thumbnailUrl":"https:\/\/www.datesprocessing.com\/wp-content\/uploads\/2022\/02\/dates-seeds-removing-machine.png","datePublished":"2022-02-24T03:59:50+00:00","dateModified":"2026-02-07T05:51:35+00:00","description":"The dates pitting machine is to quickly remove the core in the date palm, saving time and effort, and improving the processing efficiency.","breadcrumb":{"@id":"https:\/\/www.datesprocessing.com\/product\/dates-pitting-machine\/#breadcrumb"},"inLanguage":"fr-FR","potentialAction":[{"@type":"ReadAction","target":["https:\/\/www.datesprocessing.com\/product\/dates-pitting-machine\/"]}]},{"@type":"ImageObject","inLanguage":"fr-FR","@id":"https:\/\/www.datesprocessing.com\/product\/dates-pitting-machine\/#primaryimage","url":"https:\/\/www.datesprocessing.com\/wp-content\/uploads\/2022\/02\/dates-seeds-removing-machine.png","contentUrl":"https:\/\/www.datesprocessing.com\/wp-content\/uploads\/2022\/02\/dates-seeds-removing-machine.png","width":500,"height":500,"caption":"dates-seeds-removing-machine"},{"@type":"BreadcrumbList","@id":"https:\/\/www.datesprocessing.com\/product\/dates-pitting-machine\/#breadcrumb","itemListElement":[{"@type":"ListItem","position":1,"name":"Home","item":"https:\/\/www.datesprocessing.com\/"},{"@type":"ListItem","position":2,"name":"Products","item":"https:\/\/www.datesprocessing.com\/products\/"},{"@type":"ListItem","position":3,"name":"Industrial Dates Pitting Machine Manufacturer"}]},{"@type":"WebSite","@id":"https:\/\/www.datesprocessing.com\/#website","url":"https:\/\/www.datesprocessing.com\/","name":"datesprocessing","description":"","publisher":{"@id":"https:\/\/www.datesprocessing.com\/#organization"},"potentialAction":[{"@type":"SearchAction","target":{"@type":"EntryPoint","urlTemplate":"https:\/\/www.datesprocessing.com\/?s={search_term_string}"},"query-input":"required name=search_term_string"}],"inLanguage":"fr-FR"},{"@type":"Organization","@id":"https:\/\/www.datesprocessing.com\/#organization","name":"datesprocessing","url":"https:\/\/www.datesprocessing.com\/","logo":{"@type":"ImageObject","inLanguage":"fr-FR","@id":"https:\/\/www.datesprocessing.com\/#\/schema\/logo\/image\/","url":"https:\/\/www.datesprocessing.com\/wp-content\/uploads\/2022\/02\/cropped-cropped-5-1.png","contentUrl":"https:\/\/www.datesprocessing.com\/wp-content\/uploads\/2022\/02\/cropped-cropped-5-1.png","width":365,"height":284,"caption":"datesprocessing"},"image":{"@id":"https:\/\/www.datesprocessing.com\/#\/schema\/logo\/image\/"}},false]}},"yasr_visitor_votes":{"stars_attributes":{"read_only":false,"span_bottom":false},"number_of_votes":1,"sum_votes":5},"_links":{"self":[{"href":"https:\/\/www.datesprocessing.com\/fr\/wp-json\/wp\/v2\/product\/946","targetHints":{"allow":["GET"]}}],"collection":[{"href":"https:\/\/www.datesprocessing.com\/fr\/wp-json\/wp\/v2\/product"}],"about":[{"href":"https:\/\/www.datesprocessing.com\/fr\/wp-json\/wp\/v2\/types\/product"}],"replies":[{"embeddable":true,"href":"https:\/\/www.datesprocessing.com\/fr\/wp-json\/wp\/v2\/comments?post=946"}],"version-history":[{"count":11,"href":"https:\/\/www.datesprocessing.com\/fr\/wp-json\/wp\/v2\/product\/946\/revisions"}],"predecessor-version":[{"id":2048,"href":"https:\/\/www.datesprocessing.com\/fr\/wp-json\/wp\/v2\/product\/946\/revisions\/2048"}],"wp:featuredmedia":[{"embeddable":true,"href":"https:\/\/www.datesprocessing.com\/fr\/wp-json\/wp\/v2\/media\/1879"}],"wp:attachment":[{"href":"https:\/\/www.datesprocessing.com\/fr\/wp-json\/wp\/v2\/media?parent=946"}],"wp:term":[{"taxonomy":"product_cat","embeddable":true,"href":"https:\/\/www.datesprocessing.com\/fr\/wp-json\/wp\/v2\/product_cat?post=946"},{"taxonomy":"product_tag","embeddable":true,"href":"https:\/\/www.datesprocessing.com\/fr\/wp-json\/wp\/v2\/product_tag?post=946"}],"curies":[{"name":"wp","href":"https:\/\/api.w.org\/{rel}","templated":true}]}}