{"id":936,"date":"2022-02-21T18:10:24","date_gmt":"2022-02-21T10:10:24","guid":{"rendered":"https:\/\/www.datesprocessing.com\/?post_type=product&#038;p=936"},"modified":"2025-09-16T15:24:20","modified_gmt":"2025-09-16T07:24:20","slug":"dates-slicing-machine","status":"publish","type":"product","link":"https:\/\/www.datesprocessing.com\/fr\/product\/dates-slicing-machine\/","title":{"rendered":"Machine \u00e0 trancher les dattes en cercle et machine \u00e0 trancher les dattes"},"content":{"rendered":"<h2>Introduction de la machine \u00e0 trancher les dattes<\/h2>\n<p>La machine \u00e0 trancher les dattes est une machine \u00e0 couper les l\u00e9gumes polyvalente, qui peut couper une vari\u00e9t\u00e9 de mat\u00e9riaux. Elle peut \u00e9galement d\u00e9couper des losanges, des courbes et d'autres formes. La machine \u00e0 couper les dattes est facile \u00e0 utiliser, facile \u00e0 entretenir et a une grande capacit\u00e9 d'adaptation. La machine \u00e0 couper les dattes est un \u00e9quipement de traitement des l\u00e9gumes id\u00e9al.<\/p>\n<h2>Caract\u00e9ristiques de la machine \u00e0 trancher les dattes<\/h2>\n<p>1. la machine \u00e0 trancher les dattes est de petite taille, occupe un espace r\u00e9duit et peut \u00eatre d\u00e9plac\u00e9e \u00e0 tout moment.<\/p>\n<p>2) Fabriqu\u00e9e en acier inoxydable, la machine \u00e0 trancher les dattes a une longue dur\u00e9e de vie et ne rouille pas facilement.<\/p>\n<p>3. la longueur de coupe peut \u00eatre ajust\u00e9e en fonction des besoins de la machine \u00e0 trancher les dattes.<\/p>\n<p>4. large gamme d'applications, permet de couper une grande vari\u00e9t\u00e9 de fruits et de l\u00e9gumes.<\/p>\n<p>5. la hauteur de levage du porte-couteau peut \u00eatre ma\u00eetris\u00e9e en fonction des l\u00e9gumes \u00e0 couper.<\/p>\n<p><img loading=\"lazy\" decoding=\"async\" class=\"alignnone size-full wp-image-937\" src=\"http:\/\/www.datesprocessing.com\/wp-content\/uploads\/2022\/02\/42.png\" alt=\"machine \u00e0 trancher les dattes\" width=\"1000\" height=\"600\" srcset=\"https:\/\/www.datesprocessing.com\/wp-content\/uploads\/2022\/02\/42.png 1000w, https:\/\/www.datesprocessing.com\/wp-content\/uploads\/2022\/02\/42-300x180.png 300w, https:\/\/www.datesprocessing.com\/wp-content\/uploads\/2022\/02\/42-768x461.png 768w, https:\/\/www.datesprocessing.com\/wp-content\/uploads\/2022\/02\/42-600x360.png 600w\" sizes=\"auto, (max-width: 1000px) 100vw, 1000px\" \/><\/p>\n<h2>Avantages de la machine \u00e0 trancher les dattes<\/h2>\n<p>1. l'aspect est compact, la structure est simple et le fonctionnement est pratique.<\/p>\n<p>2.La machine \u00e0 trancher les dattes peut \u00eatre coup\u00e9e rapidement \u00e0 la place du travail manuel, ce qui permet d'\u00e9conomiser du temps et des efforts.<\/p>\n<p>3. la machine \u00e0 trancher les dattes est facile \u00e0 entretenir et a une grande capacit\u00e9 d'adaptation.<\/p>\n<p>4. la machine \u00e0 trancher les dattes peut \u00eatre utilis\u00e9e dans diverses situations, telles que les \u00e9coles, les restaurants, les usines de transformation des aliments, les h\u00f4tels, etc.<\/p>\n<p>5. des services personnalis\u00e9s peuvent \u00eatre fournis en fonction de la demande de production.<\/p>\n<div class=\"ast-oembed-container\"><iframe loading=\"lazy\" title=\"Date Palm\uff0cDate\uff0cMedjool Dates Chopping Cutting Shredding Machine\" width=\"500\" height=\"281\" src=\"https:\/\/www.youtube.com\/embed\/umzJ30WB7j0?feature=oembed\" frameborder=\"0\" allow=\"accelerometer; autoplay; clipboard-write; encrypted-media; gyroscope; picture-in-picture; web-share\" referrerpolicy=\"strict-origin-when-cross-origin\" allowfullscreen><\/iframe><\/div>\n<h2>Principe de fonctionnement de la machine \u00e0 trancher les dattes<\/h2>\n<p>La machine \u00e0 couper les dattes est principalement compos\u00e9e d'un cadre, d'une bande transporteuse, d'une bande de pressage des l\u00e9gumes et d'un m\u00e9canisme de r\u00e9gulation de la vitesse de la roue de la tour. La longueur de coupe du palmier-dattier peut \u00eatre r\u00e9gl\u00e9e arbitrairement dans une certaine plage gr\u00e2ce \u00e0 la \"roue excentrique r\u00e9glable\". Comme le couteau vertical simule le principe de la coupe manuelle des dattes, le syst\u00e8me de courroie de pressage est transform\u00e9 en une structure \u00e0 portique. Par cons\u00e9quent, la taille de la mati\u00e8re coup\u00e9e est plus pr\u00e9cise et les r\u00e9sidus restants sont moins nombreux. La surface trait\u00e9e des dattes coup\u00e9es est lisse et r\u00e9guli\u00e8re, et les dattes coup\u00e9es sont bien organis\u00e9es et conservent leur fra\u00eecheur.<\/p>\n<h2>Param\u00e8tres de la machine \u00e0 couper les palmiers dattiers<\/h2>\n<table>\n<tbody>\n<tr>\n<td width=\"48\">Nom<\/td>\n<td width=\"87\">capacit\u00e9<\/td>\n<td width=\"57\">Moteur \u00e9lectrique<\/td>\n<td width=\"114\">transporteur<\/td>\n<td width=\"114\">Dimensions<\/td>\n<td width=\"83\">Nombre de couteaux verticaux<\/td>\n<td width=\"78\">Longueur de coupe<\/td>\n<\/tr>\n<tr>\n<td width=\"48\">JL660<\/td>\n<td width=\"87\">100-600kg\/h<\/td>\n<td width=\"57\">0,75kW<\/td>\n<td width=\"114\">217mmx1195mm<\/td>\n<td width=\"114\">900X430X880mm<\/td>\n<td width=\"83\">330\/600min<\/td>\n<td width=\"78\">1-25mm<\/td>\n<\/tr>\n<\/tbody>\n<\/table>\n<p>Nous sommes un fabricant de trancheuses de dattes, sp\u00e9cialis\u00e9 dans la production de trancheuses de dattes depuis plus de dix ans. Si vous avez besoin d'une machine \u00e0 trancher les dattes, n'h\u00e9sitez pas \u00e0 nous contacter.<\/p>\n<hr \/>\n<h3 style=\"text-align: center;\">-Laissez un message pour une citation<\/h3>\n\n<div class=\"wpcf7 no-js\" id=\"wpcf7-f12-o1\" lang=\"en-US\" dir=\"ltr\">\n<div class=\"screen-reader-response\"><p role=\"status\" aria-live=\"polite\" aria-atomic=\"true\"><\/p> <ul><\/ul><\/div>\n<form action=\"\/fr\/wp-json\/wp\/v2\/product\/936#wpcf7-f12-o1\" method=\"post\" class=\"wpcf7-form init\" aria-label=\"Formulaire de contact\" novalidate=\"novalidate\" data-status=\"init\" data-trp-original-action=\"\/fr\/wp-json\/wp\/v2\/product\/936#wpcf7-f12-o1\">\n<div style=\"display: none;\">\n<input type=\"hidden\" name=\"_wpcf7\" value=\"12\" \/>\n<input type=\"hidden\" name=\"_wpcf7_version\" value=\"5.7.6\" \/>\n<input type=\"hidden\" name=\"_wpcf7_locale\" value=\"en_US\" \/>\n<input type=\"hidden\" name=\"_wpcf7_unit_tag\" value=\"wpcf7-f12-o1\" \/>\n<input type=\"hidden\" name=\"_wpcf7_container_post\" value=\"0\" \/>\n<input type=\"hidden\" name=\"_wpcf7_posted_data_hash\" value=\"\" \/>\n<\/div>\n<div class='proformleft'>\n\t<p><label> Votre nom<br \/>\n<span class=\"wpcf7-form-control-wrap\" data-name=\"your-name\"><input size=\"40\" class=\"wpcf7-form-control wpcf7-text\" aria-invalid=\"false\" value=\"\" type=\"text\" name=\"your-name\" \/><\/span> <\/label>\n\t<\/p>\n\t<p><label> *Votre Email<br \/>\n<span class=\"wpcf7-form-control-wrap\" data-name=\"your-email\"><input size=\"40\" class=\"wpcf7-form-control wpcf7-text wpcf7-email wpcf7-validates-as-required wpcf7-validates-as-email\" aria-required=\"true\" aria-invalid=\"false\" value=\"\" type=\"email\" name=\"your-email\" \/><\/span> <\/label>\n\t<\/p>\n\t<p><label> *Votre t\u00e9l\u00e9phone<br \/>\n<span class=\"wpcf7-form-control-wrap\" data-name=\"tel-173\"><input size=\"40\" class=\"wpcf7-form-control wpcf7-text wpcf7-tel wpcf7-validates-as-required wpcf7-validates-as-tel\" aria-required=\"true\" aria-invalid=\"false\" value=\"\" type=\"tel\" name=\"tel-173\" \/><\/span> <\/label>\n\t<\/p>\n\t<p><label> Votre pays<br \/>\n<span class=\"wpcf7-form-control-wrap\" data-name=\"your-country\"><input size=\"40\" class=\"wpcf7-form-control wpcf7-text\" aria-invalid=\"false\" value=\"\" type=\"text\" name=\"your-country\" \/><\/span> <\/label>\n\t<\/p>\n<\/div>\n<div class='proformright'>\n\t<p><label> *Votre message<br \/>\n<span class=\"wpcf7-form-control-wrap\" data-name=\"your-message\"><textarea cols=\"40\" rows=\"10\" class=\"wpcf7-form-control wpcf7-textarea wpcf7-validates-as-required\" aria-required=\"true\" aria-invalid=\"false\" name=\"your-message\"><\/textarea><\/span> <\/label>\n\t<\/p>\n\t<p><input class=\"wpcf7-form-control has-spinner wpcf7-submit\" type=\"submit\" value=\"Envoyer\" \/>\n\t<\/p>\n<\/div>\n<div style='clear:both'>\n<\/div><p style=\"display: none !important;\"><label>&#916;<textarea name=\"_wpcf7_ak_hp_textarea\" cols=\"45\" rows=\"8\" maxlength=\"100\"><\/textarea><\/label><input type=\"hidden\" id=\"ak_js\" name=\"_wpcf7_ak_js\" value=\"209\"\/><script>document.getElementById( \"ak_js\" ).setAttribute( \"value\", ( new Date() ).getTime() );<\/script><\/p><div class=\"wpcf7-response-output\" aria-hidden=\"true\"><\/div>\n<input type=\"hidden\" name=\"trp-form-language\" value=\"fr\"\/><\/form>\n<\/div>\n\n<div style='text-align:left' class='yasr-auto-insert-visitor'><\/div>","protected":false},"excerpt":{"rendered":"<p>Mat\u00e9riau en acier inoxydable ; facile \u00e0 d\u00e9placer ; facile \u00e0 utiliser.<\/p>","protected":false},"featured_media":938,"comment_status":"open","ping_status":"closed","template":"","meta":{"site-sidebar-layout":"default","site-content-layout":"default","ast-main-header-display":"","ast-hfb-above-header-display":"","ast-hfb-below-header-display":"","ast-hfb-mobile-header-display":"","site-post-title":"","ast-breadcrumbs-content":"","ast-featured-img":"","footer-sml-layout":"","theme-transparent-header-meta":"","adv-header-id-meta":"","stick-header-meta":"","header-above-stick-meta":"","header-main-stick-meta":"","header-below-stick-meta":"","yasr_overall_rating":5,"yasr_post_is_review":"","yasr_auto_insert_disabled":"","yasr_review_type":""},"product_cat":[15],"product_tag":[],"class_list":["post-936","product","type-product","status-publish","has-post-thumbnail","hentry","product_cat-products"],"yoast_head":"<!-- This site is optimized with the Yoast SEO plugin v23.2 - https:\/\/yoast.com\/wordpress\/plugins\/seo\/ -->\n<title>Dates Circle Slicing Machine And Dates Slicer Machine<\/title>\n<meta name=\"description\" content=\"Date slicing machine is a kind of machine for quickly shredding dates, with small size and easy operation.\" \/>\n<meta name=\"robots\" content=\"index, follow, max-snippet:-1, max-image-preview:large, max-video-preview:-1\" \/>\n<link rel=\"canonical\" href=\"https:\/\/www.datesprocessing.com\/fr\/product\/dates-slicing-machine\/\" \/>\n<meta property=\"og:locale\" content=\"fr_FR\" \/>\n<meta property=\"og:type\" content=\"article\" \/>\n<meta property=\"og:title\" content=\"Dates Circle Slicing Machine And Dates Slicer Machine\" \/>\n<meta property=\"og:description\" content=\"Date slicing machine is a kind of machine for quickly shredding dates, with small size and easy operation.\" \/>\n<meta property=\"og:url\" content=\"https:\/\/www.datesprocessing.com\/fr\/product\/dates-slicing-machine\/\" \/>\n<meta property=\"og:site_name\" content=\"datesprocessing\" \/>\n<meta property=\"article:modified_time\" content=\"2025-09-16T07:24:20+00:00\" \/>\n<meta property=\"og:image\" content=\"https:\/\/www.datesprocessing.com\/wp-content\/uploads\/2022\/02\/41.png\" \/>\n\t<meta property=\"og:image:width\" content=\"500\" \/>\n\t<meta property=\"og:image:height\" content=\"500\" \/>\n\t<meta property=\"og:image:type\" content=\"image\/png\" \/>\n<meta name=\"twitter:card\" content=\"summary_large_image\" \/>\n<meta name=\"twitter:label1\" content=\"Dur\u00e9e de lecture estim\u00e9e\" \/>\n\t<meta name=\"twitter:data1\" content=\"3 minutes\" \/>\n<script type=\"application\/ld+json\" class=\"yoast-schema-graph\">{\"@context\":\"https:\/\/schema.org\",\"@graph\":[{\"@type\":\"WebPage\",\"@id\":\"https:\/\/www.datesprocessing.com\/product\/dates-slicing-machine\/\",\"url\":\"https:\/\/www.datesprocessing.com\/product\/dates-slicing-machine\/\",\"name\":\"Dates Circle Slicing Machine And Dates Slicer Machine\",\"isPartOf\":{\"@id\":\"https:\/\/www.datesprocessing.com\/#website\"},\"primaryImageOfPage\":{\"@id\":\"https:\/\/www.datesprocessing.com\/product\/dates-slicing-machine\/#primaryimage\"},\"image\":{\"@id\":\"https:\/\/www.datesprocessing.com\/product\/dates-slicing-machine\/#primaryimage\"},\"thumbnailUrl\":\"https:\/\/www.datesprocessing.com\/wp-content\/uploads\/2022\/02\/41.png\",\"datePublished\":\"2022-02-21T10:10:24+00:00\",\"dateModified\":\"2025-09-16T07:24:20+00:00\",\"description\":\"Date slicing machine is a kind of machine for quickly shredding dates, with small size and easy operation.\",\"breadcrumb\":{\"@id\":\"https:\/\/www.datesprocessing.com\/product\/dates-slicing-machine\/#breadcrumb\"},\"inLanguage\":\"fr-FR\",\"potentialAction\":[{\"@type\":\"ReadAction\",\"target\":[\"https:\/\/www.datesprocessing.com\/product\/dates-slicing-machine\/\"]}]},{\"@type\":\"ImageObject\",\"inLanguage\":\"fr-FR\",\"@id\":\"https:\/\/www.datesprocessing.com\/product\/dates-slicing-machine\/#primaryimage\",\"url\":\"https:\/\/www.datesprocessing.com\/wp-content\/uploads\/2022\/02\/41.png\",\"contentUrl\":\"https:\/\/www.datesprocessing.com\/wp-content\/uploads\/2022\/02\/41.png\",\"width\":500,\"height\":500,\"caption\":\"dates slicer machine\"},{\"@type\":\"BreadcrumbList\",\"@id\":\"https:\/\/www.datesprocessing.com\/product\/dates-slicing-machine\/#breadcrumb\",\"itemListElement\":[{\"@type\":\"ListItem\",\"position\":1,\"name\":\"Home\",\"item\":\"https:\/\/www.datesprocessing.com\/\"},{\"@type\":\"ListItem\",\"position\":2,\"name\":\"Products\",\"item\":\"https:\/\/www.datesprocessing.com\/products\/\"},{\"@type\":\"ListItem\",\"position\":3,\"name\":\"Dates Circle Slicing Machine And Dates Slicer Machine\"}]},{\"@type\":\"WebSite\",\"@id\":\"https:\/\/www.datesprocessing.com\/#website\",\"url\":\"https:\/\/www.datesprocessing.com\/\",\"name\":\"datesprocessing\",\"description\":\"\",\"publisher\":{\"@id\":\"https:\/\/www.datesprocessing.com\/#organization\"},\"potentialAction\":[{\"@type\":\"SearchAction\",\"target\":{\"@type\":\"EntryPoint\",\"urlTemplate\":\"https:\/\/www.datesprocessing.com\/?s={search_term_string}\"},\"query-input\":\"required name=search_term_string\"}],\"inLanguage\":\"fr-FR\"},{\"@type\":\"Organization\",\"@id\":\"https:\/\/www.datesprocessing.com\/#organization\",\"name\":\"datesprocessing\",\"url\":\"https:\/\/www.datesprocessing.com\/\",\"logo\":{\"@type\":\"ImageObject\",\"inLanguage\":\"fr-FR\",\"@id\":\"https:\/\/www.datesprocessing.com\/#\/schema\/logo\/image\/\",\"url\":\"https:\/\/www.datesprocessing.com\/wp-content\/uploads\/2022\/02\/cropped-cropped-5-1.png\",\"contentUrl\":\"https:\/\/www.datesprocessing.com\/wp-content\/uploads\/2022\/02\/cropped-cropped-5-1.png\",\"width\":365,\"height\":284,\"caption\":\"datesprocessing\"},\"image\":{\"@id\":\"https:\/\/www.datesprocessing.com\/#\/schema\/logo\/image\/\"}},false]}<\/script>\n<!-- \/ Yoast SEO plugin. -->","yoast_head_json":{"title":"Dates Circle Slicing Machine And Dates Slicer Machine","description":"Date slicing machine is a kind of machine for quickly shredding dates, with small size and easy operation.","robots":{"index":"index","follow":"follow","max-snippet":"max-snippet:-1","max-image-preview":"max-image-preview:large","max-video-preview":"max-video-preview:-1"},"canonical":"https:\/\/www.datesprocessing.com\/fr\/product\/dates-slicing-machine\/","og_locale":"fr_FR","og_type":"article","og_title":"Dates Circle Slicing Machine And Dates Slicer Machine","og_description":"Date slicing machine is a kind of machine for quickly shredding dates, with small size and easy operation.","og_url":"https:\/\/www.datesprocessing.com\/fr\/product\/dates-slicing-machine\/","og_site_name":"datesprocessing","article_modified_time":"2025-09-16T07:24:20+00:00","og_image":[{"width":500,"height":500,"url":"https:\/\/www.datesprocessing.com\/wp-content\/uploads\/2022\/02\/41.png","type":"image\/png"}],"twitter_card":"summary_large_image","twitter_misc":{"Dur\u00e9e de lecture estim\u00e9e":"3 minutes"},"schema":{"@context":"https:\/\/schema.org","@graph":[{"@type":"WebPage","@id":"https:\/\/www.datesprocessing.com\/product\/dates-slicing-machine\/","url":"https:\/\/www.datesprocessing.com\/product\/dates-slicing-machine\/","name":"Dates Circle Slicing Machine And Dates Slicer Machine","isPartOf":{"@id":"https:\/\/www.datesprocessing.com\/#website"},"primaryImageOfPage":{"@id":"https:\/\/www.datesprocessing.com\/product\/dates-slicing-machine\/#primaryimage"},"image":{"@id":"https:\/\/www.datesprocessing.com\/product\/dates-slicing-machine\/#primaryimage"},"thumbnailUrl":"https:\/\/www.datesprocessing.com\/wp-content\/uploads\/2022\/02\/41.png","datePublished":"2022-02-21T10:10:24+00:00","dateModified":"2025-09-16T07:24:20+00:00","description":"Date slicing machine is a kind of machine for quickly shredding dates, with small size and easy operation.","breadcrumb":{"@id":"https:\/\/www.datesprocessing.com\/product\/dates-slicing-machine\/#breadcrumb"},"inLanguage":"fr-FR","potentialAction":[{"@type":"ReadAction","target":["https:\/\/www.datesprocessing.com\/product\/dates-slicing-machine\/"]}]},{"@type":"ImageObject","inLanguage":"fr-FR","@id":"https:\/\/www.datesprocessing.com\/product\/dates-slicing-machine\/#primaryimage","url":"https:\/\/www.datesprocessing.com\/wp-content\/uploads\/2022\/02\/41.png","contentUrl":"https:\/\/www.datesprocessing.com\/wp-content\/uploads\/2022\/02\/41.png","width":500,"height":500,"caption":"dates slicer machine"},{"@type":"BreadcrumbList","@id":"https:\/\/www.datesprocessing.com\/product\/dates-slicing-machine\/#breadcrumb","itemListElement":[{"@type":"ListItem","position":1,"name":"Home","item":"https:\/\/www.datesprocessing.com\/"},{"@type":"ListItem","position":2,"name":"Products","item":"https:\/\/www.datesprocessing.com\/products\/"},{"@type":"ListItem","position":3,"name":"Dates Circle Slicing Machine And Dates Slicer Machine"}]},{"@type":"WebSite","@id":"https:\/\/www.datesprocessing.com\/#website","url":"https:\/\/www.datesprocessing.com\/","name":"datesprocessing","description":"","publisher":{"@id":"https:\/\/www.datesprocessing.com\/#organization"},"potentialAction":[{"@type":"SearchAction","target":{"@type":"EntryPoint","urlTemplate":"https:\/\/www.datesprocessing.com\/?s={search_term_string}"},"query-input":"required name=search_term_string"}],"inLanguage":"fr-FR"},{"@type":"Organization","@id":"https:\/\/www.datesprocessing.com\/#organization","name":"datesprocessing","url":"https:\/\/www.datesprocessing.com\/","logo":{"@type":"ImageObject","inLanguage":"fr-FR","@id":"https:\/\/www.datesprocessing.com\/#\/schema\/logo\/image\/","url":"https:\/\/www.datesprocessing.com\/wp-content\/uploads\/2022\/02\/cropped-cropped-5-1.png","contentUrl":"https:\/\/www.datesprocessing.com\/wp-content\/uploads\/2022\/02\/cropped-cropped-5-1.png","width":365,"height":284,"caption":"datesprocessing"},"image":{"@id":"https:\/\/www.datesprocessing.com\/#\/schema\/logo\/image\/"}},false]}},"yasr_visitor_votes":{"stars_attributes":{"read_only":false,"span_bottom":false},"number_of_votes":1,"sum_votes":5},"_links":{"self":[{"href":"https:\/\/www.datesprocessing.com\/fr\/wp-json\/wp\/v2\/product\/936","targetHints":{"allow":["GET"]}}],"collection":[{"href":"https:\/\/www.datesprocessing.com\/fr\/wp-json\/wp\/v2\/product"}],"about":[{"href":"https:\/\/www.datesprocessing.com\/fr\/wp-json\/wp\/v2\/types\/product"}],"replies":[{"embeddable":true,"href":"https:\/\/www.datesprocessing.com\/fr\/wp-json\/wp\/v2\/comments?post=936"}],"version-history":[{"count":3,"href":"https:\/\/www.datesprocessing.com\/fr\/wp-json\/wp\/v2\/product\/936\/revisions"}],"predecessor-version":[{"id":2002,"href":"https:\/\/www.datesprocessing.com\/fr\/wp-json\/wp\/v2\/product\/936\/revisions\/2002"}],"wp:featuredmedia":[{"embeddable":true,"href":"https:\/\/www.datesprocessing.com\/fr\/wp-json\/wp\/v2\/media\/938"}],"wp:attachment":[{"href":"https:\/\/www.datesprocessing.com\/fr\/wp-json\/wp\/v2\/media?parent=936"}],"wp:term":[{"taxonomy":"product_cat","embeddable":true,"href":"https:\/\/www.datesprocessing.com\/fr\/wp-json\/wp\/v2\/product_cat?post=936"},{"taxonomy":"product_tag","embeddable":true,"href":"https:\/\/www.datesprocessing.com\/fr\/wp-json\/wp\/v2\/product_tag?post=936"}],"curies":[{"name":"wp","href":"https:\/\/api.w.org\/{rel}","templated":true}]}}