{"id":926,"date":"2022-02-21T16:20:26","date_gmt":"2022-02-21T08:20:26","guid":{"rendered":"https:\/\/www.datesprocessing.com\/?post_type=product&#038;p=926"},"modified":"2025-09-16T15:32:33","modified_gmt":"2025-09-16T07:32:33","slug":"dry-dates-grinding-machine","status":"publish","type":"product","link":"https:\/\/www.datesprocessing.com\/fr\/product\/dry-dates-grinding-machine\/","title":{"rendered":"Machine de broyage de dattes \u00e0 sec pour la vente"},"content":{"rendered":"<h2>Introduction de la machine \u00e0 broyer les dattes<\/h2>\n<p>La machine \u00e0 broyer les dattes adopte un broyeur collo\u00efdal universel, qui est un \u00e9quipement de broyage ultrafin pour le broyage de mati\u00e8res collo\u00efdales ou de mati\u00e8res collo\u00efdales similaires. La machine \u00e0 broyer les dattes peut rapidement broyer les dattes en p\u00e2te de dattes, et ses principales pi\u00e8ces sont fabriqu\u00e9es en acier inoxydable, qui est r\u00e9sistant \u00e0 la corrosion et non toxique. En fonction des caract\u00e9ristiques des diff\u00e9rents mat\u00e9riaux, de l'efficacit\u00e9 de la production et des diff\u00e9rentes utilisations, des broyeurs collo\u00efdaux de sp\u00e9cifications et de mod\u00e8les diff\u00e9rents peuvent \u00eatre s\u00e9lectionn\u00e9s pour obtenir de bons r\u00e9sultats.<\/p>\n<h2>Caract\u00e9ristiques de la machine \u00e0 broyer les dattes \u00e0 sec<\/h2>\n<p>1) Fabriqu\u00e9e en acier inoxydable, la machine de broyage \u00e0 sec a une longue dur\u00e9e de vie et une belle apparence.<\/p>\n<p>2. le broyeur de dattes est de petite taille, facile \u00e0 d\u00e9placer et peut \u00eatre utilis\u00e9 dans diverses occasions.<\/p>\n<p>3. la structure est simple et l'op\u00e9ration est pratique, il suffit de mettre le palmier dattier dans la machine \u00e0 broyer les dattes.<\/p>\n<p>4. la machine \u00e0 broyer les dattes peut fonctionner de mani\u00e8re autonome ou \u00eatre utilis\u00e9e avec une ligne de production de p\u00e2te de palmier-dattier.<\/p>\n<p>5. la machine \u00e0 broyer les dattes peut \u00eatre r\u00e9gl\u00e9e en fonction de la taille des particules de la sauce \u00e0 broyer.<\/p>\n<p><img loading=\"lazy\" decoding=\"async\" class=\"alignnone size-full wp-image-927\" src=\"http:\/\/www.datesprocessing.com\/wp-content\/uploads\/2022\/02\/36.png\" alt=\"machine \u00e0 broyer les dattes \u00e0 sec\" width=\"1000\" height=\"600\" srcset=\"https:\/\/www.datesprocessing.com\/wp-content\/uploads\/2022\/02\/36.png 1000w, https:\/\/www.datesprocessing.com\/wp-content\/uploads\/2022\/02\/36-300x180.png 300w, https:\/\/www.datesprocessing.com\/wp-content\/uploads\/2022\/02\/36-768x461.png 768w, https:\/\/www.datesprocessing.com\/wp-content\/uploads\/2022\/02\/36-600x360.png 600w\" sizes=\"auto, (max-width: 1000px) 100vw, 1000px\" \/><\/p>\n<h2>Avantages de la machine \u00e0 broyer les dattes s\u00e8ches<\/h2>\n<p>1. la machine de broyage \u00e0 sec a un large \u00e9ventail d'applications et peut \u00eatre utilis\u00e9e pour le broyage de mat\u00e9riaux dans l'industrie alimentaire, l'industrie chimique, l'industrie pharmaceutique, l'industrie chimique quotidienne, l'industrie de la construction et d'autres industries.<\/p>\n<p>2. la machine de broyage de dattes peut \u00eatre librement personnalis\u00e9e et peut vous fournir diff\u00e9rentes sp\u00e9cifications de machines en fonction de vos diff\u00e9rentes caract\u00e9ristiques de mat\u00e9riaux, de votre efficacit\u00e9 de production et de vos diff\u00e9rentes utilisations.<\/p>\n<p>3. le broyeur de dattes \u00e0 sec utilise l'\u00e9lectricit\u00e9 pour faire fonctionner la machine, ce qui pr\u00e9sente l'avantage d'une faible consommation d'\u00e9nergie.<\/p>\n<p>4. ce broyeur de dattes a une efficacit\u00e9 et un rendement \u00e9lev\u00e9s, qui sont environ deux fois sup\u00e9rieurs \u00e0 ceux du broyeur \u00e0 boulets et du broyeur \u00e0 cylindres.<\/p>\n<p>5. le broyeur de dattes \u00e0 sec ne n\u00e9cessite qu'une seule personne pour effectuer l'op\u00e9ration, ce qui permet d'\u00e9conomiser du temps et des efforts.<\/p>\n<p>6. un guide d'utilisation peut \u00eatre fourni, avec un bon service avant et apr\u00e8s-vente.<\/p>\n<div class=\"ast-oembed-container\"><iframe loading=\"lazy\" title=\"Machine de fabrication de p\u00e2te de sauce aux dattes Machine \u00e0 broyer les dattes\" width=\"500\" height=\"281\" src=\"https:\/\/www.youtube.com\/embed\/jvAKmKaZBu4?feature=oembed\" frameborder=\"0\" allow=\"accelerometer; autoplay; clipboard-write; encrypted-media; gyroscope; picture-in-picture; web-share\" referrerpolicy=\"strict-origin-when-cross-origin\" allowfullscreen><\/iframe><\/div>\n<h2><\/h2>\n<h2>Principe de fonctionnement de la machine \u00e0 broyer les dattes s\u00e8ches<\/h2>\n<p>La machine de broyage \u00e0 sec des dattes est entra\u00een\u00e9e par un moteur, qui entra\u00eene les dents rotatives et les dents fixes correspondantes. Il existe un espace minuscule r\u00e9glable entre les deux corps de broyage. Lorsque les dattes passent par cet espace, la rotation \u00e0 grande vitesse des dents rotatives et des dents fixes g\u00e9n\u00e8re un fort gradient de vitesse, de sorte que les dattes sont soumises \u00e0 un fort cisaillement, \u00e0 une friction, \u00e0 une vibration \u00e0 haute fr\u00e9quence, \u00e0 un tourbillon \u00e0 grande vitesse et \u00e0 d'autres effets physiques, de sorte que les dattes sont efficacement \u00e9mulsifi\u00e9es, dispers\u00e9es, homog\u00e9n\u00e9is\u00e9es et pulv\u00e9ris\u00e9es pour obtenir l'effet de pulv\u00e9risation ultrafine et d'\u00e9mulsification des dattes, ce qui permet de transformer les dattes en p\u00e2te de dattes.<\/p>\n<h2>Param\u00e8tres de la machine \u00e0 broyer les dattes s\u00e8ches<\/h2>\n<table border=\"0\" width=\"586\" cellspacing=\"0\" cellpadding=\"0\">\n<tbody>\n<tr>\n<td width=\"128\" height=\"19\">Mod\u00e8le<\/td>\n<td width=\"110\">GGJMS-110<\/td>\n<td width=\"110\">GGJMS-130<\/td>\n<td width=\"119\">GGJMS-180<\/td>\n<td width=\"119\">GGJMS-240<\/td>\n<\/tr>\n<tr>\n<td height=\"19\">Finesse (maille)<\/td>\n<td>80-100<\/td>\n<td>80-100<\/td>\n<td>80-100<\/td>\n<td>80-100<\/td>\n<\/tr>\n<tr>\n<td height=\"19\">Production (kg\/h)<\/td>\n<td>100-200<\/td>\n<td>400-600<\/td>\n<td>800-1000<\/td>\n<td>1500-2000<\/td>\n<\/tr>\n<tr>\n<td height=\"19\">Puissance (kw)<\/td>\n<td>7.5<\/td>\n<td>45245<\/td>\n<td>18.5-22<\/td>\n<td>37-45<\/td>\n<\/tr>\n<tr>\n<td height=\"19\">Dimension (mm)<\/td>\n<td>750*450*1000<\/td>\n<td>990*450*1100<\/td>\n<td>1000*480*1150<\/td>\n<td>1330*650*1300<\/td>\n<\/tr>\n<tr>\n<td height=\"19\">Poids (kg)<\/td>\n<td>280<\/td>\n<td>400<\/td>\n<td>450<\/td>\n<td>1000<\/td>\n<\/tr>\n<\/tbody>\n<\/table>\n<p>&nbsp;<\/p>\n<p>Nous sommes un fabricant de broyeur de dattes s\u00e8ches, nous pouvons vous fournir le broyeur de dattes que vous souhaitez, en plus du broyeur de dattes, du calibreur de dattes et du trancheur de dattes, etc.<\/p>\n<hr \/>\n<h3 style=\"text-align: center;\">-Laissez un message pour une citation<\/h3>\n\n<div class=\"wpcf7 no-js\" id=\"wpcf7-f12-o1\" lang=\"en-US\" dir=\"ltr\">\n<div class=\"screen-reader-response\"><p role=\"status\" aria-live=\"polite\" aria-atomic=\"true\"><\/p> <ul><\/ul><\/div>\n<form action=\"\/fr\/wp-json\/wp\/v2\/product\/926#wpcf7-f12-o1\" method=\"post\" class=\"wpcf7-form init\" aria-label=\"Formulaire de contact\" novalidate=\"novalidate\" data-status=\"init\" data-trp-original-action=\"\/fr\/wp-json\/wp\/v2\/product\/926#wpcf7-f12-o1\">\n<div style=\"display: none;\">\n<input type=\"hidden\" name=\"_wpcf7\" value=\"12\" \/>\n<input type=\"hidden\" name=\"_wpcf7_version\" value=\"5.7.6\" \/>\n<input type=\"hidden\" name=\"_wpcf7_locale\" value=\"en_US\" \/>\n<input type=\"hidden\" name=\"_wpcf7_unit_tag\" value=\"wpcf7-f12-o1\" \/>\n<input type=\"hidden\" name=\"_wpcf7_container_post\" value=\"0\" \/>\n<input type=\"hidden\" name=\"_wpcf7_posted_data_hash\" value=\"\" \/>\n<\/div>\n<div class='proformleft'>\n\t<p><label> Votre nom<br \/>\n<span class=\"wpcf7-form-control-wrap\" data-name=\"your-name\"><input size=\"40\" class=\"wpcf7-form-control wpcf7-text\" aria-invalid=\"false\" value=\"\" type=\"text\" name=\"your-name\" \/><\/span> <\/label>\n\t<\/p>\n\t<p><label> *Votre Email<br \/>\n<span class=\"wpcf7-form-control-wrap\" data-name=\"your-email\"><input size=\"40\" class=\"wpcf7-form-control wpcf7-text wpcf7-email wpcf7-validates-as-required wpcf7-validates-as-email\" aria-required=\"true\" aria-invalid=\"false\" value=\"\" type=\"email\" name=\"your-email\" \/><\/span> <\/label>\n\t<\/p>\n\t<p><label> *Votre t\u00e9l\u00e9phone<br \/>\n<span class=\"wpcf7-form-control-wrap\" data-name=\"tel-173\"><input size=\"40\" class=\"wpcf7-form-control wpcf7-text wpcf7-tel wpcf7-validates-as-required wpcf7-validates-as-tel\" aria-required=\"true\" aria-invalid=\"false\" value=\"\" type=\"tel\" name=\"tel-173\" \/><\/span> <\/label>\n\t<\/p>\n\t<p><label> Votre pays<br \/>\n<span class=\"wpcf7-form-control-wrap\" data-name=\"your-country\"><input size=\"40\" class=\"wpcf7-form-control wpcf7-text\" aria-invalid=\"false\" value=\"\" type=\"text\" name=\"your-country\" \/><\/span> <\/label>\n\t<\/p>\n<\/div>\n<div class='proformright'>\n\t<p><label> *Votre message<br \/>\n<span class=\"wpcf7-form-control-wrap\" data-name=\"your-message\"><textarea cols=\"40\" rows=\"10\" class=\"wpcf7-form-control wpcf7-textarea wpcf7-validates-as-required\" aria-required=\"true\" aria-invalid=\"false\" name=\"your-message\"><\/textarea><\/span> <\/label>\n\t<\/p>\n\t<p><input class=\"wpcf7-form-control has-spinner wpcf7-submit\" type=\"submit\" value=\"Envoyer\" \/>\n\t<\/p>\n<\/div>\n<div style='clear:both'>\n<\/div><p style=\"display: none !important;\"><label>&#916;<textarea name=\"_wpcf7_ak_hp_textarea\" cols=\"45\" rows=\"8\" maxlength=\"100\"><\/textarea><\/label><input type=\"hidden\" id=\"ak_js\" name=\"_wpcf7_ak_js\" value=\"95\"\/><script>document.getElementById( \"ak_js\" ).setAttribute( \"value\", ( new Date() ).getTime() );<\/script><\/p><div class=\"wpcf7-response-output\" aria-hidden=\"true\"><\/div>\n<input type=\"hidden\" name=\"trp-form-language\" value=\"fr\"\/><\/form>\n<\/div>\n\n<div style='text-align:left' class='yasr-auto-insert-visitor'><\/div>","protected":false},"excerpt":{"rendered":"<p>Mat\u00e9riau en acier inoxydable SUS304 ; fonctionnement simple ; entretien facile.<\/p>","protected":false},"featured_media":931,"comment_status":"open","ping_status":"closed","template":"","meta":{"site-sidebar-layout":"default","site-content-layout":"default","ast-main-header-display":"","ast-hfb-above-header-display":"","ast-hfb-below-header-display":"","ast-hfb-mobile-header-display":"","site-post-title":"","ast-breadcrumbs-content":"","ast-featured-img":"","footer-sml-layout":"","theme-transparent-header-meta":"","adv-header-id-meta":"","stick-header-meta":"","header-above-stick-meta":"","header-main-stick-meta":"","header-below-stick-meta":"","yasr_overall_rating":5,"yasr_post_is_review":"","yasr_auto_insert_disabled":"","yasr_review_type":""},"product_cat":[15],"product_tag":[],"class_list":["post-926","product","type-product","status-publish","has-post-thumbnail","hentry","product_cat-products"],"yoast_head":"<!-- This site is optimized with the Yoast SEO plugin v23.2 - https:\/\/yoast.com\/wordpress\/plugins\/seo\/ -->\n<title>Dry Dates Grinding Grinder Machine For Sale<\/title>\n<meta name=\"description\" content=\"The dry dates grinding machine can quickly grind the dates into date palm sauce, with high output and good effect.\" \/>\n<meta name=\"robots\" content=\"index, follow, max-snippet:-1, max-image-preview:large, max-video-preview:-1\" \/>\n<link rel=\"canonical\" href=\"https:\/\/www.datesprocessing.com\/fr\/product\/dry-dates-grinding-machine\/\" \/>\n<meta property=\"og:locale\" content=\"fr_FR\" \/>\n<meta property=\"og:type\" content=\"article\" \/>\n<meta property=\"og:title\" content=\"Dry Dates Grinding Grinder Machine For Sale\" \/>\n<meta property=\"og:description\" content=\"The dry dates grinding machine can quickly grind the dates into date palm sauce, with high output and good effect.\" \/>\n<meta property=\"og:url\" content=\"https:\/\/www.datesprocessing.com\/fr\/product\/dry-dates-grinding-machine\/\" \/>\n<meta property=\"og:site_name\" content=\"datesprocessing\" \/>\n<meta property=\"article:modified_time\" content=\"2025-09-16T07:32:33+00:00\" \/>\n<meta property=\"og:image\" content=\"https:\/\/www.datesprocessing.com\/wp-content\/uploads\/2022\/02\/37.png\" \/>\n\t<meta property=\"og:image:width\" content=\"500\" \/>\n\t<meta property=\"og:image:height\" content=\"500\" \/>\n\t<meta property=\"og:image:type\" content=\"image\/png\" \/>\n<meta name=\"twitter:card\" content=\"summary_large_image\" \/>\n<meta name=\"twitter:label1\" content=\"Dur\u00e9e de lecture estim\u00e9e\" \/>\n\t<meta name=\"twitter:data1\" content=\"3 minutes\" \/>\n<script type=\"application\/ld+json\" class=\"yoast-schema-graph\">{\"@context\":\"https:\/\/schema.org\",\"@graph\":[{\"@type\":\"WebPage\",\"@id\":\"https:\/\/www.datesprocessing.com\/product\/dry-dates-grinding-machine\/\",\"url\":\"https:\/\/www.datesprocessing.com\/product\/dry-dates-grinding-machine\/\",\"name\":\"Dry Dates Grinding Grinder Machine For Sale\",\"isPartOf\":{\"@id\":\"https:\/\/www.datesprocessing.com\/#website\"},\"primaryImageOfPage\":{\"@id\":\"https:\/\/www.datesprocessing.com\/product\/dry-dates-grinding-machine\/#primaryimage\"},\"image\":{\"@id\":\"https:\/\/www.datesprocessing.com\/product\/dry-dates-grinding-machine\/#primaryimage\"},\"thumbnailUrl\":\"https:\/\/www.datesprocessing.com\/wp-content\/uploads\/2022\/02\/37.png\",\"datePublished\":\"2022-02-21T08:20:26+00:00\",\"dateModified\":\"2025-09-16T07:32:33+00:00\",\"description\":\"The dry dates grinding machine can quickly grind the dates into date palm sauce, with high output and good effect.\",\"breadcrumb\":{\"@id\":\"https:\/\/www.datesprocessing.com\/product\/dry-dates-grinding-machine\/#breadcrumb\"},\"inLanguage\":\"fr-FR\",\"potentialAction\":[{\"@type\":\"ReadAction\",\"target\":[\"https:\/\/www.datesprocessing.com\/product\/dry-dates-grinding-machine\/\"]}]},{\"@type\":\"ImageObject\",\"inLanguage\":\"fr-FR\",\"@id\":\"https:\/\/www.datesprocessing.com\/product\/dry-dates-grinding-machine\/#primaryimage\",\"url\":\"https:\/\/www.datesprocessing.com\/wp-content\/uploads\/2022\/02\/37.png\",\"contentUrl\":\"https:\/\/www.datesprocessing.com\/wp-content\/uploads\/2022\/02\/37.png\",\"width\":500,\"height\":500,\"caption\":\"dates grinder machine\"},{\"@type\":\"BreadcrumbList\",\"@id\":\"https:\/\/www.datesprocessing.com\/product\/dry-dates-grinding-machine\/#breadcrumb\",\"itemListElement\":[{\"@type\":\"ListItem\",\"position\":1,\"name\":\"Home\",\"item\":\"https:\/\/www.datesprocessing.com\/\"},{\"@type\":\"ListItem\",\"position\":2,\"name\":\"Products\",\"item\":\"https:\/\/www.datesprocessing.com\/products\/\"},{\"@type\":\"ListItem\",\"position\":3,\"name\":\"Dry Dates Grinding Grinder Machine For Sale\"}]},{\"@type\":\"WebSite\",\"@id\":\"https:\/\/www.datesprocessing.com\/#website\",\"url\":\"https:\/\/www.datesprocessing.com\/\",\"name\":\"datesprocessing\",\"description\":\"\",\"publisher\":{\"@id\":\"https:\/\/www.datesprocessing.com\/#organization\"},\"potentialAction\":[{\"@type\":\"SearchAction\",\"target\":{\"@type\":\"EntryPoint\",\"urlTemplate\":\"https:\/\/www.datesprocessing.com\/?s={search_term_string}\"},\"query-input\":\"required name=search_term_string\"}],\"inLanguage\":\"fr-FR\"},{\"@type\":\"Organization\",\"@id\":\"https:\/\/www.datesprocessing.com\/#organization\",\"name\":\"datesprocessing\",\"url\":\"https:\/\/www.datesprocessing.com\/\",\"logo\":{\"@type\":\"ImageObject\",\"inLanguage\":\"fr-FR\",\"@id\":\"https:\/\/www.datesprocessing.com\/#\/schema\/logo\/image\/\",\"url\":\"https:\/\/www.datesprocessing.com\/wp-content\/uploads\/2022\/02\/cropped-cropped-5-1.png\",\"contentUrl\":\"https:\/\/www.datesprocessing.com\/wp-content\/uploads\/2022\/02\/cropped-cropped-5-1.png\",\"width\":365,\"height\":284,\"caption\":\"datesprocessing\"},\"image\":{\"@id\":\"https:\/\/www.datesprocessing.com\/#\/schema\/logo\/image\/\"}},false]}<\/script>\n<!-- \/ Yoast SEO plugin. -->","yoast_head_json":{"title":"Dry Dates Grinding Grinder Machine For Sale","description":"The dry dates grinding machine can quickly grind the dates into date palm sauce, with high output and good effect.","robots":{"index":"index","follow":"follow","max-snippet":"max-snippet:-1","max-image-preview":"max-image-preview:large","max-video-preview":"max-video-preview:-1"},"canonical":"https:\/\/www.datesprocessing.com\/fr\/product\/dry-dates-grinding-machine\/","og_locale":"fr_FR","og_type":"article","og_title":"Dry Dates Grinding Grinder Machine For Sale","og_description":"The dry dates grinding machine can quickly grind the dates into date palm sauce, with high output and good effect.","og_url":"https:\/\/www.datesprocessing.com\/fr\/product\/dry-dates-grinding-machine\/","og_site_name":"datesprocessing","article_modified_time":"2025-09-16T07:32:33+00:00","og_image":[{"width":500,"height":500,"url":"https:\/\/www.datesprocessing.com\/wp-content\/uploads\/2022\/02\/37.png","type":"image\/png"}],"twitter_card":"summary_large_image","twitter_misc":{"Dur\u00e9e de lecture estim\u00e9e":"3 minutes"},"schema":{"@context":"https:\/\/schema.org","@graph":[{"@type":"WebPage","@id":"https:\/\/www.datesprocessing.com\/product\/dry-dates-grinding-machine\/","url":"https:\/\/www.datesprocessing.com\/product\/dry-dates-grinding-machine\/","name":"Dry Dates Grinding Grinder Machine For Sale","isPartOf":{"@id":"https:\/\/www.datesprocessing.com\/#website"},"primaryImageOfPage":{"@id":"https:\/\/www.datesprocessing.com\/product\/dry-dates-grinding-machine\/#primaryimage"},"image":{"@id":"https:\/\/www.datesprocessing.com\/product\/dry-dates-grinding-machine\/#primaryimage"},"thumbnailUrl":"https:\/\/www.datesprocessing.com\/wp-content\/uploads\/2022\/02\/37.png","datePublished":"2022-02-21T08:20:26+00:00","dateModified":"2025-09-16T07:32:33+00:00","description":"The dry dates grinding machine can quickly grind the dates into date palm sauce, with high output and good effect.","breadcrumb":{"@id":"https:\/\/www.datesprocessing.com\/product\/dry-dates-grinding-machine\/#breadcrumb"},"inLanguage":"fr-FR","potentialAction":[{"@type":"ReadAction","target":["https:\/\/www.datesprocessing.com\/product\/dry-dates-grinding-machine\/"]}]},{"@type":"ImageObject","inLanguage":"fr-FR","@id":"https:\/\/www.datesprocessing.com\/product\/dry-dates-grinding-machine\/#primaryimage","url":"https:\/\/www.datesprocessing.com\/wp-content\/uploads\/2022\/02\/37.png","contentUrl":"https:\/\/www.datesprocessing.com\/wp-content\/uploads\/2022\/02\/37.png","width":500,"height":500,"caption":"dates grinder machine"},{"@type":"BreadcrumbList","@id":"https:\/\/www.datesprocessing.com\/product\/dry-dates-grinding-machine\/#breadcrumb","itemListElement":[{"@type":"ListItem","position":1,"name":"Home","item":"https:\/\/www.datesprocessing.com\/"},{"@type":"ListItem","position":2,"name":"Products","item":"https:\/\/www.datesprocessing.com\/products\/"},{"@type":"ListItem","position":3,"name":"Dry Dates Grinding Grinder Machine For Sale"}]},{"@type":"WebSite","@id":"https:\/\/www.datesprocessing.com\/#website","url":"https:\/\/www.datesprocessing.com\/","name":"datesprocessing","description":"","publisher":{"@id":"https:\/\/www.datesprocessing.com\/#organization"},"potentialAction":[{"@type":"SearchAction","target":{"@type":"EntryPoint","urlTemplate":"https:\/\/www.datesprocessing.com\/?s={search_term_string}"},"query-input":"required name=search_term_string"}],"inLanguage":"fr-FR"},{"@type":"Organization","@id":"https:\/\/www.datesprocessing.com\/#organization","name":"datesprocessing","url":"https:\/\/www.datesprocessing.com\/","logo":{"@type":"ImageObject","inLanguage":"fr-FR","@id":"https:\/\/www.datesprocessing.com\/#\/schema\/logo\/image\/","url":"https:\/\/www.datesprocessing.com\/wp-content\/uploads\/2022\/02\/cropped-cropped-5-1.png","contentUrl":"https:\/\/www.datesprocessing.com\/wp-content\/uploads\/2022\/02\/cropped-cropped-5-1.png","width":365,"height":284,"caption":"datesprocessing"},"image":{"@id":"https:\/\/www.datesprocessing.com\/#\/schema\/logo\/image\/"}},false]}},"yasr_visitor_votes":{"stars_attributes":{"read_only":false,"span_bottom":false},"number_of_votes":1,"sum_votes":5},"_links":{"self":[{"href":"https:\/\/www.datesprocessing.com\/fr\/wp-json\/wp\/v2\/product\/926","targetHints":{"allow":["GET"]}}],"collection":[{"href":"https:\/\/www.datesprocessing.com\/fr\/wp-json\/wp\/v2\/product"}],"about":[{"href":"https:\/\/www.datesprocessing.com\/fr\/wp-json\/wp\/v2\/types\/product"}],"replies":[{"embeddable":true,"href":"https:\/\/www.datesprocessing.com\/fr\/wp-json\/wp\/v2\/comments?post=926"}],"version-history":[{"count":5,"href":"https:\/\/www.datesprocessing.com\/fr\/wp-json\/wp\/v2\/product\/926\/revisions"}],"predecessor-version":[{"id":2007,"href":"https:\/\/www.datesprocessing.com\/fr\/wp-json\/wp\/v2\/product\/926\/revisions\/2007"}],"wp:featuredmedia":[{"embeddable":true,"href":"https:\/\/www.datesprocessing.com\/fr\/wp-json\/wp\/v2\/media\/931"}],"wp:attachment":[{"href":"https:\/\/www.datesprocessing.com\/fr\/wp-json\/wp\/v2\/media?parent=926"}],"wp:term":[{"taxonomy":"product_cat","embeddable":true,"href":"https:\/\/www.datesprocessing.com\/fr\/wp-json\/wp\/v2\/product_cat?post=926"},{"taxonomy":"product_tag","embeddable":true,"href":"https:\/\/www.datesprocessing.com\/fr\/wp-json\/wp\/v2\/product_tag?post=926"}],"curies":[{"name":"wp","href":"https:\/\/api.w.org\/{rel}","templated":true}]}}