{"id":920,"date":"2022-02-21T14:42:05","date_gmt":"2022-02-21T06:42:05","guid":{"rendered":"https:\/\/www.datesprocessing.com\/?post_type=product&#038;p=920"},"modified":"2026-02-06T21:32:25","modified_gmt":"2026-02-06T13:32:25","slug":"date-sorting-machine","status":"publish","type":"product","link":"https:\/\/www.datesprocessing.com\/fr\/product\/date-sorting-machine\/","title":{"rendered":"Machine \u00e0 trier les dattes pour l'industrie"},"content":{"rendered":"<h2>Introduction de la machine \u00e0 calibrer les dattes<\/h2>\n<p>Le tri des dates<\/p>\n<p>La machine adopte une calibreuse, qui est class\u00e9e en fonction de la taille du palmier-dattier. Un effet polyvalent. La machine \u00e0 classer les dattes peut classer les petits fruits et l\u00e9gumes tels que les tomates cerises, le riz \u00e0 l'ail, le jujube, le jujube gris, le jujube dor\u00e9, l'aub\u00e9pine, l'argousier, le kumquat, l'orange \u00e0 sucre, le litchi, le longane, etc. La machine \u00e0 classer les dattes s\u00e9lectionne les fruits de mani\u00e8re uniforme, la distribution des cat\u00e9gories est plus pr\u00e9cise et la personnalisation est acceptable.<\/p>\n<h2>Caract\u00e9ristiques de la machine \u00e0 trier les dates<\/h2>\n<p>1) La machine de triage des dattes pr\u00e9sente des performances stables et une grande robustesse, ce qui lui permet de surmonter les inconv\u00e9nients des bandes transporteuses traditionnelles, qui sont faciles \u00e0 aligner, \u00e0 casser et \u00e0 vieillir.<\/p>\n<p>2. la machine \u00e0 trier les dattes peut r\u00e9aliser l'effet d'une machine \u00e0 fonctions multiples et peut classer divers fruits et l\u00e9gumes tels que les tomates cerises, le riz \u00e0 l'ail, les kumquats, les litchis, les longanes et ainsi de suite.<\/p>\n<p>3. le fonctionnement de la machine \u00e0 trier les dattes est simple et l'entretien est pratique. Il suffit d'introduire les dates pour obtenir le classement, ce qui permet d'\u00e9conomiser du temps et des efforts.<\/p>\n<p>4. pendant le processus de criblage, la machine de triage des dattes n'endommage pas la surface du palmier dattier, ce qui permet de garantir l'int\u00e9grit\u00e9 du palmier dattier.<\/p>\n<p>5. le criblage m\u00e9canique est uniforme et les cat\u00e9gories sont plus d\u00e9taill\u00e9es.<\/p>\n<p><img loading=\"lazy\" decoding=\"async\" class=\"alignnone wp-image-921 size-full\" src=\"http:\/\/www.datesprocessing.com\/wp-content\/uploads\/2022\/02\/35.png\" alt=\"machine \u00e0 trier les dates\" width=\"1000\" height=\"600\" srcset=\"https:\/\/www.datesprocessing.com\/wp-content\/uploads\/2022\/02\/35.png 1000w, https:\/\/www.datesprocessing.com\/wp-content\/uploads\/2022\/02\/35-300x180.png 300w, https:\/\/www.datesprocessing.com\/wp-content\/uploads\/2022\/02\/35-768x461.png 768w, https:\/\/www.datesprocessing.com\/wp-content\/uploads\/2022\/02\/35-600x360.png 600w\" sizes=\"auto, (max-width: 1000px) 100vw, 1000px\" \/><\/p>\n<h2>Avantages de la machine \u00e0 trier les dattes<\/h2>\n<p>1) La vitesse de fonctionnement de la machine \u00e0 trier les dattes peut \u00eatre r\u00e9gl\u00e9e pour faciliter le contr\u00f4le.<\/p>\n<p>2. la machine \u00e0 trier les dates peut \u00eatre personnalis\u00e9e en fonction des besoins des clients.<\/p>\n<p>3. la machine \u00e0 classer les dattes peut \u00eatre utilis\u00e9e avec la ligne de production de th\u00e9 brut ou comme machine autonome.<\/p>\n<p>4. nous fournirons une machine de triage des dattes de haute qualit\u00e9, ainsi qu'un bon service avant et apr\u00e8s-vente.<\/p>\n<div class=\"ast-oembed-container\"><iframe loading=\"lazy\" title=\"Machine industrielle \u00e0 trier les dattes de palme Machine \u00e0 trier les dattes\" width=\"500\" height=\"281\" src=\"https:\/\/www.youtube.com\/embed\/_Wn21MfYblM?feature=oembed\" frameborder=\"0\" allow=\"accelerometer; autoplay; clipboard-write; encrypted-media; gyroscope; picture-in-picture; web-share\" referrerpolicy=\"strict-origin-when-cross-origin\" allowfullscreen><\/iframe><\/div>\n<h2><\/h2>\n<h2>Param\u00e8tres de la machine \u00e0 calibrer les dattes<\/h2>\n<table>\n<tbody>\n<tr>\n<td width=\"113\">Nom<\/td>\n<td width=\"113\">Poids d'une seule machine<\/td>\n<td width=\"113\">Dimensions<\/td>\n<td width=\"113\">Tension de fonctionnement<\/td>\n<td width=\"113\">pouvoir<\/td>\n<\/tr>\n<tr>\n<td width=\"113\">Machine \u00e0 trier les dates<\/td>\n<td width=\"113\">150KG<\/td>\n<td width=\"113\">2.1m*0.6m*0.8m<\/td>\n<td width=\"113\">220V<\/td>\n<td width=\"113\">0,75KW<\/td>\n<\/tr>\n<\/tbody>\n<\/table>\n<p>Nous sommes un fournisseur de machines \u00e0 calibrer les dattes, si vous voulez d\u00e9marrer une entreprise de traitement des dattes, veuillez nous contacter, nous vous fournirons des machines \u00e0 calibrer les dattes et des machines \u00e0 calibrer les dattes, et des machines \u00e0 calibrer les dattes. <a href=\"https:\/\/www.datesprocessing.com\/fr\/dates-washing-drying-line\/\"><strong>ligne de traitement des dattes<\/strong><\/a>.<\/p>\n<hr \/>\n<h3 style=\"text-align: center;\">-Laissez un message pour une citation<\/h3>\n\n<div class=\"wpcf7 no-js\" id=\"wpcf7-f12-o1\" lang=\"en-US\" dir=\"ltr\">\n<div class=\"screen-reader-response\"><p role=\"status\" aria-live=\"polite\" aria-atomic=\"true\"><\/p> <ul><\/ul><\/div>\n<form action=\"\/fr\/wp-json\/wp\/v2\/product\/920#wpcf7-f12-o1\" method=\"post\" class=\"wpcf7-form init\" aria-label=\"Formulaire de contact\" novalidate=\"novalidate\" data-status=\"init\" data-trp-original-action=\"\/fr\/wp-json\/wp\/v2\/product\/920#wpcf7-f12-o1\">\n<div style=\"display: none;\">\n<input type=\"hidden\" name=\"_wpcf7\" value=\"12\" \/>\n<input type=\"hidden\" name=\"_wpcf7_version\" value=\"5.7.6\" \/>\n<input type=\"hidden\" name=\"_wpcf7_locale\" value=\"en_US\" \/>\n<input type=\"hidden\" name=\"_wpcf7_unit_tag\" value=\"wpcf7-f12-o1\" \/>\n<input type=\"hidden\" name=\"_wpcf7_container_post\" value=\"0\" \/>\n<input type=\"hidden\" name=\"_wpcf7_posted_data_hash\" value=\"\" \/>\n<\/div>\n<div class='proformleft'>\n\t<p><label> Votre nom<br \/>\n<span class=\"wpcf7-form-control-wrap\" data-name=\"your-name\"><input size=\"40\" class=\"wpcf7-form-control wpcf7-text\" aria-invalid=\"false\" value=\"\" type=\"text\" name=\"your-name\" \/><\/span> <\/label>\n\t<\/p>\n\t<p><label> *Votre Email<br \/>\n<span class=\"wpcf7-form-control-wrap\" data-name=\"your-email\"><input size=\"40\" class=\"wpcf7-form-control wpcf7-text wpcf7-email wpcf7-validates-as-required wpcf7-validates-as-email\" aria-required=\"true\" aria-invalid=\"false\" value=\"\" type=\"email\" name=\"your-email\" \/><\/span> <\/label>\n\t<\/p>\n\t<p><label> *Votre t\u00e9l\u00e9phone<br \/>\n<span class=\"wpcf7-form-control-wrap\" data-name=\"tel-173\"><input size=\"40\" class=\"wpcf7-form-control wpcf7-text wpcf7-tel wpcf7-validates-as-required wpcf7-validates-as-tel\" aria-required=\"true\" aria-invalid=\"false\" value=\"\" type=\"tel\" name=\"tel-173\" \/><\/span> <\/label>\n\t<\/p>\n\t<p><label> Votre pays<br \/>\n<span class=\"wpcf7-form-control-wrap\" data-name=\"your-country\"><input size=\"40\" class=\"wpcf7-form-control wpcf7-text\" aria-invalid=\"false\" value=\"\" type=\"text\" name=\"your-country\" \/><\/span> <\/label>\n\t<\/p>\n<\/div>\n<div class='proformright'>\n\t<p><label> *Votre message<br \/>\n<span class=\"wpcf7-form-control-wrap\" data-name=\"your-message\"><textarea cols=\"40\" rows=\"10\" class=\"wpcf7-form-control wpcf7-textarea wpcf7-validates-as-required\" aria-required=\"true\" aria-invalid=\"false\" name=\"your-message\"><\/textarea><\/span> <\/label>\n\t<\/p>\n\t<p><input class=\"wpcf7-form-control has-spinner wpcf7-submit\" type=\"submit\" value=\"Envoyer\" \/>\n\t<\/p>\n<\/div>\n<div style='clear:both'>\n<\/div><p style=\"display: none !important;\"><label>&#916;<textarea name=\"_wpcf7_ak_hp_textarea\" cols=\"45\" rows=\"8\" maxlength=\"100\"><\/textarea><\/label><input type=\"hidden\" id=\"ak_js\" name=\"_wpcf7_ak_js\" value=\"155\"\/><script>document.getElementById( \"ak_js\" ).setAttribute( \"value\", ( new Date() ).getTime() );<\/script><\/p><div class=\"wpcf7-response-output\" aria-hidden=\"true\"><\/div>\n<input type=\"hidden\" name=\"trp-form-language\" value=\"fr\"\/><\/form>\n<\/div>\n\n<div style='text-align:left' class='yasr-auto-insert-visitor'><\/div>","protected":false},"excerpt":{"rendered":"<p>Class\u00e9s par taille ; peuvent \u00eatre personnalis\u00e9s ; acier inoxydable.<\/p>","protected":false},"featured_media":922,"comment_status":"open","ping_status":"closed","template":"","meta":{"site-sidebar-layout":"default","site-content-layout":"default","ast-main-header-display":"","ast-hfb-above-header-display":"","ast-hfb-below-header-display":"","ast-hfb-mobile-header-display":"","site-post-title":"","ast-breadcrumbs-content":"","ast-featured-img":"","footer-sml-layout":"","theme-transparent-header-meta":"","adv-header-id-meta":"","stick-header-meta":"","header-above-stick-meta":"","header-main-stick-meta":"","header-below-stick-meta":"","yasr_overall_rating":5,"yasr_post_is_review":"","yasr_auto_insert_disabled":"","yasr_review_type":""},"product_cat":[15],"product_tag":[],"class_list":["post-920","product","type-product","status-publish","has-post-thumbnail","hentry","product_cat-products"],"yoast_head":"<!-- This site is optimized with the Yoast SEO plugin v23.2 - https:\/\/yoast.com\/wordpress\/plugins\/seo\/ -->\n<title>Date Sorting Machine For Industrial<\/title>\n<meta name=\"description\" content=\"The date sorting machine can be graded according to the size of the date palm, and can be used to grade a variety of fruits and vegetables.\" \/>\n<meta name=\"robots\" content=\"index, follow, max-snippet:-1, max-image-preview:large, max-video-preview:-1\" \/>\n<link rel=\"canonical\" href=\"https:\/\/www.datesprocessing.com\/fr\/product\/date-sorting-machine\/\" \/>\n<meta property=\"og:locale\" content=\"fr_FR\" \/>\n<meta property=\"og:type\" content=\"article\" \/>\n<meta property=\"og:title\" content=\"Date Sorting Machine For Industrial\" \/>\n<meta property=\"og:description\" content=\"The date sorting machine can be graded according to the size of the date palm, and can be used to grade a variety of fruits and vegetables.\" \/>\n<meta property=\"og:url\" content=\"https:\/\/www.datesprocessing.com\/fr\/product\/date-sorting-machine\/\" \/>\n<meta property=\"og:site_name\" content=\"datesprocessing\" \/>\n<meta property=\"article:modified_time\" content=\"2026-02-06T13:32:25+00:00\" \/>\n<meta property=\"og:image\" content=\"https:\/\/www.datesprocessing.com\/wp-content\/uploads\/2022\/02\/32.png\" \/>\n\t<meta property=\"og:image:width\" content=\"500\" \/>\n\t<meta property=\"og:image:height\" content=\"500\" \/>\n\t<meta property=\"og:image:type\" content=\"image\/png\" \/>\n<meta name=\"twitter:card\" content=\"summary_large_image\" \/>\n<meta name=\"twitter:label1\" content=\"Dur\u00e9e de lecture estim\u00e9e\" \/>\n\t<meta name=\"twitter:data1\" content=\"2 minutes\" \/>\n<script type=\"application\/ld+json\" class=\"yoast-schema-graph\">{\"@context\":\"https:\/\/schema.org\",\"@graph\":[{\"@type\":\"WebPage\",\"@id\":\"https:\/\/www.datesprocessing.com\/product\/date-sorting-machine\/\",\"url\":\"https:\/\/www.datesprocessing.com\/product\/date-sorting-machine\/\",\"name\":\"Date Sorting Machine For Industrial\",\"isPartOf\":{\"@id\":\"https:\/\/www.datesprocessing.com\/#website\"},\"primaryImageOfPage\":{\"@id\":\"https:\/\/www.datesprocessing.com\/product\/date-sorting-machine\/#primaryimage\"},\"image\":{\"@id\":\"https:\/\/www.datesprocessing.com\/product\/date-sorting-machine\/#primaryimage\"},\"thumbnailUrl\":\"https:\/\/www.datesprocessing.com\/wp-content\/uploads\/2022\/02\/32.png\",\"datePublished\":\"2022-02-21T06:42:05+00:00\",\"dateModified\":\"2026-02-06T13:32:25+00:00\",\"description\":\"The date sorting machine can be graded according to the size of the date palm, and can be used to grade a variety of fruits and vegetables.\",\"breadcrumb\":{\"@id\":\"https:\/\/www.datesprocessing.com\/product\/date-sorting-machine\/#breadcrumb\"},\"inLanguage\":\"fr-FR\",\"potentialAction\":[{\"@type\":\"ReadAction\",\"target\":[\"https:\/\/www.datesprocessing.com\/product\/date-sorting-machine\/\"]}]},{\"@type\":\"ImageObject\",\"inLanguage\":\"fr-FR\",\"@id\":\"https:\/\/www.datesprocessing.com\/product\/date-sorting-machine\/#primaryimage\",\"url\":\"https:\/\/www.datesprocessing.com\/wp-content\/uploads\/2022\/02\/32.png\",\"contentUrl\":\"https:\/\/www.datesprocessing.com\/wp-content\/uploads\/2022\/02\/32.png\",\"width\":500,\"height\":500,\"caption\":\"dates sorting machine\"},{\"@type\":\"BreadcrumbList\",\"@id\":\"https:\/\/www.datesprocessing.com\/product\/date-sorting-machine\/#breadcrumb\",\"itemListElement\":[{\"@type\":\"ListItem\",\"position\":1,\"name\":\"Home\",\"item\":\"https:\/\/www.datesprocessing.com\/\"},{\"@type\":\"ListItem\",\"position\":2,\"name\":\"Products\",\"item\":\"https:\/\/www.datesprocessing.com\/products\/\"},{\"@type\":\"ListItem\",\"position\":3,\"name\":\"Date Sorting Machine For Industrial\"}]},{\"@type\":\"WebSite\",\"@id\":\"https:\/\/www.datesprocessing.com\/#website\",\"url\":\"https:\/\/www.datesprocessing.com\/\",\"name\":\"datesprocessing\",\"description\":\"\",\"publisher\":{\"@id\":\"https:\/\/www.datesprocessing.com\/#organization\"},\"potentialAction\":[{\"@type\":\"SearchAction\",\"target\":{\"@type\":\"EntryPoint\",\"urlTemplate\":\"https:\/\/www.datesprocessing.com\/?s={search_term_string}\"},\"query-input\":\"required name=search_term_string\"}],\"inLanguage\":\"fr-FR\"},{\"@type\":\"Organization\",\"@id\":\"https:\/\/www.datesprocessing.com\/#organization\",\"name\":\"datesprocessing\",\"url\":\"https:\/\/www.datesprocessing.com\/\",\"logo\":{\"@type\":\"ImageObject\",\"inLanguage\":\"fr-FR\",\"@id\":\"https:\/\/www.datesprocessing.com\/#\/schema\/logo\/image\/\",\"url\":\"https:\/\/www.datesprocessing.com\/wp-content\/uploads\/2022\/02\/cropped-cropped-5-1.png\",\"contentUrl\":\"https:\/\/www.datesprocessing.com\/wp-content\/uploads\/2022\/02\/cropped-cropped-5-1.png\",\"width\":365,\"height\":284,\"caption\":\"datesprocessing\"},\"image\":{\"@id\":\"https:\/\/www.datesprocessing.com\/#\/schema\/logo\/image\/\"}},false]}<\/script>\n<!-- \/ Yoast SEO plugin. -->","yoast_head_json":{"title":"Date Sorting Machine For Industrial","description":"The date sorting machine can be graded according to the size of the date palm, and can be used to grade a variety of fruits and vegetables.","robots":{"index":"index","follow":"follow","max-snippet":"max-snippet:-1","max-image-preview":"max-image-preview:large","max-video-preview":"max-video-preview:-1"},"canonical":"https:\/\/www.datesprocessing.com\/fr\/product\/date-sorting-machine\/","og_locale":"fr_FR","og_type":"article","og_title":"Date Sorting Machine For Industrial","og_description":"The date sorting machine can be graded according to the size of the date palm, and can be used to grade a variety of fruits and vegetables.","og_url":"https:\/\/www.datesprocessing.com\/fr\/product\/date-sorting-machine\/","og_site_name":"datesprocessing","article_modified_time":"2026-02-06T13:32:25+00:00","og_image":[{"width":500,"height":500,"url":"https:\/\/www.datesprocessing.com\/wp-content\/uploads\/2022\/02\/32.png","type":"image\/png"}],"twitter_card":"summary_large_image","twitter_misc":{"Dur\u00e9e de lecture estim\u00e9e":"2 minutes"},"schema":{"@context":"https:\/\/schema.org","@graph":[{"@type":"WebPage","@id":"https:\/\/www.datesprocessing.com\/product\/date-sorting-machine\/","url":"https:\/\/www.datesprocessing.com\/product\/date-sorting-machine\/","name":"Date Sorting Machine For Industrial","isPartOf":{"@id":"https:\/\/www.datesprocessing.com\/#website"},"primaryImageOfPage":{"@id":"https:\/\/www.datesprocessing.com\/product\/date-sorting-machine\/#primaryimage"},"image":{"@id":"https:\/\/www.datesprocessing.com\/product\/date-sorting-machine\/#primaryimage"},"thumbnailUrl":"https:\/\/www.datesprocessing.com\/wp-content\/uploads\/2022\/02\/32.png","datePublished":"2022-02-21T06:42:05+00:00","dateModified":"2026-02-06T13:32:25+00:00","description":"The date sorting machine can be graded according to the size of the date palm, and can be used to grade a variety of fruits and vegetables.","breadcrumb":{"@id":"https:\/\/www.datesprocessing.com\/product\/date-sorting-machine\/#breadcrumb"},"inLanguage":"fr-FR","potentialAction":[{"@type":"ReadAction","target":["https:\/\/www.datesprocessing.com\/product\/date-sorting-machine\/"]}]},{"@type":"ImageObject","inLanguage":"fr-FR","@id":"https:\/\/www.datesprocessing.com\/product\/date-sorting-machine\/#primaryimage","url":"https:\/\/www.datesprocessing.com\/wp-content\/uploads\/2022\/02\/32.png","contentUrl":"https:\/\/www.datesprocessing.com\/wp-content\/uploads\/2022\/02\/32.png","width":500,"height":500,"caption":"dates sorting machine"},{"@type":"BreadcrumbList","@id":"https:\/\/www.datesprocessing.com\/product\/date-sorting-machine\/#breadcrumb","itemListElement":[{"@type":"ListItem","position":1,"name":"Home","item":"https:\/\/www.datesprocessing.com\/"},{"@type":"ListItem","position":2,"name":"Products","item":"https:\/\/www.datesprocessing.com\/products\/"},{"@type":"ListItem","position":3,"name":"Date Sorting Machine For Industrial"}]},{"@type":"WebSite","@id":"https:\/\/www.datesprocessing.com\/#website","url":"https:\/\/www.datesprocessing.com\/","name":"datesprocessing","description":"","publisher":{"@id":"https:\/\/www.datesprocessing.com\/#organization"},"potentialAction":[{"@type":"SearchAction","target":{"@type":"EntryPoint","urlTemplate":"https:\/\/www.datesprocessing.com\/?s={search_term_string}"},"query-input":"required name=search_term_string"}],"inLanguage":"fr-FR"},{"@type":"Organization","@id":"https:\/\/www.datesprocessing.com\/#organization","name":"datesprocessing","url":"https:\/\/www.datesprocessing.com\/","logo":{"@type":"ImageObject","inLanguage":"fr-FR","@id":"https:\/\/www.datesprocessing.com\/#\/schema\/logo\/image\/","url":"https:\/\/www.datesprocessing.com\/wp-content\/uploads\/2022\/02\/cropped-cropped-5-1.png","contentUrl":"https:\/\/www.datesprocessing.com\/wp-content\/uploads\/2022\/02\/cropped-cropped-5-1.png","width":365,"height":284,"caption":"datesprocessing"},"image":{"@id":"https:\/\/www.datesprocessing.com\/#\/schema\/logo\/image\/"}},false]}},"yasr_visitor_votes":{"stars_attributes":{"read_only":false,"span_bottom":false},"number_of_votes":1,"sum_votes":5},"_links":{"self":[{"href":"https:\/\/www.datesprocessing.com\/fr\/wp-json\/wp\/v2\/product\/920","targetHints":{"allow":["GET"]}}],"collection":[{"href":"https:\/\/www.datesprocessing.com\/fr\/wp-json\/wp\/v2\/product"}],"about":[{"href":"https:\/\/www.datesprocessing.com\/fr\/wp-json\/wp\/v2\/types\/product"}],"replies":[{"embeddable":true,"href":"https:\/\/www.datesprocessing.com\/fr\/wp-json\/wp\/v2\/comments?post=920"}],"version-history":[{"count":8,"href":"https:\/\/www.datesprocessing.com\/fr\/wp-json\/wp\/v2\/product\/920\/revisions"}],"predecessor-version":[{"id":2003,"href":"https:\/\/www.datesprocessing.com\/fr\/wp-json\/wp\/v2\/product\/920\/revisions\/2003"}],"wp:featuredmedia":[{"embeddable":true,"href":"https:\/\/www.datesprocessing.com\/fr\/wp-json\/wp\/v2\/media\/922"}],"wp:attachment":[{"href":"https:\/\/www.datesprocessing.com\/fr\/wp-json\/wp\/v2\/media?parent=920"}],"wp:term":[{"taxonomy":"product_cat","embeddable":true,"href":"https:\/\/www.datesprocessing.com\/fr\/wp-json\/wp\/v2\/product_cat?post=920"},{"taxonomy":"product_tag","embeddable":true,"href":"https:\/\/www.datesprocessing.com\/fr\/wp-json\/wp\/v2\/product_tag?post=920"}],"curies":[{"name":"wp","href":"https:\/\/api.w.org\/{rel}","templated":true}]}}