{"id":914,"date":"2022-02-21T13:56:34","date_gmt":"2022-02-21T05:56:34","guid":{"rendered":"https:\/\/www.datesprocessing.com\/?post_type=product&#038;p=914"},"modified":"2025-09-16T15:28:28","modified_gmt":"2025-09-16T07:28:28","slug":"medjool-dates-washing-machine","status":"publish","type":"product","link":"https:\/\/www.datesprocessing.com\/fr\/product\/medjool-dates-washing-machine\/","title":{"rendered":"Machine \u00e0 laver les dattes Medjool pour le traitement des dattes Medjool"},"content":{"rendered":"<h2>Introduction de la machine \u00e0 laver les dattes Medjool<\/h2>\n<p>La machine \u00e0 laver les dattes Medjool est une machine pratique et personnalisable. La machine \u00e0 laver les dattes Medjool peut nettoyer une grande vari\u00e9t\u00e9 de fruits et de l\u00e9gumes et permet d'utiliser une seule machine \u00e0 des fins multiples. Que le palmier-dattier soit transform\u00e9 en pur\u00e9e de palmier-dattier, directement nettoy\u00e9, class\u00e9 et emball\u00e9, ou transform\u00e9 en palmier-dattier hach\u00e9, le palmier-dattier doit d'abord \u00eatre nettoy\u00e9. La machine \u00e0 laver les dattes Medjool a non seulement une efficacit\u00e9 de nettoyage \u00e9lev\u00e9e et un bon effet de nettoyage, mais elle peut \u00e9galement \u00eatre personnalis\u00e9e en fonction de la demande de production de la transformation des dattes Medjool.<\/p>\n<h2>Caract\u00e9ristiques de la machine \u00e0 laver les dattes Medjool<\/h2>\n<p>1) La longueur, la largeur et le rendement de la machine \u00e0 laver les dattes peuvent \u00eatre personnalis\u00e9s en fonction de la demande.<\/p>\n<p>2) Fabriqu\u00e9e en acier inoxydable, la machine \u00e0 laver les dattes de m\u00e9djolaine a une longue dur\u00e9e de vie et une belle apparence.<\/p>\n<p>3. peut \u00eatre utilis\u00e9e seule, ou la machine \u00e0 laver les dattes medjool peut \u00eatre utilis\u00e9e avec la ligne de production en fonction de la technologie de traitement du palmier dattier.<\/p>\n<p>4. relativement compact et ne causant pas de pollution sonore pendant le fonctionnement.<\/p>\n<p>5. a une large gamme d'applications et peut nettoyer les fruits et l\u00e9gumes, les fruits de mer, les herbes et d'autres articles.<\/p>\n<p><img loading=\"lazy\" decoding=\"async\" class=\"alignnone size-full wp-image-1860\" src=\"https:\/\/www.datesprocessing.com\/wp-content\/uploads\/2022\/02\/dates-processing-machine.jpg\" alt=\"machine de traitement des dates\" width=\"1000\" height=\"600\" srcset=\"https:\/\/www.datesprocessing.com\/wp-content\/uploads\/2022\/02\/dates-processing-machine.jpg 1000w, https:\/\/www.datesprocessing.com\/wp-content\/uploads\/2022\/02\/dates-processing-machine-300x180.jpg 300w, https:\/\/www.datesprocessing.com\/wp-content\/uploads\/2022\/02\/dates-processing-machine-768x461.jpg 768w, https:\/\/www.datesprocessing.com\/wp-content\/uploads\/2022\/02\/dates-processing-machine-600x360.jpg 600w\" sizes=\"auto, (max-width: 1000px) 100vw, 1000px\" \/><\/p>\n<p>&nbsp;<\/p>\n<h2>Avantages des laveurs de dattes<\/h2>\n<p>1. le laveur de dates peut utiliser des pi\u00e8ces et des composants bien connus, et sa dur\u00e9e de vie est relativement longue.<\/p>\n<p>2. le degr\u00e9 d'automatisation du laveur de dattes est bon, et il n'est pas n\u00e9cessaire de gaspiller beaucoup de main-d'\u0153uvre.<\/p>\n<p>3) Les trois m\u00e9thodes de nettoyage combin\u00e9es (collecte de bulles d'air, sablage et pulv\u00e9risation) assurent une efficacit\u00e9 de nettoyage \u00e9lev\u00e9e et n'endommagent pas la surface du mat\u00e9riau.<\/p>\n<p>4. la machine adopte un syst\u00e8me de circulation de l'eau, ce qui permet de r\u00e9duire consid\u00e9rablement le gaspillage des ressources en eau.<\/p>\n<p>5. peut fournir des instructions d'installation et d'utilisation.<\/p>\n<p><iframe loading=\"lazy\" title=\"Dates Machine \u00e0 laver et \u00e0 s\u00e9cher personnalisable\" src=\"https:\/\/www.youtube.com\/embed\/--J8EA-uB0k\" width=\"630\" height=\"400\" frameborder=\"0\" allowfullscreen=\"allowfullscreen\"><span data-mce-type=\"bookmark\" style=\"display: inline-block; width: 0px; overflow: hidden; line-height: 0;\" class=\"mce_SELRES_start\">Bonjour, je suis un moteur de traduction. Veuillez me fournir le texte que vous souhaitez traduire en fran\u00e7ais.<\/span><\/iframe><\/p>\n<h2><\/h2>\n<h2>Principe de fonctionnement de la machine de traitement des dattes Medjool<\/h2>\n<p>La machine de traitement des dattes medjool est \u00e9quip\u00e9e d'un dispositif de g\u00e9n\u00e9ration de bulles, qui fait rouler les dattes, \u00e9limine les r\u00e9sidus de pesticides \u00e0 la surface des dattes et atteint l'objectif de nettoyage. La machine de traitement des dattes medjool est transport\u00e9e par une courroie \u00e0 mailles tout au long du processus, ce qui permet de nettoyer et de faire avancer les mat\u00e9riaux flottants et coulants. La pompe \u00e0 air vortex \u00e0 haute puissance distribue le fond du r\u00e9servoir \u00e0 travers le tuyau de gaz. Le traitement des dattes medjool se fait par un tuyau de pulv\u00e9risation au-dessus du r\u00e9servoir d'eau, qui coop\u00e8re avec les bulles d'air au fond du r\u00e9servoir pour que le mat\u00e9riau soit brass\u00e9 dans l'eau de mani\u00e8re efficace et ait un excellent effet de nettoyage.<\/p>\n<h2>Param\u00e8tres de la machine de traitement des dattes Medjool<\/h2>\n<table>\n<tbody>\n<tr>\n<td colspan=\"6\" width=\"568\">\n<p style=\"text-align: center;\">Machine \u00e0 laver les dattes Medjool<\/p>\n<\/td>\n<\/tr>\n<tr>\n<td width=\"89\">Mod\u00e8le<\/td>\n<td width=\"85\">Largeur de la bande de mailles<\/td>\n<td width=\"93\">Puissance de transmission<\/td>\n<td width=\"86\">Puissance de la pompe<\/td>\n<td width=\"86\">Puissance de la pompe \u00e0 air<\/td>\n<td width=\"127\">Dimensions\uff08MM\uff09<\/td>\n<\/tr>\n<tr>\n<td width=\"89\">GG-XQ2500A<\/td>\n<td width=\"85\">800<\/td>\n<td width=\"93\">0.75<\/td>\n<td width=\"86\">0.75<\/td>\n<td width=\"86\">2.2<\/td>\n<td width=\"127\">2725\u00d71504\u00d71329<\/td>\n<\/tr>\n<tr>\n<td width=\"89\">GG-XQ3000A<\/td>\n<td width=\"85\">800<\/td>\n<td width=\"93\">0.75<\/td>\n<td width=\"86\">0.75<\/td>\n<td width=\"86\">2.2<\/td>\n<td width=\"127\">3225\u00d71504\u00d71329<\/td>\n<\/tr>\n<tr>\n<td width=\"89\">GG-XQ3500A<\/td>\n<td width=\"85\">800<\/td>\n<td width=\"93\">0.75<\/td>\n<td width=\"86\">0.75<\/td>\n<td width=\"86\">2.2<\/td>\n<td width=\"127\">3725\u00d71504\u00d71329<\/td>\n<\/tr>\n<tr>\n<td width=\"89\">GG-XQ4000A<\/td>\n<td width=\"85\">800<\/td>\n<td width=\"93\">0.75<\/td>\n<td width=\"86\">0.75<\/td>\n<td width=\"86\">2.2<\/td>\n<td width=\"127\">4225\u00d71504\u00d71329<\/td>\n<\/tr>\n<tr>\n<td width=\"89\">GG-XQ5000A<\/td>\n<td width=\"85\">800<\/td>\n<td width=\"93\">1.5<\/td>\n<td width=\"86\">1.5<\/td>\n<td width=\"86\">4<\/td>\n<td width=\"127\">5225\u00d71504\u00d71329<\/td>\n<\/tr>\n<tr>\n<td width=\"89\">GG-XQ6000A<\/td>\n<td width=\"85\">800<\/td>\n<td width=\"93\">1.5<\/td>\n<td width=\"86\">1.5<\/td>\n<td width=\"86\">4<\/td>\n<td width=\"127\">6225\u00d71504\u00d71329<\/td>\n<\/tr>\n<\/tbody>\n<\/table>\n<p>&nbsp;<\/p>\n<p>Nous sommes un fabricant de machine \u00e0 laver les dattes medjool, nous pouvons personnaliser la machine de traitement des dattes medjool que vous voulez. En outre, nous avons \u00e9galement une machine \u00e0 trier les dattes, une machine \u00e0 couper les dattes, une machine \u00e0 fraiser les dattes, etc. N'h\u00e9sitez pas \u00e0 nous contacter si vous avez des besoins particuliers.<\/p>\n<hr \/>\n<h3 style=\"text-align: center;\">-Laissez un message pour une citation<\/h3>\n\n<div class=\"wpcf7 no-js\" id=\"wpcf7-f12-o1\" lang=\"en-US\" dir=\"ltr\">\n<div class=\"screen-reader-response\"><p role=\"status\" aria-live=\"polite\" aria-atomic=\"true\"><\/p> <ul><\/ul><\/div>\n<form action=\"\/fr\/wp-json\/wp\/v2\/product\/914#wpcf7-f12-o1\" method=\"post\" class=\"wpcf7-form init\" aria-label=\"Formulaire de contact\" novalidate=\"novalidate\" data-status=\"init\" data-trp-original-action=\"\/fr\/wp-json\/wp\/v2\/product\/914#wpcf7-f12-o1\">\n<div style=\"display: none;\">\n<input type=\"hidden\" name=\"_wpcf7\" value=\"12\" \/>\n<input type=\"hidden\" name=\"_wpcf7_version\" value=\"5.7.6\" \/>\n<input type=\"hidden\" name=\"_wpcf7_locale\" value=\"en_US\" \/>\n<input type=\"hidden\" name=\"_wpcf7_unit_tag\" value=\"wpcf7-f12-o1\" \/>\n<input type=\"hidden\" name=\"_wpcf7_container_post\" value=\"0\" \/>\n<input type=\"hidden\" name=\"_wpcf7_posted_data_hash\" value=\"\" \/>\n<\/div>\n<div class='proformleft'>\n\t<p><label> Votre nom<br \/>\n<span class=\"wpcf7-form-control-wrap\" data-name=\"your-name\"><input size=\"40\" class=\"wpcf7-form-control wpcf7-text\" aria-invalid=\"false\" value=\"\" type=\"text\" name=\"your-name\" \/><\/span> <\/label>\n\t<\/p>\n\t<p><label> *Votre Email<br \/>\n<span class=\"wpcf7-form-control-wrap\" data-name=\"your-email\"><input size=\"40\" class=\"wpcf7-form-control wpcf7-text wpcf7-email wpcf7-validates-as-required wpcf7-validates-as-email\" aria-required=\"true\" aria-invalid=\"false\" value=\"\" type=\"email\" name=\"your-email\" \/><\/span> <\/label>\n\t<\/p>\n\t<p><label> *Votre t\u00e9l\u00e9phone<br \/>\n<span class=\"wpcf7-form-control-wrap\" data-name=\"tel-173\"><input size=\"40\" class=\"wpcf7-form-control wpcf7-text wpcf7-tel wpcf7-validates-as-required wpcf7-validates-as-tel\" aria-required=\"true\" aria-invalid=\"false\" value=\"\" type=\"tel\" name=\"tel-173\" \/><\/span> <\/label>\n\t<\/p>\n\t<p><label> Votre pays<br \/>\n<span class=\"wpcf7-form-control-wrap\" data-name=\"your-country\"><input size=\"40\" class=\"wpcf7-form-control wpcf7-text\" aria-invalid=\"false\" value=\"\" type=\"text\" name=\"your-country\" \/><\/span> <\/label>\n\t<\/p>\n<\/div>\n<div class='proformright'>\n\t<p><label> *Votre message<br \/>\n<span class=\"wpcf7-form-control-wrap\" data-name=\"your-message\"><textarea cols=\"40\" rows=\"10\" class=\"wpcf7-form-control wpcf7-textarea wpcf7-validates-as-required\" aria-required=\"true\" aria-invalid=\"false\" name=\"your-message\"><\/textarea><\/span> <\/label>\n\t<\/p>\n\t<p><input class=\"wpcf7-form-control has-spinner wpcf7-submit\" type=\"submit\" value=\"Envoyer\" \/>\n\t<\/p>\n<\/div>\n<div style='clear:both'>\n<\/div><p style=\"display: none !important;\"><label>&#916;<textarea name=\"_wpcf7_ak_hp_textarea\" cols=\"45\" rows=\"8\" maxlength=\"100\"><\/textarea><\/label><input type=\"hidden\" id=\"ak_js\" name=\"_wpcf7_ak_js\" value=\"18\"\/><script>document.getElementById( \"ak_js\" ).setAttribute( \"value\", ( new Date() ).getTime() );<\/script><\/p><div class=\"wpcf7-response-output\" aria-hidden=\"true\"><\/div>\n<input type=\"hidden\" name=\"trp-form-language\" value=\"fr\"\/><\/form>\n<\/div>\n\n<p>&nbsp;<\/p>\n<div style='text-align:left' class='yasr-auto-insert-visitor'><\/div>","protected":false},"excerpt":{"rendered":"<p>Effet de nettoyage \u00e9lev\u00e9 ; bonne efficacit\u00e9 de travail ; peut \u00eatre personnalis\u00e9 en fonction de la production.<\/p>","protected":false},"featured_media":1858,"comment_status":"open","ping_status":"closed","template":"","meta":{"site-sidebar-layout":"default","site-content-layout":"default","ast-main-header-display":"","ast-hfb-above-header-display":"","ast-hfb-below-header-display":"","ast-hfb-mobile-header-display":"","site-post-title":"","ast-breadcrumbs-content":"","ast-featured-img":"","footer-sml-layout":"","theme-transparent-header-meta":"","adv-header-id-meta":"","stick-header-meta":"","header-above-stick-meta":"","header-main-stick-meta":"","header-below-stick-meta":"","yasr_overall_rating":4.9,"yasr_post_is_review":"","yasr_auto_insert_disabled":"","yasr_review_type":""},"product_cat":[15],"product_tag":[],"class_list":["post-914","product","type-product","status-publish","has-post-thumbnail","hentry","product_cat-products"],"yoast_head":"<!-- This site is optimized with the Yoast SEO plugin v23.2 - https:\/\/yoast.com\/wordpress\/plugins\/seo\/ -->\n<title>Medjool Dates Washing Machine For Medjool Dates Processing<\/title>\n<meta name=\"description\" content=\"Medjool dates washing machine is the main machine used for the pre-processing of date palm, which can effectively clean the date palm.\" \/>\n<meta name=\"robots\" content=\"index, follow, max-snippet:-1, max-image-preview:large, max-video-preview:-1\" \/>\n<link rel=\"canonical\" href=\"https:\/\/www.datesprocessing.com\/fr\/product\/medjool-dates-washing-machine\/\" \/>\n<meta property=\"og:locale\" content=\"fr_FR\" \/>\n<meta property=\"og:type\" content=\"article\" \/>\n<meta property=\"og:title\" content=\"Medjool Dates Washing Machine For Medjool Dates Processing\" \/>\n<meta property=\"og:description\" content=\"Medjool dates washing machine is the main machine used for the pre-processing of date palm, which can effectively clean the date palm.\" \/>\n<meta property=\"og:url\" content=\"https:\/\/www.datesprocessing.com\/fr\/product\/medjool-dates-washing-machine\/\" \/>\n<meta property=\"og:site_name\" content=\"datesprocessing\" \/>\n<meta property=\"article:modified_time\" content=\"2025-09-16T07:28:28+00:00\" \/>\n<meta property=\"og:image\" content=\"https:\/\/www.datesprocessing.com\/wp-content\/uploads\/2022\/02\/dates-washer.png\" \/>\n\t<meta property=\"og:image:width\" content=\"500\" \/>\n\t<meta property=\"og:image:height\" content=\"500\" \/>\n\t<meta property=\"og:image:type\" content=\"image\/png\" \/>\n<meta name=\"twitter:card\" content=\"summary_large_image\" \/>\n<meta name=\"twitter:label1\" content=\"Dur\u00e9e de lecture estim\u00e9e\" \/>\n\t<meta name=\"twitter:data1\" content=\"3 minutes\" \/>\n<script type=\"application\/ld+json\" class=\"yoast-schema-graph\">{\"@context\":\"https:\/\/schema.org\",\"@graph\":[{\"@type\":\"WebPage\",\"@id\":\"https:\/\/www.datesprocessing.com\/product\/medjool-dates-washing-machine\/\",\"url\":\"https:\/\/www.datesprocessing.com\/product\/medjool-dates-washing-machine\/\",\"name\":\"Medjool Dates Washing Machine For Medjool Dates Processing\",\"isPartOf\":{\"@id\":\"https:\/\/www.datesprocessing.com\/#website\"},\"primaryImageOfPage\":{\"@id\":\"https:\/\/www.datesprocessing.com\/product\/medjool-dates-washing-machine\/#primaryimage\"},\"image\":{\"@id\":\"https:\/\/www.datesprocessing.com\/product\/medjool-dates-washing-machine\/#primaryimage\"},\"thumbnailUrl\":\"https:\/\/www.datesprocessing.com\/wp-content\/uploads\/2022\/02\/dates-washer.png\",\"datePublished\":\"2022-02-21T05:56:34+00:00\",\"dateModified\":\"2025-09-16T07:28:28+00:00\",\"description\":\"Medjool dates washing machine is the main machine used for the pre-processing of date palm, which can effectively clean the date palm.\",\"breadcrumb\":{\"@id\":\"https:\/\/www.datesprocessing.com\/product\/medjool-dates-washing-machine\/#breadcrumb\"},\"inLanguage\":\"fr-FR\",\"potentialAction\":[{\"@type\":\"ReadAction\",\"target\":[\"https:\/\/www.datesprocessing.com\/product\/medjool-dates-washing-machine\/\"]}]},{\"@type\":\"ImageObject\",\"inLanguage\":\"fr-FR\",\"@id\":\"https:\/\/www.datesprocessing.com\/product\/medjool-dates-washing-machine\/#primaryimage\",\"url\":\"https:\/\/www.datesprocessing.com\/wp-content\/uploads\/2022\/02\/dates-washer.png\",\"contentUrl\":\"https:\/\/www.datesprocessing.com\/wp-content\/uploads\/2022\/02\/dates-washer.png\",\"width\":500,\"height\":500,\"caption\":\"dates-washer\"},{\"@type\":\"BreadcrumbList\",\"@id\":\"https:\/\/www.datesprocessing.com\/product\/medjool-dates-washing-machine\/#breadcrumb\",\"itemListElement\":[{\"@type\":\"ListItem\",\"position\":1,\"name\":\"Home\",\"item\":\"https:\/\/www.datesprocessing.com\/\"},{\"@type\":\"ListItem\",\"position\":2,\"name\":\"Products\",\"item\":\"https:\/\/www.datesprocessing.com\/products\/\"},{\"@type\":\"ListItem\",\"position\":3,\"name\":\"Medjool Dates Washing Machine For Medjool Dates Processing\"}]},{\"@type\":\"WebSite\",\"@id\":\"https:\/\/www.datesprocessing.com\/#website\",\"url\":\"https:\/\/www.datesprocessing.com\/\",\"name\":\"datesprocessing\",\"description\":\"\",\"publisher\":{\"@id\":\"https:\/\/www.datesprocessing.com\/#organization\"},\"potentialAction\":[{\"@type\":\"SearchAction\",\"target\":{\"@type\":\"EntryPoint\",\"urlTemplate\":\"https:\/\/www.datesprocessing.com\/?s={search_term_string}\"},\"query-input\":\"required name=search_term_string\"}],\"inLanguage\":\"fr-FR\"},{\"@type\":\"Organization\",\"@id\":\"https:\/\/www.datesprocessing.com\/#organization\",\"name\":\"datesprocessing\",\"url\":\"https:\/\/www.datesprocessing.com\/\",\"logo\":{\"@type\":\"ImageObject\",\"inLanguage\":\"fr-FR\",\"@id\":\"https:\/\/www.datesprocessing.com\/#\/schema\/logo\/image\/\",\"url\":\"https:\/\/www.datesprocessing.com\/wp-content\/uploads\/2022\/02\/cropped-cropped-5-1.png\",\"contentUrl\":\"https:\/\/www.datesprocessing.com\/wp-content\/uploads\/2022\/02\/cropped-cropped-5-1.png\",\"width\":365,\"height\":284,\"caption\":\"datesprocessing\"},\"image\":{\"@id\":\"https:\/\/www.datesprocessing.com\/#\/schema\/logo\/image\/\"}},false]}<\/script>\n<!-- \/ Yoast SEO plugin. -->","yoast_head_json":{"title":"Medjool Dates Washing Machine For Medjool Dates Processing","description":"Medjool dates washing machine is the main machine used for the pre-processing of date palm, which can effectively clean the date palm.","robots":{"index":"index","follow":"follow","max-snippet":"max-snippet:-1","max-image-preview":"max-image-preview:large","max-video-preview":"max-video-preview:-1"},"canonical":"https:\/\/www.datesprocessing.com\/fr\/product\/medjool-dates-washing-machine\/","og_locale":"fr_FR","og_type":"article","og_title":"Medjool Dates Washing Machine For Medjool Dates Processing","og_description":"Medjool dates washing machine is the main machine used for the pre-processing of date palm, which can effectively clean the date palm.","og_url":"https:\/\/www.datesprocessing.com\/fr\/product\/medjool-dates-washing-machine\/","og_site_name":"datesprocessing","article_modified_time":"2025-09-16T07:28:28+00:00","og_image":[{"width":500,"height":500,"url":"https:\/\/www.datesprocessing.com\/wp-content\/uploads\/2022\/02\/dates-washer.png","type":"image\/png"}],"twitter_card":"summary_large_image","twitter_misc":{"Dur\u00e9e de lecture estim\u00e9e":"3 minutes"},"schema":{"@context":"https:\/\/schema.org","@graph":[{"@type":"WebPage","@id":"https:\/\/www.datesprocessing.com\/product\/medjool-dates-washing-machine\/","url":"https:\/\/www.datesprocessing.com\/product\/medjool-dates-washing-machine\/","name":"Medjool Dates Washing Machine For Medjool Dates Processing","isPartOf":{"@id":"https:\/\/www.datesprocessing.com\/#website"},"primaryImageOfPage":{"@id":"https:\/\/www.datesprocessing.com\/product\/medjool-dates-washing-machine\/#primaryimage"},"image":{"@id":"https:\/\/www.datesprocessing.com\/product\/medjool-dates-washing-machine\/#primaryimage"},"thumbnailUrl":"https:\/\/www.datesprocessing.com\/wp-content\/uploads\/2022\/02\/dates-washer.png","datePublished":"2022-02-21T05:56:34+00:00","dateModified":"2025-09-16T07:28:28+00:00","description":"Medjool dates washing machine is the main machine used for the pre-processing of date palm, which can effectively clean the date palm.","breadcrumb":{"@id":"https:\/\/www.datesprocessing.com\/product\/medjool-dates-washing-machine\/#breadcrumb"},"inLanguage":"fr-FR","potentialAction":[{"@type":"ReadAction","target":["https:\/\/www.datesprocessing.com\/product\/medjool-dates-washing-machine\/"]}]},{"@type":"ImageObject","inLanguage":"fr-FR","@id":"https:\/\/www.datesprocessing.com\/product\/medjool-dates-washing-machine\/#primaryimage","url":"https:\/\/www.datesprocessing.com\/wp-content\/uploads\/2022\/02\/dates-washer.png","contentUrl":"https:\/\/www.datesprocessing.com\/wp-content\/uploads\/2022\/02\/dates-washer.png","width":500,"height":500,"caption":"dates-washer"},{"@type":"BreadcrumbList","@id":"https:\/\/www.datesprocessing.com\/product\/medjool-dates-washing-machine\/#breadcrumb","itemListElement":[{"@type":"ListItem","position":1,"name":"Home","item":"https:\/\/www.datesprocessing.com\/"},{"@type":"ListItem","position":2,"name":"Products","item":"https:\/\/www.datesprocessing.com\/products\/"},{"@type":"ListItem","position":3,"name":"Medjool Dates Washing Machine For Medjool Dates Processing"}]},{"@type":"WebSite","@id":"https:\/\/www.datesprocessing.com\/#website","url":"https:\/\/www.datesprocessing.com\/","name":"datesprocessing","description":"","publisher":{"@id":"https:\/\/www.datesprocessing.com\/#organization"},"potentialAction":[{"@type":"SearchAction","target":{"@type":"EntryPoint","urlTemplate":"https:\/\/www.datesprocessing.com\/?s={search_term_string}"},"query-input":"required name=search_term_string"}],"inLanguage":"fr-FR"},{"@type":"Organization","@id":"https:\/\/www.datesprocessing.com\/#organization","name":"datesprocessing","url":"https:\/\/www.datesprocessing.com\/","logo":{"@type":"ImageObject","inLanguage":"fr-FR","@id":"https:\/\/www.datesprocessing.com\/#\/schema\/logo\/image\/","url":"https:\/\/www.datesprocessing.com\/wp-content\/uploads\/2022\/02\/cropped-cropped-5-1.png","contentUrl":"https:\/\/www.datesprocessing.com\/wp-content\/uploads\/2022\/02\/cropped-cropped-5-1.png","width":365,"height":284,"caption":"datesprocessing"},"image":{"@id":"https:\/\/www.datesprocessing.com\/#\/schema\/logo\/image\/"}},false]}},"yasr_visitor_votes":{"stars_attributes":{"read_only":false,"span_bottom":false},"number_of_votes":1,"sum_votes":5},"_links":{"self":[{"href":"https:\/\/www.datesprocessing.com\/fr\/wp-json\/wp\/v2\/product\/914","targetHints":{"allow":["GET"]}}],"collection":[{"href":"https:\/\/www.datesprocessing.com\/fr\/wp-json\/wp\/v2\/product"}],"about":[{"href":"https:\/\/www.datesprocessing.com\/fr\/wp-json\/wp\/v2\/types\/product"}],"replies":[{"embeddable":true,"href":"https:\/\/www.datesprocessing.com\/fr\/wp-json\/wp\/v2\/comments?post=914"}],"version-history":[{"count":6,"href":"https:\/\/www.datesprocessing.com\/fr\/wp-json\/wp\/v2\/product\/914\/revisions"}],"predecessor-version":[{"id":2004,"href":"https:\/\/www.datesprocessing.com\/fr\/wp-json\/wp\/v2\/product\/914\/revisions\/2004"}],"wp:featuredmedia":[{"embeddable":true,"href":"https:\/\/www.datesprocessing.com\/fr\/wp-json\/wp\/v2\/media\/1858"}],"wp:attachment":[{"href":"https:\/\/www.datesprocessing.com\/fr\/wp-json\/wp\/v2\/media?parent=914"}],"wp:term":[{"taxonomy":"product_cat","embeddable":true,"href":"https:\/\/www.datesprocessing.com\/fr\/wp-json\/wp\/v2\/product_cat?post=914"},{"taxonomy":"product_tag","embeddable":true,"href":"https:\/\/www.datesprocessing.com\/fr\/wp-json\/wp\/v2\/product_tag?post=914"}],"curies":[{"name":"wp","href":"https:\/\/api.w.org\/{rel}","templated":true}]}}