{"id":907,"date":"2022-02-21T11:08:49","date_gmt":"2022-02-21T03:08:49","guid":{"rendered":"https:\/\/www.datesprocessing.com\/?post_type=product&#038;p=907"},"modified":"2025-09-16T15:31:58","modified_gmt":"2025-09-16T07:31:58","slug":"date-palm-cleaning-washer-machine","status":"publish","type":"product","link":"https:\/\/www.datesprocessing.com\/fr\/product\/date-palm-cleaning-washer-machine\/","title":{"rendered":"Machine \u00e0 laver pour le nettoyage des palmiers dattiers"},"content":{"rendered":"<h2>Introduction de la machine \u00e0 nettoyer les palmiers dattiers :<\/h2>\n<p>La machine \u00e0 nettoyer les palmiers dattiers est une machine dot\u00e9e d'un g\u00e9n\u00e9rateur d'ozone et d'un dispositif de production de bulles. Les bulles g\u00e9n\u00e9r\u00e9es par le syst\u00e8me de lavage des palmiers-dattiers roulent et frottent le palmier-dattier, simulant ainsi l'action humaine de nettoyage du palmier-dattier. Si un g\u00e9n\u00e9rateur d'ozone est ajout\u00e9 \u00e0 la machine \u00e0 laver les palmiers-dattiers, ceux-ci peuvent \u00e9galement \u00eatre st\u00e9rilis\u00e9s et d\u00e9sinfect\u00e9s. La machine \u00e0 laver les palmiers-dattiers est \u00e9galement personnalisable. La longueur et la largeur de la machine \u00e0 nettoyer les palmiers dattiers peuvent \u00eatre personnalis\u00e9es. La machine \u00e0 laver les palmiers-dattiers peut \u00eatre personnalis\u00e9e en fonction des besoins de production des clients. Elle peut \u00eatre utilis\u00e9e seule ou avec l'ensemble de la ligne de production.<\/p>\n<h2>Caract\u00e9ristiques de la machine \u00e0 nettoyer les palmiers dattiers :<\/h2>\n<p>1) Fabriqu\u00e9 en acier inoxydable, sans plomb et non toxique, le syst\u00e8me de lavage des palmiers-dattiers garantit la s\u00e9curit\u00e9 du traitement des palmiers-dattiers, est facile \u00e0 nettoyer et a une longue dur\u00e9e de vie.<\/p>\n<p>2. la machine \u00e0 nettoyer les palmiers dattiers est de structure simple, facile \u00e0 utiliser et \u00e0 entretenir.<\/p>\n<p>3. mettre en place un syst\u00e8me de circulation d'eau, le laveur de palmiers dattiers peut atteindre l'objectif d'\u00e9conomie des ressources en eau.<\/p>\n<p>4. la combinaison des bulles, du surf, du soul\u00e8vement, de la pulv\u00e9risation, etc. am\u00e9liore l'efficacit\u00e9 du nettoyage.<\/p>\n<p>5. \u00e9conomiser du temps et des co\u00fbts de main d'\u0153uvre, une seule personne peut effectuer l'op\u00e9ration de nettoyage du palmier dattier.<\/p>\n<p><img loading=\"lazy\" decoding=\"async\" class=\"alignleft wp-image-908 size-full\" src=\"http:\/\/www.datesprocessing.com\/wp-content\/uploads\/2022\/02\/27.png\" alt=\"Laveuse de palmiers dattiers\" width=\"1000\" height=\"600\" srcset=\"https:\/\/www.datesprocessing.com\/wp-content\/uploads\/2022\/02\/27.png 1000w, https:\/\/www.datesprocessing.com\/wp-content\/uploads\/2022\/02\/27-300x180.png 300w, https:\/\/www.datesprocessing.com\/wp-content\/uploads\/2022\/02\/27-768x461.png 768w, https:\/\/www.datesprocessing.com\/wp-content\/uploads\/2022\/02\/27-600x360.png 600w\" sizes=\"auto, (max-width: 1000px) 100vw, 1000px\" \/><\/p>\n<h2>Avantages du syst\u00e8me de lavage des palmiers dattiers :<\/h2>\n<p>1) Le pouvoir nettoyant est \u00e9lev\u00e9 et le syst\u00e8me de lavage du palmier dattier n'endommage pas la surface du fruit, ce qui peut garantir la couleur de la surface du fruit.<\/p>\n<p>2. cette machine \u00e0 laver les palmiers-dattiers a une large gamme d'applications, peut nettoyer une vari\u00e9t\u00e9 de fruits et de l\u00e9gumes, et peut \u00eatre utilis\u00e9e dans les restaurants, les \u00e9coles, les usines de transformation des aliments et d'autres occasions.<\/p>\n<p>3. la coque des pi\u00e8ces principales de la machine \u00e0 laver les dattes peut \u00eatre d\u00e9mont\u00e9e, et tous les tuyaux et les joints sont con\u00e7us avec des joints \u00e0 changement rapide, qui peuvent \u00eatre d\u00e9mont\u00e9s et assembl\u00e9s sans outils, et peuvent \u00eatre facilement nettoy\u00e9s.<\/p>\n<p>4. les palmiers dattiers nettoy\u00e9s par ce syst\u00e8me de lavage de palmiers dattiers ont un bon effet, le flux d'eau transport\u00e9, le lavage \u00e0 bulles, la protection du mat\u00e9riel contre les dommages, la simulation de l'action de base du nettoyage manuel pour nettoyer et ne pas endommager le mat\u00e9riel.<\/p>\n<p>5. la machine \u00e0 laver les palmiers dattiers peut \u00eatre personnalis\u00e9e en fonction de la demande de production et fournir des conseils op\u00e9rationnels.<\/p>\n<div class=\"ast-oembed-container\"><iframe loading=\"lazy\" title=\"Ligne de production de lavage et de s\u00e9chage \u00e0 l&#039;air du jujube\" width=\"500\" height=\"281\" src=\"https:\/\/www.youtube.com\/embed\/HM5wELjb5VI?feature=oembed\" frameborder=\"0\" allow=\"accelerometer; autoplay; clipboard-write; encrypted-media; gyroscope; picture-in-picture; web-share\" referrerpolicy=\"strict-origin-when-cross-origin\" allowfullscreen><\/iframe><\/div>\n<h2>Principe de fonctionnement de la machine \u00e0 nettoyer les palmiers dattiers :<\/h2>\n<p>Le palmier dattier entre dans le r\u00e9servoir d'eau et est enti\u00e8rement dispers\u00e9, roul\u00e9, nettoy\u00e9 et transport\u00e9 sous l'action d'un flux d'eau \u00e0 haute pression et de fortes bulles d'air. Les s\u00e9diments \u00e9lu\u00e9s de la surface du palmier dattier coulent au fond. Dans le traitement des impuret\u00e9s pr\u00e9cipit\u00e9es, la circulation de l'eau de la pompe de circulation permet aux impuret\u00e9s de p\u00e9n\u00e9trer dans le r\u00e9servoir de circulation d'eau. Le dispositif de filtrage du r\u00e9servoir d'eau peut \u00eatre librement d\u00e9mont\u00e9, les impuret\u00e9s filtr\u00e9es sont laiss\u00e9es dans le r\u00e9servoir d'eau et les objets flottants sont \u00e9vacu\u00e9s par l'orifice de d\u00e9bordement sup\u00e9rieur afin de garantir que le r\u00e9servoir d'eau est propre en m\u00eame temps. Ainsi, la machine \u00e0 laver les palmiers-dattiers peut \u00e9liminer les impuret\u00e9s \u00e0 temps et garantir l'effet de nettoyage du produit.<\/p>\n<h2>Machine de nettoyage de palmiers dattiers Param\u00e8tres :<\/h2>\n<table>\n<tbody>\n<tr>\n<td style=\"text-align: center;\" colspan=\"6\" width=\"568\">Machine \u00e0 nettoyer les palmiers dattiers<\/td>\n<\/tr>\n<tr>\n<td width=\"89\">Mod\u00e8le<\/td>\n<td width=\"85\">Largeur de la bande de mailles<\/td>\n<td width=\"93\">Puissance de transmission<\/td>\n<td width=\"86\">Puissance de la pompe<\/td>\n<td width=\"86\">Puissance de la pompe \u00e0 air<\/td>\n<td width=\"127\">Dimensions\uff08MM\uff09<\/td>\n<\/tr>\n<tr>\n<td width=\"89\">GG-XQ2500A<\/td>\n<td width=\"85\">800<\/td>\n<td width=\"93\">0.75<\/td>\n<td width=\"86\">0.75<\/td>\n<td width=\"86\">2.2<\/td>\n<td width=\"127\">2725\u00d71504\u00d71329<\/td>\n<\/tr>\n<tr>\n<td width=\"89\">GG-XQ3000A<\/td>\n<td width=\"85\">800<\/td>\n<td width=\"93\">0.75<\/td>\n<td width=\"86\">0.75<\/td>\n<td width=\"86\">2.2<\/td>\n<td width=\"127\">3225\u00d71504\u00d71329<\/td>\n<\/tr>\n<tr>\n<td width=\"89\">GG-XQ3500A<\/td>\n<td width=\"85\">800<\/td>\n<td width=\"93\">0.75<\/td>\n<td width=\"86\">0.75<\/td>\n<td width=\"86\">2.2<\/td>\n<td width=\"127\">3725\u00d71504\u00d71329<\/td>\n<\/tr>\n<tr>\n<td width=\"89\">GG-XQ4000A<\/td>\n<td width=\"85\">800<\/td>\n<td width=\"93\">0.75<\/td>\n<td width=\"86\">0.75<\/td>\n<td width=\"86\">2.2<\/td>\n<td width=\"127\">4225\u00d71504\u00d71329<\/td>\n<\/tr>\n<tr>\n<td width=\"89\">GG-XQ5000A<\/td>\n<td width=\"85\">800<\/td>\n<td width=\"93\">1.5<\/td>\n<td width=\"86\">1.5<\/td>\n<td width=\"86\">4<\/td>\n<td width=\"127\">5225\u00d71504\u00d71329<\/td>\n<\/tr>\n<tr>\n<td width=\"89\">GG-XQ6000A<\/td>\n<td width=\"85\">800<\/td>\n<td width=\"93\">1.5<\/td>\n<td width=\"86\">1.5<\/td>\n<td width=\"86\">4<\/td>\n<td width=\"127\">6225\u00d71504\u00d71329<\/td>\n<\/tr>\n<\/tbody>\n<\/table>\n<p>Nous sommes un fabricant et fournisseur de machines \u00e0 nettoyer les palmiers dattiers, sp\u00e9cialis\u00e9 dans la recherche et la production de machines \u00e0 laver les palmiers dattiers depuis plus de dix ans. Si n\u00e9cessaire, vous pouvez nous contacter pour une personnalisation.<\/p>\n<hr \/>\n<h3 style=\"text-align: center;\">-Laissez un message pour une citation<\/h3>\n\n<div class=\"wpcf7 no-js\" id=\"wpcf7-f12-o1\" lang=\"en-US\" dir=\"ltr\">\n<div class=\"screen-reader-response\"><p role=\"status\" aria-live=\"polite\" aria-atomic=\"true\"><\/p> <ul><\/ul><\/div>\n<form action=\"\/fr\/wp-json\/wp\/v2\/product\/907#wpcf7-f12-o1\" method=\"post\" class=\"wpcf7-form init\" aria-label=\"Formulaire de contact\" novalidate=\"novalidate\" data-status=\"init\" data-trp-original-action=\"\/fr\/wp-json\/wp\/v2\/product\/907#wpcf7-f12-o1\">\n<div style=\"display: none;\">\n<input type=\"hidden\" name=\"_wpcf7\" value=\"12\" \/>\n<input type=\"hidden\" name=\"_wpcf7_version\" value=\"5.7.6\" \/>\n<input type=\"hidden\" name=\"_wpcf7_locale\" value=\"en_US\" \/>\n<input type=\"hidden\" name=\"_wpcf7_unit_tag\" value=\"wpcf7-f12-o1\" \/>\n<input type=\"hidden\" name=\"_wpcf7_container_post\" value=\"0\" \/>\n<input type=\"hidden\" name=\"_wpcf7_posted_data_hash\" value=\"\" \/>\n<\/div>\n<div class='proformleft'>\n\t<p><label> Votre nom<br \/>\n<span class=\"wpcf7-form-control-wrap\" data-name=\"your-name\"><input size=\"40\" class=\"wpcf7-form-control wpcf7-text\" aria-invalid=\"false\" value=\"\" type=\"text\" name=\"your-name\" \/><\/span> <\/label>\n\t<\/p>\n\t<p><label> *Votre Email<br \/>\n<span class=\"wpcf7-form-control-wrap\" data-name=\"your-email\"><input size=\"40\" class=\"wpcf7-form-control wpcf7-text wpcf7-email wpcf7-validates-as-required wpcf7-validates-as-email\" aria-required=\"true\" aria-invalid=\"false\" value=\"\" type=\"email\" name=\"your-email\" \/><\/span> <\/label>\n\t<\/p>\n\t<p><label> *Votre t\u00e9l\u00e9phone<br \/>\n<span class=\"wpcf7-form-control-wrap\" data-name=\"tel-173\"><input size=\"40\" class=\"wpcf7-form-control wpcf7-text wpcf7-tel wpcf7-validates-as-required wpcf7-validates-as-tel\" aria-required=\"true\" aria-invalid=\"false\" value=\"\" type=\"tel\" name=\"tel-173\" \/><\/span> <\/label>\n\t<\/p>\n\t<p><label> Votre pays<br \/>\n<span class=\"wpcf7-form-control-wrap\" data-name=\"your-country\"><input size=\"40\" class=\"wpcf7-form-control wpcf7-text\" aria-invalid=\"false\" value=\"\" type=\"text\" name=\"your-country\" \/><\/span> <\/label>\n\t<\/p>\n<\/div>\n<div class='proformright'>\n\t<p><label> *Votre message<br \/>\n<span class=\"wpcf7-form-control-wrap\" data-name=\"your-message\"><textarea cols=\"40\" rows=\"10\" class=\"wpcf7-form-control wpcf7-textarea wpcf7-validates-as-required\" aria-required=\"true\" aria-invalid=\"false\" name=\"your-message\"><\/textarea><\/span> <\/label>\n\t<\/p>\n\t<p><input class=\"wpcf7-form-control has-spinner wpcf7-submit\" type=\"submit\" value=\"Envoyer\" \/>\n\t<\/p>\n<\/div>\n<div style='clear:both'>\n<\/div><p style=\"display: none !important;\"><label>&#916;<textarea name=\"_wpcf7_ak_hp_textarea\" cols=\"45\" rows=\"8\" maxlength=\"100\"><\/textarea><\/label><input type=\"hidden\" id=\"ak_js\" name=\"_wpcf7_ak_js\" value=\"232\"\/><script>document.getElementById( \"ak_js\" ).setAttribute( \"value\", ( new Date() ).getTime() );<\/script><\/p><div class=\"wpcf7-response-output\" aria-hidden=\"true\"><\/div>\n<input type=\"hidden\" name=\"trp-form-language\" value=\"fr\"\/><\/form>\n<\/div>\n\n<div style='text-align:left' class='yasr-auto-insert-visitor'><\/div>","protected":false},"excerpt":{"rendered":"<p>Peut nettoyer toutes sortes de dates ; mat\u00e9riau en acier inoxydable, longue dur\u00e9e de vie ; grande efficacit\u00e9.<\/p>","protected":false},"featured_media":909,"comment_status":"open","ping_status":"closed","template":"","meta":{"site-sidebar-layout":"default","site-content-layout":"default","ast-main-header-display":"","ast-hfb-above-header-display":"","ast-hfb-below-header-display":"","ast-hfb-mobile-header-display":"","site-post-title":"","ast-breadcrumbs-content":"","ast-featured-img":"","footer-sml-layout":"","theme-transparent-header-meta":"","adv-header-id-meta":"","stick-header-meta":"","header-above-stick-meta":"","header-main-stick-meta":"","header-below-stick-meta":"","yasr_overall_rating":4.8,"yasr_post_is_review":"","yasr_auto_insert_disabled":"","yasr_review_type":""},"product_cat":[15],"product_tag":[],"class_list":["post-907","product","type-product","status-publish","has-post-thumbnail","hentry","product_cat-products"],"yoast_head":"<!-- This site is optimized with the Yoast SEO plugin v23.2 - https:\/\/yoast.com\/wordpress\/plugins\/seo\/ -->\n<title>Date Palm Cleaning Washer Machine<\/title>\n<meta name=\"description\" content=\"We are manufacturer of date palm cleaning machine, date palm cleaning machine can be customized according to the output.easy to operate\" \/>\n<meta name=\"robots\" content=\"index, follow, max-snippet:-1, max-image-preview:large, max-video-preview:-1\" \/>\n<link rel=\"canonical\" href=\"https:\/\/www.datesprocessing.com\/fr\/product\/date-palm-cleaning-washer-machine\/\" \/>\n<meta property=\"og:locale\" content=\"fr_FR\" \/>\n<meta property=\"og:type\" content=\"article\" \/>\n<meta property=\"og:title\" content=\"Date Palm Cleaning Washer Machine\" \/>\n<meta property=\"og:description\" content=\"We are manufacturer of date palm cleaning machine, date palm cleaning machine can be customized according to the output.easy to operate\" \/>\n<meta property=\"og:url\" content=\"https:\/\/www.datesprocessing.com\/fr\/product\/date-palm-cleaning-washer-machine\/\" \/>\n<meta property=\"og:site_name\" content=\"datesprocessing\" \/>\n<meta property=\"article:modified_time\" content=\"2025-09-16T07:31:58+00:00\" \/>\n<meta property=\"og:image\" content=\"https:\/\/www.datesprocessing.com\/wp-content\/uploads\/2022\/02\/24.png\" \/>\n\t<meta property=\"og:image:width\" content=\"500\" \/>\n\t<meta property=\"og:image:height\" content=\"500\" \/>\n\t<meta property=\"og:image:type\" content=\"image\/png\" \/>\n<meta name=\"twitter:card\" content=\"summary_large_image\" \/>\n<meta name=\"twitter:label1\" content=\"Dur\u00e9e de lecture estim\u00e9e\" \/>\n\t<meta name=\"twitter:data1\" content=\"4 minutes\" \/>\n<script type=\"application\/ld+json\" class=\"yoast-schema-graph\">{\"@context\":\"https:\/\/schema.org\",\"@graph\":[{\"@type\":\"WebPage\",\"@id\":\"https:\/\/www.datesprocessing.com\/product\/date-palm-cleaning-washer-machine\/\",\"url\":\"https:\/\/www.datesprocessing.com\/product\/date-palm-cleaning-washer-machine\/\",\"name\":\"Date Palm Cleaning Washer Machine\",\"isPartOf\":{\"@id\":\"https:\/\/www.datesprocessing.com\/#website\"},\"primaryImageOfPage\":{\"@id\":\"https:\/\/www.datesprocessing.com\/product\/date-palm-cleaning-washer-machine\/#primaryimage\"},\"image\":{\"@id\":\"https:\/\/www.datesprocessing.com\/product\/date-palm-cleaning-washer-machine\/#primaryimage\"},\"thumbnailUrl\":\"https:\/\/www.datesprocessing.com\/wp-content\/uploads\/2022\/02\/24.png\",\"datePublished\":\"2022-02-21T03:08:49+00:00\",\"dateModified\":\"2025-09-16T07:31:58+00:00\",\"description\":\"We are manufacturer of date palm cleaning machine, date palm cleaning machine can be customized according to the output.easy to operate\",\"breadcrumb\":{\"@id\":\"https:\/\/www.datesprocessing.com\/product\/date-palm-cleaning-washer-machine\/#breadcrumb\"},\"inLanguage\":\"fr-FR\",\"potentialAction\":[{\"@type\":\"ReadAction\",\"target\":[\"https:\/\/www.datesprocessing.com\/product\/date-palm-cleaning-washer-machine\/\"]}]},{\"@type\":\"ImageObject\",\"inLanguage\":\"fr-FR\",\"@id\":\"https:\/\/www.datesprocessing.com\/product\/date-palm-cleaning-washer-machine\/#primaryimage\",\"url\":\"https:\/\/www.datesprocessing.com\/wp-content\/uploads\/2022\/02\/24.png\",\"contentUrl\":\"https:\/\/www.datesprocessing.com\/wp-content\/uploads\/2022\/02\/24.png\",\"width\":500,\"height\":500,\"caption\":\"date palm cleaning machine\"},{\"@type\":\"BreadcrumbList\",\"@id\":\"https:\/\/www.datesprocessing.com\/product\/date-palm-cleaning-washer-machine\/#breadcrumb\",\"itemListElement\":[{\"@type\":\"ListItem\",\"position\":1,\"name\":\"Home\",\"item\":\"https:\/\/www.datesprocessing.com\/\"},{\"@type\":\"ListItem\",\"position\":2,\"name\":\"Products\",\"item\":\"https:\/\/www.datesprocessing.com\/products\/\"},{\"@type\":\"ListItem\",\"position\":3,\"name\":\"Date Palm Cleaning Washer Machine\"}]},{\"@type\":\"WebSite\",\"@id\":\"https:\/\/www.datesprocessing.com\/#website\",\"url\":\"https:\/\/www.datesprocessing.com\/\",\"name\":\"datesprocessing\",\"description\":\"\",\"publisher\":{\"@id\":\"https:\/\/www.datesprocessing.com\/#organization\"},\"potentialAction\":[{\"@type\":\"SearchAction\",\"target\":{\"@type\":\"EntryPoint\",\"urlTemplate\":\"https:\/\/www.datesprocessing.com\/?s={search_term_string}\"},\"query-input\":\"required name=search_term_string\"}],\"inLanguage\":\"fr-FR\"},{\"@type\":\"Organization\",\"@id\":\"https:\/\/www.datesprocessing.com\/#organization\",\"name\":\"datesprocessing\",\"url\":\"https:\/\/www.datesprocessing.com\/\",\"logo\":{\"@type\":\"ImageObject\",\"inLanguage\":\"fr-FR\",\"@id\":\"https:\/\/www.datesprocessing.com\/#\/schema\/logo\/image\/\",\"url\":\"https:\/\/www.datesprocessing.com\/wp-content\/uploads\/2022\/02\/cropped-cropped-5-1.png\",\"contentUrl\":\"https:\/\/www.datesprocessing.com\/wp-content\/uploads\/2022\/02\/cropped-cropped-5-1.png\",\"width\":365,\"height\":284,\"caption\":\"datesprocessing\"},\"image\":{\"@id\":\"https:\/\/www.datesprocessing.com\/#\/schema\/logo\/image\/\"}},false]}<\/script>\n<!-- \/ Yoast SEO plugin. -->","yoast_head_json":{"title":"Date Palm Cleaning Washer Machine","description":"We are manufacturer of date palm cleaning machine, date palm cleaning machine can be customized according to the output.easy to operate","robots":{"index":"index","follow":"follow","max-snippet":"max-snippet:-1","max-image-preview":"max-image-preview:large","max-video-preview":"max-video-preview:-1"},"canonical":"https:\/\/www.datesprocessing.com\/fr\/product\/date-palm-cleaning-washer-machine\/","og_locale":"fr_FR","og_type":"article","og_title":"Date Palm Cleaning Washer Machine","og_description":"We are manufacturer of date palm cleaning machine, date palm cleaning machine can be customized according to the output.easy to operate","og_url":"https:\/\/www.datesprocessing.com\/fr\/product\/date-palm-cleaning-washer-machine\/","og_site_name":"datesprocessing","article_modified_time":"2025-09-16T07:31:58+00:00","og_image":[{"width":500,"height":500,"url":"https:\/\/www.datesprocessing.com\/wp-content\/uploads\/2022\/02\/24.png","type":"image\/png"}],"twitter_card":"summary_large_image","twitter_misc":{"Dur\u00e9e de lecture estim\u00e9e":"4 minutes"},"schema":{"@context":"https:\/\/schema.org","@graph":[{"@type":"WebPage","@id":"https:\/\/www.datesprocessing.com\/product\/date-palm-cleaning-washer-machine\/","url":"https:\/\/www.datesprocessing.com\/product\/date-palm-cleaning-washer-machine\/","name":"Date Palm Cleaning Washer Machine","isPartOf":{"@id":"https:\/\/www.datesprocessing.com\/#website"},"primaryImageOfPage":{"@id":"https:\/\/www.datesprocessing.com\/product\/date-palm-cleaning-washer-machine\/#primaryimage"},"image":{"@id":"https:\/\/www.datesprocessing.com\/product\/date-palm-cleaning-washer-machine\/#primaryimage"},"thumbnailUrl":"https:\/\/www.datesprocessing.com\/wp-content\/uploads\/2022\/02\/24.png","datePublished":"2022-02-21T03:08:49+00:00","dateModified":"2025-09-16T07:31:58+00:00","description":"We are manufacturer of date palm cleaning machine, date palm cleaning machine can be customized according to the output.easy to operate","breadcrumb":{"@id":"https:\/\/www.datesprocessing.com\/product\/date-palm-cleaning-washer-machine\/#breadcrumb"},"inLanguage":"fr-FR","potentialAction":[{"@type":"ReadAction","target":["https:\/\/www.datesprocessing.com\/product\/date-palm-cleaning-washer-machine\/"]}]},{"@type":"ImageObject","inLanguage":"fr-FR","@id":"https:\/\/www.datesprocessing.com\/product\/date-palm-cleaning-washer-machine\/#primaryimage","url":"https:\/\/www.datesprocessing.com\/wp-content\/uploads\/2022\/02\/24.png","contentUrl":"https:\/\/www.datesprocessing.com\/wp-content\/uploads\/2022\/02\/24.png","width":500,"height":500,"caption":"date palm cleaning machine"},{"@type":"BreadcrumbList","@id":"https:\/\/www.datesprocessing.com\/product\/date-palm-cleaning-washer-machine\/#breadcrumb","itemListElement":[{"@type":"ListItem","position":1,"name":"Home","item":"https:\/\/www.datesprocessing.com\/"},{"@type":"ListItem","position":2,"name":"Products","item":"https:\/\/www.datesprocessing.com\/products\/"},{"@type":"ListItem","position":3,"name":"Date Palm Cleaning Washer Machine"}]},{"@type":"WebSite","@id":"https:\/\/www.datesprocessing.com\/#website","url":"https:\/\/www.datesprocessing.com\/","name":"datesprocessing","description":"","publisher":{"@id":"https:\/\/www.datesprocessing.com\/#organization"},"potentialAction":[{"@type":"SearchAction","target":{"@type":"EntryPoint","urlTemplate":"https:\/\/www.datesprocessing.com\/?s={search_term_string}"},"query-input":"required name=search_term_string"}],"inLanguage":"fr-FR"},{"@type":"Organization","@id":"https:\/\/www.datesprocessing.com\/#organization","name":"datesprocessing","url":"https:\/\/www.datesprocessing.com\/","logo":{"@type":"ImageObject","inLanguage":"fr-FR","@id":"https:\/\/www.datesprocessing.com\/#\/schema\/logo\/image\/","url":"https:\/\/www.datesprocessing.com\/wp-content\/uploads\/2022\/02\/cropped-cropped-5-1.png","contentUrl":"https:\/\/www.datesprocessing.com\/wp-content\/uploads\/2022\/02\/cropped-cropped-5-1.png","width":365,"height":284,"caption":"datesprocessing"},"image":{"@id":"https:\/\/www.datesprocessing.com\/#\/schema\/logo\/image\/"}},false]}},"yasr_visitor_votes":{"stars_attributes":{"read_only":false,"span_bottom":false},"number_of_votes":1,"sum_votes":5},"_links":{"self":[{"href":"https:\/\/www.datesprocessing.com\/fr\/wp-json\/wp\/v2\/product\/907","targetHints":{"allow":["GET"]}}],"collection":[{"href":"https:\/\/www.datesprocessing.com\/fr\/wp-json\/wp\/v2\/product"}],"about":[{"href":"https:\/\/www.datesprocessing.com\/fr\/wp-json\/wp\/v2\/types\/product"}],"replies":[{"embeddable":true,"href":"https:\/\/www.datesprocessing.com\/fr\/wp-json\/wp\/v2\/comments?post=907"}],"version-history":[{"count":5,"href":"https:\/\/www.datesprocessing.com\/fr\/wp-json\/wp\/v2\/product\/907\/revisions"}],"predecessor-version":[{"id":2006,"href":"https:\/\/www.datesprocessing.com\/fr\/wp-json\/wp\/v2\/product\/907\/revisions\/2006"}],"wp:featuredmedia":[{"embeddable":true,"href":"https:\/\/www.datesprocessing.com\/fr\/wp-json\/wp\/v2\/media\/909"}],"wp:attachment":[{"href":"https:\/\/www.datesprocessing.com\/fr\/wp-json\/wp\/v2\/media?parent=907"}],"wp:term":[{"taxonomy":"product_cat","embeddable":true,"href":"https:\/\/www.datesprocessing.com\/fr\/wp-json\/wp\/v2\/product_cat?post=907"},{"taxonomy":"product_tag","embeddable":true,"href":"https:\/\/www.datesprocessing.com\/fr\/wp-json\/wp\/v2\/product_tag?post=907"}],"curies":[{"name":"wp","href":"https:\/\/api.w.org\/{rel}","templated":true}]}}