{"id":884,"date":"2022-02-18T11:24:21","date_gmt":"2022-02-18T03:24:21","guid":{"rendered":"https:\/\/www.datesprocessing.com\/?post_type=product&#038;p=884"},"modified":"2026-02-06T21:32:48","modified_gmt":"2026-02-06T13:32:48","slug":"dates-cleaning-machine","status":"publish","type":"product","link":"https:\/\/www.datesprocessing.com\/fr\/product\/dates-cleaning-machine\/","title":{"rendered":"Machine \u00e0 laver les dattes commerciale Machine \u00e0 nettoyer les dattes"},"content":{"rendered":"<h2>Introduction de la machine \u00e0 laver les dattes<\/h2>\n<p>La machine de nettoyage des dattes est un produit important dans la cha\u00eene de production des palmiers-dattiers, principalement utilis\u00e9 pour le nettoyage des dattes. Le principe de la machine \u00e0 nettoyer les dattes consiste principalement \u00e0 utiliser une quantit\u00e9 appropri\u00e9e d'eau dans la partie avant de la bo\u00eete. La propulsion, lorsque la surface de l'eau est \u00e9quip\u00e9e d'une t\u00eate d'arrosage, d'un rin\u00e7age \u00e0 haute pression. Un dispositif de g\u00e9n\u00e9ration d'ozone peut \u00eatre ajout\u00e9 pour st\u00e9riliser les dattes. La machine \u00e0 laver les dattes peut \u00eatre personnalis\u00e9e en fonction des besoins de la production.<\/p>\n<h2>Date Caract\u00e9ristiques du lave-linge<\/h2>\n<p>1) La machine \u00e0 laver est fabriqu\u00e9e en acier inoxydable, ce qui lui conf\u00e8re une longue dur\u00e9e de vie et une bonne r\u00e9sistance \u00e0 la corrosion.<\/p>\n<p>2. cette machine de nettoyage de dates convient au nettoyage d'une vari\u00e9t\u00e9 de mat\u00e9riaux et convient aux l\u00e9gumes, aux fruits, aux fruits de mer, etc. d'un seul lot de mat\u00e9riaux.<\/p>\n<p>3. cette machine de nettoyage des dattes est \u00e9quip\u00e9e d'une pompe \u00e0 eau de circulation et d'un r\u00e9servoir d'eau filtr\u00e9e pour r\u00e9aliser le recyclage de l'eau de nettoyage, \u00e9conomiser l'eau, et compl\u00e9ter et remplacer l'eau neuve en fonction de la production r\u00e9elle et de la technologie de traitement.<\/p>\n<p>4. la machine \u00e0 laver les dattes est \u00e9quip\u00e9e d'un dispositif de pulv\u00e9risation, qui asperge le produit pendant le processus d'acheminement vers le processus suivant apr\u00e8s le nettoyage, afin de r\u00e9duire la pollution secondaire.<\/p>\n<p>5. la bo\u00eete est \u00e9quip\u00e9e d'un dispositif d'arriv\u00e9e d'eau, qui peut assurer la fonction d'alimentation automatique en eau.<\/p>\n<p><img loading=\"lazy\" decoding=\"async\" class=\"alignnone size-full wp-image-1579\" src=\"https:\/\/www.datesprocessing.com\/wp-content\/uploads\/2022\/02\/date-washing-machine-price.jpg\" alt=\"prix de la machine \u00e0 laver les dattes\" width=\"800\" height=\"600\" srcset=\"https:\/\/www.datesprocessing.com\/wp-content\/uploads\/2022\/02\/date-washing-machine-price.jpg 800w, https:\/\/www.datesprocessing.com\/wp-content\/uploads\/2022\/02\/date-washing-machine-price-300x225.jpg 300w, https:\/\/www.datesprocessing.com\/wp-content\/uploads\/2022\/02\/date-washing-machine-price-768x576.jpg 768w, https:\/\/www.datesprocessing.com\/wp-content\/uploads\/2022\/02\/date-washing-machine-price-600x450.jpg 600w\" sizes=\"auto, (max-width: 800px) 100vw, 800px\" \/><\/p>\n<p>&nbsp;<\/p>\n<h2>Avantages des machines de nettoyage de dattes<\/h2>\n<p>1. haute efficacit\u00e9 de nettoyage, sous la double action des bulles d'air et du spray, la machine \u00e0 laver les dattes peut \u00eatre nettoy\u00e9e dans toutes les directions et sous plusieurs angles.<\/p>\n<p>2. l'eau peut \u00eatre chang\u00e9e efficacement, le grand robinet de vidange, la d\u00e9charge est efficace, et la machine de nettoyage des dattes est facile \u00e0 nettoyer et \u00e0 entretenir.<\/p>\n<p>3. le transport de l'eau, le lavage des bulles, la protection des mat\u00e9riaux contre les dommages, la simulation de l'action de base du nettoyage manuel et l'\u00e9vitement efficace des bosses et des rayures au cours du processus de nettoyage manuel.<\/p>\n<p>4. une large gamme d'applications, adapt\u00e9es au nettoyage et au traitement de divers fruits et l\u00e9gumes, fruits de mer et plantes m\u00e9dicinales chinoises, et pouvant \u00e9galement \u00eatre personnalis\u00e9es en fonction des besoins de l'utilisateur.<\/p>\n<h2><iframe loading=\"lazy\" title=\"Ligne de traitement des dattes avec machine de nettoyage et de s\u00e9chage\" src=\"https:\/\/www.youtube.com\/embed\/bO143yzxCZk\" width=\"750\" height=\"500\" frameborder=\"0\" allowfullscreen=\"allowfullscreen\"><span data-mce-type=\"bookmark\" style=\"display: inline-block; width: 0px; overflow: hidden; line-height: 0;\" class=\"mce_SELRES_start\"><\/span><\/iframe><\/h2>\n<h2>Principe de fonctionnement d'une machine \u00e0 laver les dattes<\/h2>\n<p>Tout d'abord, la machine \u00e0 laver les dattes est n\u00e9cessaire pour mettre toutes les dattes nettoy\u00e9es dans l'\u00e9vier. Sous l'action d'un flux d'eau \u00e0 haute pression et de fortes bulles d'air, les dattes sont enti\u00e8rement dispers\u00e9es, roul\u00e9es, nettoy\u00e9es et transport\u00e9es. Les s\u00e9diments \u00e0 la surface du palmier dattier tombent, et la machine de nettoyage \u00e0 bande en maille se d\u00e9pose dans le bac d'isolation inf\u00e9rieur pour emp\u00eacher la re-pollution caus\u00e9e par le retournement et le reflux. La machine \u00e0 laver les dattes adopte une version am\u00e9lior\u00e9e de la pompe \u00e0 eau et une version \u00e9largie de la sortie d'eau pour assurer l'effet de pr\u00e9lavage et l'efficacit\u00e9 de l'\u00e9vacuation de l'eau des mat\u00e9riaux dans le silo. La sortie est \u00e9quip\u00e9e d'un dispositif de pulv\u00e9risation apr\u00e8s le rin\u00e7age secondaire afin d'assurer un nettoyage complet.<\/p>\n<h2>Date Param\u00e8tres de la machine \u00e0 laver<\/h2>\n<table>\n<tbody>\n<tr>\n<td style=\"text-align: center;\" colspan=\"6\" width=\"568\">Date Machine \u00e0 laver<\/td>\n<\/tr>\n<tr>\n<td width=\"89\">Mod\u00e8le<\/td>\n<td width=\"85\">Largeur de la bande de mailles<\/td>\n<td width=\"93\">Puissance de transmission<\/td>\n<td width=\"86\">Puissance de la pompe<\/td>\n<td width=\"86\">Puissance de la pompe \u00e0 air<\/td>\n<td width=\"127\">Dimensions\uff08MM\uff09<\/td>\n<\/tr>\n<tr>\n<td width=\"89\">GG-XQ2500A<\/td>\n<td width=\"85\">800<\/td>\n<td width=\"93\">0.75<\/td>\n<td width=\"86\">0.75<\/td>\n<td width=\"86\">2.2<\/td>\n<td width=\"127\">2725\u00d71504\u00d71329<\/td>\n<\/tr>\n<tr>\n<td width=\"89\">GG-XQ3000A<\/td>\n<td width=\"85\">800<\/td>\n<td width=\"93\">0.75<\/td>\n<td width=\"86\">0.75<\/td>\n<td width=\"86\">2.2<\/td>\n<td width=\"127\">3225\u00d71504\u00d71329<\/td>\n<\/tr>\n<tr>\n<td width=\"89\">GG-XQ3500A<\/td>\n<td width=\"85\">800<\/td>\n<td width=\"93\">0.75<\/td>\n<td width=\"86\">0.75<\/td>\n<td width=\"86\">2.2<\/td>\n<td width=\"127\">3725\u00d71504\u00d71329<\/td>\n<\/tr>\n<tr>\n<td width=\"89\">GG-XQ4000A<\/td>\n<td width=\"85\">800<\/td>\n<td width=\"93\">0.75<\/td>\n<td width=\"86\">0.75<\/td>\n<td width=\"86\">2.2<\/td>\n<td width=\"127\">4225\u00d71504\u00d71329<\/td>\n<\/tr>\n<tr>\n<td width=\"89\">GG-XQ5000A<\/td>\n<td width=\"85\">800<\/td>\n<td width=\"93\">1.5<\/td>\n<td width=\"86\">1.5<\/td>\n<td width=\"86\">4<\/td>\n<td width=\"127\">5225\u00d71504\u00d71329<\/td>\n<\/tr>\n<tr>\n<td width=\"89\">GG-XQ6000A<\/td>\n<td width=\"85\">800<\/td>\n<td width=\"93\">1.5<\/td>\n<td width=\"86\">1.5<\/td>\n<td width=\"86\">4<\/td>\n<td width=\"127\">6225\u00d71504\u00d71329<\/td>\n<\/tr>\n<\/tbody>\n<\/table>\n<p>Nous sommes un fabricant et fournisseur de machines de nettoyage de dattes. Si vous souhaitez vous lancer dans le traitement des palmiers dattiers, n'h\u00e9sitez pas \u00e0 nous contacter, nous vous fournirons des solutions et des \u00e9quipements.<\/p>\n<hr \/>\n<h3 style=\"text-align: center;\">-Laissez un message pour une citation<\/h3>\n\n<div class=\"wpcf7 no-js\" id=\"wpcf7-f12-o1\" lang=\"en-US\" dir=\"ltr\">\n<div class=\"screen-reader-response\"><p role=\"status\" aria-live=\"polite\" aria-atomic=\"true\"><\/p> <ul><\/ul><\/div>\n<form action=\"\/fr\/wp-json\/wp\/v2\/product\/884#wpcf7-f12-o1\" method=\"post\" class=\"wpcf7-form init\" aria-label=\"Formulaire de contact\" novalidate=\"novalidate\" data-status=\"init\" data-trp-original-action=\"\/fr\/wp-json\/wp\/v2\/product\/884#wpcf7-f12-o1\">\n<div style=\"display: none;\">\n<input type=\"hidden\" name=\"_wpcf7\" value=\"12\" \/>\n<input type=\"hidden\" name=\"_wpcf7_version\" value=\"5.7.6\" \/>\n<input type=\"hidden\" name=\"_wpcf7_locale\" value=\"en_US\" \/>\n<input type=\"hidden\" name=\"_wpcf7_unit_tag\" value=\"wpcf7-f12-o1\" \/>\n<input type=\"hidden\" name=\"_wpcf7_container_post\" value=\"0\" \/>\n<input type=\"hidden\" name=\"_wpcf7_posted_data_hash\" value=\"\" \/>\n<\/div>\n<div class='proformleft'>\n\t<p><label> Votre nom<br \/>\n<span class=\"wpcf7-form-control-wrap\" data-name=\"your-name\"><input size=\"40\" class=\"wpcf7-form-control wpcf7-text\" aria-invalid=\"false\" value=\"\" type=\"text\" name=\"your-name\" \/><\/span> <\/label>\n\t<\/p>\n\t<p><label> *Votre Email<br \/>\n<span class=\"wpcf7-form-control-wrap\" data-name=\"your-email\"><input size=\"40\" class=\"wpcf7-form-control wpcf7-text wpcf7-email wpcf7-validates-as-required wpcf7-validates-as-email\" aria-required=\"true\" aria-invalid=\"false\" value=\"\" type=\"email\" name=\"your-email\" \/><\/span> <\/label>\n\t<\/p>\n\t<p><label> *Votre t\u00e9l\u00e9phone<br \/>\n<span class=\"wpcf7-form-control-wrap\" data-name=\"tel-173\"><input size=\"40\" class=\"wpcf7-form-control wpcf7-text wpcf7-tel wpcf7-validates-as-required wpcf7-validates-as-tel\" aria-required=\"true\" aria-invalid=\"false\" value=\"\" type=\"tel\" name=\"tel-173\" \/><\/span> <\/label>\n\t<\/p>\n\t<p><label> Votre pays<br \/>\n<span class=\"wpcf7-form-control-wrap\" data-name=\"your-country\"><input size=\"40\" class=\"wpcf7-form-control wpcf7-text\" aria-invalid=\"false\" value=\"\" type=\"text\" name=\"your-country\" \/><\/span> <\/label>\n\t<\/p>\n<\/div>\n<div class='proformright'>\n\t<p><label> *Votre message<br \/>\n<span class=\"wpcf7-form-control-wrap\" data-name=\"your-message\"><textarea cols=\"40\" rows=\"10\" class=\"wpcf7-form-control wpcf7-textarea wpcf7-validates-as-required\" aria-required=\"true\" aria-invalid=\"false\" name=\"your-message\"><\/textarea><\/span> <\/label>\n\t<\/p>\n\t<p><input class=\"wpcf7-form-control has-spinner wpcf7-submit\" type=\"submit\" value=\"Envoyer\" \/>\n\t<\/p>\n<\/div>\n<div style='clear:both'>\n<\/div><p style=\"display: none !important;\"><label>&#916;<textarea name=\"_wpcf7_ak_hp_textarea\" cols=\"45\" rows=\"8\" maxlength=\"100\"><\/textarea><\/label><input type=\"hidden\" id=\"ak_js\" name=\"_wpcf7_ak_js\" value=\"61\"\/><script>document.getElementById( \"ak_js\" ).setAttribute( \"value\", ( new Date() ).getTime() );<\/script><\/p><div class=\"wpcf7-response-output\" aria-hidden=\"true\"><\/div>\n<input type=\"hidden\" name=\"trp-form-language\" value=\"fr\"\/><\/form>\n<\/div>\n\n<div style='text-align:left' class='yasr-auto-insert-visitor'><\/div>","protected":false},"excerpt":{"rendered":"<p>Mat\u00e9riau en acier inoxydable ; peut \u00eatre personnalis\u00e9 ; peut \u00eatre st\u00e9rilis\u00e9.<\/p>","protected":false},"featured_media":1889,"comment_status":"open","ping_status":"closed","template":"","meta":{"site-sidebar-layout":"default","site-content-layout":"default","ast-main-header-display":"","ast-hfb-above-header-display":"","ast-hfb-below-header-display":"","ast-hfb-mobile-header-display":"","site-post-title":"","ast-breadcrumbs-content":"","ast-featured-img":"","footer-sml-layout":"","theme-transparent-header-meta":"","adv-header-id-meta":"","stick-header-meta":"","header-above-stick-meta":"","header-main-stick-meta":"","header-below-stick-meta":"","yasr_overall_rating":0,"yasr_post_is_review":"","yasr_auto_insert_disabled":"","yasr_review_type":""},"product_cat":[15],"product_tag":[],"class_list":["post-884","product","type-product","status-publish","has-post-thumbnail","hentry","product_cat-products"],"yoast_head":"<!-- This site is optimized with the Yoast SEO plugin v23.2 - https:\/\/yoast.com\/wordpress\/plugins\/seo\/ -->\n<title>Commercial Date Washing Machine Dates Cleaning Machine<\/title>\n<meta name=\"description\" content=\"The dates cleaning machine adopts a bubble cleaning machine, which can effectively remove the dust and impurities on the surface of the date palm, and can play a role in sterilization.\" \/>\n<meta name=\"robots\" content=\"index, follow, max-snippet:-1, max-image-preview:large, max-video-preview:-1\" \/>\n<link rel=\"canonical\" href=\"https:\/\/www.datesprocessing.com\/fr\/product\/dates-cleaning-machine\/\" \/>\n<meta property=\"og:locale\" content=\"fr_FR\" \/>\n<meta property=\"og:type\" content=\"article\" \/>\n<meta property=\"og:title\" content=\"Commercial Date Washing Machine Dates Cleaning Machine\" \/>\n<meta property=\"og:description\" content=\"The dates cleaning machine adopts a bubble cleaning machine, which can effectively remove the dust and impurities on the surface of the date palm, and can play a role in sterilization.\" \/>\n<meta property=\"og:url\" content=\"https:\/\/www.datesprocessing.com\/fr\/product\/dates-cleaning-machine\/\" \/>\n<meta property=\"og:site_name\" content=\"datesprocessing\" \/>\n<meta property=\"article:modified_time\" content=\"2026-02-06T13:32:48+00:00\" \/>\n<meta property=\"og:image\" content=\"https:\/\/www.datesprocessing.com\/wp-content\/uploads\/2022\/02\/Dates-cleaning-machine.png\" \/>\n\t<meta property=\"og:image:width\" content=\"500\" \/>\n\t<meta property=\"og:image:height\" content=\"500\" \/>\n\t<meta property=\"og:image:type\" content=\"image\/png\" \/>\n<meta name=\"twitter:card\" content=\"summary_large_image\" \/>\n<meta name=\"twitter:label1\" content=\"Dur\u00e9e de lecture estim\u00e9e\" \/>\n\t<meta name=\"twitter:data1\" content=\"3 minutes\" \/>\n<script type=\"application\/ld+json\" class=\"yoast-schema-graph\">{\"@context\":\"https:\/\/schema.org\",\"@graph\":[{\"@type\":\"WebPage\",\"@id\":\"https:\/\/www.datesprocessing.com\/product\/dates-cleaning-machine\/\",\"url\":\"https:\/\/www.datesprocessing.com\/product\/dates-cleaning-machine\/\",\"name\":\"Commercial Date Washing Machine Dates Cleaning Machine\",\"isPartOf\":{\"@id\":\"https:\/\/www.datesprocessing.com\/#website\"},\"primaryImageOfPage\":{\"@id\":\"https:\/\/www.datesprocessing.com\/product\/dates-cleaning-machine\/#primaryimage\"},\"image\":{\"@id\":\"https:\/\/www.datesprocessing.com\/product\/dates-cleaning-machine\/#primaryimage\"},\"thumbnailUrl\":\"https:\/\/www.datesprocessing.com\/wp-content\/uploads\/2022\/02\/Dates-cleaning-machine.png\",\"datePublished\":\"2022-02-18T03:24:21+00:00\",\"dateModified\":\"2026-02-06T13:32:48+00:00\",\"description\":\"The dates cleaning machine adopts a bubble cleaning machine, which can effectively remove the dust and impurities on the surface of the date palm, and can play a role in sterilization.\",\"breadcrumb\":{\"@id\":\"https:\/\/www.datesprocessing.com\/product\/dates-cleaning-machine\/#breadcrumb\"},\"inLanguage\":\"fr-FR\",\"potentialAction\":[{\"@type\":\"ReadAction\",\"target\":[\"https:\/\/www.datesprocessing.com\/product\/dates-cleaning-machine\/\"]}]},{\"@type\":\"ImageObject\",\"inLanguage\":\"fr-FR\",\"@id\":\"https:\/\/www.datesprocessing.com\/product\/dates-cleaning-machine\/#primaryimage\",\"url\":\"https:\/\/www.datesprocessing.com\/wp-content\/uploads\/2022\/02\/Dates-cleaning-machine.png\",\"contentUrl\":\"https:\/\/www.datesprocessing.com\/wp-content\/uploads\/2022\/02\/Dates-cleaning-machine.png\",\"width\":500,\"height\":500,\"caption\":\"Dates-cleaning-machine\"},{\"@type\":\"BreadcrumbList\",\"@id\":\"https:\/\/www.datesprocessing.com\/product\/dates-cleaning-machine\/#breadcrumb\",\"itemListElement\":[{\"@type\":\"ListItem\",\"position\":1,\"name\":\"Home\",\"item\":\"https:\/\/www.datesprocessing.com\/\"},{\"@type\":\"ListItem\",\"position\":2,\"name\":\"Products\",\"item\":\"https:\/\/www.datesprocessing.com\/products\/\"},{\"@type\":\"ListItem\",\"position\":3,\"name\":\"Commercial Date Washing Machine Dates Cleaning Machine\"}]},{\"@type\":\"WebSite\",\"@id\":\"https:\/\/www.datesprocessing.com\/#website\",\"url\":\"https:\/\/www.datesprocessing.com\/\",\"name\":\"datesprocessing\",\"description\":\"\",\"publisher\":{\"@id\":\"https:\/\/www.datesprocessing.com\/#organization\"},\"potentialAction\":[{\"@type\":\"SearchAction\",\"target\":{\"@type\":\"EntryPoint\",\"urlTemplate\":\"https:\/\/www.datesprocessing.com\/?s={search_term_string}\"},\"query-input\":\"required name=search_term_string\"}],\"inLanguage\":\"fr-FR\"},{\"@type\":\"Organization\",\"@id\":\"https:\/\/www.datesprocessing.com\/#organization\",\"name\":\"datesprocessing\",\"url\":\"https:\/\/www.datesprocessing.com\/\",\"logo\":{\"@type\":\"ImageObject\",\"inLanguage\":\"fr-FR\",\"@id\":\"https:\/\/www.datesprocessing.com\/#\/schema\/logo\/image\/\",\"url\":\"https:\/\/www.datesprocessing.com\/wp-content\/uploads\/2022\/02\/cropped-cropped-5-1.png\",\"contentUrl\":\"https:\/\/www.datesprocessing.com\/wp-content\/uploads\/2022\/02\/cropped-cropped-5-1.png\",\"width\":365,\"height\":284,\"caption\":\"datesprocessing\"},\"image\":{\"@id\":\"https:\/\/www.datesprocessing.com\/#\/schema\/logo\/image\/\"}},false]}<\/script>\n<!-- \/ Yoast SEO plugin. -->","yoast_head_json":{"title":"Commercial Date Washing Machine Dates Cleaning Machine","description":"The dates cleaning machine adopts a bubble cleaning machine, which can effectively remove the dust and impurities on the surface of the date palm, and can play a role in sterilization.","robots":{"index":"index","follow":"follow","max-snippet":"max-snippet:-1","max-image-preview":"max-image-preview:large","max-video-preview":"max-video-preview:-1"},"canonical":"https:\/\/www.datesprocessing.com\/fr\/product\/dates-cleaning-machine\/","og_locale":"fr_FR","og_type":"article","og_title":"Commercial Date Washing Machine Dates Cleaning Machine","og_description":"The dates cleaning machine adopts a bubble cleaning machine, which can effectively remove the dust and impurities on the surface of the date palm, and can play a role in sterilization.","og_url":"https:\/\/www.datesprocessing.com\/fr\/product\/dates-cleaning-machine\/","og_site_name":"datesprocessing","article_modified_time":"2026-02-06T13:32:48+00:00","og_image":[{"width":500,"height":500,"url":"https:\/\/www.datesprocessing.com\/wp-content\/uploads\/2022\/02\/Dates-cleaning-machine.png","type":"image\/png"}],"twitter_card":"summary_large_image","twitter_misc":{"Dur\u00e9e de lecture estim\u00e9e":"3 minutes"},"schema":{"@context":"https:\/\/schema.org","@graph":[{"@type":"WebPage","@id":"https:\/\/www.datesprocessing.com\/product\/dates-cleaning-machine\/","url":"https:\/\/www.datesprocessing.com\/product\/dates-cleaning-machine\/","name":"Commercial Date Washing Machine Dates Cleaning Machine","isPartOf":{"@id":"https:\/\/www.datesprocessing.com\/#website"},"primaryImageOfPage":{"@id":"https:\/\/www.datesprocessing.com\/product\/dates-cleaning-machine\/#primaryimage"},"image":{"@id":"https:\/\/www.datesprocessing.com\/product\/dates-cleaning-machine\/#primaryimage"},"thumbnailUrl":"https:\/\/www.datesprocessing.com\/wp-content\/uploads\/2022\/02\/Dates-cleaning-machine.png","datePublished":"2022-02-18T03:24:21+00:00","dateModified":"2026-02-06T13:32:48+00:00","description":"The dates cleaning machine adopts a bubble cleaning machine, which can effectively remove the dust and impurities on the surface of the date palm, and can play a role in sterilization.","breadcrumb":{"@id":"https:\/\/www.datesprocessing.com\/product\/dates-cleaning-machine\/#breadcrumb"},"inLanguage":"fr-FR","potentialAction":[{"@type":"ReadAction","target":["https:\/\/www.datesprocessing.com\/product\/dates-cleaning-machine\/"]}]},{"@type":"ImageObject","inLanguage":"fr-FR","@id":"https:\/\/www.datesprocessing.com\/product\/dates-cleaning-machine\/#primaryimage","url":"https:\/\/www.datesprocessing.com\/wp-content\/uploads\/2022\/02\/Dates-cleaning-machine.png","contentUrl":"https:\/\/www.datesprocessing.com\/wp-content\/uploads\/2022\/02\/Dates-cleaning-machine.png","width":500,"height":500,"caption":"Dates-cleaning-machine"},{"@type":"BreadcrumbList","@id":"https:\/\/www.datesprocessing.com\/product\/dates-cleaning-machine\/#breadcrumb","itemListElement":[{"@type":"ListItem","position":1,"name":"Home","item":"https:\/\/www.datesprocessing.com\/"},{"@type":"ListItem","position":2,"name":"Products","item":"https:\/\/www.datesprocessing.com\/products\/"},{"@type":"ListItem","position":3,"name":"Commercial Date Washing Machine Dates Cleaning Machine"}]},{"@type":"WebSite","@id":"https:\/\/www.datesprocessing.com\/#website","url":"https:\/\/www.datesprocessing.com\/","name":"datesprocessing","description":"","publisher":{"@id":"https:\/\/www.datesprocessing.com\/#organization"},"potentialAction":[{"@type":"SearchAction","target":{"@type":"EntryPoint","urlTemplate":"https:\/\/www.datesprocessing.com\/?s={search_term_string}"},"query-input":"required name=search_term_string"}],"inLanguage":"fr-FR"},{"@type":"Organization","@id":"https:\/\/www.datesprocessing.com\/#organization","name":"datesprocessing","url":"https:\/\/www.datesprocessing.com\/","logo":{"@type":"ImageObject","inLanguage":"fr-FR","@id":"https:\/\/www.datesprocessing.com\/#\/schema\/logo\/image\/","url":"https:\/\/www.datesprocessing.com\/wp-content\/uploads\/2022\/02\/cropped-cropped-5-1.png","contentUrl":"https:\/\/www.datesprocessing.com\/wp-content\/uploads\/2022\/02\/cropped-cropped-5-1.png","width":365,"height":284,"caption":"datesprocessing"},"image":{"@id":"https:\/\/www.datesprocessing.com\/#\/schema\/logo\/image\/"}},false]}},"yasr_visitor_votes":{"stars_attributes":{"read_only":false,"span_bottom":false},"number_of_votes":1,"sum_votes":5},"_links":{"self":[{"href":"https:\/\/www.datesprocessing.com\/fr\/wp-json\/wp\/v2\/product\/884","targetHints":{"allow":["GET"]}}],"collection":[{"href":"https:\/\/www.datesprocessing.com\/fr\/wp-json\/wp\/v2\/product"}],"about":[{"href":"https:\/\/www.datesprocessing.com\/fr\/wp-json\/wp\/v2\/types\/product"}],"replies":[{"embeddable":true,"href":"https:\/\/www.datesprocessing.com\/fr\/wp-json\/wp\/v2\/comments?post=884"}],"version-history":[{"count":10,"href":"https:\/\/www.datesprocessing.com\/fr\/wp-json\/wp\/v2\/product\/884\/revisions"}],"predecessor-version":[{"id":1637,"href":"https:\/\/www.datesprocessing.com\/fr\/wp-json\/wp\/v2\/product\/884\/revisions\/1637"}],"wp:featuredmedia":[{"embeddable":true,"href":"https:\/\/www.datesprocessing.com\/fr\/wp-json\/wp\/v2\/media\/1889"}],"wp:attachment":[{"href":"https:\/\/www.datesprocessing.com\/fr\/wp-json\/wp\/v2\/media?parent=884"}],"wp:term":[{"taxonomy":"product_cat","embeddable":true,"href":"https:\/\/www.datesprocessing.com\/fr\/wp-json\/wp\/v2\/product_cat?post=884"},{"taxonomy":"product_tag","embeddable":true,"href":"https:\/\/www.datesprocessing.com\/fr\/wp-json\/wp\/v2\/product_tag?post=884"}],"curies":[{"name":"wp","href":"https:\/\/api.w.org\/{rel}","templated":true}]}}