{"id":1612,"date":"2023-04-25T17:43:38","date_gmt":"2023-04-25T09:43:38","guid":{"rendered":"https:\/\/www.datesprocessing.com\/?post_type=product&#038;p=1612"},"modified":"2025-09-16T14:43:17","modified_gmt":"2025-09-16T06:43:17","slug":"date-vacuum-packaging-machine","status":"publish","type":"product","link":"https:\/\/www.datesprocessing.com\/fr\/product\/date-vacuum-packaging-machine\/","title":{"rendered":"Fabricant de machines d'emballage sous vide de dattes personnalisables"},"content":{"rendered":"<h2>Qu'est-ce qu'une machine \u00e0 emballer sous vide de dates ?<\/h2>\n<p>A <strong>machine \u00e0 emballer sous vide les dattes<\/strong> est un dispositif technologique sophistiqu\u00e9 con\u00e7u pour emballer les dattes dans un environnement herm\u00e9tique. La machine \u00e0 emballer les dattes sous vide est con\u00e7ue pour \u00e9liminer tout l'oxyg\u00e8ne pr\u00e9sent dans la chambre d'emballage \u00e0 l'aide d'une pompe \u00e0 vide, tout en remplissant la chambre de gaz inerte. Les dattes emball\u00e9es dans cette machine sont scell\u00e9es dans des r\u00e9cipients herm\u00e9tiques, ce qui permet de pr\u00e9server la saveur et la fra\u00eecheur des dattes.<\/p>\n<h2>Caract\u00e9ristiques d'une machine \u00e0 emballer les dattes sous vide<\/h2>\n<p>1) Haute efficacit\u00e9 : La machine \u00e0 emballer sous vide les dattes est con\u00e7ue pour fonctionner \u00e0 un niveau d'efficacit\u00e9 \u00e9lev\u00e9. Les dattes peuvent \u00eatre emball\u00e9es rapidement et en grandes quantit\u00e9s, ce qui augmente la productivit\u00e9 et r\u00e9duit les co\u00fbts de main-d'\u0153uvre.<\/p>\n<p>2) Convivialit\u00e9 : la machine est conviviale, ce qui permet aux op\u00e9rateurs de l'utiliser facilement avec une formation minimale.<\/p>\n<p>3) Polyvalence : la machine \u00e0 emballer sous vide les dattes peut \u00eatre utilis\u00e9e pour emballer diff\u00e9rents types de dattes, qu'elles soient fra\u00eeches ou s\u00e9ch\u00e9es.<\/p>\n<p><img loading=\"lazy\" decoding=\"async\" class=\"alignnone size-full wp-image-1613\" src=\"https:\/\/www.datesprocessing.com\/wp-content\/uploads\/2023\/04\/vacuum-dates-packaging-machine.png\" alt=\"machine \u00e0 emballer sous vide\" width=\"730\" height=\"465\" srcset=\"https:\/\/www.datesprocessing.com\/wp-content\/uploads\/2023\/04\/vacuum-dates-packaging-machine.png 730w, https:\/\/www.datesprocessing.com\/wp-content\/uploads\/2023\/04\/vacuum-dates-packaging-machine-300x191.png 300w, https:\/\/www.datesprocessing.com\/wp-content\/uploads\/2023\/04\/vacuum-dates-packaging-machine-600x382.png 600w\" sizes=\"auto, (max-width: 730px) 100vw, 730px\" \/><\/p>\n<h2>Avantages d'une machine automatique \u00e0 emballer les dattes<\/h2>\n<p>1) Dur\u00e9e de conservation prolong\u00e9e : L'emballage des dattes dans une machine \u00e0 emballer sous vide permet de prolonger la dur\u00e9e de conservation des dattes car tout l'air est \u00e9limin\u00e9 du processus d'emballage. Les dattes ont tendance \u00e0 s'ab\u00eemer plus rapidement lorsqu'il y a de l'air dans le r\u00e9cipient d'emballage.<\/p>\n<p>2) Protection contre les micro-organismes : La machine \u00e0 emballer les dattes sous vide r\u00e9duit les risques d'infiltration de micro-organismes dans le r\u00e9cipient d'emballage. Cela permet d'\u00e9viter la d\u00e9t\u00e9rioration, le brunissement, la d\u00e9coloration et les moisissures.<\/p>\n<p>3) Am\u00e9lioration de la saveur : La pr\u00e9servation de la saveur est un autre avantage de l'emballage sous vide. Les dattes emball\u00e9es \u00e0 un degr\u00e9 de fra\u00eecheur optimal conservent une grande partie de leur ar\u00f4me et de leur saveur naturels.<\/p>\n<p>4) Transport facile : Les dattes emball\u00e9es avec une machine \u00e0 emballer sous vide sont plus faciles \u00e0 transporter et \u00e0 stocker. Cela est d\u00fb \u00e0 la r\u00e9duction de la teneur en air qui rend l'emballage l\u00e9ger et facile \u00e0 manipuler.<\/p>\n<h2>Conclusion<\/h2>\n<p>En conclusion, la machine \u00e0 emballer sous vide les dattes est une excellente machine qui offre un moyen fiable et efficace d'emballer les dattes. Avec sa grande efficacit\u00e9, son interface conviviale, sa polyvalence et sa capacit\u00e9 \u00e0 pr\u00e9server la fra\u00eecheur, la machine \u00e0 emballer les dattes sous vide est la solution id\u00e9ale pour les entreprises qui souhaitent am\u00e9liorer leur productivit\u00e9 tout en s'assurant que leurs produits restent de grande qualit\u00e9. Les entreprises qui investissent dans une machine \u00e0 emballer les dattes sous vide sont s\u00fbres d'en r\u00e9colter les fruits et de rester comp\u00e9titives sur le march\u00e9.<\/p>\n<hr \/>\n<h3 style=\"text-align: center;\">-Laissez un message pour une citation<\/h3>\n\n<div class=\"wpcf7 no-js\" id=\"wpcf7-f12-o1\" lang=\"en-US\" dir=\"ltr\">\n<div class=\"screen-reader-response\"><p role=\"status\" aria-live=\"polite\" aria-atomic=\"true\"><\/p> <ul><\/ul><\/div>\n<form action=\"\/fr\/wp-json\/wp\/v2\/product\/1612#wpcf7-f12-o1\" method=\"post\" class=\"wpcf7-form init\" aria-label=\"Formulaire de contact\" novalidate=\"novalidate\" data-status=\"init\" data-trp-original-action=\"\/fr\/wp-json\/wp\/v2\/product\/1612#wpcf7-f12-o1\">\n<div style=\"display: none;\">\n<input type=\"hidden\" name=\"_wpcf7\" value=\"12\" \/>\n<input type=\"hidden\" name=\"_wpcf7_version\" value=\"5.7.6\" \/>\n<input type=\"hidden\" name=\"_wpcf7_locale\" value=\"en_US\" \/>\n<input type=\"hidden\" name=\"_wpcf7_unit_tag\" value=\"wpcf7-f12-o1\" \/>\n<input type=\"hidden\" name=\"_wpcf7_container_post\" value=\"0\" \/>\n<input type=\"hidden\" name=\"_wpcf7_posted_data_hash\" value=\"\" \/>\n<\/div>\n<div class='proformleft'>\n\t<p><label> Votre nom<br \/>\n<span class=\"wpcf7-form-control-wrap\" data-name=\"your-name\"><input size=\"40\" class=\"wpcf7-form-control wpcf7-text\" aria-invalid=\"false\" value=\"\" type=\"text\" name=\"your-name\" \/><\/span> <\/label>\n\t<\/p>\n\t<p><label> *Votre Email<br \/>\n<span class=\"wpcf7-form-control-wrap\" data-name=\"your-email\"><input size=\"40\" class=\"wpcf7-form-control wpcf7-text wpcf7-email wpcf7-validates-as-required wpcf7-validates-as-email\" aria-required=\"true\" aria-invalid=\"false\" value=\"\" type=\"email\" name=\"your-email\" \/><\/span> <\/label>\n\t<\/p>\n\t<p><label> *Votre t\u00e9l\u00e9phone<br \/>\n<span class=\"wpcf7-form-control-wrap\" data-name=\"tel-173\"><input size=\"40\" class=\"wpcf7-form-control wpcf7-text wpcf7-tel wpcf7-validates-as-required wpcf7-validates-as-tel\" aria-required=\"true\" aria-invalid=\"false\" value=\"\" type=\"tel\" name=\"tel-173\" \/><\/span> <\/label>\n\t<\/p>\n\t<p><label> Votre pays<br \/>\n<span class=\"wpcf7-form-control-wrap\" data-name=\"your-country\"><input size=\"40\" class=\"wpcf7-form-control wpcf7-text\" aria-invalid=\"false\" value=\"\" type=\"text\" name=\"your-country\" \/><\/span> <\/label>\n\t<\/p>\n<\/div>\n<div class='proformright'>\n\t<p><label> *Votre message<br \/>\n<span class=\"wpcf7-form-control-wrap\" data-name=\"your-message\"><textarea cols=\"40\" rows=\"10\" class=\"wpcf7-form-control wpcf7-textarea wpcf7-validates-as-required\" aria-required=\"true\" aria-invalid=\"false\" name=\"your-message\"><\/textarea><\/span> <\/label>\n\t<\/p>\n\t<p><input class=\"wpcf7-form-control has-spinner wpcf7-submit\" type=\"submit\" value=\"Envoyer\" \/>\n\t<\/p>\n<\/div>\n<div style='clear:both'>\n<\/div><p style=\"display: none !important;\"><label>&#916;<textarea name=\"_wpcf7_ak_hp_textarea\" cols=\"45\" rows=\"8\" maxlength=\"100\"><\/textarea><\/label><input type=\"hidden\" id=\"ak_js\" name=\"_wpcf7_ak_js\" value=\"152\"\/><script>document.getElementById( \"ak_js\" ).setAttribute( \"value\", ( new Date() ).getTime() );<\/script><\/p><div class=\"wpcf7-response-output\" aria-hidden=\"true\"><\/div>\n<input type=\"hidden\" name=\"trp-form-language\" value=\"fr\"\/><\/form>\n<\/div>\n\n<div style='text-align:left' class='yasr-auto-insert-visitor'><\/div>","protected":false},"excerpt":{"rendered":"<p>&nbsp;<\/p>","protected":false},"featured_media":1614,"comment_status":"open","ping_status":"closed","template":"","meta":{"site-sidebar-layout":"default","site-content-layout":"default","ast-main-header-display":"","ast-hfb-above-header-display":"","ast-hfb-below-header-display":"","ast-hfb-mobile-header-display":"","site-post-title":"","ast-breadcrumbs-content":"","ast-featured-img":"","footer-sml-layout":"","theme-transparent-header-meta":"","adv-header-id-meta":"","stick-header-meta":"","header-above-stick-meta":"","header-main-stick-meta":"","header-below-stick-meta":"","yasr_overall_rating":4.9,"yasr_post_is_review":"","yasr_auto_insert_disabled":"","yasr_review_type":""},"product_cat":[15],"product_tag":[],"class_list":["post-1612","product","type-product","status-publish","has-post-thumbnail","hentry","product_cat-products"],"yoast_head":"<!-- This site is optimized with the Yoast SEO plugin v23.2 - https:\/\/yoast.com\/wordpress\/plugins\/seo\/ -->\n<title>Customizable Date Vacuum Packaging Machine Manufacturer<\/title>\n<meta name=\"description\" content=\"The dates vacuum packing machine is designed to remove all the oxygen within the packaging chamber using a vacuum pump while also filling the chamber with inert gas.\" \/>\n<meta name=\"robots\" content=\"index, follow, max-snippet:-1, max-image-preview:large, max-video-preview:-1\" \/>\n<link rel=\"canonical\" href=\"https:\/\/www.datesprocessing.com\/fr\/product\/date-vacuum-packaging-machine\/\" \/>\n<meta property=\"og:locale\" content=\"fr_FR\" \/>\n<meta property=\"og:type\" content=\"article\" \/>\n<meta property=\"og:title\" content=\"Customizable Date Vacuum Packaging Machine Manufacturer\" \/>\n<meta property=\"og:description\" content=\"The dates vacuum packing machine is designed to remove all the oxygen within the packaging chamber using a vacuum pump while also filling the chamber with inert gas.\" \/>\n<meta property=\"og:url\" content=\"https:\/\/www.datesprocessing.com\/fr\/product\/date-vacuum-packaging-machine\/\" \/>\n<meta property=\"og:site_name\" content=\"datesprocessing\" \/>\n<meta property=\"article:modified_time\" content=\"2025-09-16T06:43:17+00:00\" \/>\n<meta property=\"og:image\" content=\"https:\/\/www.datesprocessing.com\/wp-content\/uploads\/2023\/04\/dates-vacuum-packaging-machine-.png\" \/>\n\t<meta property=\"og:image:width\" content=\"500\" \/>\n\t<meta property=\"og:image:height\" content=\"500\" \/>\n\t<meta property=\"og:image:type\" content=\"image\/png\" \/>\n<meta name=\"twitter:card\" content=\"summary_large_image\" \/>\n<meta name=\"twitter:label1\" content=\"Dur\u00e9e de lecture estim\u00e9e\" \/>\n\t<meta name=\"twitter:data1\" content=\"3 minutes\" \/>\n<script type=\"application\/ld+json\" class=\"yoast-schema-graph\">{\"@context\":\"https:\/\/schema.org\",\"@graph\":[{\"@type\":\"WebPage\",\"@id\":\"https:\/\/www.datesprocessing.com\/product\/date-vacuum-packaging-machine\/\",\"url\":\"https:\/\/www.datesprocessing.com\/product\/date-vacuum-packaging-machine\/\",\"name\":\"Customizable Date Vacuum Packaging Machine Manufacturer\",\"isPartOf\":{\"@id\":\"https:\/\/www.datesprocessing.com\/#website\"},\"primaryImageOfPage\":{\"@id\":\"https:\/\/www.datesprocessing.com\/product\/date-vacuum-packaging-machine\/#primaryimage\"},\"image\":{\"@id\":\"https:\/\/www.datesprocessing.com\/product\/date-vacuum-packaging-machine\/#primaryimage\"},\"thumbnailUrl\":\"https:\/\/www.datesprocessing.com\/wp-content\/uploads\/2023\/04\/dates-vacuum-packaging-machine-.png\",\"datePublished\":\"2023-04-25T09:43:38+00:00\",\"dateModified\":\"2025-09-16T06:43:17+00:00\",\"description\":\"The dates vacuum packing machine is designed to remove all the oxygen within the packaging chamber using a vacuum pump while also filling the chamber with inert gas.\",\"breadcrumb\":{\"@id\":\"https:\/\/www.datesprocessing.com\/product\/date-vacuum-packaging-machine\/#breadcrumb\"},\"inLanguage\":\"fr-FR\",\"potentialAction\":[{\"@type\":\"ReadAction\",\"target\":[\"https:\/\/www.datesprocessing.com\/product\/date-vacuum-packaging-machine\/\"]}]},{\"@type\":\"ImageObject\",\"inLanguage\":\"fr-FR\",\"@id\":\"https:\/\/www.datesprocessing.com\/product\/date-vacuum-packaging-machine\/#primaryimage\",\"url\":\"https:\/\/www.datesprocessing.com\/wp-content\/uploads\/2023\/04\/dates-vacuum-packaging-machine-.png\",\"contentUrl\":\"https:\/\/www.datesprocessing.com\/wp-content\/uploads\/2023\/04\/dates-vacuum-packaging-machine-.png\",\"width\":500,\"height\":500},{\"@type\":\"BreadcrumbList\",\"@id\":\"https:\/\/www.datesprocessing.com\/product\/date-vacuum-packaging-machine\/#breadcrumb\",\"itemListElement\":[{\"@type\":\"ListItem\",\"position\":1,\"name\":\"Home\",\"item\":\"https:\/\/www.datesprocessing.com\/\"},{\"@type\":\"ListItem\",\"position\":2,\"name\":\"Products\",\"item\":\"https:\/\/www.datesprocessing.com\/products\/\"},{\"@type\":\"ListItem\",\"position\":3,\"name\":\"Customizable Date Vacuum Packaging Machine Manufacturer\"}]},{\"@type\":\"WebSite\",\"@id\":\"https:\/\/www.datesprocessing.com\/#website\",\"url\":\"https:\/\/www.datesprocessing.com\/\",\"name\":\"datesprocessing\",\"description\":\"\",\"publisher\":{\"@id\":\"https:\/\/www.datesprocessing.com\/#organization\"},\"potentialAction\":[{\"@type\":\"SearchAction\",\"target\":{\"@type\":\"EntryPoint\",\"urlTemplate\":\"https:\/\/www.datesprocessing.com\/?s={search_term_string}\"},\"query-input\":\"required name=search_term_string\"}],\"inLanguage\":\"fr-FR\"},{\"@type\":\"Organization\",\"@id\":\"https:\/\/www.datesprocessing.com\/#organization\",\"name\":\"datesprocessing\",\"url\":\"https:\/\/www.datesprocessing.com\/\",\"logo\":{\"@type\":\"ImageObject\",\"inLanguage\":\"fr-FR\",\"@id\":\"https:\/\/www.datesprocessing.com\/#\/schema\/logo\/image\/\",\"url\":\"https:\/\/www.datesprocessing.com\/wp-content\/uploads\/2022\/02\/cropped-cropped-5-1.png\",\"contentUrl\":\"https:\/\/www.datesprocessing.com\/wp-content\/uploads\/2022\/02\/cropped-cropped-5-1.png\",\"width\":365,\"height\":284,\"caption\":\"datesprocessing\"},\"image\":{\"@id\":\"https:\/\/www.datesprocessing.com\/#\/schema\/logo\/image\/\"}},false]}<\/script>\n<!-- \/ Yoast SEO plugin. -->","yoast_head_json":{"title":"Customizable Date Vacuum Packaging Machine Manufacturer","description":"The dates vacuum packing machine is designed to remove all the oxygen within the packaging chamber using a vacuum pump while also filling the chamber with inert gas.","robots":{"index":"index","follow":"follow","max-snippet":"max-snippet:-1","max-image-preview":"max-image-preview:large","max-video-preview":"max-video-preview:-1"},"canonical":"https:\/\/www.datesprocessing.com\/fr\/product\/date-vacuum-packaging-machine\/","og_locale":"fr_FR","og_type":"article","og_title":"Customizable Date Vacuum Packaging Machine Manufacturer","og_description":"The dates vacuum packing machine is designed to remove all the oxygen within the packaging chamber using a vacuum pump while also filling the chamber with inert gas.","og_url":"https:\/\/www.datesprocessing.com\/fr\/product\/date-vacuum-packaging-machine\/","og_site_name":"datesprocessing","article_modified_time":"2025-09-16T06:43:17+00:00","og_image":[{"width":500,"height":500,"url":"https:\/\/www.datesprocessing.com\/wp-content\/uploads\/2023\/04\/dates-vacuum-packaging-machine-.png","type":"image\/png"}],"twitter_card":"summary_large_image","twitter_misc":{"Dur\u00e9e de lecture estim\u00e9e":"3 minutes"},"schema":{"@context":"https:\/\/schema.org","@graph":[{"@type":"WebPage","@id":"https:\/\/www.datesprocessing.com\/product\/date-vacuum-packaging-machine\/","url":"https:\/\/www.datesprocessing.com\/product\/date-vacuum-packaging-machine\/","name":"Customizable Date Vacuum Packaging Machine Manufacturer","isPartOf":{"@id":"https:\/\/www.datesprocessing.com\/#website"},"primaryImageOfPage":{"@id":"https:\/\/www.datesprocessing.com\/product\/date-vacuum-packaging-machine\/#primaryimage"},"image":{"@id":"https:\/\/www.datesprocessing.com\/product\/date-vacuum-packaging-machine\/#primaryimage"},"thumbnailUrl":"https:\/\/www.datesprocessing.com\/wp-content\/uploads\/2023\/04\/dates-vacuum-packaging-machine-.png","datePublished":"2023-04-25T09:43:38+00:00","dateModified":"2025-09-16T06:43:17+00:00","description":"The dates vacuum packing machine is designed to remove all the oxygen within the packaging chamber using a vacuum pump while also filling the chamber with inert gas.","breadcrumb":{"@id":"https:\/\/www.datesprocessing.com\/product\/date-vacuum-packaging-machine\/#breadcrumb"},"inLanguage":"fr-FR","potentialAction":[{"@type":"ReadAction","target":["https:\/\/www.datesprocessing.com\/product\/date-vacuum-packaging-machine\/"]}]},{"@type":"ImageObject","inLanguage":"fr-FR","@id":"https:\/\/www.datesprocessing.com\/product\/date-vacuum-packaging-machine\/#primaryimage","url":"https:\/\/www.datesprocessing.com\/wp-content\/uploads\/2023\/04\/dates-vacuum-packaging-machine-.png","contentUrl":"https:\/\/www.datesprocessing.com\/wp-content\/uploads\/2023\/04\/dates-vacuum-packaging-machine-.png","width":500,"height":500},{"@type":"BreadcrumbList","@id":"https:\/\/www.datesprocessing.com\/product\/date-vacuum-packaging-machine\/#breadcrumb","itemListElement":[{"@type":"ListItem","position":1,"name":"Home","item":"https:\/\/www.datesprocessing.com\/"},{"@type":"ListItem","position":2,"name":"Products","item":"https:\/\/www.datesprocessing.com\/products\/"},{"@type":"ListItem","position":3,"name":"Customizable Date Vacuum Packaging Machine Manufacturer"}]},{"@type":"WebSite","@id":"https:\/\/www.datesprocessing.com\/#website","url":"https:\/\/www.datesprocessing.com\/","name":"datesprocessing","description":"","publisher":{"@id":"https:\/\/www.datesprocessing.com\/#organization"},"potentialAction":[{"@type":"SearchAction","target":{"@type":"EntryPoint","urlTemplate":"https:\/\/www.datesprocessing.com\/?s={search_term_string}"},"query-input":"required name=search_term_string"}],"inLanguage":"fr-FR"},{"@type":"Organization","@id":"https:\/\/www.datesprocessing.com\/#organization","name":"datesprocessing","url":"https:\/\/www.datesprocessing.com\/","logo":{"@type":"ImageObject","inLanguage":"fr-FR","@id":"https:\/\/www.datesprocessing.com\/#\/schema\/logo\/image\/","url":"https:\/\/www.datesprocessing.com\/wp-content\/uploads\/2022\/02\/cropped-cropped-5-1.png","contentUrl":"https:\/\/www.datesprocessing.com\/wp-content\/uploads\/2022\/02\/cropped-cropped-5-1.png","width":365,"height":284,"caption":"datesprocessing"},"image":{"@id":"https:\/\/www.datesprocessing.com\/#\/schema\/logo\/image\/"}},false]}},"yasr_visitor_votes":{"stars_attributes":{"read_only":false,"span_bottom":false},"number_of_votes":1,"sum_votes":5},"_links":{"self":[{"href":"https:\/\/www.datesprocessing.com\/fr\/wp-json\/wp\/v2\/product\/1612","targetHints":{"allow":["GET"]}}],"collection":[{"href":"https:\/\/www.datesprocessing.com\/fr\/wp-json\/wp\/v2\/product"}],"about":[{"href":"https:\/\/www.datesprocessing.com\/fr\/wp-json\/wp\/v2\/types\/product"}],"replies":[{"embeddable":true,"href":"https:\/\/www.datesprocessing.com\/fr\/wp-json\/wp\/v2\/comments?post=1612"}],"version-history":[{"count":3,"href":"https:\/\/www.datesprocessing.com\/fr\/wp-json\/wp\/v2\/product\/1612\/revisions"}],"predecessor-version":[{"id":1986,"href":"https:\/\/www.datesprocessing.com\/fr\/wp-json\/wp\/v2\/product\/1612\/revisions\/1986"}],"wp:featuredmedia":[{"embeddable":true,"href":"https:\/\/www.datesprocessing.com\/fr\/wp-json\/wp\/v2\/media\/1614"}],"wp:attachment":[{"href":"https:\/\/www.datesprocessing.com\/fr\/wp-json\/wp\/v2\/media?parent=1612"}],"wp:term":[{"taxonomy":"product_cat","embeddable":true,"href":"https:\/\/www.datesprocessing.com\/fr\/wp-json\/wp\/v2\/product_cat?post=1612"},{"taxonomy":"product_tag","embeddable":true,"href":"https:\/\/www.datesprocessing.com\/fr\/wp-json\/wp\/v2\/product_tag?post=1612"}],"curies":[{"name":"wp","href":"https:\/\/api.w.org\/{rel}","templated":true}]}}