{"id":1532,"date":"2022-04-12T14:46:31","date_gmt":"2022-04-12T06:46:31","guid":{"rendered":"https:\/\/www.datesprocessing.com\/?post_type=product&#038;p=1532"},"modified":"2026-02-06T21:32:05","modified_gmt":"2026-02-06T13:32:05","slug":"date-polishing-machine-for-sale","status":"publish","type":"product","link":"https:\/\/www.datesprocessing.com\/fr\/product\/date-polishing-machine-for-sale\/","title":{"rendered":"Polisseuse De Dattes \u00c0 Brosse Souple 220 V \u00c0 Vendre"},"content":{"rendered":"<h2>Introduction de la machine \u00e0 polir les dattes<\/h2>\n<p>La machine \u00e0 polir les dattes utilise une brosse \u00e0 rouleau plate pour \u00e9liminer rapidement la poussi\u00e8re, les taches et autres impuret\u00e9s \u00e0 la surface du palmier dattier. La brosse m\u00e9canique est douce et n'endommage pas la surface du palmier dattier. La brosse est fabriqu\u00e9e en nylon, ce qui lui conf\u00e8re une forte r\u00e9sistance \u00e0 l'usure et une longue dur\u00e9e de vie. La machine \u00e0 polir les dattes \u00e0 vendre convient \u00e0 une vari\u00e9t\u00e9 de fruits \u00e0 bulbe, tels que les dattes, les pommes, les mangues, les ananas, etc. La machine peut \u00eatre personnalis\u00e9e en fonction de la production et est une machine polyvalente.<\/p>\n<p><img loading=\"lazy\" decoding=\"async\" class=\"alignnone size-full wp-image-1581\" src=\"https:\/\/www.datesprocessing.com\/wp-content\/uploads\/2022\/04\/dates-polishing-machine.jpg\" alt=\"machine \u00e0 polir les dattes\" width=\"800\" height=\"600\" srcset=\"https:\/\/www.datesprocessing.com\/wp-content\/uploads\/2022\/04\/dates-polishing-machine.jpg 800w, https:\/\/www.datesprocessing.com\/wp-content\/uploads\/2022\/04\/dates-polishing-machine-300x225.jpg 300w, https:\/\/www.datesprocessing.com\/wp-content\/uploads\/2022\/04\/dates-polishing-machine-768x576.jpg 768w, https:\/\/www.datesprocessing.com\/wp-content\/uploads\/2022\/04\/dates-polishing-machine-600x450.jpg 600w\" sizes=\"auto, (max-width: 800px) 100vw, 800px\" \/><\/p>\n<h2>Caract\u00e9ristiques de la machine \u00e0 polir les dattes<\/h2>\n<p>1. La machine \u00e0 polir les dattes est fabriqu\u00e9e en acier inoxydable, ce qui est conforme aux normes nationales de s\u00e9curit\u00e9 alimentaire et a une longue dur\u00e9e de vie.<br \/>\n2. La brosse de cette machine est fabriqu\u00e9e en nylon, qui a une forte r\u00e9sistance \u00e0 l'usure et n'est pas facile \u00e0 endommager.<br \/>\n3. La machine \u00e0 polir les dattes \u00e0 vendre est facile \u00e0 utiliser, et une seule personne peut effectuer l'op\u00e9ration.<br \/>\n4. Le panneau de commande de la machine peut \u00eatre ajust\u00e9 en fonction de la demande.<br \/>\n5. Cette machine \u00e0 polir les dattes peut atteindre l'\u00e9tat de nettoyage continu et am\u00e9liorer l'efficacit\u00e9 du traitement et de la production de jujubes.<\/p>\n<p><iframe loading=\"lazy\" title=\"Nouvelles dates Machine de lavage et de s\u00e9chage - Taux de dessablage 100%\" src=\"https:\/\/www.youtube.com\/embed\/0ON4D0MAGyE\" width=\"700\" height=\"500\" frameborder=\"0\" allowfullscreen=\"allowfullscreen\"><\/iframe><\/p>\n<h2>Avantages de la machine \u00e0 polir les dattes<\/h2>\n<p>1. La machine \u00e0 polir les dattes peut remplacer l'\u00e9limination manuelle de la poussi\u00e8re, des taches et autres impuret\u00e9s \u00e0 la surface du palmier dattier, ce qui permet d'\u00e9conomiser du temps et des efforts.<br \/>\n2. Peut effectuer un nettoyage \u00e0 grande \u00e9chelle des dates, et le r\u00e9sultat peut \u00eatre personnalis\u00e9.<br \/>\n3. Un dispositif de pulv\u00e9risation peut \u00eatre ajout\u00e9 pour rendre le nettoyage plus approfondi.<br \/>\n4. Elle peut r\u00e9aliser l'effet d'une machine \u00e0 polir les dattes \u00e0 usage multiple, et peut nettoyer une vari\u00e9t\u00e9 de fruits \u00e0 bulbe.<br \/>\n5. Des conseils d'utilisation et une assistance technique peuvent \u00eatre fournis.<\/p>\n<h2>Principe de fonctionnement de la machine \u00e0 polir les dattes<\/h2>\n<p>Il est principalement compos\u00e9 d'un moteur, d'un rouleau \u00e0 cheveux, d'un bo\u00eetier de commande, d'un convertisseur de fr\u00e9quence, d'une pompe \u00e0 eau, etc. Il adopte le principe de la friction des brosses. Pendant que la brosse tourne \u00e0 grande vitesse, l'arroseur \u00e0 haute pression situ\u00e9 sur le dessus lave continuellement le mat\u00e9riau, et le mat\u00e9riau est pouss\u00e9 par la rotation du rouleau \u00e0 poils. Le r\u00e9sultat est un palmier dattier propre et brillant, qui a l'effet d'un polissage.<\/p>\n<p>Nous sommes le fabricant et le fournisseur de machines \u00e0 polir les dattes, si vous avez besoin de <a href=\"https:\/\/www.datesprocessing.com\/fr\/category\/products\/\"><strong>\u00e9quipement de traitement des palmiers dattiers<\/strong><\/a>Vous pouvez nous contacter.<\/p>\n<hr \/>\n<h3 style=\"text-align: center;\">-Laissez un message pour une citation<\/h3>\n\n<div class=\"wpcf7 no-js\" id=\"wpcf7-f12-o1\" lang=\"en-US\" dir=\"ltr\">\n<div class=\"screen-reader-response\"><p role=\"status\" aria-live=\"polite\" aria-atomic=\"true\"><\/p> <ul><\/ul><\/div>\n<form action=\"\/fr\/wp-json\/wp\/v2\/product\/1532#wpcf7-f12-o1\" method=\"post\" class=\"wpcf7-form init\" aria-label=\"Formulaire de contact\" novalidate=\"novalidate\" data-status=\"init\" data-trp-original-action=\"\/fr\/wp-json\/wp\/v2\/product\/1532#wpcf7-f12-o1\">\n<div style=\"display: none;\">\n<input type=\"hidden\" name=\"_wpcf7\" value=\"12\" \/>\n<input type=\"hidden\" name=\"_wpcf7_version\" value=\"5.7.6\" \/>\n<input type=\"hidden\" name=\"_wpcf7_locale\" value=\"en_US\" \/>\n<input type=\"hidden\" name=\"_wpcf7_unit_tag\" value=\"wpcf7-f12-o1\" \/>\n<input type=\"hidden\" name=\"_wpcf7_container_post\" value=\"0\" \/>\n<input type=\"hidden\" name=\"_wpcf7_posted_data_hash\" value=\"\" \/>\n<\/div>\n<div class='proformleft'>\n\t<p><label> Votre nom<br \/>\n<span class=\"wpcf7-form-control-wrap\" data-name=\"your-name\"><input size=\"40\" class=\"wpcf7-form-control wpcf7-text\" aria-invalid=\"false\" value=\"\" type=\"text\" name=\"your-name\" \/><\/span> <\/label>\n\t<\/p>\n\t<p><label> *Votre Email<br \/>\n<span class=\"wpcf7-form-control-wrap\" data-name=\"your-email\"><input size=\"40\" class=\"wpcf7-form-control wpcf7-text wpcf7-email wpcf7-validates-as-required wpcf7-validates-as-email\" aria-required=\"true\" aria-invalid=\"false\" value=\"\" type=\"email\" name=\"your-email\" \/><\/span> <\/label>\n\t<\/p>\n\t<p><label> *Votre t\u00e9l\u00e9phone<br \/>\n<span class=\"wpcf7-form-control-wrap\" data-name=\"tel-173\"><input size=\"40\" class=\"wpcf7-form-control wpcf7-text wpcf7-tel wpcf7-validates-as-required wpcf7-validates-as-tel\" aria-required=\"true\" aria-invalid=\"false\" value=\"\" type=\"tel\" name=\"tel-173\" \/><\/span> <\/label>\n\t<\/p>\n\t<p><label> Votre pays<br \/>\n<span class=\"wpcf7-form-control-wrap\" data-name=\"your-country\"><input size=\"40\" class=\"wpcf7-form-control wpcf7-text\" aria-invalid=\"false\" value=\"\" type=\"text\" name=\"your-country\" \/><\/span> <\/label>\n\t<\/p>\n<\/div>\n<div class='proformright'>\n\t<p><label> *Votre message<br \/>\n<span class=\"wpcf7-form-control-wrap\" data-name=\"your-message\"><textarea cols=\"40\" rows=\"10\" class=\"wpcf7-form-control wpcf7-textarea wpcf7-validates-as-required\" aria-required=\"true\" aria-invalid=\"false\" name=\"your-message\"><\/textarea><\/span> <\/label>\n\t<\/p>\n\t<p><input class=\"wpcf7-form-control has-spinner wpcf7-submit\" type=\"submit\" value=\"Envoyer\" \/>\n\t<\/p>\n<\/div>\n<div style='clear:both'>\n<\/div><p style=\"display: none !important;\"><label>&#916;<textarea name=\"_wpcf7_ak_hp_textarea\" cols=\"45\" rows=\"8\" maxlength=\"100\"><\/textarea><\/label><input type=\"hidden\" id=\"ak_js\" name=\"_wpcf7_ak_js\" value=\"40\"\/><script>document.getElementById( \"ak_js\" ).setAttribute( \"value\", ( new Date() ).getTime() );<\/script><\/p><div class=\"wpcf7-response-output\" aria-hidden=\"true\"><\/div>\n<input type=\"hidden\" name=\"trp-form-language\" value=\"fr\"\/><\/form>\n<\/div>\n\n<div style='text-align:left' class='yasr-auto-insert-visitor'><\/div>","protected":false},"excerpt":{"rendered":"<p>Mat\u00e9riau en acier inoxydable, longue dur\u00e9e de vie ; pas d'endommagement des mat\u00e9riaux ; peut \u00eatre personnalis\u00e9<\/p>","protected":false},"featured_media":1533,"comment_status":"open","ping_status":"closed","template":"","meta":{"site-sidebar-layout":"default","site-content-layout":"default","ast-main-header-display":"","ast-hfb-above-header-display":"","ast-hfb-below-header-display":"","ast-hfb-mobile-header-display":"","site-post-title":"","ast-breadcrumbs-content":"","ast-featured-img":"","footer-sml-layout":"","theme-transparent-header-meta":"","adv-header-id-meta":"","stick-header-meta":"","header-above-stick-meta":"","header-main-stick-meta":"","header-below-stick-meta":"","yasr_overall_rating":5,"yasr_post_is_review":"","yasr_auto_insert_disabled":"","yasr_review_type":""},"product_cat":[15],"product_tag":[],"class_list":["post-1532","product","type-product","status-publish","has-post-thumbnail","hentry","product_cat-products"],"yoast_head":"<!-- This site is optimized with the Yoast SEO plugin v23.2 - https:\/\/yoast.com\/wordpress\/plugins\/seo\/ -->\n<title>220v Soft Brush Date Polishing Machine For Sale<\/title>\n<meta name=\"description\" content=\"The dates polishing machine is a brush cleaning equipment that can remove the stains and dust and other impurities on the surface of the date palm.\" \/>\n<meta name=\"robots\" content=\"index, follow, max-snippet:-1, max-image-preview:large, max-video-preview:-1\" \/>\n<link rel=\"canonical\" href=\"https:\/\/www.datesprocessing.com\/fr\/product\/date-polishing-machine-for-sale\/\" \/>\n<meta property=\"og:locale\" content=\"fr_FR\" \/>\n<meta property=\"og:type\" content=\"article\" \/>\n<meta property=\"og:title\" content=\"220v Soft Brush Date Polishing Machine For Sale\" \/>\n<meta property=\"og:description\" content=\"The dates polishing machine is a brush cleaning equipment that can remove the stains and dust and other impurities on the surface of the date palm.\" \/>\n<meta property=\"og:url\" content=\"https:\/\/www.datesprocessing.com\/fr\/product\/date-polishing-machine-for-sale\/\" \/>\n<meta property=\"og:site_name\" content=\"datesprocessing\" \/>\n<meta property=\"article:modified_time\" content=\"2026-02-06T13:32:05+00:00\" \/>\n<meta property=\"og:image\" content=\"https:\/\/www.datesprocessing.com\/wp-content\/uploads\/2022\/04\/222.png\" \/>\n\t<meta property=\"og:image:width\" content=\"500\" \/>\n\t<meta property=\"og:image:height\" content=\"500\" \/>\n\t<meta property=\"og:image:type\" content=\"image\/png\" \/>\n<meta name=\"twitter:card\" content=\"summary_large_image\" \/>\n<meta name=\"twitter:label1\" content=\"Dur\u00e9e de lecture estim\u00e9e\" \/>\n\t<meta name=\"twitter:data1\" content=\"3 minutes\" \/>\n<script type=\"application\/ld+json\" class=\"yoast-schema-graph\">{\"@context\":\"https:\/\/schema.org\",\"@graph\":[{\"@type\":\"WebPage\",\"@id\":\"https:\/\/www.datesprocessing.com\/product\/date-polishing-machine-for-sale\/\",\"url\":\"https:\/\/www.datesprocessing.com\/product\/date-polishing-machine-for-sale\/\",\"name\":\"220v Soft Brush Date Polishing Machine For Sale\",\"isPartOf\":{\"@id\":\"https:\/\/www.datesprocessing.com\/#website\"},\"primaryImageOfPage\":{\"@id\":\"https:\/\/www.datesprocessing.com\/product\/date-polishing-machine-for-sale\/#primaryimage\"},\"image\":{\"@id\":\"https:\/\/www.datesprocessing.com\/product\/date-polishing-machine-for-sale\/#primaryimage\"},\"thumbnailUrl\":\"https:\/\/www.datesprocessing.com\/wp-content\/uploads\/2022\/04\/222.png\",\"datePublished\":\"2022-04-12T06:46:31+00:00\",\"dateModified\":\"2026-02-06T13:32:05+00:00\",\"description\":\"The dates polishing machine is a brush cleaning equipment that can remove the stains and dust and other impurities on the surface of the date palm.\",\"breadcrumb\":{\"@id\":\"https:\/\/www.datesprocessing.com\/product\/date-polishing-machine-for-sale\/#breadcrumb\"},\"inLanguage\":\"fr-FR\",\"potentialAction\":[{\"@type\":\"ReadAction\",\"target\":[\"https:\/\/www.datesprocessing.com\/product\/date-polishing-machine-for-sale\/\"]}]},{\"@type\":\"ImageObject\",\"inLanguage\":\"fr-FR\",\"@id\":\"https:\/\/www.datesprocessing.com\/product\/date-polishing-machine-for-sale\/#primaryimage\",\"url\":\"https:\/\/www.datesprocessing.com\/wp-content\/uploads\/2022\/04\/222.png\",\"contentUrl\":\"https:\/\/www.datesprocessing.com\/wp-content\/uploads\/2022\/04\/222.png\",\"width\":500,\"height\":500,\"caption\":\"dates polishing machine\"},{\"@type\":\"BreadcrumbList\",\"@id\":\"https:\/\/www.datesprocessing.com\/product\/date-polishing-machine-for-sale\/#breadcrumb\",\"itemListElement\":[{\"@type\":\"ListItem\",\"position\":1,\"name\":\"Home\",\"item\":\"https:\/\/www.datesprocessing.com\/\"},{\"@type\":\"ListItem\",\"position\":2,\"name\":\"Products\",\"item\":\"https:\/\/www.datesprocessing.com\/products\/\"},{\"@type\":\"ListItem\",\"position\":3,\"name\":\"220v Soft Brush Date Polishing Machine For Sale\"}]},{\"@type\":\"WebSite\",\"@id\":\"https:\/\/www.datesprocessing.com\/#website\",\"url\":\"https:\/\/www.datesprocessing.com\/\",\"name\":\"datesprocessing\",\"description\":\"\",\"publisher\":{\"@id\":\"https:\/\/www.datesprocessing.com\/#organization\"},\"potentialAction\":[{\"@type\":\"SearchAction\",\"target\":{\"@type\":\"EntryPoint\",\"urlTemplate\":\"https:\/\/www.datesprocessing.com\/?s={search_term_string}\"},\"query-input\":\"required name=search_term_string\"}],\"inLanguage\":\"fr-FR\"},{\"@type\":\"Organization\",\"@id\":\"https:\/\/www.datesprocessing.com\/#organization\",\"name\":\"datesprocessing\",\"url\":\"https:\/\/www.datesprocessing.com\/\",\"logo\":{\"@type\":\"ImageObject\",\"inLanguage\":\"fr-FR\",\"@id\":\"https:\/\/www.datesprocessing.com\/#\/schema\/logo\/image\/\",\"url\":\"https:\/\/www.datesprocessing.com\/wp-content\/uploads\/2022\/02\/cropped-cropped-5-1.png\",\"contentUrl\":\"https:\/\/www.datesprocessing.com\/wp-content\/uploads\/2022\/02\/cropped-cropped-5-1.png\",\"width\":365,\"height\":284,\"caption\":\"datesprocessing\"},\"image\":{\"@id\":\"https:\/\/www.datesprocessing.com\/#\/schema\/logo\/image\/\"}},false]}<\/script>\n<!-- \/ Yoast SEO plugin. -->","yoast_head_json":{"title":"220v Soft Brush Date Polishing Machine For Sale","description":"The dates polishing machine is a brush cleaning equipment that can remove the stains and dust and other impurities on the surface of the date palm.","robots":{"index":"index","follow":"follow","max-snippet":"max-snippet:-1","max-image-preview":"max-image-preview:large","max-video-preview":"max-video-preview:-1"},"canonical":"https:\/\/www.datesprocessing.com\/fr\/product\/date-polishing-machine-for-sale\/","og_locale":"fr_FR","og_type":"article","og_title":"220v Soft Brush Date Polishing Machine For Sale","og_description":"The dates polishing machine is a brush cleaning equipment that can remove the stains and dust and other impurities on the surface of the date palm.","og_url":"https:\/\/www.datesprocessing.com\/fr\/product\/date-polishing-machine-for-sale\/","og_site_name":"datesprocessing","article_modified_time":"2026-02-06T13:32:05+00:00","og_image":[{"width":500,"height":500,"url":"https:\/\/www.datesprocessing.com\/wp-content\/uploads\/2022\/04\/222.png","type":"image\/png"}],"twitter_card":"summary_large_image","twitter_misc":{"Dur\u00e9e de lecture estim\u00e9e":"3 minutes"},"schema":{"@context":"https:\/\/schema.org","@graph":[{"@type":"WebPage","@id":"https:\/\/www.datesprocessing.com\/product\/date-polishing-machine-for-sale\/","url":"https:\/\/www.datesprocessing.com\/product\/date-polishing-machine-for-sale\/","name":"220v Soft Brush Date Polishing Machine For Sale","isPartOf":{"@id":"https:\/\/www.datesprocessing.com\/#website"},"primaryImageOfPage":{"@id":"https:\/\/www.datesprocessing.com\/product\/date-polishing-machine-for-sale\/#primaryimage"},"image":{"@id":"https:\/\/www.datesprocessing.com\/product\/date-polishing-machine-for-sale\/#primaryimage"},"thumbnailUrl":"https:\/\/www.datesprocessing.com\/wp-content\/uploads\/2022\/04\/222.png","datePublished":"2022-04-12T06:46:31+00:00","dateModified":"2026-02-06T13:32:05+00:00","description":"The dates polishing machine is a brush cleaning equipment that can remove the stains and dust and other impurities on the surface of the date palm.","breadcrumb":{"@id":"https:\/\/www.datesprocessing.com\/product\/date-polishing-machine-for-sale\/#breadcrumb"},"inLanguage":"fr-FR","potentialAction":[{"@type":"ReadAction","target":["https:\/\/www.datesprocessing.com\/product\/date-polishing-machine-for-sale\/"]}]},{"@type":"ImageObject","inLanguage":"fr-FR","@id":"https:\/\/www.datesprocessing.com\/product\/date-polishing-machine-for-sale\/#primaryimage","url":"https:\/\/www.datesprocessing.com\/wp-content\/uploads\/2022\/04\/222.png","contentUrl":"https:\/\/www.datesprocessing.com\/wp-content\/uploads\/2022\/04\/222.png","width":500,"height":500,"caption":"dates polishing machine"},{"@type":"BreadcrumbList","@id":"https:\/\/www.datesprocessing.com\/product\/date-polishing-machine-for-sale\/#breadcrumb","itemListElement":[{"@type":"ListItem","position":1,"name":"Home","item":"https:\/\/www.datesprocessing.com\/"},{"@type":"ListItem","position":2,"name":"Products","item":"https:\/\/www.datesprocessing.com\/products\/"},{"@type":"ListItem","position":3,"name":"220v Soft Brush Date Polishing Machine For Sale"}]},{"@type":"WebSite","@id":"https:\/\/www.datesprocessing.com\/#website","url":"https:\/\/www.datesprocessing.com\/","name":"datesprocessing","description":"","publisher":{"@id":"https:\/\/www.datesprocessing.com\/#organization"},"potentialAction":[{"@type":"SearchAction","target":{"@type":"EntryPoint","urlTemplate":"https:\/\/www.datesprocessing.com\/?s={search_term_string}"},"query-input":"required name=search_term_string"}],"inLanguage":"fr-FR"},{"@type":"Organization","@id":"https:\/\/www.datesprocessing.com\/#organization","name":"datesprocessing","url":"https:\/\/www.datesprocessing.com\/","logo":{"@type":"ImageObject","inLanguage":"fr-FR","@id":"https:\/\/www.datesprocessing.com\/#\/schema\/logo\/image\/","url":"https:\/\/www.datesprocessing.com\/wp-content\/uploads\/2022\/02\/cropped-cropped-5-1.png","contentUrl":"https:\/\/www.datesprocessing.com\/wp-content\/uploads\/2022\/02\/cropped-cropped-5-1.png","width":365,"height":284,"caption":"datesprocessing"},"image":{"@id":"https:\/\/www.datesprocessing.com\/#\/schema\/logo\/image\/"}},false]}},"yasr_visitor_votes":{"stars_attributes":{"read_only":false,"span_bottom":false},"number_of_votes":1,"sum_votes":5},"_links":{"self":[{"href":"https:\/\/www.datesprocessing.com\/fr\/wp-json\/wp\/v2\/product\/1532","targetHints":{"allow":["GET"]}}],"collection":[{"href":"https:\/\/www.datesprocessing.com\/fr\/wp-json\/wp\/v2\/product"}],"about":[{"href":"https:\/\/www.datesprocessing.com\/fr\/wp-json\/wp\/v2\/types\/product"}],"replies":[{"embeddable":true,"href":"https:\/\/www.datesprocessing.com\/fr\/wp-json\/wp\/v2\/comments?post=1532"}],"version-history":[{"count":6,"href":"https:\/\/www.datesprocessing.com\/fr\/wp-json\/wp\/v2\/product\/1532\/revisions"}],"predecessor-version":[{"id":1988,"href":"https:\/\/www.datesprocessing.com\/fr\/wp-json\/wp\/v2\/product\/1532\/revisions\/1988"}],"wp:featuredmedia":[{"embeddable":true,"href":"https:\/\/www.datesprocessing.com\/fr\/wp-json\/wp\/v2\/media\/1533"}],"wp:attachment":[{"href":"https:\/\/www.datesprocessing.com\/fr\/wp-json\/wp\/v2\/media?parent=1532"}],"wp:term":[{"taxonomy":"product_cat","embeddable":true,"href":"https:\/\/www.datesprocessing.com\/fr\/wp-json\/wp\/v2\/product_cat?post=1532"},{"taxonomy":"product_tag","embeddable":true,"href":"https:\/\/www.datesprocessing.com\/fr\/wp-json\/wp\/v2\/product_tag?post=1532"}],"curies":[{"name":"wp","href":"https:\/\/api.w.org\/{rel}","templated":true}]}}