{"id":1212,"date":"2022-03-11T15:35:46","date_gmt":"2022-03-11T07:35:46","guid":{"rendered":"https:\/\/www.datesprocessing.com\/?post_type=product&#038;p=1212"},"modified":"2025-09-16T14:51:23","modified_gmt":"2025-09-16T06:51:23","slug":"fruit-dates-pulping-machine","status":"publish","type":"product","link":"https:\/\/www.datesprocessing.com\/fr\/product\/fruit-dates-pulping-machine\/","title":{"rendered":"Machine industrielle de d\u00e9pulpage de dattes"},"content":{"rendered":"<h2>Introduction \u00e0 la machine de mise en p\u00e2te des dattes<\/h2>\n<p>Le d\u00e9pulpeur industriel de dattes est une machine \u00e0 faible encombrement, \u00e0 haut rendement et \u00e0 large gamme d'utilisation. Le d\u00e9pulpeur de dattes peut broyer une grande vari\u00e9t\u00e9 de l\u00e9gumes et de fruits, et est un \u00e9quipement indispensable dans le traitement des sauces industrielles. Le d\u00e9pulpeur de fruits est fabriqu\u00e9 en acier inoxydable, ce qui lui conf\u00e8re une longue dur\u00e9e de vie, un faible taux de d\u00e9faillance et une grande facilit\u00e9 d'entretien et de nettoyage.<\/p>\n<h2>Caract\u00e9ristiques de la machine \u00e0 pulper les fruits<\/h2>\n<p>1) Fabriqu\u00e9 en acier inoxydable, le d\u00e9pulpeur de dattes a une longue dur\u00e9e de vie et ne pollue pas les dattes.<\/p>\n<p>2. la machine de d\u00e9pulpage de fruits est de petite taille, facile \u00e0 d\u00e9placer et \u00e0 utiliser.<\/p>\n<p>3. la machine de d\u00e9pulpage des dattes peut s\u00e9parer automatiquement la peau et le c\u0153ur du palmier dattier.<\/p>\n<p>4. la vitesse du battage m\u00e9canique peut \u00eatre r\u00e9gl\u00e9e.<\/p>\n<p>5. la machine de d\u00e9pulpage de dattes peut remplacer diff\u00e9rents tamis \u00e0 volont\u00e9 pour obtenir diff\u00e9rentes \u00e9paisseurs de produits finis.<\/p>\n<p><img loading=\"lazy\" decoding=\"async\" class=\"alignnone size-full wp-image-1213\" src=\"https:\/\/www.datesprocessing.com\/wp-content\/uploads\/2022\/03\/031.png\" alt=\"\" width=\"1000\" height=\"600\" srcset=\"https:\/\/www.datesprocessing.com\/wp-content\/uploads\/2022\/03\/031.png 1000w, https:\/\/www.datesprocessing.com\/wp-content\/uploads\/2022\/03\/031-300x180.png 300w, https:\/\/www.datesprocessing.com\/wp-content\/uploads\/2022\/03\/031-768x461.png 768w, https:\/\/www.datesprocessing.com\/wp-content\/uploads\/2022\/03\/031-600x360.png 600w\" sizes=\"auto, (max-width: 1000px) 100vw, 1000px\" \/><\/p>\n<h2>Principe de fonctionnement de la machine \u00e0 pulper les fruits<\/h2>\n<p>Le moteur est entra\u00een\u00e9 par une courroie qui fait tourner \u00e0 grande vitesse le racleur install\u00e9 sur la cannelure. Lorsque les dattes broy\u00e9es entrent dans la machine par l'orifice d'alimentation, le plateau de r\u00e9ception de la pulpe distribue uniform\u00e9ment la mati\u00e8re vers le racleur et le crible. En raison de l'action rotative du racleur et de l'existence d'un angle d'attaque, les dattes se d\u00e9placent le long du cylindre jusqu'\u00e0 l'extr\u00e9mit\u00e9 de sortie ; la trajectoire de d\u00e9placement est en spirale et les dattes sont affect\u00e9es par la force centrifuge pendant le mouvement entre le racleur et le cylindre du tamis. Apr\u00e8s avoir \u00e9t\u00e9 racl\u00e9, le jus et la viande (qui ont \u00e9t\u00e9 r\u00e9duits en bouillie) sont envoy\u00e9s vers le processus suivant \u00e0 travers le trou du tamis, et la peau et les graines sont d\u00e9charg\u00e9es de la tr\u00e9mie \u00e0 scories pour atteindre l'objectif de la s\u00e9paration automatique.<\/p>\n<h2>Param\u00e8tres de la machine de mise en p\u00e2te des dattes<\/h2>\n<table>\n<tbody>\n<tr>\n<td width=\"76\">Nom<\/td>\n<td width=\"151\">mod\u00e8le<\/td>\n<td width=\"113\">sortie<\/td>\n<td width=\"113\">Tension<\/td>\n<td width=\"113\">pouvoir<\/td>\n<\/tr>\n<tr>\n<td rowspan=\"2\" width=\"76\">Machine \u00e0 d\u00e9pulper les dattes<\/p>\n<p>&nbsp;<\/td>\n<td width=\"151\">GG-KW-DJ1-0.12<\/td>\n<td width=\"113\">50-120kg\/H<\/td>\n<td width=\"113\">380V<\/td>\n<td width=\"113\">1.5Kw<\/td>\n<\/tr>\n<tr>\n<td width=\"151\">GG-KW-DJ1-2.5<\/td>\n<td width=\"113\">1-2,5 tonnes\/H<\/td>\n<td width=\"113\">380V<\/td>\n<td width=\"113\">4Kw<\/td>\n<\/tr>\n<\/tbody>\n<\/table>\n<p>Nous sommes un fabricant de machines de traitement des dattes avec une ligne de production de traitement des dattes. Si vous souhaitez d\u00e9marrer une entreprise de traitement des dattes, veuillez nous contacter et nous vous fournirons des solutions et des \u00e9quipements.<\/p>\n<hr \/>\n<h3 style=\"text-align: center;\">-Laissez un message pour une citation<\/h3>\n\n<div class=\"wpcf7 no-js\" id=\"wpcf7-f12-o1\" lang=\"en-US\" dir=\"ltr\">\n<div class=\"screen-reader-response\"><p role=\"status\" aria-live=\"polite\" aria-atomic=\"true\"><\/p> <ul><\/ul><\/div>\n<form action=\"\/fr\/wp-json\/wp\/v2\/product\/1212#wpcf7-f12-o1\" method=\"post\" class=\"wpcf7-form init\" aria-label=\"Formulaire de contact\" novalidate=\"novalidate\" data-status=\"init\" data-trp-original-action=\"\/fr\/wp-json\/wp\/v2\/product\/1212#wpcf7-f12-o1\">\n<div style=\"display: none;\">\n<input type=\"hidden\" name=\"_wpcf7\" value=\"12\" \/>\n<input type=\"hidden\" name=\"_wpcf7_version\" value=\"5.7.6\" \/>\n<input type=\"hidden\" name=\"_wpcf7_locale\" value=\"en_US\" \/>\n<input type=\"hidden\" name=\"_wpcf7_unit_tag\" value=\"wpcf7-f12-o1\" \/>\n<input type=\"hidden\" name=\"_wpcf7_container_post\" value=\"0\" \/>\n<input type=\"hidden\" name=\"_wpcf7_posted_data_hash\" value=\"\" \/>\n<\/div>\n<div class='proformleft'>\n\t<p><label> Votre nom<br \/>\n<span class=\"wpcf7-form-control-wrap\" data-name=\"your-name\"><input size=\"40\" class=\"wpcf7-form-control wpcf7-text\" aria-invalid=\"false\" value=\"\" type=\"text\" name=\"your-name\" \/><\/span> <\/label>\n\t<\/p>\n\t<p><label> *Votre Email<br \/>\n<span class=\"wpcf7-form-control-wrap\" data-name=\"your-email\"><input size=\"40\" class=\"wpcf7-form-control wpcf7-text wpcf7-email wpcf7-validates-as-required wpcf7-validates-as-email\" aria-required=\"true\" aria-invalid=\"false\" value=\"\" type=\"email\" name=\"your-email\" \/><\/span> <\/label>\n\t<\/p>\n\t<p><label> *Votre t\u00e9l\u00e9phone<br \/>\n<span class=\"wpcf7-form-control-wrap\" data-name=\"tel-173\"><input size=\"40\" class=\"wpcf7-form-control wpcf7-text wpcf7-tel wpcf7-validates-as-required wpcf7-validates-as-tel\" aria-required=\"true\" aria-invalid=\"false\" value=\"\" type=\"tel\" name=\"tel-173\" \/><\/span> <\/label>\n\t<\/p>\n\t<p><label> Votre pays<br \/>\n<span class=\"wpcf7-form-control-wrap\" data-name=\"your-country\"><input size=\"40\" class=\"wpcf7-form-control wpcf7-text\" aria-invalid=\"false\" value=\"\" type=\"text\" name=\"your-country\" \/><\/span> <\/label>\n\t<\/p>\n<\/div>\n<div class='proformright'>\n\t<p><label> *Votre message<br \/>\n<span class=\"wpcf7-form-control-wrap\" data-name=\"your-message\"><textarea cols=\"40\" rows=\"10\" class=\"wpcf7-form-control wpcf7-textarea wpcf7-validates-as-required\" aria-required=\"true\" aria-invalid=\"false\" name=\"your-message\"><\/textarea><\/span> <\/label>\n\t<\/p>\n\t<p><input class=\"wpcf7-form-control has-spinner wpcf7-submit\" type=\"submit\" value=\"Envoyer\" \/>\n\t<\/p>\n<\/div>\n<div style='clear:both'>\n<\/div><p style=\"display: none !important;\"><label>&#916;<textarea name=\"_wpcf7_ak_hp_textarea\" cols=\"45\" rows=\"8\" maxlength=\"100\"><\/textarea><\/label><input type=\"hidden\" id=\"ak_js\" name=\"_wpcf7_ak_js\" value=\"171\"\/><script>document.getElementById( \"ak_js\" ).setAttribute( \"value\", ( new Date() ).getTime() );<\/script><\/p><div class=\"wpcf7-response-output\" aria-hidden=\"true\"><\/div>\n<input type=\"hidden\" name=\"trp-form-language\" value=\"fr\"\/><\/form>\n<\/div>\n\n<div style='text-align:left' class='yasr-auto-insert-visitor'><\/div>","protected":false},"excerpt":{"rendered":"<p>Mat\u00e9riau en acier inoxydable, longue dur\u00e9e de vie ; petite taille, facile \u00e0 d\u00e9placer ; large \u00e9ventail d'utilisations.<\/p>","protected":false},"featured_media":1215,"comment_status":"open","ping_status":"closed","template":"","meta":{"site-sidebar-layout":"default","site-content-layout":"default","ast-main-header-display":"","ast-hfb-above-header-display":"","ast-hfb-below-header-display":"","ast-hfb-mobile-header-display":"","site-post-title":"","ast-breadcrumbs-content":"","ast-featured-img":"","footer-sml-layout":"","theme-transparent-header-meta":"","adv-header-id-meta":"","stick-header-meta":"","header-above-stick-meta":"","header-main-stick-meta":"","header-below-stick-meta":"","yasr_overall_rating":4.9,"yasr_post_is_review":"","yasr_auto_insert_disabled":"","yasr_review_type":""},"product_cat":[15],"product_tag":[],"class_list":["post-1212","product","type-product","status-publish","has-post-thumbnail","hentry","product_cat-products"],"yoast_head":"<!-- This site is optimized with the Yoast SEO plugin v23.2 - https:\/\/yoast.com\/wordpress\/plugins\/seo\/ -->\n<title>Industrial Fruit Dates Pulping Machine<\/title>\n<meta name=\"description\" content=\"The industrial fruit dates pulping machine can quickly break the dates into small pieces, which is convenient for the next step of making date sauce.\" \/>\n<meta name=\"robots\" content=\"index, follow, max-snippet:-1, max-image-preview:large, max-video-preview:-1\" \/>\n<link rel=\"canonical\" href=\"https:\/\/www.datesprocessing.com\/fr\/product\/fruit-dates-pulping-machine\/\" \/>\n<meta property=\"og:locale\" content=\"fr_FR\" \/>\n<meta property=\"og:type\" content=\"article\" \/>\n<meta property=\"og:title\" content=\"Industrial Fruit Dates Pulping Machine\" \/>\n<meta property=\"og:description\" content=\"The industrial fruit dates pulping machine can quickly break the dates into small pieces, which is convenient for the next step of making date sauce.\" \/>\n<meta property=\"og:url\" content=\"https:\/\/www.datesprocessing.com\/fr\/product\/fruit-dates-pulping-machine\/\" \/>\n<meta property=\"og:site_name\" content=\"datesprocessing\" \/>\n<meta property=\"article:modified_time\" content=\"2025-09-16T06:51:23+00:00\" \/>\n<meta property=\"og:image\" content=\"https:\/\/www.datesprocessing.com\/wp-content\/uploads\/2022\/03\/030.png\" \/>\n\t<meta property=\"og:image:width\" content=\"500\" \/>\n\t<meta property=\"og:image:height\" content=\"500\" \/>\n\t<meta property=\"og:image:type\" content=\"image\/png\" \/>\n<meta name=\"twitter:card\" content=\"summary_large_image\" \/>\n<meta name=\"twitter:label1\" content=\"Dur\u00e9e de lecture estim\u00e9e\" \/>\n\t<meta name=\"twitter:data1\" content=\"2 minutes\" \/>\n<script type=\"application\/ld+json\" class=\"yoast-schema-graph\">{\"@context\":\"https:\/\/schema.org\",\"@graph\":[{\"@type\":\"WebPage\",\"@id\":\"https:\/\/www.datesprocessing.com\/product\/fruit-dates-pulping-machine\/\",\"url\":\"https:\/\/www.datesprocessing.com\/product\/fruit-dates-pulping-machine\/\",\"name\":\"Industrial Fruit Dates Pulping Machine\",\"isPartOf\":{\"@id\":\"https:\/\/www.datesprocessing.com\/#website\"},\"primaryImageOfPage\":{\"@id\":\"https:\/\/www.datesprocessing.com\/product\/fruit-dates-pulping-machine\/#primaryimage\"},\"image\":{\"@id\":\"https:\/\/www.datesprocessing.com\/product\/fruit-dates-pulping-machine\/#primaryimage\"},\"thumbnailUrl\":\"https:\/\/www.datesprocessing.com\/wp-content\/uploads\/2022\/03\/030.png\",\"datePublished\":\"2022-03-11T07:35:46+00:00\",\"dateModified\":\"2025-09-16T06:51:23+00:00\",\"description\":\"The industrial fruit dates pulping machine can quickly break the dates into small pieces, which is convenient for the next step of making date sauce.\",\"breadcrumb\":{\"@id\":\"https:\/\/www.datesprocessing.com\/product\/fruit-dates-pulping-machine\/#breadcrumb\"},\"inLanguage\":\"fr-FR\",\"potentialAction\":[{\"@type\":\"ReadAction\",\"target\":[\"https:\/\/www.datesprocessing.com\/product\/fruit-dates-pulping-machine\/\"]}]},{\"@type\":\"ImageObject\",\"inLanguage\":\"fr-FR\",\"@id\":\"https:\/\/www.datesprocessing.com\/product\/fruit-dates-pulping-machine\/#primaryimage\",\"url\":\"https:\/\/www.datesprocessing.com\/wp-content\/uploads\/2022\/03\/030.png\",\"contentUrl\":\"https:\/\/www.datesprocessing.com\/wp-content\/uploads\/2022\/03\/030.png\",\"width\":500,\"height\":500,\"caption\":\"dates pulping machine\"},{\"@type\":\"BreadcrumbList\",\"@id\":\"https:\/\/www.datesprocessing.com\/product\/fruit-dates-pulping-machine\/#breadcrumb\",\"itemListElement\":[{\"@type\":\"ListItem\",\"position\":1,\"name\":\"Home\",\"item\":\"https:\/\/www.datesprocessing.com\/\"},{\"@type\":\"ListItem\",\"position\":2,\"name\":\"Products\",\"item\":\"https:\/\/www.datesprocessing.com\/products\/\"},{\"@type\":\"ListItem\",\"position\":3,\"name\":\"Industrial Fruit Dates Pulping Machine\"}]},{\"@type\":\"WebSite\",\"@id\":\"https:\/\/www.datesprocessing.com\/#website\",\"url\":\"https:\/\/www.datesprocessing.com\/\",\"name\":\"datesprocessing\",\"description\":\"\",\"publisher\":{\"@id\":\"https:\/\/www.datesprocessing.com\/#organization\"},\"potentialAction\":[{\"@type\":\"SearchAction\",\"target\":{\"@type\":\"EntryPoint\",\"urlTemplate\":\"https:\/\/www.datesprocessing.com\/?s={search_term_string}\"},\"query-input\":\"required name=search_term_string\"}],\"inLanguage\":\"fr-FR\"},{\"@type\":\"Organization\",\"@id\":\"https:\/\/www.datesprocessing.com\/#organization\",\"name\":\"datesprocessing\",\"url\":\"https:\/\/www.datesprocessing.com\/\",\"logo\":{\"@type\":\"ImageObject\",\"inLanguage\":\"fr-FR\",\"@id\":\"https:\/\/www.datesprocessing.com\/#\/schema\/logo\/image\/\",\"url\":\"https:\/\/www.datesprocessing.com\/wp-content\/uploads\/2022\/02\/cropped-cropped-5-1.png\",\"contentUrl\":\"https:\/\/www.datesprocessing.com\/wp-content\/uploads\/2022\/02\/cropped-cropped-5-1.png\",\"width\":365,\"height\":284,\"caption\":\"datesprocessing\"},\"image\":{\"@id\":\"https:\/\/www.datesprocessing.com\/#\/schema\/logo\/image\/\"}},false]}<\/script>\n<!-- \/ Yoast SEO plugin. -->","yoast_head_json":{"title":"Industrial Fruit Dates Pulping Machine","description":"The industrial fruit dates pulping machine can quickly break the dates into small pieces, which is convenient for the next step of making date sauce.","robots":{"index":"index","follow":"follow","max-snippet":"max-snippet:-1","max-image-preview":"max-image-preview:large","max-video-preview":"max-video-preview:-1"},"canonical":"https:\/\/www.datesprocessing.com\/fr\/product\/fruit-dates-pulping-machine\/","og_locale":"fr_FR","og_type":"article","og_title":"Industrial Fruit Dates Pulping Machine","og_description":"The industrial fruit dates pulping machine can quickly break the dates into small pieces, which is convenient for the next step of making date sauce.","og_url":"https:\/\/www.datesprocessing.com\/fr\/product\/fruit-dates-pulping-machine\/","og_site_name":"datesprocessing","article_modified_time":"2025-09-16T06:51:23+00:00","og_image":[{"width":500,"height":500,"url":"https:\/\/www.datesprocessing.com\/wp-content\/uploads\/2022\/03\/030.png","type":"image\/png"}],"twitter_card":"summary_large_image","twitter_misc":{"Dur\u00e9e de lecture estim\u00e9e":"2 minutes"},"schema":{"@context":"https:\/\/schema.org","@graph":[{"@type":"WebPage","@id":"https:\/\/www.datesprocessing.com\/product\/fruit-dates-pulping-machine\/","url":"https:\/\/www.datesprocessing.com\/product\/fruit-dates-pulping-machine\/","name":"Industrial Fruit Dates Pulping Machine","isPartOf":{"@id":"https:\/\/www.datesprocessing.com\/#website"},"primaryImageOfPage":{"@id":"https:\/\/www.datesprocessing.com\/product\/fruit-dates-pulping-machine\/#primaryimage"},"image":{"@id":"https:\/\/www.datesprocessing.com\/product\/fruit-dates-pulping-machine\/#primaryimage"},"thumbnailUrl":"https:\/\/www.datesprocessing.com\/wp-content\/uploads\/2022\/03\/030.png","datePublished":"2022-03-11T07:35:46+00:00","dateModified":"2025-09-16T06:51:23+00:00","description":"The industrial fruit dates pulping machine can quickly break the dates into small pieces, which is convenient for the next step of making date sauce.","breadcrumb":{"@id":"https:\/\/www.datesprocessing.com\/product\/fruit-dates-pulping-machine\/#breadcrumb"},"inLanguage":"fr-FR","potentialAction":[{"@type":"ReadAction","target":["https:\/\/www.datesprocessing.com\/product\/fruit-dates-pulping-machine\/"]}]},{"@type":"ImageObject","inLanguage":"fr-FR","@id":"https:\/\/www.datesprocessing.com\/product\/fruit-dates-pulping-machine\/#primaryimage","url":"https:\/\/www.datesprocessing.com\/wp-content\/uploads\/2022\/03\/030.png","contentUrl":"https:\/\/www.datesprocessing.com\/wp-content\/uploads\/2022\/03\/030.png","width":500,"height":500,"caption":"dates pulping machine"},{"@type":"BreadcrumbList","@id":"https:\/\/www.datesprocessing.com\/product\/fruit-dates-pulping-machine\/#breadcrumb","itemListElement":[{"@type":"ListItem","position":1,"name":"Home","item":"https:\/\/www.datesprocessing.com\/"},{"@type":"ListItem","position":2,"name":"Products","item":"https:\/\/www.datesprocessing.com\/products\/"},{"@type":"ListItem","position":3,"name":"Industrial Fruit Dates Pulping Machine"}]},{"@type":"WebSite","@id":"https:\/\/www.datesprocessing.com\/#website","url":"https:\/\/www.datesprocessing.com\/","name":"datesprocessing","description":"","publisher":{"@id":"https:\/\/www.datesprocessing.com\/#organization"},"potentialAction":[{"@type":"SearchAction","target":{"@type":"EntryPoint","urlTemplate":"https:\/\/www.datesprocessing.com\/?s={search_term_string}"},"query-input":"required name=search_term_string"}],"inLanguage":"fr-FR"},{"@type":"Organization","@id":"https:\/\/www.datesprocessing.com\/#organization","name":"datesprocessing","url":"https:\/\/www.datesprocessing.com\/","logo":{"@type":"ImageObject","inLanguage":"fr-FR","@id":"https:\/\/www.datesprocessing.com\/#\/schema\/logo\/image\/","url":"https:\/\/www.datesprocessing.com\/wp-content\/uploads\/2022\/02\/cropped-cropped-5-1.png","contentUrl":"https:\/\/www.datesprocessing.com\/wp-content\/uploads\/2022\/02\/cropped-cropped-5-1.png","width":365,"height":284,"caption":"datesprocessing"},"image":{"@id":"https:\/\/www.datesprocessing.com\/#\/schema\/logo\/image\/"}},false]}},"yasr_visitor_votes":{"stars_attributes":{"read_only":false,"span_bottom":false},"number_of_votes":1,"sum_votes":5},"_links":{"self":[{"href":"https:\/\/www.datesprocessing.com\/fr\/wp-json\/wp\/v2\/product\/1212","targetHints":{"allow":["GET"]}}],"collection":[{"href":"https:\/\/www.datesprocessing.com\/fr\/wp-json\/wp\/v2\/product"}],"about":[{"href":"https:\/\/www.datesprocessing.com\/fr\/wp-json\/wp\/v2\/types\/product"}],"replies":[{"embeddable":true,"href":"https:\/\/www.datesprocessing.com\/fr\/wp-json\/wp\/v2\/comments?post=1212"}],"version-history":[{"count":4,"href":"https:\/\/www.datesprocessing.com\/fr\/wp-json\/wp\/v2\/product\/1212\/revisions"}],"predecessor-version":[{"id":1989,"href":"https:\/\/www.datesprocessing.com\/fr\/wp-json\/wp\/v2\/product\/1212\/revisions\/1989"}],"wp:featuredmedia":[{"embeddable":true,"href":"https:\/\/www.datesprocessing.com\/fr\/wp-json\/wp\/v2\/media\/1215"}],"wp:attachment":[{"href":"https:\/\/www.datesprocessing.com\/fr\/wp-json\/wp\/v2\/media?parent=1212"}],"wp:term":[{"taxonomy":"product_cat","embeddable":true,"href":"https:\/\/www.datesprocessing.com\/fr\/wp-json\/wp\/v2\/product_cat?post=1212"},{"taxonomy":"product_tag","embeddable":true,"href":"https:\/\/www.datesprocessing.com\/fr\/wp-json\/wp\/v2\/product_tag?post=1212"}],"curies":[{"name":"wp","href":"https:\/\/api.w.org\/{rel}","templated":true}]}}