{"id":1009,"date":"2022-02-26T11:09:20","date_gmt":"2022-02-26T03:09:20","guid":{"rendered":"https:\/\/www.datesprocessing.com\/?post_type=product&#038;p=1009"},"modified":"2026-02-09T13:46:28","modified_gmt":"2026-02-09T05:46:28","slug":"date-cubes-cutting-machine","status":"publish","type":"product","link":"https:\/\/www.datesprocessing.com\/fr\/product\/date-cubes-cutting-machine\/","title":{"rendered":"Machine de d\u00e9coupe automatique de cubes de dattes"},"content":{"rendered":"<h2>Description de la machine \u00e0 couper les cubes de dattes<\/h2>\n<p>La surface de coupe de la machine \u00e0 couper les dattes en cubes est lisse et sans rayures, aucun couteau n'est attach\u00e9, l'\u00e9paisseur et la finesse peuvent \u00eatre ajust\u00e9es librement, les morceaux, bandes et fils coup\u00e9s sont lisses et uniformes, sans rupture. La machine \u00e0 couper les dattes est une machine \u00e0 couper les l\u00e9gumes multifonctionnelle, qui peut \u00eatre utilis\u00e9e pour couper divers fruits et l\u00e9gumes, tels que les carottes, le varech, les l\u00e9gumes verts, les poivrons, etc.<\/p>\n<h2>Caract\u00e9ristiques de la machine de d\u00e9coupe de dattes<\/h2>\n<p>La machine fonctionne relativement en douceur, et ne vibrera pas et ne causera pas de pollution sonore pendant son fonctionnement.<\/p>\n<p>2. Il peut ajuster la machinerie en fonction des besoins du traitement et du d\u00e9nombrement des dattes.<\/p>\n<p>3. Peut remplacer le d\u00e9coupage manuel, et l'\u00e9paisseur de la coupe peut \u00eatre r\u00e9gl\u00e9e librement.<\/p>\n<p>4. L'\u00e9quipement de d\u00e9coupe de dattes est en acier inoxydable, ce qui le rend facile \u00e0 utiliser et \u00e0 entretenir.<\/p>\n<p>5. La machine a un large \u00e9ventail d'applications et peut couper une vari\u00e9t\u00e9 de fruits et l\u00e9gumes. C'est un appareil pratique.<\/p>\n<p><img loading=\"lazy\" decoding=\"async\" class=\"alignnone size-full wp-image-1010\" src=\"https:\/\/www.datesprocessing.com\/wp-content\/uploads\/2022\/02\/76.png\" alt=\"machine de broyage des dattes\" width=\"1000\" height=\"600\" srcset=\"https:\/\/www.datesprocessing.com\/wp-content\/uploads\/2022\/02\/76.png 1000w, https:\/\/www.datesprocessing.com\/wp-content\/uploads\/2022\/02\/76-300x180.png 300w, https:\/\/www.datesprocessing.com\/wp-content\/uploads\/2022\/02\/76-768x461.png 768w, https:\/\/www.datesprocessing.com\/wp-content\/uploads\/2022\/02\/76-600x360.png 600w\" sizes=\"auto, (max-width: 1000px) 100vw, 1000px\" \/><\/p>\n<h2>Avantages de la machine \u00e0 couper les dattes<\/h2>\n<p>Plus respectueuse de l'environnement, la machine est aliment\u00e9e par l'\u00e9lectricit\u00e9 et ne polluera pas l'environnement.<\/p>\n<p>2. le degr\u00e9 d'automatisation est \u00e9lev\u00e9 et le d\u00e9coupage des dates ne peut se faire qu'en introduisant les dates de d\u00e9coupage.<\/p>\n<p>3. La machine \u00e0 d\u00e9couper les dattes est fabriqu\u00e9e en acier inoxydable, ce qui ne polluera pas les dattes.<\/p>\n<p>4. la hauteur de levage du porte-couteau peut \u00eatre ma\u00eetris\u00e9e en fonction des l\u00e9gumes \u00e0 couper.<\/p>\n<p>5. peut fonctionner avec la ligne de production et peut \u00e9galement fonctionner librement sur une machine autonome.<\/p>\n<h2>Le principe de fonctionnement de la machine de d\u00e9coupe de dattes<\/h2>\n<p>La machine \u00e0 couper les dattes est principalement compos\u00e9e d'un cadre, d'un tapis roulant, d'une courroie de pressage des l\u00e9gumes et d'un m\u00e9canisme de r\u00e9glage de la vitesse de la roue d'engrenage, et la longueur de d\u00e9coupe de la datte peut \u00eatre ajust\u00e9e arbitrairement dans une certaine plage. Parce que le couteau vertical simule le principe de la coupe manuelle des dattes, le syst\u00e8me de courroie de pressage est mis \u00e0 niveau vers une structure de portique. Par cons\u00e9quent, la taille du mat\u00e9riau coup\u00e9 est plus pr\u00e9cise et les r\u00e9sidus restants sont moindres. La surface trait\u00e9e de la datte coup\u00e9e est lisse et r\u00e9guli\u00e8re, et la datte coup\u00e9e est bien organis\u00e9e et conserv\u00e9e fra\u00eeche.<\/p>\n<h2>Param\u00e8tres de la machine \u00e0 d\u00e9couper les dattes<\/h2>\n<table>\n<tbody>\n<tr>\n<td width=\"48\">Nom<\/td>\n<td width=\"87\">capacit\u00e9<\/td>\n<td width=\"57\">Moteur \u00e9lectrique<\/td>\n<td width=\"114\">transporteur<\/td>\n<td width=\"114\">Dimensions<\/td>\n<td width=\"83\">Nombre de couteaux verticaux<\/td>\n<td width=\"78\">Longueur de coupe<\/td>\n<\/tr>\n<tr>\n<td width=\"48\">Machine \u00e0 d\u00e9couper les cubes de dattes<\/td>\n<td width=\"87\">100-600kg\/h<\/td>\n<td width=\"57\">0,75kW<\/td>\n<td width=\"114\">217mmx1195mm<\/td>\n<td width=\"114\">900X430X880mm<\/td>\n<td width=\"83\">330\/600min<\/td>\n<td width=\"78\">1-25mm<\/td>\n<\/tr>\n<\/tbody>\n<\/table>\n<p>Nous sommes un fournisseur de machines \u00e0 couper les cubes de dattes, qui peuvent \u00eatre personnalis\u00e9es selon vos besoins, veuillez nous contacter si vous en avez besoin.<\/p>\n<hr \/>\n<h3 style=\"text-align: center;\">-Laissez un message pour une citation<\/h3>\n\n<div class=\"wpcf7 no-js\" id=\"wpcf7-f12-o1\" lang=\"en-US\" dir=\"ltr\">\n<div class=\"screen-reader-response\"><p role=\"status\" aria-live=\"polite\" aria-atomic=\"true\"><\/p> <ul><\/ul><\/div>\n<form action=\"\/fr\/wp-json\/wp\/v2\/product\/1009#wpcf7-f12-o1\" method=\"post\" class=\"wpcf7-form init\" aria-label=\"Formulaire de contact\" novalidate=\"novalidate\" data-status=\"init\" data-trp-original-action=\"\/fr\/wp-json\/wp\/v2\/product\/1009#wpcf7-f12-o1\">\n<div style=\"display: none;\">\n<input type=\"hidden\" name=\"_wpcf7\" value=\"12\" \/>\n<input type=\"hidden\" name=\"_wpcf7_version\" value=\"5.7.6\" \/>\n<input type=\"hidden\" name=\"_wpcf7_locale\" value=\"en_US\" \/>\n<input type=\"hidden\" name=\"_wpcf7_unit_tag\" value=\"wpcf7-f12-o1\" \/>\n<input type=\"hidden\" name=\"_wpcf7_container_post\" value=\"0\" \/>\n<input type=\"hidden\" name=\"_wpcf7_posted_data_hash\" value=\"\" \/>\n<\/div>\n<div class='proformleft'>\n\t<p><label> Votre nom<br \/>\n<span class=\"wpcf7-form-control-wrap\" data-name=\"your-name\"><input size=\"40\" class=\"wpcf7-form-control wpcf7-text\" aria-invalid=\"false\" value=\"\" type=\"text\" name=\"your-name\" \/><\/span> <\/label>\n\t<\/p>\n\t<p><label> *Votre Email<br \/>\n<span class=\"wpcf7-form-control-wrap\" data-name=\"your-email\"><input size=\"40\" class=\"wpcf7-form-control wpcf7-text wpcf7-email wpcf7-validates-as-required wpcf7-validates-as-email\" aria-required=\"true\" aria-invalid=\"false\" value=\"\" type=\"email\" name=\"your-email\" \/><\/span> <\/label>\n\t<\/p>\n\t<p><label> *Votre t\u00e9l\u00e9phone<br \/>\n<span class=\"wpcf7-form-control-wrap\" data-name=\"tel-173\"><input size=\"40\" class=\"wpcf7-form-control wpcf7-text wpcf7-tel wpcf7-validates-as-required wpcf7-validates-as-tel\" aria-required=\"true\" aria-invalid=\"false\" value=\"\" type=\"tel\" name=\"tel-173\" \/><\/span> <\/label>\n\t<\/p>\n\t<p><label> Votre pays<br \/>\n<span class=\"wpcf7-form-control-wrap\" data-name=\"your-country\"><input size=\"40\" class=\"wpcf7-form-control wpcf7-text\" aria-invalid=\"false\" value=\"\" type=\"text\" name=\"your-country\" \/><\/span> <\/label>\n\t<\/p>\n<\/div>\n<div class='proformright'>\n\t<p><label> *Votre message<br \/>\n<span class=\"wpcf7-form-control-wrap\" data-name=\"your-message\"><textarea cols=\"40\" rows=\"10\" class=\"wpcf7-form-control wpcf7-textarea wpcf7-validates-as-required\" aria-required=\"true\" aria-invalid=\"false\" name=\"your-message\"><\/textarea><\/span> <\/label>\n\t<\/p>\n\t<p><input class=\"wpcf7-form-control has-spinner wpcf7-submit\" type=\"submit\" value=\"Envoyer\" \/>\n\t<\/p>\n<\/div>\n<div style='clear:both'>\n<\/div><p style=\"display: none !important;\"><label>&#916;<textarea name=\"_wpcf7_ak_hp_textarea\" cols=\"45\" rows=\"8\" maxlength=\"100\"><\/textarea><\/label><input type=\"hidden\" id=\"ak_js\" name=\"_wpcf7_ak_js\" value=\"48\"\/><script>document.getElementById( \"ak_js\" ).setAttribute( \"value\", ( new Date() ).getTime() );<\/script><\/p><div class=\"wpcf7-response-output\" aria-hidden=\"true\"><\/div>\n<input type=\"hidden\" name=\"trp-form-language\" value=\"fr\"\/><\/form>\n<\/div>\n\n<div style='text-align:left' class='yasr-auto-insert-visitor'><\/div>","protected":false},"excerpt":{"rendered":"<p>Le mat\u00e9riel est conforme \u00e0 la norme nationale de s\u00e9curit\u00e9 alimentaire ; il convient pour couper en d\u00e9s une vari\u00e9t\u00e9 de fruits conserv\u00e9s.<\/p>","protected":false},"featured_media":1007,"comment_status":"open","ping_status":"closed","template":"","meta":{"site-sidebar-layout":"default","site-content-layout":"default","ast-main-header-display":"","ast-hfb-above-header-display":"","ast-hfb-below-header-display":"","ast-hfb-mobile-header-display":"","site-post-title":"","ast-breadcrumbs-content":"","ast-featured-img":"","footer-sml-layout":"","theme-transparent-header-meta":"","adv-header-id-meta":"","stick-header-meta":"","header-above-stick-meta":"","header-main-stick-meta":"","header-below-stick-meta":"","yasr_overall_rating":5,"yasr_post_is_review":"","yasr_auto_insert_disabled":"","yasr_review_type":""},"product_cat":[15],"product_tag":[],"class_list":["post-1009","product","type-product","status-publish","has-post-thumbnail","hentry","product_cat-products"],"yoast_head":"<!-- This site is optimized with the Yoast SEO plugin v23.2 - https:\/\/yoast.com\/wordpress\/plugins\/seo\/ -->\n<title>Automatic Date Cubes Cutting Machine<\/title>\n<meta name=\"description\" content=\"The automatic date cubes cutting machine is made of stainless steel and conforms to national food safety standards.easy to use and maintain.\" \/>\n<meta name=\"robots\" content=\"index, follow, max-snippet:-1, max-image-preview:large, max-video-preview:-1\" \/>\n<link rel=\"canonical\" href=\"https:\/\/www.datesprocessing.com\/fr\/product\/date-cubes-cutting-machine\/\" \/>\n<meta property=\"og:locale\" content=\"fr_FR\" \/>\n<meta property=\"og:type\" content=\"article\" \/>\n<meta property=\"og:title\" content=\"Automatic Date Cubes Cutting Machine\" \/>\n<meta property=\"og:description\" content=\"The automatic date cubes cutting machine is made of stainless steel and conforms to national food safety standards.easy to use and maintain.\" \/>\n<meta property=\"og:url\" content=\"https:\/\/www.datesprocessing.com\/fr\/product\/date-cubes-cutting-machine\/\" \/>\n<meta property=\"og:site_name\" content=\"datesprocessing\" \/>\n<meta property=\"article:modified_time\" content=\"2026-02-09T05:46:28+00:00\" \/>\n<meta property=\"og:image\" content=\"https:\/\/www.datesprocessing.com\/wp-content\/uploads\/2022\/02\/74.png\" \/>\n\t<meta property=\"og:image:width\" content=\"500\" \/>\n\t<meta property=\"og:image:height\" content=\"500\" \/>\n\t<meta property=\"og:image:type\" content=\"image\/png\" \/>\n<meta name=\"twitter:card\" content=\"summary_large_image\" \/>\n<meta name=\"twitter:label1\" content=\"Dur\u00e9e de lecture estim\u00e9e\" \/>\n\t<meta name=\"twitter:data1\" content=\"3 minutes\" \/>\n<script type=\"application\/ld+json\" class=\"yoast-schema-graph\">{\"@context\":\"https:\/\/schema.org\",\"@graph\":[{\"@type\":\"WebPage\",\"@id\":\"https:\/\/www.datesprocessing.com\/product\/date-cubes-cutting-machine\/\",\"url\":\"https:\/\/www.datesprocessing.com\/product\/date-cubes-cutting-machine\/\",\"name\":\"Automatic Date Cubes Cutting Machine\",\"isPartOf\":{\"@id\":\"https:\/\/www.datesprocessing.com\/#website\"},\"primaryImageOfPage\":{\"@id\":\"https:\/\/www.datesprocessing.com\/product\/date-cubes-cutting-machine\/#primaryimage\"},\"image\":{\"@id\":\"https:\/\/www.datesprocessing.com\/product\/date-cubes-cutting-machine\/#primaryimage\"},\"thumbnailUrl\":\"https:\/\/www.datesprocessing.com\/wp-content\/uploads\/2022\/02\/74.png\",\"datePublished\":\"2022-02-26T03:09:20+00:00\",\"dateModified\":\"2026-02-09T05:46:28+00:00\",\"description\":\"The automatic date cubes cutting machine is made of stainless steel and conforms to national food safety standards.easy to use and maintain.\",\"breadcrumb\":{\"@id\":\"https:\/\/www.datesprocessing.com\/product\/date-cubes-cutting-machine\/#breadcrumb\"},\"inLanguage\":\"fr-FR\",\"potentialAction\":[{\"@type\":\"ReadAction\",\"target\":[\"https:\/\/www.datesprocessing.com\/product\/date-cubes-cutting-machine\/\"]}]},{\"@type\":\"ImageObject\",\"inLanguage\":\"fr-FR\",\"@id\":\"https:\/\/www.datesprocessing.com\/product\/date-cubes-cutting-machine\/#primaryimage\",\"url\":\"https:\/\/www.datesprocessing.com\/wp-content\/uploads\/2022\/02\/74.png\",\"contentUrl\":\"https:\/\/www.datesprocessing.com\/wp-content\/uploads\/2022\/02\/74.png\",\"width\":500,\"height\":500,\"caption\":\"date cubes cutting machine\"},{\"@type\":\"BreadcrumbList\",\"@id\":\"https:\/\/www.datesprocessing.com\/product\/date-cubes-cutting-machine\/#breadcrumb\",\"itemListElement\":[{\"@type\":\"ListItem\",\"position\":1,\"name\":\"Home\",\"item\":\"https:\/\/www.datesprocessing.com\/\"},{\"@type\":\"ListItem\",\"position\":2,\"name\":\"Products\",\"item\":\"https:\/\/www.datesprocessing.com\/products\/\"},{\"@type\":\"ListItem\",\"position\":3,\"name\":\"Automatic Date Cubes Cutting Machine\"}]},{\"@type\":\"WebSite\",\"@id\":\"https:\/\/www.datesprocessing.com\/#website\",\"url\":\"https:\/\/www.datesprocessing.com\/\",\"name\":\"datesprocessing\",\"description\":\"\",\"publisher\":{\"@id\":\"https:\/\/www.datesprocessing.com\/#organization\"},\"potentialAction\":[{\"@type\":\"SearchAction\",\"target\":{\"@type\":\"EntryPoint\",\"urlTemplate\":\"https:\/\/www.datesprocessing.com\/?s={search_term_string}\"},\"query-input\":\"required name=search_term_string\"}],\"inLanguage\":\"fr-FR\"},{\"@type\":\"Organization\",\"@id\":\"https:\/\/www.datesprocessing.com\/#organization\",\"name\":\"datesprocessing\",\"url\":\"https:\/\/www.datesprocessing.com\/\",\"logo\":{\"@type\":\"ImageObject\",\"inLanguage\":\"fr-FR\",\"@id\":\"https:\/\/www.datesprocessing.com\/#\/schema\/logo\/image\/\",\"url\":\"https:\/\/www.datesprocessing.com\/wp-content\/uploads\/2022\/02\/cropped-cropped-5-1.png\",\"contentUrl\":\"https:\/\/www.datesprocessing.com\/wp-content\/uploads\/2022\/02\/cropped-cropped-5-1.png\",\"width\":365,\"height\":284,\"caption\":\"datesprocessing\"},\"image\":{\"@id\":\"https:\/\/www.datesprocessing.com\/#\/schema\/logo\/image\/\"}},false]}<\/script>\n<!-- \/ Yoast SEO plugin. -->","yoast_head_json":{"title":"Automatic Date Cubes Cutting Machine","description":"The automatic date cubes cutting machine is made of stainless steel and conforms to national food safety standards.easy to use and maintain.","robots":{"index":"index","follow":"follow","max-snippet":"max-snippet:-1","max-image-preview":"max-image-preview:large","max-video-preview":"max-video-preview:-1"},"canonical":"https:\/\/www.datesprocessing.com\/fr\/product\/date-cubes-cutting-machine\/","og_locale":"fr_FR","og_type":"article","og_title":"Automatic Date Cubes Cutting Machine","og_description":"The automatic date cubes cutting machine is made of stainless steel and conforms to national food safety standards.easy to use and maintain.","og_url":"https:\/\/www.datesprocessing.com\/fr\/product\/date-cubes-cutting-machine\/","og_site_name":"datesprocessing","article_modified_time":"2026-02-09T05:46:28+00:00","og_image":[{"width":500,"height":500,"url":"https:\/\/www.datesprocessing.com\/wp-content\/uploads\/2022\/02\/74.png","type":"image\/png"}],"twitter_card":"summary_large_image","twitter_misc":{"Dur\u00e9e de lecture estim\u00e9e":"3 minutes"},"schema":{"@context":"https:\/\/schema.org","@graph":[{"@type":"WebPage","@id":"https:\/\/www.datesprocessing.com\/product\/date-cubes-cutting-machine\/","url":"https:\/\/www.datesprocessing.com\/product\/date-cubes-cutting-machine\/","name":"Automatic Date Cubes Cutting Machine","isPartOf":{"@id":"https:\/\/www.datesprocessing.com\/#website"},"primaryImageOfPage":{"@id":"https:\/\/www.datesprocessing.com\/product\/date-cubes-cutting-machine\/#primaryimage"},"image":{"@id":"https:\/\/www.datesprocessing.com\/product\/date-cubes-cutting-machine\/#primaryimage"},"thumbnailUrl":"https:\/\/www.datesprocessing.com\/wp-content\/uploads\/2022\/02\/74.png","datePublished":"2022-02-26T03:09:20+00:00","dateModified":"2026-02-09T05:46:28+00:00","description":"The automatic date cubes cutting machine is made of stainless steel and conforms to national food safety standards.easy to use and maintain.","breadcrumb":{"@id":"https:\/\/www.datesprocessing.com\/product\/date-cubes-cutting-machine\/#breadcrumb"},"inLanguage":"fr-FR","potentialAction":[{"@type":"ReadAction","target":["https:\/\/www.datesprocessing.com\/product\/date-cubes-cutting-machine\/"]}]},{"@type":"ImageObject","inLanguage":"fr-FR","@id":"https:\/\/www.datesprocessing.com\/product\/date-cubes-cutting-machine\/#primaryimage","url":"https:\/\/www.datesprocessing.com\/wp-content\/uploads\/2022\/02\/74.png","contentUrl":"https:\/\/www.datesprocessing.com\/wp-content\/uploads\/2022\/02\/74.png","width":500,"height":500,"caption":"date cubes cutting machine"},{"@type":"BreadcrumbList","@id":"https:\/\/www.datesprocessing.com\/product\/date-cubes-cutting-machine\/#breadcrumb","itemListElement":[{"@type":"ListItem","position":1,"name":"Home","item":"https:\/\/www.datesprocessing.com\/"},{"@type":"ListItem","position":2,"name":"Products","item":"https:\/\/www.datesprocessing.com\/products\/"},{"@type":"ListItem","position":3,"name":"Automatic Date Cubes Cutting Machine"}]},{"@type":"WebSite","@id":"https:\/\/www.datesprocessing.com\/#website","url":"https:\/\/www.datesprocessing.com\/","name":"datesprocessing","description":"","publisher":{"@id":"https:\/\/www.datesprocessing.com\/#organization"},"potentialAction":[{"@type":"SearchAction","target":{"@type":"EntryPoint","urlTemplate":"https:\/\/www.datesprocessing.com\/?s={search_term_string}"},"query-input":"required name=search_term_string"}],"inLanguage":"fr-FR"},{"@type":"Organization","@id":"https:\/\/www.datesprocessing.com\/#organization","name":"datesprocessing","url":"https:\/\/www.datesprocessing.com\/","logo":{"@type":"ImageObject","inLanguage":"fr-FR","@id":"https:\/\/www.datesprocessing.com\/#\/schema\/logo\/image\/","url":"https:\/\/www.datesprocessing.com\/wp-content\/uploads\/2022\/02\/cropped-cropped-5-1.png","contentUrl":"https:\/\/www.datesprocessing.com\/wp-content\/uploads\/2022\/02\/cropped-cropped-5-1.png","width":365,"height":284,"caption":"datesprocessing"},"image":{"@id":"https:\/\/www.datesprocessing.com\/#\/schema\/logo\/image\/"}},false]}},"yasr_visitor_votes":{"stars_attributes":{"read_only":false,"span_bottom":false},"number_of_votes":1,"sum_votes":5},"_links":{"self":[{"href":"https:\/\/www.datesprocessing.com\/fr\/wp-json\/wp\/v2\/product\/1009","targetHints":{"allow":["GET"]}}],"collection":[{"href":"https:\/\/www.datesprocessing.com\/fr\/wp-json\/wp\/v2\/product"}],"about":[{"href":"https:\/\/www.datesprocessing.com\/fr\/wp-json\/wp\/v2\/types\/product"}],"replies":[{"embeddable":true,"href":"https:\/\/www.datesprocessing.com\/fr\/wp-json\/wp\/v2\/comments?post=1009"}],"version-history":[{"count":7,"href":"https:\/\/www.datesprocessing.com\/fr\/wp-json\/wp\/v2\/product\/1009\/revisions"}],"predecessor-version":[{"id":1316,"href":"https:\/\/www.datesprocessing.com\/fr\/wp-json\/wp\/v2\/product\/1009\/revisions\/1316"}],"wp:featuredmedia":[{"embeddable":true,"href":"https:\/\/www.datesprocessing.com\/fr\/wp-json\/wp\/v2\/media\/1007"}],"wp:attachment":[{"href":"https:\/\/www.datesprocessing.com\/fr\/wp-json\/wp\/v2\/media?parent=1009"}],"wp:term":[{"taxonomy":"product_cat","embeddable":true,"href":"https:\/\/www.datesprocessing.com\/fr\/wp-json\/wp\/v2\/product_cat?post=1009"},{"taxonomy":"product_tag","embeddable":true,"href":"https:\/\/www.datesprocessing.com\/fr\/wp-json\/wp\/v2\/product_tag?post=1009"}],"curies":[{"name":"wp","href":"https:\/\/api.w.org\/{rel}","templated":true}]}}